{"id":2546,"date":"2024-09-06T22:05:19","date_gmt":"2024-09-06T22:05:19","guid":{"rendered":"https:\/\/pipeska.fr\/?page_id=2546"},"modified":"2025-12-18T18:02:27","modified_gmt":"2025-12-18T18:02:27","slug":"value-pipeska-commitments","status":"publish","type":"page","link":"https:\/\/pipeska.fr\/en\/valeur-engagements-pipeska\/","title":{"rendered":"Our Ingredients - Pipeska"},"content":{"rendered":"<div data-elementor-type=\"wp-page\" data-elementor-id=\"2546\" class=\"elementor elementor-2546\">\n\t\t\t\t<div class=\"elementor-element elementor-element-259e17d e-flex e-con-boxed wpr-particle-no wpr-jarallax-no wpr-parallax-no wpr-sticky-section-no e-con e-parent\" data-id=\"259e17d\" data-element_type=\"container\" data-e-type=\"container\">\n\t\t\t\t\t<div class=\"e-con-inner\">\n\t\t<div class=\"elementor-element elementor-element-8c36fa4 e-con-full e-flex wpr-particle-no wpr-jarallax-no wpr-parallax-no wpr-sticky-section-no e-con e-child\" data-id=\"8c36fa4\" data-element_type=\"container\" data-e-type=\"container\">\n\t\t\t\t<div class=\"elementor-element elementor-element-a091191 elementor-widget elementor-widget-spacer\" data-id=\"a091191\" data-element_type=\"widget\" data-e-type=\"widget\" data-widget_type=\"spacer.default\">\n\t\t\t\t\t\t\t<div class=\"elementor-spacer\">\n\t\t\t<div class=\"elementor-spacer-inner\"><\/div>\n\t\t<\/div>\n\t\t\t\t\t\t<\/div>\n\t\t\t\t<div class=\"elementor-element elementor-element-b4fcbcc elementor-widget elementor-widget-image\" data-id=\"b4fcbcc\" data-element_type=\"widget\" data-e-type=\"widget\" data-widget_type=\"image.default\">\n\t\t\t\t\t\t\t\t\t\t\t\t\t\t\t<img decoding=\"async\" data-src=\"https:\/\/pipeska.fr\/wp-content\/uploads\/2025\/12\/Ingredients-naturels-Pipeska-beurre-de-karite-huile-de-coco-fleurs-dylang-ylang-et-extraits-marinscapillaires-bio-et-sensoriels.png\" title=\"\" alt=\"\" src=\"data:image\/svg+xml;base64,PHN2ZyB3aWR0aD0iMSIgaGVpZ2h0PSIxIiB4bWxucz0iaHR0cDovL3d3dy53My5vcmcvMjAwMC9zdmciPjwvc3ZnPg==\" class=\"lazyload\" \/>\t\t\t\t\t\t\t\t\t\t\t\t\t\t\t<\/div>\n\t\t\t\t<\/div>\n\t\t<div class=\"elementor-element elementor-element-df954c4 e-con-full e-flex wpr-particle-no wpr-jarallax-no wpr-parallax-no wpr-sticky-section-no e-con e-child\" data-id=\"df954c4\" data-element_type=\"container\" data-e-type=\"container\">\n\t\t\t\t<div class=\"elementor-element elementor-element-97bc721 elementor-widget elementor-widget-spacer\" data-id=\"97bc721\" data-element_type=\"widget\" data-e-type=\"widget\" data-widget_type=\"spacer.default\">\n\t\t\t\t\t\t\t<div class=\"elementor-spacer\">\n\t\t\t<div class=\"elementor-spacer-inner\"><\/div>\n\t\t<\/div>\n\t\t\t\t\t\t<\/div>\n\t\t\t\t<div class=\"elementor-element elementor-element-ce24212 elementor-widget elementor-widget-text-editor\" data-id=\"ce24212\" data-element_type=\"widget\" data-e-type=\"widget\" data-widget_type=\"text-editor.default\">\n\t\t\t\t\t\t\t\t\t<h1 data-start=\"968\" data-end=\"1273\">At Pipeska, each hair care product is a unique blend of nature and know-how.<\/h1><p data-start=\"968\" data-end=\"1273\">\u00a0<\/p><p data-start=\"968\" data-end=\"1273\">\u00a0Our 100 % natural, COSMOS Organic-certified formulas are made in France, inspired by the richness of the Caribbean, and designed to nourish, moisturise and protect your textured, curly or fragile hair.<\/p><p data-start=\"1275\" data-end=\"1320\"><em data-start=\"1275\" data-end=\"1318\">Bio - Made in France - Caribbean Inspired<\/em><\/p>\t\t\t\t\t\t\t\t<\/div>\n\t\t\t\t<\/div>\n\t\t\t\t\t<\/div>\n\t\t\t\t<\/div>\n\t\t\t\t<\/div>","protected":false},"excerpt":{"rendered":"<p>Chez Pipeska, chaque soin capillaire est un m\u00e9lange unique de nature et de savoir-faire. \u00a0 \u00a0Nos formules 100\u202f% naturelles et certifi\u00e9es COSMOS Organic sont fabriqu\u00e9es en France, inspir\u00e9es par la richesse des Cara\u00efbes, et con\u00e7ues pour nourrir, hydrater et prot\u00e9ger vos cheveux textur\u00e9s, boucl\u00e9s ou fragiles. Bio \u00b7 Made in France \u00b7 Caribbean Inspired<\/p>","protected":false},"author":1,"featured_media":0,"parent":0,"menu_order":0,"comment_status":"closed","ping_status":"closed","template":"","meta":{"_uf_show_specific_survey":0,"_uf_disable_surveys":false,"footnotes":""},"class_list":["post-2546","page","type-page","status-publish","hentry","entry","owp-thumbs-layout-horizontal","owp-btn-normal","owp-tabs-layout-vertical","has-no-thumbnails","has-product-nav"],"yoast_head":"<!-- This site is optimized with the Yoast SEO plugin v27.3 - https:\/\/yoast.com\/product\/yoast-seo-wordpress\/ -->\n<title>Nos Ingr\u00e9dients \u2013 Pipeska - Pipeska<\/title>\n<meta name=\"description\" content=\"\u00e0 propos de Pipeska, votre marque de soins capillaires bio, fabriqu\u00e9s en France. Offrez \u00e0 vos cheveux des produits naturels et \u00e9thiques.\" \/>\n<meta name=\"robots\" content=\"index, follow, max-snippet:-1, max-image-preview:large, max-video-preview:-1\" \/>\n<link rel=\"canonical\" href=\"https:\/\/pipeska.fr\/en\/value-pipeska-commitments\/\" \/>\n<meta property=\"og:locale\" content=\"en_GB\" \/>\n<meta property=\"og:type\" content=\"article\" \/>\n<meta property=\"og:title\" content=\"Nos Ingr\u00e9dients \u2013 Pipeska - Pipeska\" \/>\n<meta property=\"og:description\" content=\"\u00e0 propos de Pipeska, votre marque de soins capillaires bio, fabriqu\u00e9s en France. Offrez \u00e0 vos cheveux des produits naturels et \u00e9thiques.\" \/>\n<meta property=\"og:url\" content=\"https:\/\/pipeska.fr\/en\/value-pipeska-commitments\/\" \/>\n<meta property=\"og:site_name\" content=\"Pipeska\" \/>\n<meta property=\"article:modified_time\" content=\"2025-12-18T18:02:27+00:00\" \/>\n<meta property=\"og:image\" content=\"https:\/\/pipeska.fr\/wp-content\/uploads\/2025\/12\/Ingredients-naturels-Pipeska-beurre-de-karite-huile-de-coco-fleurs-dylang-ylang-et-extraits-marinscapillaires-bio-et-sensoriels-1024x1024.png\" \/>\n<meta name=\"twitter:card\" content=\"summary_large_image\" \/>\n<meta name=\"twitter:label1\" content=\"Estimated reading time\" \/>\n\t<meta name=\"twitter:data1\" content=\"4 minutes\" \/>\n<script type=\"application\/ld+json\" class=\"yoast-schema-graph\">{\"@context\":\"https:\\\/\\\/schema.org\",\"@graph\":[{\"@type\":\"WebPage\",\"@id\":\"https:\\\/\\\/pipeska.fr\\\/valeur-engagements-pipeska\\\/\",\"url\":\"https:\\\/\\\/pipeska.fr\\\/valeur-engagements-pipeska\\\/\",\"name\":\"Nos Ingr\u00e9dients \u2013 Pipeska - Pipeska\",\"isPartOf\":{\"@id\":\"https:\\\/\\\/pipeska.fr\\\/#website\"},\"primaryImageOfPage\":{\"@id\":\"https:\\\/\\\/pipeska.fr\\\/valeur-engagements-pipeska\\\/#primaryimage\"},\"image\":{\"@id\":\"https:\\\/\\\/pipeska.fr\\\/valeur-engagements-pipeska\\\/#primaryimage\"},\"thumbnailUrl\":\"https:\\\/\\\/pipeska.fr\\\/wp-content\\\/uploads\\\/2025\\\/12\\\/Ingredients-naturels-Pipeska-beurre-de-karite-huile-de-coco-fleurs-dylang-ylang-et-extraits-marinscapillaires-bio-et-sensoriels-1024x1024.png\",\"datePublished\":\"2024-09-06T22:05:19+00:00\",\"dateModified\":\"2025-12-18T18:02:27+00:00\",\"description\":\"\u00e0 propos de Pipeska, votre marque de soins capillaires bio, fabriqu\u00e9s en France. Offrez \u00e0 vos cheveux des produits naturels et \u00e9thiques.\",\"breadcrumb\":{\"@id\":\"https:\\\/\\\/pipeska.fr\\\/valeur-engagements-pipeska\\\/#breadcrumb\"},\"inLanguage\":\"en-GB\",\"potentialAction\":[{\"@type\":\"ReadAction\",\"target\":[\"https:\\\/\\\/pipeska.fr\\\/valeur-engagements-pipeska\\\/\"]}]},{\"@type\":\"ImageObject\",\"inLanguage\":\"en-GB\",\"@id\":\"https:\\\/\\\/pipeska.fr\\\/valeur-engagements-pipeska\\\/#primaryimage\",\"url\":\"https:\\\/\\\/pipeska.fr\\\/wp-content\\\/uploads\\\/2025\\\/12\\\/Ingredients-naturels-Pipeska-beurre-de-karite-huile-de-coco-fleurs-dylang-ylang-et-extraits-marinscapillaires-bio-et-sensoriels-1024x1024.png\",\"contentUrl\":\"https:\\\/\\\/pipeska.fr\\\/wp-content\\\/uploads\\\/2025\\\/12\\\/Ingredients-naturels-Pipeska-beurre-de-karite-huile-de-coco-fleurs-dylang-ylang-et-extraits-marinscapillaires-bio-et-sensoriels-1024x1024.png\"},{\"@type\":\"BreadcrumbList\",\"@id\":\"https:\\\/\\\/pipeska.fr\\\/valeur-engagements-pipeska\\\/#breadcrumb\",\"itemListElement\":[{\"@type\":\"ListItem\",\"position\":1,\"name\":\"Accueil\",\"item\":\"https:\\\/\\\/pipeska.fr\\\/\"},{\"@type\":\"ListItem\",\"position\":2,\"name\":\"Nos Ingr\u00e9dients \u2013 Pipeska\"}]},{\"@type\":\"WebSite\",\"@id\":\"https:\\\/\\\/pipeska.fr\\\/#website\",\"url\":\"https:\\\/\\\/pipeska.fr\\\/\",\"name\":\"Pipeska\",\"description\":\"Bio - Made in France - Caribbean Inspired\",\"publisher\":{\"@id\":\"https:\\\/\\\/pipeska.fr\\\/#organization\"},\"potentialAction\":[{\"@type\":\"SearchAction\",\"target\":{\"@type\":\"EntryPoint\",\"urlTemplate\":\"https:\\\/\\\/pipeska.fr\\\/?s={search_term_string}\"},\"query-input\":{\"@type\":\"PropertyValueSpecification\",\"valueRequired\":true,\"valueName\":\"search_term_string\"}}],\"inLanguage\":\"en-GB\"},{\"@type\":\"Organization\",\"@id\":\"https:\\\/\\\/pipeska.fr\\\/#organization\",\"name\":\"Pipeska\",\"url\":\"https:\\\/\\\/pipeska.fr\\\/\",\"logo\":{\"@type\":\"ImageObject\",\"inLanguage\":\"en-GB\",\"@id\":\"https:\\\/\\\/pipeska.fr\\\/#\\\/schema\\\/logo\\\/image\\\/\",\"url\":\"https:\\\/\\\/pipeska.fr\\\/wp-content\\\/uploads\\\/2024\\\/07\\\/Pipeska_logo_couleur_fondtransparent.png\",\"contentUrl\":\"https:\\\/\\\/pipeska.fr\\\/wp-content\\\/uploads\\\/2024\\\/07\\\/Pipeska_logo_couleur_fondtransparent.png\",\"width\":1771,\"height\":1181,\"caption\":\"Pipeska\"},\"image\":{\"@id\":\"https:\\\/\\\/pipeska.fr\\\/#\\\/schema\\\/logo\\\/image\\\/\"}}]}<\/script>\n<!-- \/ Yoast SEO plugin. -->","yoast_head_json":{"title":"Our Ingredients - Pipeska - Pipeska","description":"about Pipeska, your organic hair care brand, made in France. Treat your hair to natural and ethical products.","robots":{"index":"index","follow":"follow","max-snippet":"max-snippet:-1","max-image-preview":"max-image-preview:large","max-video-preview":"max-video-preview:-1"},"canonical":"https:\/\/pipeska.fr\/en\/value-pipeska-commitments\/","og_locale":"en_GB","og_type":"article","og_title":"Nos Ingr\u00e9dients \u2013 Pipeska - Pipeska","og_description":"\u00e0 propos de Pipeska, votre marque de soins capillaires bio, fabriqu\u00e9s en France. Offrez \u00e0 vos cheveux des produits naturels et \u00e9thiques.","og_url":"https:\/\/pipeska.fr\/en\/value-pipeska-commitments\/","og_site_name":"Pipeska","article_modified_time":"2025-12-18T18:02:27+00:00","og_image":[{"url":"https:\/\/pipeska.fr\/wp-content\/uploads\/2025\/12\/Ingredients-naturels-Pipeska-beurre-de-karite-huile-de-coco-fleurs-dylang-ylang-et-extraits-marinscapillaires-bio-et-sensoriels-1024x1024.png","type":"","width":"","height":""}],"twitter_card":"summary_large_image","twitter_misc":{"Estimated reading time":"4 minutes"},"schema":{"@context":"https:\/\/schema.org","@graph":[{"@type":"WebPage","@id":"https:\/\/pipeska.fr\/valeur-engagements-pipeska\/","url":"https:\/\/pipeska.fr\/valeur-engagements-pipeska\/","name":"Our Ingredients - Pipeska - Pipeska","isPartOf":{"@id":"https:\/\/pipeska.fr\/#website"},"primaryImageOfPage":{"@id":"https:\/\/pipeska.fr\/valeur-engagements-pipeska\/#primaryimage"},"image":{"@id":"https:\/\/pipeska.fr\/valeur-engagements-pipeska\/#primaryimage"},"thumbnailUrl":"https:\/\/pipeska.fr\/wp-content\/uploads\/2025\/12\/Ingredients-naturels-Pipeska-beurre-de-karite-huile-de-coco-fleurs-dylang-ylang-et-extraits-marinscapillaires-bio-et-sensoriels-1024x1024.png","datePublished":"2024-09-06T22:05:19+00:00","dateModified":"2025-12-18T18:02:27+00:00","description":"about Pipeska, your organic hair care brand, made in France. Treat your hair to natural and ethical products.","breadcrumb":{"@id":"https:\/\/pipeska.fr\/valeur-engagements-pipeska\/#breadcrumb"},"inLanguage":"en-GB","potentialAction":[{"@type":"ReadAction","target":["https:\/\/pipeska.fr\/valeur-engagements-pipeska\/"]}]},{"@type":"ImageObject","inLanguage":"en-GB","@id":"https:\/\/pipeska.fr\/valeur-engagements-pipeska\/#primaryimage","url":"https:\/\/pipeska.fr\/wp-content\/uploads\/2025\/12\/Ingredients-naturels-Pipeska-beurre-de-karite-huile-de-coco-fleurs-dylang-ylang-et-extraits-marinscapillaires-bio-et-sensoriels-1024x1024.png","contentUrl":"https:\/\/pipeska.fr\/wp-content\/uploads\/2025\/12\/Ingredients-naturels-Pipeska-beurre-de-karite-huile-de-coco-fleurs-dylang-ylang-et-extraits-marinscapillaires-bio-et-sensoriels-1024x1024.png"},{"@type":"BreadcrumbList","@id":"https:\/\/pipeska.fr\/valeur-engagements-pipeska\/#breadcrumb","itemListElement":[{"@type":"ListItem","position":1,"name":"Accueil","item":"https:\/\/pipeska.fr\/"},{"@type":"ListItem","position":2,"name":"Nos Ingr\u00e9dients \u2013 Pipeska"}]},{"@type":"WebSite","@id":"https:\/\/pipeska.fr\/#website","url":"https:\/\/pipeska.fr\/","name":"Pipeska","description":"Bio - Made in France - Caribbean Inspired","publisher":{"@id":"https:\/\/pipeska.fr\/#organization"},"potentialAction":[{"@type":"SearchAction","target":{"@type":"EntryPoint","urlTemplate":"https:\/\/pipeska.fr\/?s={search_term_string}"},"query-input":{"@type":"PropertyValueSpecification","valueRequired":true,"valueName":"search_term_string"}}],"inLanguage":"en-GB"},{"@type":"Organization","@id":"https:\/\/pipeska.fr\/#organization","name":"Pipeska","url":"https:\/\/pipeska.fr\/","logo":{"@type":"ImageObject","inLanguage":"en-GB","@id":"https:\/\/pipeska.fr\/#\/schema\/logo\/image\/","url":"https:\/\/pipeska.fr\/wp-content\/uploads\/2024\/07\/Pipeska_logo_couleur_fondtransparent.png","contentUrl":"https:\/\/pipeska.fr\/wp-content\/uploads\/2024\/07\/Pipeska_logo_couleur_fondtransparent.png","width":1771,"height":1181,"caption":"Pipeska"},"image":{"@id":"https:\/\/pipeska.fr\/#\/schema\/logo\/image\/"}}]}},"_links":{"self":[{"href":"https:\/\/pipeska.fr\/en\/wp-json\/wp\/v2\/pages\/2546","targetHints":{"allow":["GET"]}}],"collection":[{"href":"https:\/\/pipeska.fr\/en\/wp-json\/wp\/v2\/pages"}],"about":[{"href":"https:\/\/pipeska.fr\/en\/wp-json\/wp\/v2\/types\/page"}],"author":[{"embeddable":true,"href":"https:\/\/pipeska.fr\/en\/wp-json\/wp\/v2\/users\/1"}],"replies":[{"embeddable":true,"href":"https:\/\/pipeska.fr\/en\/wp-json\/wp\/v2\/comments?post=2546"}],"version-history":[{"count":44,"href":"https:\/\/pipeska.fr\/en\/wp-json\/wp\/v2\/pages\/2546\/revisions"}],"predecessor-version":[{"id":4511,"href":"https:\/\/pipeska.fr\/en\/wp-json\/wp\/v2\/pages\/2546\/revisions\/4511"}],"wp:attachment":[{"href":"https:\/\/pipeska.fr\/en\/wp-json\/wp\/v2\/media?parent=2546"}],"curies":[{"name":"wp","href":"https:\/\/api.w.org\/{rel}","templated":true}]}}