{"id":4745,"date":"2026-04-16T15:38:38","date_gmt":"2026-04-16T15:38:38","guid":{"rendered":"https:\/\/pipeska.fr\/?page_id=4745"},"modified":"2026-04-16T16:05:18","modified_gmt":"2026-04-16T16:05:18","slug":"shop-products","status":"publish","type":"page","link":"https:\/\/pipeska.fr\/en\/produits-boutique\/","title":{"rendered":"Products\/Shop"},"content":{"rendered":"<div data-elementor-type=\"wp-page\" data-elementor-id=\"4745\" class=\"elementor elementor-4745\">\n\t\t\t\t<div class=\"elementor-element elementor-element-1e9b4e9 e-con-full e-flex wpr-particle-no wpr-jarallax-no wpr-parallax-no wpr-sticky-section-no wpr-equal-height-no e-con e-parent\" data-id=\"1e9b4e9\" data-element_type=\"container\" data-e-type=\"container\">\n\t\t\t\t<div class=\"elementor-element elementor-element-0e0476f elementor-widget elementor-widget-text-editor\" data-id=\"0e0476f\" data-element_type=\"widget\" data-e-type=\"widget\" data-widget_type=\"text-editor.default\">\n\t\t\t\t\t\t\t\t\t<h1 style=\"text-align: center;\">\u00a0Organic Caribbean Fusion Hair Care\u00a0<\/h1><p style=\"text-align: left; padding-left: 40px;\">The range <strong data-start=\"614\" data-end=\"643\">Professional Care Pipeska<\/strong> Offers organic hair care products designed for textured hair: wavy, curly, coily, and kinky. Inspired <strong data-start=\"764\" data-end=\"784\">Caribbean Fusion<\/strong>, each formula combines professional expertise, tropical sensoriality, and French manufacturing. Reveals the natural beauty of textured hair.\u00a0\u00a0<\/p>\t\t\t\t\t\t\t\t<\/div>\n\t\t\t\t<\/div>\n\t\t<div class=\"elementor-element elementor-element-8a5b72e e-flex e-con-boxed wpr-particle-no wpr-jarallax-no wpr-parallax-no wpr-sticky-section-no wpr-equal-height-no e-con e-parent\" data-id=\"8a5b72e\" data-element_type=\"container\" data-e-type=\"container\">\n\t\t\t\t\t<div class=\"e-con-inner\">\n\t\t<div class=\"elementor-element elementor-element-3c08e60 e-con-full e-flex wpr-particle-no wpr-jarallax-no wpr-parallax-no wpr-sticky-section-no wpr-equal-height-no e-con e-child\" data-id=\"3c08e60\" data-element_type=\"container\" data-e-type=\"container\">\n\t\t\t\t<div class=\"elementor-element elementor-element-e1178a0 elementor-widget elementor-widget-image\" data-id=\"e1178a0\" data-element_type=\"widget\" data-e-type=\"widget\" data-widget_type=\"image.default\">\n\t\t\t\t\t\t\t\t\t\t\t\t<figure class=\"wp-caption\">\n\t\t\t\t\t\t\t\t\t\t<img fetchpriority=\"high\" decoding=\"async\" width=\"300\" height=\"300\" src=\"https:\/\/pipeska.fr\/wp-content\/uploads\/2026\/01\/Rituels-de-soins-capillaires-bio-Pipeska-pour-cheveux-boucles-frises-et-crepus-afro-made-in-France-300x300.jpg\" class=\"attachment-medium size-medium wp-image-4754\" alt=\"Pipeska organic hair care rituals for curly, frizzy, kinky and afro 4C hair.\" srcset=\"https:\/\/pipeska.fr\/wp-content\/uploads\/2026\/01\/Rituels-de-soins-capillaires-bio-Pipeska-pour-cheveux-boucles-frises-et-crepus-afro-made-in-France-300x300.jpg 300w, https:\/\/pipeska.fr\/wp-content\/uploads\/2026\/01\/Rituels-de-soins-capillaires-bio-Pipeska-pour-cheveux-boucles-frises-et-crepus-afro-made-in-France-1024x1024.jpg 1024w, https:\/\/pipeska.fr\/wp-content\/uploads\/2026\/01\/Rituels-de-soins-capillaires-bio-Pipeska-pour-cheveux-boucles-frises-et-crepus-afro-made-in-France-150x150.jpg 150w, https:\/\/pipeska.fr\/wp-content\/uploads\/2026\/01\/Rituels-de-soins-capillaires-bio-Pipeska-pour-cheveux-boucles-frises-et-crepus-afro-made-in-France-768x768.jpg 768w, https:\/\/pipeska.fr\/wp-content\/uploads\/2026\/01\/Rituels-de-soins-capillaires-bio-Pipeska-pour-cheveux-boucles-frises-et-crepus-afro-made-in-France-12x12.jpg 12w, https:\/\/pipeska.fr\/wp-content\/uploads\/2026\/01\/Rituels-de-soins-capillaires-bio-Pipeska-pour-cheveux-boucles-frises-et-crepus-afro-made-in-France-600x600.jpg 600w, https:\/\/pipeska.fr\/wp-content\/uploads\/2026\/01\/Rituels-de-soins-capillaires-bio-Pipeska-pour-cheveux-boucles-frises-et-crepus-afro-made-in-France-795x795.jpg 795w, https:\/\/pipeska.fr\/wp-content\/uploads\/2026\/01\/Rituels-de-soins-capillaires-bio-Pipeska-pour-cheveux-boucles-frises-et-crepus-afro-made-in-France-100x100.jpg 100w, https:\/\/pipeska.fr\/wp-content\/uploads\/2026\/01\/Rituels-de-soins-capillaires-bio-Pipeska-pour-cheveux-boucles-frises-et-crepus-afro-made-in-France.jpg 1080w\" sizes=\"(max-width: 300px) 100vw, 300px\" \/>\t\t\t\t\t\t\t\t\t\t\t<figcaption class=\"widget-image-caption wp-caption-text\"><\/figcaption>\n\t\t\t\t\t\t\t\t\t\t<\/figure>\n\t\t\t\t\t\t\t\t\t<\/div>\n\t\t\t\t<\/div>\n\t\t<div class=\"elementor-element elementor-element-3772dc8 e-con-full e-flex wpr-particle-no wpr-jarallax-no wpr-parallax-no wpr-sticky-section-no wpr-equal-height-no e-con e-child\" data-id=\"3772dc8\" data-element_type=\"container\" data-e-type=\"container\">\n\t\t\t\t<div class=\"elementor-element elementor-element-47edcae elementor-widget elementor-widget-image\" data-id=\"47edcae\" data-element_type=\"widget\" data-e-type=\"widget\" data-widget_type=\"image.default\">\n\t\t\t\t\t\t\t\t\t\t\t\t\t\t\t<img decoding=\"async\" width=\"300\" height=\"193\" data-src=\"https:\/\/pipeska.fr\/wp-content\/uploads\/2026\/01\/deux-femmes-cheveux-boucles-naturelles-pipeska.jpg--300x193.png\" class=\"attachment-medium size-medium wp-image-4893 lazyload\" alt=\"\" data-srcset=\"https:\/\/pipeska.fr\/wp-content\/uploads\/2026\/01\/deux-femmes-cheveux-boucles-naturelles-pipeska.jpg--300x193.png 300w, https:\/\/pipeska.fr\/wp-content\/uploads\/2026\/01\/deux-femmes-cheveux-boucles-naturelles-pipeska.jpg--1024x658.png 1024w, https:\/\/pipeska.fr\/wp-content\/uploads\/2026\/01\/deux-femmes-cheveux-boucles-naturelles-pipeska.jpg--768x494.png 768w, https:\/\/pipeska.fr\/wp-content\/uploads\/2026\/01\/deux-femmes-cheveux-boucles-naturelles-pipeska.jpg--18x12.png 18w, https:\/\/pipeska.fr\/wp-content\/uploads\/2026\/01\/deux-femmes-cheveux-boucles-naturelles-pipeska.jpg--795x511.png 795w, https:\/\/pipeska.fr\/wp-content\/uploads\/2026\/01\/deux-femmes-cheveux-boucles-naturelles-pipeska.jpg-.png 1080w\" data-sizes=\"(max-width: 300px) 100vw, 300px\" src=\"data:image\/svg+xml;base64,PHN2ZyB3aWR0aD0iMSIgaGVpZ2h0PSIxIiB4bWxucz0iaHR0cDovL3d3dy53My5vcmcvMjAwMC9zdmciPjwvc3ZnPg==\" style=\"--smush-placeholder-width: 300px; --smush-placeholder-aspect-ratio: 300\/193;\" \/>\t\t\t\t\t\t\t\t\t\t\t\t\t\t\t<\/div>\n\t\t\t\t<\/div>\n\t\t<div class=\"elementor-element elementor-element-88b24aa e-con-full e-flex wpr-particle-no wpr-jarallax-no wpr-parallax-no wpr-sticky-section-no wpr-equal-height-no e-con e-child\" data-id=\"88b24aa\" data-element_type=\"container\" data-e-type=\"container\">\n\t\t\t\t<div class=\"elementor-element elementor-element-e06e7b8 elementor-align-start elementor-widget__width-initial elementor-icon-list--layout-traditional elementor-list-item-link-full_width elementor-invisible elementor-widget elementor-widget-icon-list\" data-id=\"e06e7b8\" data-element_type=\"widget\" data-e-type=\"widget\" data-settings=\"{&quot;_animation&quot;:&quot;fadeIn&quot;}\" data-widget_type=\"icon-list.default\">\n\t\t\t\t\t\t\t<ul class=\"elementor-icon-list-items\">\n\t\t\t\t\t\t\t<li class=\"elementor-icon-list-item\">\n\t\t\t\t\t\t\t\t\t\t<span class=\"elementor-icon-list-text\">Our Rituals<\/span>\n\t\t\t\t\t\t\t\t\t<\/li>\n\t\t\t\t\t\t\t\t<li class=\"elementor-icon-list-item\">\n\t\t\t\t\t\t\t\t\t\t\t<a href=\"https:\/\/pipeska.fr\/en\/the-organic-cleansing-ritual\/\">\n\n\t\t\t\t\t\t\t\t\t\t\t\t<span class=\"elementor-icon-list-icon\">\n\t\t\t\t\t\t\t<svg aria-hidden=\"true\" class=\"e-font-icon-svg e-fas-check\" viewbox=\"0 0 512 512\" xmlns=\"http:\/\/www.w3.org\/2000\/svg\"><path d=\"M173.898 439.404l-166.4-166.4c-9.997-9.997-9.997-26.206 0-36.204l36.203-36.204c9.997-9.998 26.207-9.998 36.204 0L192 312.69 432.095 72.596c9.997-9.997 26.207-9.997 36.204 0l36.203 36.204c9.997 9.997 9.997 26.206 0 36.204l-294.4 294.401c-9.998 9.997-26.207 9.997-36.204-.001z\"><\/path><\/svg>\t\t\t\t\t\t<\/span>\n\t\t\t\t\t\t\t\t\t\t<span class=\"elementor-icon-list-text\">Cleansing Ritual<\/span>\n\t\t\t\t\t\t\t\t\t\t\t<\/a>\n\t\t\t\t\t\t\t\t\t<\/li>\n\t\t\t\t\t\t\t\t<li class=\"elementor-icon-list-item\">\n\t\t\t\t\t\t\t\t\t\t\t<a href=\"https:\/\/pipeska.fr\/en\/product\/organic-repairing-mask-for-dry-sensitive-hair\/\">\n\n\t\t\t\t\t\t\t\t\t\t\t\t<span class=\"elementor-icon-list-icon\">\n\t\t\t\t\t\t\t<svg aria-hidden=\"true\" class=\"e-font-icon-svg e-fas-check\" viewbox=\"0 0 512 512\" xmlns=\"http:\/\/www.w3.org\/2000\/svg\"><path d=\"M173.898 439.404l-166.4-166.4c-9.997-9.997-9.997-26.206 0-36.204l36.203-36.204c9.997-9.998 26.207-9.998 36.204 0L192 312.69 432.095 72.596c9.997-9.997 26.207-9.997 36.204 0l36.203 36.204c9.997 9.997 9.997 26.206 0 36.204l-294.4 294.401c-9.998 9.997-26.207 9.997-36.204-.001z\"><\/path><\/svg>\t\t\t\t\t\t<\/span>\n\t\t\t\t\t\t\t\t\t\t<span class=\"elementor-icon-list-text\">The Ritual Care &amp; Nutrition<\/span>\n\t\t\t\t\t\t\t\t\t\t\t<\/a>\n\t\t\t\t\t\t\t\t\t<\/li>\n\t\t\t\t\t\t\t\t<li class=\"elementor-icon-list-item\">\n\t\t\t\t\t\t\t\t\t\t\t<a href=\"https:\/\/pipeska.fr\/en\/product\/shea-almond-and-ylang-ylang-universal-balm\/\">\n\n\t\t\t\t\t\t\t\t\t\t\t\t<span class=\"elementor-icon-list-icon\">\n\t\t\t\t\t\t\t<svg aria-hidden=\"true\" class=\"e-font-icon-svg e-fas-check\" viewbox=\"0 0 512 512\" xmlns=\"http:\/\/www.w3.org\/2000\/svg\"><path d=\"M173.898 439.404l-166.4-166.4c-9.997-9.997-9.997-26.206 0-36.204l36.203-36.204c9.997-9.998 26.207-9.998 36.204 0L192 312.69 432.095 72.596c9.997-9.997 26.207-9.997 36.204 0l36.203 36.204c9.997 9.997 9.997 26.206 0 36.204l-294.4 294.401c-9.998 9.997-26.207 9.997-36.204-.001z\"><\/path><\/svg>\t\t\t\t\t\t<\/span>\n\t\t\t\t\t\t\t\t\t\t<span class=\"elementor-icon-list-text\">Organic Universal Balm<\/span>\n\t\t\t\t\t\t\t\t\t\t\t<\/a>\n\t\t\t\t\t\t\t\t\t<\/li>\n\t\t\t\t\t\t<\/ul>\n\t\t\t\t\t\t<\/div>\n\t\t\t\t<\/div>\n\t\t<div class=\"elementor-element elementor-element-f5a22b1 e-con-full e-flex wpr-particle-no wpr-jarallax-no wpr-parallax-no wpr-sticky-section-no wpr-equal-height-no e-con e-child\" data-id=\"f5a22b1\" data-element_type=\"container\" data-e-type=\"container\">\n\t\t\t\t<div class=\"elementor-element elementor-element-7b9a818 elementor-align-start elementor-mobile-align-start elementor-widget__width-initial elementor-widget-mobile__width-initial elementor-icon-list--layout-traditional elementor-list-item-link-full_width elementor-invisible elementor-widget elementor-widget-icon-list\" data-id=\"7b9a818\" data-element_type=\"widget\" data-e-type=\"widget\" data-settings=\"{&quot;_animation&quot;:&quot;fadeIn&quot;}\" data-widget_type=\"icon-list.default\">\n\t\t\t\t\t\t\t<ul class=\"elementor-icon-list-items\">\n\t\t\t\t\t\t\t<li class=\"elementor-icon-list-item\">\n\t\t\t\t\t\t\t\t\t\t\t<a href=\"https:\/\/pipeska.fr\/en\/product-category\/product-hair-type\/\">\n\n\t\t\t\t\t\t\t\t\t\t\t<span class=\"elementor-icon-list-text\">Types of hair<\/span>\n\t\t\t\t\t\t\t\t\t\t\t<\/a>\n\t\t\t\t\t\t\t\t\t<\/li>\n\t\t\t\t\t\t\t\t<li class=\"elementor-icon-list-item\">\n\t\t\t\t\t\t\t\t\t\t\t<a href=\"https:\/\/pipeska.fr\/en\/product\/moisturising-fine-hair\/\" target=\"_blank\">\n\n\t\t\t\t\t\t\t\t\t\t\t\t<span class=\"elementor-icon-list-icon\">\n\t\t\t\t\t\t\t<svg aria-hidden=\"true\" class=\"e-font-icon-svg e-fas-check\" viewbox=\"0 0 512 512\" xmlns=\"http:\/\/www.w3.org\/2000\/svg\"><path d=\"M173.898 439.404l-166.4-166.4c-9.997-9.997-9.997-26.206 0-36.204l36.203-36.204c9.997-9.998 26.207-9.998 36.204 0L192 312.69 432.095 72.596c9.997-9.997 26.207-9.997 36.204 0l36.203 36.204c9.997 9.997 9.997 26.206 0 36.204l-294.4 294.401c-9.998 9.997-26.207 9.997-36.204-.001z\"><\/path><\/svg>\t\t\t\t\t\t<\/span>\n\t\t\t\t\t\t\t\t\t\t<span class=\"elementor-icon-list-text\">Fine &amp; Delicate Hair<\/span>\n\t\t\t\t\t\t\t\t\t\t\t<\/a>\n\t\t\t\t\t\t\t\t\t<\/li>\n\t\t\t\t\t\t\t\t<li class=\"elementor-icon-list-item\">\n\t\t\t\t\t\t\t\t\t\t\t<a href=\"https:\/\/pipeska.fr\/en\/product\/caribbean-fusion-organic-shampoo-for-fragile-hair\/\">\n\n\t\t\t\t\t\t\t\t\t\t\t\t<span class=\"elementor-icon-list-icon\">\n\t\t\t\t\t\t\t<svg aria-hidden=\"true\" class=\"e-font-icon-svg e-fas-check\" viewbox=\"0 0 512 512\" xmlns=\"http:\/\/www.w3.org\/2000\/svg\"><path d=\"M173.898 439.404l-166.4-166.4c-9.997-9.997-9.997-26.206 0-36.204l36.203-36.204c9.997-9.998 26.207-9.998 36.204 0L192 312.69 432.095 72.596c9.997-9.997 26.207-9.997 36.204 0l36.203 36.204c9.997 9.997 9.997 26.206 0 36.204l-294.4 294.401c-9.998 9.997-26.207 9.997-36.204-.001z\"><\/path><\/svg>\t\t\t\t\t\t<\/span>\n\t\t\t\t\t\t\t\t\t\t<span class=\"elementor-icon-list-text\">Curly to Coily Hair<\/span>\n\t\t\t\t\t\t\t\t\t\t\t<\/a>\n\t\t\t\t\t\t\t\t\t<\/li>\n\t\t\t\t\t\t\t\t<li class=\"elementor-icon-list-item\">\n\t\t\t\t\t\t\t\t\t\t\t<a href=\"https:\/\/pipeska.fr\/en\/product\/organic-repairing-mask-for-dry-sensitive-hair\/\">\n\n\t\t\t\t\t\t\t\t\t\t\t\t<span class=\"elementor-icon-list-icon\">\n\t\t\t\t\t\t\t<svg aria-hidden=\"true\" class=\"e-font-icon-svg e-fas-check\" viewbox=\"0 0 512 512\" xmlns=\"http:\/\/www.w3.org\/2000\/svg\"><path d=\"M173.898 439.404l-166.4-166.4c-9.997-9.997-9.997-26.206 0-36.204l36.203-36.204c9.997-9.998 26.207-9.998 36.204 0L192 312.69 432.095 72.596c9.997-9.997 26.207-9.997 36.204 0l36.203 36.204c9.997 9.997 9.997 26.206 0 36.204l-294.4 294.401c-9.998 9.997-26.207 9.997-36.204-.001z\"><\/path><\/svg>\t\t\t\t\t\t<\/span>\n\t\t\t\t\t\t\t\t\t\t<span class=\"elementor-icon-list-text\">Fragile and Breakable Hair<\/span>\n\t\t\t\t\t\t\t\t\t\t\t<\/a>\n\t\t\t\t\t\t\t\t\t<\/li>\n\t\t\t\t\t\t\t\t<li class=\"elementor-icon-list-item\">\n\t\t\t\t\t\t\t\t\t\t\t<a href=\"https:\/\/pipeska.fr\/en\/product\/ocean-clean-organic-clarifying-shampoo\/\">\n\n\t\t\t\t\t\t\t\t\t\t\t\t<span class=\"elementor-icon-list-icon\">\n\t\t\t\t\t\t\t<svg aria-hidden=\"true\" class=\"e-font-icon-svg e-fas-check\" viewbox=\"0 0 512 512\" xmlns=\"http:\/\/www.w3.org\/2000\/svg\"><path d=\"M173.898 439.404l-166.4-166.4c-9.997-9.997-9.997-26.206 0-36.204l36.203-36.204c9.997-9.998 26.207-9.998 36.204 0L192 312.69 432.095 72.596c9.997-9.997 26.207-9.997 36.204 0l36.203 36.204c9.997 9.997 9.997 26.206 0 36.204l-294.4 294.401c-9.998 9.997-26.207 9.997-36.204-.001z\"><\/path><\/svg>\t\t\t\t\t\t<\/span>\n\t\t\t\t\t\t\t\t\t\t<span class=\"elementor-icon-list-text\">Scalp to Detoxify<\/span>\n\t\t\t\t\t\t\t\t\t\t\t<\/a>\n\t\t\t\t\t\t\t\t\t<\/li>\n\t\t\t\t\t\t<\/ul>\n\t\t\t\t\t\t<\/div>\n\t\t\t\t<\/div>\n\t\t\t\t\t<\/div>\n\t\t\t\t<\/div>\n\t\t<div class=\"elementor-element elementor-element-f81ced6 e-con-full e-flex wpr-particle-no wpr-jarallax-no wpr-parallax-no wpr-sticky-section-no wpr-equal-height-no e-con e-parent\" data-id=\"f81ced6\" data-element_type=\"container\" data-e-type=\"container\">\n\t\t\t\t<div class=\"elementor-element elementor-element-7f3d4cd elementor-widget elementor-widget-spacer\" data-id=\"7f3d4cd\" data-element_type=\"widget\" data-e-type=\"widget\" data-widget_type=\"spacer.default\">\n\t\t\t\t\t\t\t<div class=\"elementor-spacer\">\n\t\t\t<div class=\"elementor-spacer-inner\"><\/div>\n\t\t<\/div>\n\t\t\t\t\t\t<\/div>\n\t\t\t\t<\/div>\n\t\t\t\t<\/div>","protected":false},"excerpt":{"rendered":"<p>\u00a0Soins capillaires bio Caribbean Fusion\u00a0 La gamme Professional Care Pipeska propose des soins capillaires bio pens\u00e9s pour les cheveux textur\u00e9s : ondul\u00e9s, boucl\u00e9s, fris\u00e9s et cr\u00e9pus. Inspir\u00e9s Caribbean Fusion, chaque formule associe expertise professionnelle, sensorialit\u00e9 tropicale et fabrication fran\u00e7aise. R\u00e9v\u00e8le la beaut\u00e9 naturelle des cheveux textur\u00e9s.\u00a0\u00a0 Nos Rituels Rituel Nettoyant Le Rituel Soin &amp; Nutrition Baume Universel bio Types de Cheveux Cheveux Fins &amp; D\u00e9licats Cheveux Boucl\u00e9s \u00e0 Cr\u00e9pus Cheveux Fragilis\u00e9s &amp; Cassants Cuir Chevelu \u00e0 D\u00e9toxifier<\/p>","protected":false},"author":1,"featured_media":0,"parent":0,"menu_order":0,"comment_status":"closed","ping_status":"closed","template":"","meta":{"_uf_show_specific_survey":0,"_uf_disable_surveys":false,"footnotes":""},"class_list":["post-4745","page","type-page","status-publish","hentry","entry","owp-thumbs-layout-horizontal","owp-btn-normal","owp-tabs-layout-vertical","has-no-thumbnails","has-product-nav"],"yoast_head":"<!-- This site is optimized with the Yoast SEO plugin v27.3 - https:\/\/yoast.com\/product\/yoast-seo-wordpress\/ -->\n<title>Soins capillaires bio Cosmos Organic<\/title>\n<meta name=\"description\" content=\"Sublimez la beaut\u00e9 naturelle de vos cheveux boucl\u00e9s avec les soins certifi\u00e9s bio Pipeska. Certifi\u00e9s Bio COSMOS Organic, fabriqu\u00e9s en France.\" \/>\n<meta name=\"robots\" content=\"index, follow, max-snippet:-1, max-image-preview:large, max-video-preview:-1\" \/>\n<link rel=\"canonical\" href=\"https:\/\/pipeska.fr\/en\/shop-products\/\" \/>\n<meta property=\"og:locale\" content=\"en_GB\" \/>\n<meta property=\"og:type\" content=\"article\" \/>\n<meta property=\"og:title\" content=\"Soins capillaires bio Cosmos Organic\" \/>\n<meta property=\"og:description\" content=\"Sublimez la beaut\u00e9 naturelle de vos cheveux boucl\u00e9s avec les soins certifi\u00e9s bio Pipeska. Certifi\u00e9s Bio COSMOS Organic, fabriqu\u00e9s en France.\" \/>\n<meta property=\"og:url\" content=\"https:\/\/pipeska.fr\/en\/shop-products\/\" \/>\n<meta property=\"og:site_name\" content=\"Pipeska\" \/>\n<meta property=\"article:modified_time\" content=\"2026-04-16T16:05:18+00:00\" \/>\n<meta property=\"og:image\" content=\"https:\/\/pipeska.fr\/wp-content\/uploads\/2026\/01\/Rituels-de-soins-capillaires-bio-Pipeska-pour-cheveux-boucles-frises-et-crepus-afro-made-in-France-300x300.jpg\" \/>\n<meta name=\"twitter:card\" content=\"summary_large_image\" \/>\n<meta name=\"twitter:label1\" content=\"Estimated reading time\" \/>\n\t<meta name=\"twitter:data1\" content=\"1 minute\" \/>\n<script type=\"application\/ld+json\" class=\"yoast-schema-graph\">{\"@context\":\"https:\\\/\\\/schema.org\",\"@graph\":[{\"@type\":\"WebPage\",\"@id\":\"https:\\\/\\\/pipeska.fr\\\/produits-boutique\\\/\",\"url\":\"https:\\\/\\\/pipeska.fr\\\/produits-boutique\\\/\",\"name\":\"Soins capillaires bio Cosmos Organic\",\"isPartOf\":{\"@id\":\"https:\\\/\\\/pipeska.fr\\\/#website\"},\"primaryImageOfPage\":{\"@id\":\"https:\\\/\\\/pipeska.fr\\\/produits-boutique\\\/#primaryimage\"},\"image\":{\"@id\":\"https:\\\/\\\/pipeska.fr\\\/produits-boutique\\\/#primaryimage\"},\"thumbnailUrl\":\"https:\\\/\\\/pipeska.fr\\\/wp-content\\\/uploads\\\/2026\\\/01\\\/Rituels-de-soins-capillaires-bio-Pipeska-pour-cheveux-boucles-frises-et-crepus-afro-made-in-France-300x300.jpg\",\"datePublished\":\"2026-04-16T15:38:38+00:00\",\"dateModified\":\"2026-04-16T16:05:18+00:00\",\"description\":\"Sublimez la beaut\u00e9 naturelle de vos cheveux boucl\u00e9s avec les soins certifi\u00e9s bio Pipeska. Certifi\u00e9s Bio COSMOS Organic, fabriqu\u00e9s en France.\",\"breadcrumb\":{\"@id\":\"https:\\\/\\\/pipeska.fr\\\/produits-boutique\\\/#breadcrumb\"},\"inLanguage\":\"en-GB\",\"potentialAction\":[{\"@type\":\"ReadAction\",\"target\":[\"https:\\\/\\\/pipeska.fr\\\/produits-boutique\\\/\"]}]},{\"@type\":\"ImageObject\",\"inLanguage\":\"en-GB\",\"@id\":\"https:\\\/\\\/pipeska.fr\\\/produits-boutique\\\/#primaryimage\",\"url\":\"https:\\\/\\\/pipeska.fr\\\/wp-content\\\/uploads\\\/2026\\\/01\\\/Rituels-de-soins-capillaires-bio-Pipeska-pour-cheveux-boucles-frises-et-crepus-afro-made-in-France-300x300.jpg\",\"contentUrl\":\"https:\\\/\\\/pipeska.fr\\\/wp-content\\\/uploads\\\/2026\\\/01\\\/Rituels-de-soins-capillaires-bio-Pipeska-pour-cheveux-boucles-frises-et-crepus-afro-made-in-France-300x300.jpg\"},{\"@type\":\"BreadcrumbList\",\"@id\":\"https:\\\/\\\/pipeska.fr\\\/produits-boutique\\\/#breadcrumb\",\"itemListElement\":[{\"@type\":\"ListItem\",\"position\":1,\"name\":\"Accueil\",\"item\":\"https:\\\/\\\/pipeska.fr\\\/\"},{\"@type\":\"ListItem\",\"position\":2,\"name\":\"Produits\\\/boutique\"}]},{\"@type\":\"WebSite\",\"@id\":\"https:\\\/\\\/pipeska.fr\\\/#website\",\"url\":\"https:\\\/\\\/pipeska.fr\\\/\",\"name\":\"Pipeska\",\"description\":\"Bio - Made in France - Caribbean Inspired\",\"publisher\":{\"@id\":\"https:\\\/\\\/pipeska.fr\\\/#organization\"},\"potentialAction\":[{\"@type\":\"SearchAction\",\"target\":{\"@type\":\"EntryPoint\",\"urlTemplate\":\"https:\\\/\\\/pipeska.fr\\\/?s={search_term_string}\"},\"query-input\":{\"@type\":\"PropertyValueSpecification\",\"valueRequired\":true,\"valueName\":\"search_term_string\"}}],\"inLanguage\":\"en-GB\"},{\"@type\":\"Organization\",\"@id\":\"https:\\\/\\\/pipeska.fr\\\/#organization\",\"name\":\"Pipeska\",\"url\":\"https:\\\/\\\/pipeska.fr\\\/\",\"logo\":{\"@type\":\"ImageObject\",\"inLanguage\":\"en-GB\",\"@id\":\"https:\\\/\\\/pipeska.fr\\\/#\\\/schema\\\/logo\\\/image\\\/\",\"url\":\"https:\\\/\\\/pipeska.fr\\\/wp-content\\\/uploads\\\/2024\\\/07\\\/Pipeska_logo_couleur_fondtransparent.png\",\"contentUrl\":\"https:\\\/\\\/pipeska.fr\\\/wp-content\\\/uploads\\\/2024\\\/07\\\/Pipeska_logo_couleur_fondtransparent.png\",\"width\":1771,\"height\":1181,\"caption\":\"Pipeska\"},\"image\":{\"@id\":\"https:\\\/\\\/pipeska.fr\\\/#\\\/schema\\\/logo\\\/image\\\/\"}}]}<\/script>\n<!-- \/ Yoast SEO plugin. -->","yoast_head_json":{"title":"Organic hair care Cosmos Organic","description":"Enhance the natural beauty of your curly hair with Pipeska certified organic care. COSMOS Organic certified, made in France.","robots":{"index":"index","follow":"follow","max-snippet":"max-snippet:-1","max-image-preview":"max-image-preview:large","max-video-preview":"max-video-preview:-1"},"canonical":"https:\/\/pipeska.fr\/en\/shop-products\/","og_locale":"en_GB","og_type":"article","og_title":"Soins capillaires bio Cosmos Organic","og_description":"Sublimez la beaut\u00e9 naturelle de vos cheveux boucl\u00e9s avec les soins certifi\u00e9s bio Pipeska. Certifi\u00e9s Bio COSMOS Organic, fabriqu\u00e9s en France.","og_url":"https:\/\/pipeska.fr\/en\/shop-products\/","og_site_name":"Pipeska","article_modified_time":"2026-04-16T16:05:18+00:00","og_image":[{"url":"https:\/\/pipeska.fr\/wp-content\/uploads\/2026\/01\/Rituels-de-soins-capillaires-bio-Pipeska-pour-cheveux-boucles-frises-et-crepus-afro-made-in-France-300x300.jpg","type":"","width":"","height":""}],"twitter_card":"summary_large_image","twitter_misc":{"Estimated reading time":"1 minute"},"schema":{"@context":"https:\/\/schema.org","@graph":[{"@type":"WebPage","@id":"https:\/\/pipeska.fr\/produits-boutique\/","url":"https:\/\/pipeska.fr\/produits-boutique\/","name":"Organic hair care Cosmos Organic","isPartOf":{"@id":"https:\/\/pipeska.fr\/#website"},"primaryImageOfPage":{"@id":"https:\/\/pipeska.fr\/produits-boutique\/#primaryimage"},"image":{"@id":"https:\/\/pipeska.fr\/produits-boutique\/#primaryimage"},"thumbnailUrl":"https:\/\/pipeska.fr\/wp-content\/uploads\/2026\/01\/Rituels-de-soins-capillaires-bio-Pipeska-pour-cheveux-boucles-frises-et-crepus-afro-made-in-France-300x300.jpg","datePublished":"2026-04-16T15:38:38+00:00","dateModified":"2026-04-16T16:05:18+00:00","description":"Enhance the natural beauty of your curly hair with Pipeska certified organic care. COSMOS Organic certified, made in France.","breadcrumb":{"@id":"https:\/\/pipeska.fr\/produits-boutique\/#breadcrumb"},"inLanguage":"en-GB","potentialAction":[{"@type":"ReadAction","target":["https:\/\/pipeska.fr\/produits-boutique\/"]}]},{"@type":"ImageObject","inLanguage":"en-GB","@id":"https:\/\/pipeska.fr\/produits-boutique\/#primaryimage","url":"https:\/\/pipeska.fr\/wp-content\/uploads\/2026\/01\/Rituels-de-soins-capillaires-bio-Pipeska-pour-cheveux-boucles-frises-et-crepus-afro-made-in-France-300x300.jpg","contentUrl":"https:\/\/pipeska.fr\/wp-content\/uploads\/2026\/01\/Rituels-de-soins-capillaires-bio-Pipeska-pour-cheveux-boucles-frises-et-crepus-afro-made-in-France-300x300.jpg"},{"@type":"BreadcrumbList","@id":"https:\/\/pipeska.fr\/produits-boutique\/#breadcrumb","itemListElement":[{"@type":"ListItem","position":1,"name":"Accueil","item":"https:\/\/pipeska.fr\/"},{"@type":"ListItem","position":2,"name":"Produits\/boutique"}]},{"@type":"WebSite","@id":"https:\/\/pipeska.fr\/#website","url":"https:\/\/pipeska.fr\/","name":"Pipeska","description":"Bio - Made in France - Caribbean Inspired","publisher":{"@id":"https:\/\/pipeska.fr\/#organization"},"potentialAction":[{"@type":"SearchAction","target":{"@type":"EntryPoint","urlTemplate":"https:\/\/pipeska.fr\/?s={search_term_string}"},"query-input":{"@type":"PropertyValueSpecification","valueRequired":true,"valueName":"search_term_string"}}],"inLanguage":"en-GB"},{"@type":"Organization","@id":"https:\/\/pipeska.fr\/#organization","name":"Pipeska","url":"https:\/\/pipeska.fr\/","logo":{"@type":"ImageObject","inLanguage":"en-GB","@id":"https:\/\/pipeska.fr\/#\/schema\/logo\/image\/","url":"https:\/\/pipeska.fr\/wp-content\/uploads\/2024\/07\/Pipeska_logo_couleur_fondtransparent.png","contentUrl":"https:\/\/pipeska.fr\/wp-content\/uploads\/2024\/07\/Pipeska_logo_couleur_fondtransparent.png","width":1771,"height":1181,"caption":"Pipeska"},"image":{"@id":"https:\/\/pipeska.fr\/#\/schema\/logo\/image\/"}}]}},"_links":{"self":[{"href":"https:\/\/pipeska.fr\/en\/wp-json\/wp\/v2\/pages\/4745","targetHints":{"allow":["GET"]}}],"collection":[{"href":"https:\/\/pipeska.fr\/en\/wp-json\/wp\/v2\/pages"}],"about":[{"href":"https:\/\/pipeska.fr\/en\/wp-json\/wp\/v2\/types\/page"}],"author":[{"embeddable":true,"href":"https:\/\/pipeska.fr\/en\/wp-json\/wp\/v2\/users\/1"}],"replies":[{"embeddable":true,"href":"https:\/\/pipeska.fr\/en\/wp-json\/wp\/v2\/comments?post=4745"}],"version-history":[{"count":23,"href":"https:\/\/pipeska.fr\/en\/wp-json\/wp\/v2\/pages\/4745\/revisions"}],"predecessor-version":[{"id":5317,"href":"https:\/\/pipeska.fr\/en\/wp-json\/wp\/v2\/pages\/4745\/revisions\/5317"}],"wp:attachment":[{"href":"https:\/\/pipeska.fr\/en\/wp-json\/wp\/v2\/media?parent=4745"}],"curies":[{"name":"wp","href":"https:\/\/api.w.org\/{rel}","templated":true}]}}