{"id":1826,"date":"2024-07-22T10:07:29","date_gmt":"2024-07-22T10:07:29","guid":{"rendered":"https:\/\/newpipeska.live-website.com\/?post_type=product&#038;p=1826"},"modified":"2026-04-30T09:42:36","modified_gmt":"2026-04-30T09:42:36","slug":"organic-moisturising-mask-for-sensitive-hair-professional-care","status":"publish","type":"product","link":"https:\/\/pipeska.fr\/en\/produit\/masque-bio-hydratant-cheveux-sensibilises-professional-care\/","title":{"rendered":"Pipeska Organic Hair Mask - Moisturising &amp; Repairing 500 ml"},"content":{"rendered":"<div data-elementor-type=\"wp-post\" data-elementor-id=\"1826\" class=\"elementor elementor-1826\">\n\t\t\t\t<div class=\"elementor-element elementor-element-76a74107 e-flex e-con-boxed wpr-particle-no wpr-jarallax-no wpr-parallax-no wpr-sticky-section-no wpr-column-slider-no wpr-equal-height-no e-con e-parent\" data-id=\"76a74107\" data-element_type=\"container\" data-e-type=\"container\">\n\t\t\t\t\t<div class=\"e-con-inner\">\n\t\t\t\t<div class=\"elementor-element elementor-element-6fde7162 elementor-widget elementor-widget-text-editor\" data-id=\"6fde7162\" data-element_type=\"widget\" data-e-type=\"widget\" data-widget_type=\"text-editor.default\">\n\t\t\t\t\t\t\t\t\t<h1 data-path-to-node=\"6\">Masque R\u00e9parateur au Lingzhi Pipeska \u2013 Format 500 ml<\/h1><p data-path-to-node=\"7\"><b data-path-to-node=\"7\" data-index-in-node=\"0\">L&rsquo;Expertise Native du Cheveu Textur\u00e9 (2A \u00e0 4C) en format g\u00e9n\u00e9reux.<\/b><\/p><p data-path-to-node=\"8\">Ce masque premium offre une solution cibl\u00e9e pour l\u2019entretien des boucles les plus exigeantes. En tant qu\u2019<b data-path-to-node=\"8\" data-index-in-node=\"105\">Native expert<\/b>, Pipeska has developed a high-performance formula that respects the physiology of <b data-path-to-node=\"8\" data-index-in-node=\"203\">Hair fibre<\/b> while enhancing its natural texture.<\/p><p data-path-to-node=\"9\">Le format 500 ml est id\u00e9al pour un usage r\u00e9gulier ou pour les chevelures \u00e0 forte densit\u00e9.<\/p><hr data-path-to-node=\"10\" \/><h2 data-path-to-node=\"11\">L&rsquo;Alliance de la Science Adaptog\u00e8ne et du V\u00e9g\u00e9tal<\/h2><p data-path-to-node=\"12\">Le Masque Lingzhi Pipeska repose sur une synergie in\u00e9dite d&rsquo;actifs nobles et performants :<\/p><ul data-path-to-node=\"13\"><li><p data-path-to-node=\"13,0,0\"><b data-path-to-node=\"13,0,0\" data-index-in-node=\"0\">Lingzhi (Ganoderma Lucidum):<\/b> This rare mushroom acts as a protective shield to strengthen the hair's natural structure.<\/p><\/li><li><p data-path-to-node=\"13,1,0\"><b data-path-to-node=\"13,1,0\" data-index-in-node=\"0\">Le Karit\u00e9 &amp; Manteca de Cacao :<\/b> A duo of plant butters renowned for their lipid richness, ensuring intense nourishment and lasting suppleness.<\/p><\/li><li><p data-path-to-node=\"13,2,0\"><b data-path-to-node=\"13,2,0\" data-index-in-node=\"0\">L\u2019Ylang-Ylang (Cananga Odorata) :<\/b> A precious essential oil that brings shine, soothing and a captivating floral tropical scent.<\/p><\/li><\/ul><hr data-path-to-node=\"14\" \/><h2 data-path-to-node=\"15\">Why choose this mask for your curls?<\/h2><ul data-path-to-node=\"16\"><li><p data-path-to-node=\"16,0,0\"><b data-path-to-node=\"16,0,0\" data-index-in-node=\"0\">Deep nutrition:<\/b> Repairs dry, damaged, or bleached hair.<\/p><\/li><li><p data-path-to-node=\"16,1,0\"><b data-path-to-node=\"16,1,0\" data-index-in-node=\"0\">Natural definition:<\/b> Les extraits de graines de lin (Lino) aident \u00e0 gainer la boucle sans l\u2019alourdir.<\/p><\/li><li><p data-path-to-node=\"16,2,0\"><b data-path-to-node=\"16,2,0\" data-index-in-node=\"0\">Real Care<\/b> Unlike classic masks, it does not contain <b data-path-to-node=\"16,2,0\" data-index-in-node=\"65\">No silicone<\/b>. Il soigne en profondeur au lieu de simplement camoufler les dommages.<\/p><\/li><li><p data-path-to-node=\"16,3,0\"><b data-path-to-node=\"16,3,0\" data-index-in-node=\"0\">99% d&rsquo;ingr\u00e9dients d&rsquo;origine naturelle :<\/b> Une composition saine, \u00e9thique et efficace. Fabrication fran\u00e7aise.<\/p><\/li><\/ul><hr data-path-to-node=\"17\" \/><h2 data-path-to-node=\"18\">Conseils d\u2019Utilisation &amp; Astuces d\u2019Expert<\/h2><p data-path-to-node=\"19\">Ce soin multi-usage s\u2019adapte \u00e0 votre porosit\u00e9 et \u00e0 votre emploi du temps :<\/p><ul data-path-to-node=\"20\"><li><p data-path-to-node=\"20,0,0\"><b data-path-to-node=\"20,0,0\" data-index-in-node=\"0\">Conditioner (10 min)<\/b> For fluid and instant detangling.<\/p><\/li><li><p data-path-to-node=\"20,1,0\"><b data-path-to-node=\"20,1,0\" data-index-in-node=\"0\">Deep treatment (20-30 min) :<\/b> Id\u00e9al en \u00ab bain d\u2019huile \u00bb sur cheveux secs avant le shampooing pour saturer la fibre.<\/p><\/li><li><p data-path-to-node=\"20,2,0\"><b data-path-to-node=\"20,2,0\" data-index-in-node=\"0\">Leave-in (Conditioner without rinsing):<\/b> Apply a small amount to damp hair to define your curls daily.<\/p><\/li><\/ul><blockquote data-path-to-node=\"21\"><p data-path-to-node=\"21,0\"><b data-path-to-node=\"21,0\" data-index-in-node=\"0\">Tip for fine hair:<\/b> Utilisez-le en avant-shampooing sur cheveux secs, puis lavez avec le <b data-path-to-node=\"21,0\" data-index-in-node=\"91\">Caribbean Fusion Shampoo<\/b> pour ne pas alourdir la fibre.<\/p><\/blockquote><hr data-path-to-node=\"22\" \/><h2 data-path-to-node=\"23\">Complete your Pipeska Expertise Routine<\/h2><p data-path-to-node=\"24\">Pour obtenir des r\u00e9sultats optimaux sur vos cheveux textur\u00e9s, associez votre masque \u00e0 notre gamme compl\u00e8te :<\/p><ol start=\"1\" data-path-to-node=\"25\"><li><p data-path-to-node=\"25,0,0\"><b data-path-to-node=\"25,0,0\" data-index-in-node=\"0\">Nettoyer :<\/b> Commencez par le <a href=\"https:\/\/pipeska.fr\/en\/product\/pipeska-tropical-silk-organic-shampoo-1000ml\/\" target=\"_blank\" rel=\"noopener\"><b data-path-to-node=\"25,0,0\" data-index-in-node=\"28\">Shampoo Caribbean Fusion Pipeska<\/b><\/a>. Sa formule douce pr\u00e9pare la fibre capillaire \u00e0 recevoir le soin.<\/p><\/li><li><p data-path-to-node=\"25,1,0\"><b data-path-to-node=\"25,1,0\" data-index-in-node=\"0\">Handle<\/b> Apply the <b data-path-to-node=\"25,1,0\" data-index-in-node=\"23\">Masque R\u00e9parateur au Lingzhi 500 ml<\/b> selon votre besoin de nutrition.<\/p><\/li><li><p data-path-to-node=\"25,2,0\"><b data-path-to-node=\"25,2,0\" data-index-in-node=\"0\">La D\u00e9tox (Le secret d&rsquo;Expert) :<\/b> Use the <a href=\"https:\/\/pipeska.fr\/en\/product\/organic-hair-clarifier\/\" target=\"_blank\" rel=\"noopener\"><b data-path-to-node=\"25,2,0\" data-index-in-node=\"44\">Ocean Clean Clarifying &amp; Detox Shampoo<\/b><\/a> avant votre masque. Il purifie le cuir chevelu et ouvre les \u00e9cailles pour une absorption maximale des actifs du Lingzhi.<\/p><\/li><li><p data-path-to-node=\"25,3,0\"><b data-path-to-node=\"25,3,0\" data-index-in-node=\"0\">Seal<\/b> Appliquez une noisette de notre <a href=\"https:\/\/pipeska.fr\/en\/product\/shea-almond-and-ylang-ylang-universal-balm\/\" target=\"_blank\" rel=\"noopener\"><b data-path-to-node=\"25,3,0\" data-index-in-node=\"42\">Pipeska Organic Universal Balm<\/b><\/a> sur vos pointes pour une protection longue dur\u00e9e.<\/p><\/li><\/ol><hr data-path-to-node=\"26\" \/><h2 data-path-to-node=\"27\">FAQ : Frequently Asked Questions<\/h2><p><b data-path-to-node=\"28\" data-index-in-node=\"0\">Le Lingzhi est un champignon m\u00e9dicinal r\u00e9put\u00e9 pour ses propri\u00e9t\u00e9s adaptog\u00e8nes et antioxydantes. Bien que la recherche soit encore en cours, voici quelques-uns des bienfaits potentiels du Lingzhi pour les cheveux :\n\n*   **Stimulation de la croissance des cheveux :** Le Lingzhi pourrait aider \u00e0 am\u00e9liorer la circulation sanguine du cuir chevelu, ce qui peut favoriser une croissance capillaire plus saine. Il pourrait \u00e9galement contenir des compos\u00e9s qui stimulent la production de facteurs de croissance des cheveux.\n*   **R\u00e9duction de la chute des cheveux :** Gr\u00e2ce \u00e0 ses propri\u00e9t\u00e9s anti-inflammatoires et antioxydantes, le Lingzhi pourrait aider \u00e0 combattre les causes de la chute des cheveux, telles que le stress oxydatif et l'inflammation du cuir chevelu.\n*   **Am\u00e9lioration de la sant\u00e9 du cuir chevelu :** Les propri\u00e9t\u00e9s antifongiques et antibact\u00e9riennes du Lingzhi pourraient aider \u00e0 maintenir un cuir chevelu sain, en combattant des probl\u00e8mes tels que les pellicules et les infections du cuir chevelu qui peuvent entraver la croissance des cheveux.\n*   **Renforcement des cheveux :** Certains compos\u00e9s pr\u00e9sents dans le Lingzhi pourraient aider \u00e0 renforcer la structure du cheveu, le rendant moins sujet \u00e0 la casse.\n*   **Protection contre les dommages :** Les antioxydants du Lingzhi peuvent aider \u00e0 prot\u00e9ger les follicules pileux et les cheveux des dommages caus\u00e9s par les radicaux libres et les facteurs environnementaux.\n\nIl est important de noter que ces bienfaits sont bas\u00e9s sur des \u00e9tudes pr\u00e9liminaires et des utilisations traditionnelles. Si vous envisagez d'utiliser le Lingzhi pour la sant\u00e9 de vos cheveux, il est conseill\u00e9 de consulter un professionnel de la sant\u00e9 ou un dermatologue.<\/b> Lingzhi is an adaptogenic active that strengthens hair's resistance to external stressors, thereby preserving the health of textured hair.<\/p><p><b data-path-to-node=\"29\" data-index-in-node=\"0\">Is the mask suitable for bleached hair?<\/b> Yes, it is particularly recommended for repairing damage caused by colouring, bleaching and heat treatments.<\/p><p><b data-path-to-node=\"30\" data-index-in-node=\"0\">Where is the Pipeska Mask made?<\/b> Pipeska privil\u00e9gie le savoir-faire local avec une <a href=\"https:\/\/www.entreprises.gouv.fr\/espace-entreprises\/s-informer-sur-la-reglementation\/le-made-france\" target=\"_blank\" rel=\"noopener\"><b data-path-to-node=\"30\" data-index-in-node=\"86\">fabrication 100% Fran\u00e7aise<\/b><\/a>, garantissant une tra\u00e7abilit\u00e9 totale et une formule \u00e0 99% naturelle.<\/p><p>\ud83c\udf3f Key active ingredients:<strong data-start=\"2610\" data-end=\"2656\">Prunus Amygdalus Dulcis (Sweet Almond) Oil<\/strong>, <strong data-start=\"2658\" data-end=\"2696\">Butyrospermum Parkii (Shea) Butter<\/strong>, <strong data-start=\"2698\" data-end=\"2730\">Cocos Nucifera (Coconut) Oil<\/strong>, <strong data-start=\"2732\" data-end=\"2771\">Theobroma Cacao (Cocoa) Seed Butter<\/strong>, <strong data-start=\"2773\" data-end=\"2803\">Cananga Odorata Flower Oil<\/strong>, <strong data-start=\"2805\" data-end=\"2851\">Linum Usitatissimum (Linseed) Seed Extract<\/strong>, <strong data-start=\"2853\" data-end=\"2891\">Ganoderma Lucidum (Reishi) Extract<\/strong>, <strong data-start=\"2893\" data-end=\"2920\">Tocopherol (Vitamin E)<\/strong><\/p><p>Ingredients: Aqua (Water), Prunus Amygdalus Dulcis (Sweet Almond) Oil*, Butyrospermum Parkii (Shea) Butter*, Cocos Nucifera (Coconut) Oil*, Theobroma Cacao (Cocoa) Seed Butter*, Glycerin, Cetyl Alcohol, Xanthan Gum, Cananga Odorata Flower Oil*, Parfum (Fragrance), Linum Usitatissimum (Linseed) Seed Extract*, Ganoderma Lucidum (Mushroom) Extract, Tocopherol, Helianthus Annuus (Sunflower) Seed Oil, Benzyl Alcohol, Dehydroacetic Acid, Sodium Benzoate, Potassium Sorbate, Citric Acid, Sodium Hydroxide, Linalool, Benzyl Benzoate, Geraniol, Farnesol, Benzyl Salicylate, Eugenol<\/p>\t\t\t\t\t\t\t\t<\/div>\n\t\t\t\t\t<\/div>\n\t\t\t\t<\/div>\n\t\t\t\t<\/div>","protected":false},"excerpt":{"rendered":"<p style=\"padding-left: 40px;\" data-path-to-node=\"3\"><b data-path-to-node=\"3\" data-index-in-node=\"0\">Le Masque Lingzhi Pipeska (Format 500 ml) est le soin expert natif pour nourrir et d\u00e9finir les cheveux textur\u00e9s (2A \u00e0 4C).<\/b><\/p>\n<p style=\"padding-left: 40px;\"><b data-path-to-node=\"4,0,0\" data-index-in-node=\"0\">&#8211; Format G\u00e9n\u00e9reux :<\/b> Id\u00e9al pour les chevelures denses et l&rsquo;usage r\u00e9gulier.<\/p>\n<p style=\"padding-left: 40px;\"><b data-path-to-node=\"4,1,0\" data-index-in-node=\"0\">&#8211; 99% Naturel :<\/b> Sans silicones ni sulfates.<\/p>\n<p style=\"padding-left: 40px;\" data-path-to-node=\"4,2,0\"><b data-path-to-node=\"4,2,0\" data-index-in-node=\"0\">-Actifs Cl\u00e9s :<\/b> Lingzhi (adaptog\u00e8ne), Karit\u00e9 et Ylang-Ylang.<\/p>\n<p style=\"padding-left: 40px;\" data-path-to-node=\"4,3,0\"><b data-path-to-node=\"4,3,0\" data-index-in-node=\"0\">Native Expertise<\/b> Con\u00e7u en France pour les boucles s\u00e8ches et fragiles.<\/p>\n<h3 style=\"padding-left: 40px;\" data-start=\"196\" data-end=\"246\"><\/h3>\n<h3 style=\"padding-left: 40px;\" data-section-id=\"ca28yz\" data-start=\"771\" data-end=\"825\"><strong data-start=\"1196\" data-end=\"1221\">Your Pipeska guarantees:\u00a0\u00a0<\/strong>Organic &amp; eco-responsible\/Secure payment Card (Stripe) - PayPal \/ 3x free of charge \/ Fast delivery :free France from 49 \u20ac \/ Customer service at your service<\/h3>\n<p style=\"padding-left: 40px;\" data-start=\"1225\" data-end=\"1336\"><img decoding=\"async\" class=\"emoji ls-is-cached lazyloaded\" role=\"img\" draggable=\"false\" src=\"https:\/\/s.w.org\/images\/core\/emoji\/17.0.2\/svg\/2728.svg\" alt=\"\u2728\" data-src=\"https:\/\/s.w.org\/images\/core\/emoji\/17.0.2\/svg\/2728.svg\" \/>\u00a0Bio - Made in France - Caribbean Inspired\u00a0<img decoding=\"async\" class=\"emoji lazyloaded\" role=\"img\" draggable=\"false\" src=\"https:\/\/s.w.org\/images\/core\/emoji\/17.0.2\/svg\/2728.svg\" alt=\"\u2728\" data-src=\"https:\/\/s.w.org\/images\/core\/emoji\/17.0.2\/svg\/2728.svg\" \/><\/p>","protected":false},"featured_media":2766,"comment_status":"open","ping_status":"closed","template":"","meta":{"_uf_show_specific_survey":0,"_uf_disable_surveys":false},"product_brand":[],"product_cat":[236,187],"product_tag":[199,201,200,155,215,203,212,205,213,214,153],"class_list":{"0":"post-1826","1":"product","2":"type-product","3":"status-publish","4":"has-post-thumbnail","6":"product_cat-cheveux-fragiles-sensibles","7":"product_cat-soin-nutrition-boucles","8":"product_tag-cheveux-boucles","9":"product_tag-cheveux-crepus","10":"product_tag-cheveux-frises","11":"product_tag-cheveux-textures","12":"product_tag-clean-beauty","13":"product_tag-karite-bio","14":"product_tag-masque-capillaire","15":"product_tag-pipeska","16":"product_tag-reparation-intense","17":"product_tag-soin-bio","18":"product_tag-ylang-ylang","20":"entry","21":"has-media","23":"first","24":"onbackorder","25":"taxable","26":"shipping-taxable","27":"purchasable","28":"product-type-simple","29":"has-rating","30":"has-product-nav","31":"col","32":"span_1_of_4","33":"owp-content-center","34":"owp-thumbs-layout-horizontal","35":"owp-btn-normal","36":"owp-tabs-layout-vertical"},"yoast_head":"<!-- This site is optimized with the Yoast SEO plugin v27.5 - https:\/\/yoast.com\/product\/yoast-seo-wordpress\/ -->\n<title>Masque Capillaire Bio Pipeska \u2013 Hydratant &amp; R\u00e9parateur 500 ml - Pipeska<\/title>\n<meta name=\"description\" content=\"D\u00e9couvrez le Masque Bio Hydratant pour Cheveux Secs et Sensibilis\u00e9s de Professional Care. Formule naturelle pour hydrater et nourrir tous types de cheveux.\" \/>\n<meta name=\"robots\" content=\"index, follow, max-snippet:-1, max-image-preview:large, max-video-preview:-1\" \/>\n<link rel=\"canonical\" href=\"https:\/\/pipeska.fr\/en\/product\/organic-moisturising-mask-for-sensitive-hair-professional-care\/\" \/>\n<meta property=\"og:locale\" content=\"en_GB\" \/>\n<meta property=\"og:type\" content=\"article\" \/>\n<meta property=\"og:title\" content=\"Masque Capillaire Bio Pipeska \u2013 Hydratant &amp; R\u00e9parateur 500 ml - Pipeska\" \/>\n<meta property=\"og:description\" content=\"D\u00e9couvrez le Masque Bio Hydratant pour Cheveux Secs et Sensibilis\u00e9s de Professional Care. Formule naturelle pour hydrater et nourrir tous types de cheveux.\" \/>\n<meta property=\"og:url\" content=\"https:\/\/pipeska.fr\/en\/product\/organic-moisturising-mask-for-sensitive-hair-professional-care\/\" \/>\n<meta property=\"og:site_name\" content=\"Pipeska\" \/>\n<meta property=\"article:modified_time\" content=\"2026-04-30T09:42:36+00:00\" \/>\n<meta property=\"og:image\" content=\"https:\/\/pipeska.fr\/wp-content\/uploads\/2024\/07\/pipeska26.png\" \/>\n\t<meta property=\"og:image:width\" content=\"1080\" \/>\n\t<meta property=\"og:image:height\" content=\"1080\" \/>\n\t<meta property=\"og:image:type\" content=\"image\/png\" \/>\n<meta name=\"twitter:card\" content=\"summary_large_image\" \/>\n<meta name=\"twitter:label1\" content=\"Estimated reading time\" \/>\n\t<meta name=\"twitter:data1\" content=\"4 minutes\" \/>\n<script type=\"application\/ld+json\" class=\"yoast-schema-graph\">{\"@context\":\"https:\\\/\\\/schema.org\",\"@graph\":[{\"@type\":\"WebPage\",\"@id\":\"https:\\\/\\\/pipeska.fr\\\/produit\\\/masque-bio-hydratant-cheveux-sensibilises-professional-care\\\/\",\"url\":\"https:\\\/\\\/pipeska.fr\\\/produit\\\/masque-bio-hydratant-cheveux-sensibilises-professional-care\\\/\",\"name\":\"Masque Capillaire Bio Pipeska \u2013 Hydratant & R\u00e9parateur 500 ml - Pipeska\",\"isPartOf\":{\"@id\":\"https:\\\/\\\/pipeska.fr\\\/#website\"},\"primaryImageOfPage\":{\"@id\":\"https:\\\/\\\/pipeska.fr\\\/produit\\\/masque-bio-hydratant-cheveux-sensibilises-professional-care\\\/#primaryimage\"},\"image\":{\"@id\":\"https:\\\/\\\/pipeska.fr\\\/produit\\\/masque-bio-hydratant-cheveux-sensibilises-professional-care\\\/#primaryimage\"},\"thumbnailUrl\":\"https:\\\/\\\/pipeska.fr\\\/wp-content\\\/uploads\\\/2024\\\/07\\\/pipeska26.png\",\"datePublished\":\"2024-07-22T10:07:29+00:00\",\"dateModified\":\"2026-04-30T09:42:36+00:00\",\"description\":\"D\u00e9couvrez le Masque Bio Hydratant pour Cheveux Secs et Sensibilis\u00e9s de Professional Care. Formule naturelle pour hydrater et nourrir tous types de cheveux.\",\"breadcrumb\":{\"@id\":\"https:\\\/\\\/pipeska.fr\\\/produit\\\/masque-bio-hydratant-cheveux-sensibilises-professional-care\\\/#breadcrumb\"},\"inLanguage\":\"en-GB\",\"potentialAction\":[{\"@type\":\"ReadAction\",\"target\":[\"https:\\\/\\\/pipeska.fr\\\/produit\\\/masque-bio-hydratant-cheveux-sensibilises-professional-care\\\/\"]}]},{\"@type\":\"ImageObject\",\"inLanguage\":\"en-GB\",\"@id\":\"https:\\\/\\\/pipeska.fr\\\/produit\\\/masque-bio-hydratant-cheveux-sensibilises-professional-care\\\/#primaryimage\",\"url\":\"https:\\\/\\\/pipeska.fr\\\/wp-content\\\/uploads\\\/2024\\\/07\\\/pipeska26.png\",\"contentUrl\":\"https:\\\/\\\/pipeska.fr\\\/wp-content\\\/uploads\\\/2024\\\/07\\\/pipeska26.png\",\"width\":1080,\"height\":1080,\"caption\":\"D\u00e9couvrez notre masque capillaire bio 99% naturel, lab\u00e9lis\u00e9 Cosmos Organique et fabriqu\u00e9 en France. Con\u00e7u pour hydrater, nourrir et renforcer les cheveux secs, ab\u00eem\u00e9s et cassants, il stimule la croissance gr\u00e2ce au Ylang-Ylang, am\u00e9liore la brillance avec le Karit\u00e9 et combat la chute des cheveux avec le Lingzhi. Obtenez des cheveux plus longs, forts et en pleine sant\u00e9\"},{\"@type\":\"BreadcrumbList\",\"@id\":\"https:\\\/\\\/pipeska.fr\\\/produit\\\/masque-bio-hydratant-cheveux-sensibilises-professional-care\\\/#breadcrumb\",\"itemListElement\":[{\"@type\":\"ListItem\",\"position\":1,\"name\":\"Accueil\",\"item\":\"https:\\\/\\\/pipeska.fr\\\/\"},{\"@type\":\"ListItem\",\"position\":2,\"name\":\"Produits\",\"item\":\"https:\\\/\\\/pipeska.fr\\\/?post_type=product\"},{\"@type\":\"ListItem\",\"position\":3,\"name\":\"Masque Capillaire Bio Pipeska \u2013 Hydratant &#038; R\u00e9parateur 500 ml\"}]},{\"@type\":\"WebSite\",\"@id\":\"https:\\\/\\\/pipeska.fr\\\/#website\",\"url\":\"https:\\\/\\\/pipeska.fr\\\/\",\"name\":\"Pipeska\",\"description\":\"Bio - Made in France - Caribbean Inspired\",\"publisher\":{\"@id\":\"https:\\\/\\\/pipeska.fr\\\/#organization\"},\"potentialAction\":[{\"@type\":\"SearchAction\",\"target\":{\"@type\":\"EntryPoint\",\"urlTemplate\":\"https:\\\/\\\/pipeska.fr\\\/?s={search_term_string}\"},\"query-input\":{\"@type\":\"PropertyValueSpecification\",\"valueRequired\":true,\"valueName\":\"search_term_string\"}}],\"inLanguage\":\"en-GB\"},{\"@type\":\"Organization\",\"@id\":\"https:\\\/\\\/pipeska.fr\\\/#organization\",\"name\":\"Pipeska\",\"url\":\"https:\\\/\\\/pipeska.fr\\\/\",\"logo\":{\"@type\":\"ImageObject\",\"inLanguage\":\"en-GB\",\"@id\":\"https:\\\/\\\/pipeska.fr\\\/#\\\/schema\\\/logo\\\/image\\\/\",\"url\":\"https:\\\/\\\/pipeska.fr\\\/wp-content\\\/uploads\\\/2024\\\/07\\\/Pipeska_logo_couleur_fondtransparent.png\",\"contentUrl\":\"https:\\\/\\\/pipeska.fr\\\/wp-content\\\/uploads\\\/2024\\\/07\\\/Pipeska_logo_couleur_fondtransparent.png\",\"width\":1771,\"height\":1181,\"caption\":\"Pipeska\"},\"image\":{\"@id\":\"https:\\\/\\\/pipeska.fr\\\/#\\\/schema\\\/logo\\\/image\\\/\"}}]}<\/script>\n<!-- \/ Yoast SEO plugin. -->","yoast_head_json":{"title":"Pipeska Organic Hair Mask - Moisturizing &amp; Repairing 500 ml - Pipeska","description":"Discover Professional Care's Moisturising Organic Mask for Dry and Sensitised Hair. A natural formula to moisturise and nourish all hair types.","robots":{"index":"index","follow":"follow","max-snippet":"max-snippet:-1","max-image-preview":"max-image-preview:large","max-video-preview":"max-video-preview:-1"},"canonical":"https:\/\/pipeska.fr\/en\/product\/organic-moisturising-mask-for-sensitive-hair-professional-care\/","og_locale":"en_GB","og_type":"article","og_title":"Masque Capillaire Bio Pipeska \u2013 Hydratant & R\u00e9parateur 500 ml - Pipeska","og_description":"D\u00e9couvrez le Masque Bio Hydratant pour Cheveux Secs et Sensibilis\u00e9s de Professional Care. Formule naturelle pour hydrater et nourrir tous types de cheveux.","og_url":"https:\/\/pipeska.fr\/en\/product\/organic-moisturising-mask-for-sensitive-hair-professional-care\/","og_site_name":"Pipeska","article_modified_time":"2026-04-30T09:42:36+00:00","og_image":[{"width":1080,"height":1080,"url":"https:\/\/pipeska.fr\/wp-content\/uploads\/2024\/07\/pipeska26.png","type":"image\/png"}],"twitter_card":"summary_large_image","twitter_misc":{"Estimated reading time":"4 minutes"},"schema":{"@context":"https:\/\/schema.org","@graph":[{"@type":"WebPage","@id":"https:\/\/pipeska.fr\/produit\/masque-bio-hydratant-cheveux-sensibilises-professional-care\/","url":"https:\/\/pipeska.fr\/produit\/masque-bio-hydratant-cheveux-sensibilises-professional-care\/","name":"Pipeska Organic Hair Mask - Moisturizing &amp; Repairing 500 ml - Pipeska","isPartOf":{"@id":"https:\/\/pipeska.fr\/#website"},"primaryImageOfPage":{"@id":"https:\/\/pipeska.fr\/produit\/masque-bio-hydratant-cheveux-sensibilises-professional-care\/#primaryimage"},"image":{"@id":"https:\/\/pipeska.fr\/produit\/masque-bio-hydratant-cheveux-sensibilises-professional-care\/#primaryimage"},"thumbnailUrl":"https:\/\/pipeska.fr\/wp-content\/uploads\/2024\/07\/pipeska26.png","datePublished":"2024-07-22T10:07:29+00:00","dateModified":"2026-04-30T09:42:36+00:00","description":"Discover Professional Care's Moisturising Organic Mask for Dry and Sensitised Hair. A natural formula to moisturise and nourish all hair types.","breadcrumb":{"@id":"https:\/\/pipeska.fr\/produit\/masque-bio-hydratant-cheveux-sensibilises-professional-care\/#breadcrumb"},"inLanguage":"en-GB","potentialAction":[{"@type":"ReadAction","target":["https:\/\/pipeska.fr\/produit\/masque-bio-hydratant-cheveux-sensibilises-professional-care\/"]}]},{"@type":"ImageObject","inLanguage":"en-GB","@id":"https:\/\/pipeska.fr\/produit\/masque-bio-hydratant-cheveux-sensibilises-professional-care\/#primaryimage","url":"https:\/\/pipeska.fr\/wp-content\/uploads\/2024\/07\/pipeska26.png","contentUrl":"https:\/\/pipeska.fr\/wp-content\/uploads\/2024\/07\/pipeska26.png","width":1080,"height":1080,"caption":"D\u00e9couvrez notre masque capillaire bio 99% naturel, lab\u00e9lis\u00e9 Cosmos Organique et fabriqu\u00e9 en France. Con\u00e7u pour hydrater, nourrir et renforcer les cheveux secs, ab\u00eem\u00e9s et cassants, il stimule la croissance gr\u00e2ce au Ylang-Ylang, am\u00e9liore la brillance avec le Karit\u00e9 et combat la chute des cheveux avec le Lingzhi. Obtenez des cheveux plus longs, forts et en pleine sant\u00e9"},{"@type":"BreadcrumbList","@id":"https:\/\/pipeska.fr\/produit\/masque-bio-hydratant-cheveux-sensibilises-professional-care\/#breadcrumb","itemListElement":[{"@type":"ListItem","position":1,"name":"Accueil","item":"https:\/\/pipeska.fr\/"},{"@type":"ListItem","position":2,"name":"Produits","item":"https:\/\/pipeska.fr\/?post_type=product"},{"@type":"ListItem","position":3,"name":"Masque Capillaire Bio Pipeska \u2013 Hydratant &#038; R\u00e9parateur 500 ml"}]},{"@type":"WebSite","@id":"https:\/\/pipeska.fr\/#website","url":"https:\/\/pipeska.fr\/","name":"Pipeska","description":"Bio - Made in France - Caribbean Inspired","publisher":{"@id":"https:\/\/pipeska.fr\/#organization"},"potentialAction":[{"@type":"SearchAction","target":{"@type":"EntryPoint","urlTemplate":"https:\/\/pipeska.fr\/?s={search_term_string}"},"query-input":{"@type":"PropertyValueSpecification","valueRequired":true,"valueName":"search_term_string"}}],"inLanguage":"en-GB"},{"@type":"Organization","@id":"https:\/\/pipeska.fr\/#organization","name":"Pipeska","url":"https:\/\/pipeska.fr\/","logo":{"@type":"ImageObject","inLanguage":"en-GB","@id":"https:\/\/pipeska.fr\/#\/schema\/logo\/image\/","url":"https:\/\/pipeska.fr\/wp-content\/uploads\/2024\/07\/Pipeska_logo_couleur_fondtransparent.png","contentUrl":"https:\/\/pipeska.fr\/wp-content\/uploads\/2024\/07\/Pipeska_logo_couleur_fondtransparent.png","width":1771,"height":1181,"caption":"Pipeska"},"image":{"@id":"https:\/\/pipeska.fr\/#\/schema\/logo\/image\/"}}]}},"_links":{"self":[{"href":"https:\/\/pipeska.fr\/en\/wp-json\/wp\/v2\/product\/1826","targetHints":{"allow":["GET"]}}],"collection":[{"href":"https:\/\/pipeska.fr\/en\/wp-json\/wp\/v2\/product"}],"about":[{"href":"https:\/\/pipeska.fr\/en\/wp-json\/wp\/v2\/types\/product"}],"replies":[{"embeddable":true,"href":"https:\/\/pipeska.fr\/en\/wp-json\/wp\/v2\/comments?post=1826"}],"version-history":[{"count":24,"href":"https:\/\/pipeska.fr\/en\/wp-json\/wp\/v2\/product\/1826\/revisions"}],"predecessor-version":[{"id":5669,"href":"https:\/\/pipeska.fr\/en\/wp-json\/wp\/v2\/product\/1826\/revisions\/5669"}],"wp:featuredmedia":[{"embeddable":true,"href":"https:\/\/pipeska.fr\/en\/wp-json\/wp\/v2\/media\/2766"}],"wp:attachment":[{"href":"https:\/\/pipeska.fr\/en\/wp-json\/wp\/v2\/media?parent=1826"}],"wp:term":[{"taxonomy":"product_brand","embeddable":true,"href":"https:\/\/pipeska.fr\/en\/wp-json\/wp\/v2\/product_brand?post=1826"},{"taxonomy":"product_cat","embeddable":true,"href":"https:\/\/pipeska.fr\/en\/wp-json\/wp\/v2\/product_cat?post=1826"},{"taxonomy":"product_tag","embeddable":true,"href":"https:\/\/pipeska.fr\/en\/wp-json\/wp\/v2\/product_tag?post=1826"}],"curies":[{"name":"wp","href":"https:\/\/api.w.org\/{rel}","templated":true}]}}