{"id":1973,"date":"2024-07-23T11:37:31","date_gmt":"2024-07-23T11:37:31","guid":{"rendered":"https:\/\/newpipeska.live-website.com\/?post_type=product&#038;p=1973"},"modified":"2026-04-30T10:52:10","modified_gmt":"2026-04-30T10:52:10","slug":"organic-hair-clarifier","status":"publish","type":"product","link":"https:\/\/pipeska.fr\/en\/produit\/clarifiant-bio-cheveux\/","title":{"rendered":"Clarifying Shampoo Bio Ocean Clean \u2013 Cosmos Organic - Expert Detox Pipeska 1000 ml"},"content":{"rendered":"<h1 style=\"padding-left: 40px;\" data-path-to-node=\"6\">Shampooing Clarifiant Bio Ocean Clean \u2013 Expertise D\u00e9tox Pipeska|1000 ml<\/h1>\n<p style=\"padding-left: 40px;\" data-path-to-node=\"7\"><b data-path-to-node=\"7\" data-index-in-node=\"0\">The essential \u00abReset\u00bb treatment to purify, oxygenate and enhance textured hair (2A to 4C).\u00a0\u00a0<\/b><\/p>\n<p style=\"padding-left: 40px;\" data-path-to-node=\"8\">Restore an instant lightness to your hair with the <b data-path-to-node=\"8\" data-index-in-node=\"58\">Clarifying Shampoo Ocean Clean Pipeska<\/b>. Far more than a simple cleanse, this deep detoxification treatment frees your curls of impurities, limescale, and product build-up.<i data-path-to-node=\"8\" data-index-in-node=\"250\">build-up<\/i>) that clog the hair fibre.<\/p>\n<hr style=\"padding-left: 40px;\" data-path-to-node=\"9\" \/>\n<h2 style=\"padding-left: 40px;\" data-path-to-node=\"10\">Why choose the Pipeska Clarifying Ritual?<\/h2>\n<p style=\"padding-left: 40px;\" data-path-to-node=\"11\">As a\u2019<b data-path-to-node=\"11\" data-index-in-node=\"11\">Native expert<\/b>, Pipeska has formulated this shampoo to offer a perfect balance between absolute purity and respect for hydration, where classic clarifying shampoos are often too aggressive.<\/p>\n<ul>\n<li style=\"list-style-type: none;\">\n<ul data-path-to-node=\"12\">\n<li>\n<p data-path-to-node=\"12,0,0\"><b data-path-to-node=\"12,0,0\" data-index-in-node=\"0\">Gentle Detoxification<\/b> Eliminates toxins and residue (gels, butters, oils) without ever drying out your lengths.<\/p>\n<\/li>\n<li>\n<p data-path-to-node=\"12,1,0\"><b data-path-to-node=\"12,1,0\" data-index-in-node=\"0\">Scalp Oxygenation<\/b> Soothes irritations and purifies roots to promote healthy growth.<\/p>\n<\/li>\n<li>\n<p data-path-to-node=\"12,2,0\"><b data-path-to-node=\"12,2,0\" data-index-in-node=\"0\">Anti-limescale action:<\/b> Neutralises the effects of hard water for an instant mirror shine.<\/p>\n<\/li>\n<li>\n<p data-path-to-node=\"12,3,0\"><b data-path-to-node=\"12,3,0\" data-index-in-node=\"0\">Sensory Awakening<\/b> A revitalising synergy of Peppermint and Citrus for an aromatherapy ritual.<\/p>\n<\/li>\n<\/ul>\n<\/li>\n<\/ul>\n<hr style=\"padding-left: 40px;\" data-path-to-node=\"13\" \/>\n<h2 style=\"padding-left: 40px;\" data-path-to-node=\"14\">A Synergy of Marine and Botanical Actives<\/h2>\n<p style=\"padding-left: 40px;\" data-path-to-node=\"15\">Certified <a href=\"https:\/\/www.ecocert.com\/fr\/certification\/cosmetiques-biologiques-ou-naturels-cosmos\" target=\"_blank\" rel=\"noopener\"><b data-path-to-node=\"15\" data-index-in-node=\"9\">COSMOS Organic<\/b><\/a> and composed of <b data-path-to-node=\"15\" data-index-in-node=\"37\">97% natural ingredients<\/b>, Ocean Clean draws its strength from its Caribbean heritage<\/p>\n<ul>\n<li style=\"list-style-type: none;\">\n<ul data-path-to-node=\"16\">\n<li>\n<p data-path-to-node=\"16,0,0\"><b data-path-to-node=\"16,0,0\" data-index-in-node=\"0\">Citrus Peels<\/b> Purifying action and natural radiance.<\/p>\n<\/li>\n<li>\n<p data-path-to-node=\"16,1,0\"><b data-path-to-node=\"16,1,0\" data-index-in-node=\"0\">Peppermint<\/b> Intense freshness and micro-circulation stimulation.<\/p>\n<\/li>\n<li>\n<p data-path-to-node=\"16,2,0\"><b data-path-to-node=\"16,2,0\" data-index-in-node=\"0\"><a href=\"https:\/\/www.seppic.com\/fr\/sinspirer\/les-algues-la-nouvelle-tendance-ingredient-en-capillaire\" target=\"_blank\" rel=\"noopener\"><strong>Seaweed<\/strong><\/a> :<\/b> Fortify and remineralise the fibre for greater resistance.<\/p>\n<\/li>\n<li>\n<p data-path-to-node=\"16,3,0\"><b data-path-to-node=\"16,3,0\" data-index-in-node=\"0\">Inulin &amp; Glycerine:<\/b> Maintain hydration and facilitate detangling.<\/p>\n<\/li>\n<\/ul>\n<\/li>\n<\/ul>\n<hr style=\"padding-left: 40px;\" data-path-to-node=\"17\" \/>\n<h2 style=\"padding-left: 40px;\" data-path-to-node=\"18\">When to do your hair detox?<\/h2>\n<p style=\"padding-left: 40px;\" data-path-to-node=\"19\">Ocean Clean shampoo is the strategic step in your routine:<\/p>\n<ol>\n<li style=\"list-style-type: none;\">\n<ol start=\"1\" data-path-to-node=\"20\">\n<li>\n<p data-path-to-node=\"20,0,0\"><b data-path-to-node=\"20,0,0\" data-index-in-node=\"0\">Before a deep treatment:<\/b> To open the scales and maximise absorption of <b data-path-to-node=\"20,0,0\" data-index-in-node=\"78\"><a class=\"ng-star-inserted\" href=\"https:\/\/pipeska.fr\/en\/product\/organic-repairing-mask-for-dry-sensitive-hair\/\" target=\"_blank\" rel=\"noopener\" data-hveid=\"0\" data-ved=\"0CAAQ_4QMahgKEwjqhsP4g5GUAxUAAAAAHQAAAAAQiBM\">Pipeska Lingzhi Mask<\/a><\/b>.<\/p>\n<\/li>\n<li>\n<p data-path-to-node=\"20,1,0\"><b data-path-to-node=\"20,1,0\" data-index-in-node=\"0\">After a protective hairstyle:<\/b> To treat the scalp after braids or extensions.<\/p>\n<\/li>\n<li>\n<p data-path-to-node=\"20,2,0\"><b data-path-to-node=\"20,2,0\" data-index-in-node=\"0\">After swimming in the pool or the sea:<\/b> To neutralise chlorine and salt.<\/p>\n<\/li>\n<li>\n<p data-path-to-node=\"20,3,0\"><b data-path-to-node=\"20,3,0\" data-index-in-node=\"0\">Technical preparation:<\/b> Ideal before colouring or anti-hair loss treatment.<\/p>\n<\/li>\n<\/ol>\n<\/li>\n<\/ol>\n<hr style=\"padding-left: 40px;\" data-path-to-node=\"21\" \/>\n<h2 style=\"padding-left: 40px;\" data-path-to-node=\"22\">Usage Instructions: The Detox Ritual<\/h2>\n<ol>\n<li style=\"list-style-type: none;\">\n<ol start=\"1\" data-path-to-node=\"23\">\n<li>\n<p data-path-to-node=\"23,0,0\"><b data-path-to-node=\"23,0,0\" data-index-in-node=\"0\">Wash<\/b> Apply to very wet hair. Massage only the scalp to activate the peppermint.<\/p>\n<\/li>\n<li>\n<p data-path-to-node=\"23,1,0\"><b data-path-to-node=\"23,1,0\" data-index-in-node=\"0\">The Posing (Expert's Secret):<\/b> Let it go <b data-path-to-node=\"23,1,0\" data-index-in-node=\"42\">2 to 3 minutes<\/b>. This is the time needed for citrus peels to capture lime and impurities.<\/p>\n<\/li>\n<li>\n<p data-path-to-node=\"23,2,0\"><b data-path-to-node=\"23,2,0\" data-index-in-node=\"0\">Rinse<\/b> Rinse thoroughly until the hair feels slightly squeaky to the touch.<\/p>\n<\/li>\n<li>\n<p data-path-to-node=\"23,3,0\"><b data-path-to-node=\"23,3,0\" data-index-in-node=\"0\">Handle<\/b> Follow systematically with the <b data-path-to-node=\"23,3,0\" data-index-in-node=\"42\">Rejuvenating Lingzhi Mask<\/b> to seal the cuticles and nourish the fibre.<\/p>\n<\/li>\n<\/ol>\n<\/li>\n<\/ol>\n<hr style=\"padding-left: 40px;\" data-path-to-node=\"24\" \/>\n<h3 style=\"padding-left: 40px;\" data-path-to-node=\"25\">\u2753 FAQ: Pipeska Experts Answer Your Questions<\/h3>\n<p style=\"padding-left: 40px;\" data-path-to-node=\"26\"><b data-path-to-node=\"26\" data-index-in-node=\"0\">What is the difference between a classic shampoo and Ocean Clean?<\/b> Ocean Clean clarifying shampoo performs a \u00abdeep clean\u00bb that gentle shampoos cannot. It removes stubborn build-up that dulls and weighs down the curl.<\/p>\n<p style=\"padding-left: 40px;\" data-path-to-node=\"27\"><b data-path-to-node=\"27\" data-index-in-node=\"0\">Is this shampoo suitable for coloured hair?<\/b> Yes, used occasionally (1 to 2 times a month), it purifies the colour by eliminating dull reflections caused by limescale and pollution.<\/p>\n<p style=\"padding-left: 40px;\" data-path-to-node=\"28\"><b data-path-to-node=\"28\" data-index-in-node=\"0\">Can it be used for every wash?<\/b> No. It's a \u00abReset\u00bb treatment. For frequent use, opt for <b data-path-to-node=\"28\" data-index-in-node=\"107\">Caribbean Fusion Shampoo<\/b>. Use Ocean Clean only when your hair feels heavy or lacks bounce.<\/p>\n<p style=\"padding-left: 40px;\"><span class=\"OYPEnA font-feature-liga-off font-feature-clig-off font-feature-calt-off text-decoration-none text-strikethrough-none\">INGREDIENTS: Aqua, Mentha Piperita Water*, Caprylyl\/Capryl Glucoside, Decyl Glucoside, Glycerin, Cocamidopropyl Betaine, Inulin, Cellulose Gum, Linalyl Acetate, Citrus Limon Peel Oil, Citrus Aurantium Peel Oil, Cellulose, Fructose, Glucose, Pinene, Fucus Vesiculosus Extract, Laminaria Digitata Extract, Xanthan Gum, Parfum, Benzyl Alcohol, Dehydroacetic Acid, Potassium Sorbate, Sodium Benzoate, Citric Acid, Limonene, Linalool. <\/span><span class=\"OYPEnA font-feature-liga-off font-feature-clig-off font-feature-calt-off text-decoration-none text-strikethrough-none\">*Ingredients from organic farming,\u00a0<\/span><span class=\"OYPEnA font-feature-liga-off font-feature-clig-off font-feature-calt-off text-decoration-none text-strikethrough-none\">COSMOS ORGANIC certified by Ecocert, Greenlife according to the COSMOS standard<\/span><\/p>\n<h4 style=\"padding-left: 40px;\"><\/h4>","protected":false},"excerpt":{"rendered":"<p style=\"padding-left: 40px;\" data-path-to-node=\"3\"><b data-path-to-node=\"3\" data-index-in-node=\"0\">Le Shampooing Ocean Clean Pipeska est le soin \u00ab\u00a0Reset\u00a0\u00bb indispensable pour lib\u00e9rer les cheveux textur\u00e9s (2A \u00e0 4C) des impuret\u00e9s et du calcaire.<\/b><\/p>\n<p style=\"padding-left: 40px;\" data-path-to-node=\"4,0,0\"><b data-path-to-node=\"4,0,0\" data-index-in-node=\"0\">-Deep Detox Action:<\/b> Eliminate product buildup<i data-path-to-node=\"4,0,0\" data-index-in-node=\"60\">build-up<\/i>), chlorine and pollution.<\/p>\n<p style=\"padding-left: 40px;\" data-path-to-node=\"4,1,0\"><b data-path-to-node=\"4,1,0\" data-index-in-node=\"0\">-Purifying &amp; Soothing:<\/b> Oxygenate the scalp with peppermint and citrus.<\/p>\n<p style=\"padding-left: 40px;\" data-path-to-node=\"4,2,0\"><b data-path-to-node=\"4,2,0\" data-index-in-node=\"0\">Native Expertise<\/b> Prepare the fibre perfectly to receive the <b data-path-to-node=\"4,2,0\" data-index-in-node=\"63\">Lingzhi Mask<\/b>.<\/p>\n<p style=\"padding-left: 40px;\" data-path-to-node=\"4,3,0\"><b data-path-to-node=\"4,3,0\" data-index-in-node=\"0\">- Certified Organic &amp; French:<\/b> 97% d\u2019origine naturelle | COSMOS Organic.<\/p>\n<p style=\"padding-left: 40px;\" data-start=\"1192\" data-end=\"1223\"><strong data-start=\"1196\" data-end=\"1221\">Your Pipeska guarantees:<\/strong><strong> Bio &amp; eco-responsible <\/strong><strong>Card (Stripe) \u2013 PayPal \/ 3x interest-free<\/strong><strong> Free delivery in France on orders over \u20ac49<\/strong><strong>\u00a0Customer service at your service<\/strong><\/p>\n<p style=\"padding-left: 40px;\" data-start=\"1225\" data-end=\"1336\"><strong><img decoding=\"async\" class=\"emoji lazyload\" role=\"img\" draggable=\"false\" data-src=\"https:\/\/s.w.org\/images\/core\/emoji\/17.0.2\/svg\/2728.svg\" alt=\"\u2728\" src=\"data:image\/svg+xml;base64,PHN2ZyB3aWR0aD0iMSIgaGVpZ2h0PSIxIiB4bWxucz0iaHR0cDovL3d3dy53My5vcmcvMjAwMC9zdmciPjwvc3ZnPg==\" \/> Bio - Made in France - Caribbean Inspired\u00a0<\/strong><\/p>\n<p style=\"text-align: left; padding-left: 40px;\">","protected":false},"featured_media":5337,"comment_status":"open","ping_status":"closed","template":"","meta":{"_uf_show_specific_survey":0,"_uf_disable_surveys":false},"product_brand":[],"product_cat":[237,146],"product_tag":[218,216,219,205,220,57,239,217],"class_list":{"0":"post-1973","1":"product","2":"type-product","3":"status-publish","4":"has-post-thumbnail","6":"product_cat-detox-cuir-chevelu","7":"product_cat-le-rituel-nettoyant-bio","8":"product_tag-cuir-chevelu-sain","9":"product_tag-detox-capillaire","10":"product_tag-elimination-residus","11":"product_tag-pipeska","12":"product_tag-shampooing-bio","13":"product_tag-shampooing-clarifiant","14":"product_tag-shampooing-detox","15":"product_tag-soin-purifiant","17":"entry","18":"has-media","20":"first","21":"instock","22":"taxable","23":"shipping-taxable","24":"purchasable","25":"product-type-simple","26":"has-rating","27":"has-product-nav","28":"col","29":"span_1_of_4","30":"owp-content-center","31":"owp-thumbs-layout-horizontal","32":"owp-btn-normal","33":"owp-tabs-layout-vertical"},"yoast_head":"<!-- This site is optimized with the Yoast SEO plugin v27.5 - https:\/\/yoast.com\/product\/yoast-seo-wordpress\/ -->\n<title>Shampooing Clarifiant BIO Ocean Clean | D\u00e9tox \u2013 Cosmos Organic<\/title>\n<meta name=\"description\" content=\"D\u00e9couvrez notre shampooing clarifiant bio, v\u00e9gan et fabriqu\u00e9 en France. \u00c9limine r\u00e9sidus, purifie cuir chevelu et respecte l&#039;\u00e9thique. Commandez maintenant !\" \/>\n<meta name=\"robots\" content=\"index, follow, max-snippet:-1, max-image-preview:large, max-video-preview:-1\" \/>\n<link rel=\"canonical\" href=\"https:\/\/pipeska.fr\/en\/product\/organic-hair-clarifier\/\" \/>\n<meta property=\"og:locale\" content=\"en_GB\" \/>\n<meta property=\"og:type\" content=\"article\" \/>\n<meta property=\"og:title\" content=\"Shampooing Clarifiant BIO Ocean Clean | D\u00e9tox \u2013 Cosmos Organic\" \/>\n<meta property=\"og:description\" content=\"D\u00e9couvrez notre shampooing clarifiant bio, v\u00e9gan et fabriqu\u00e9 en France. \u00c9limine r\u00e9sidus, purifie cuir chevelu et respecte l&#039;\u00e9thique. Commandez maintenant !\" \/>\n<meta property=\"og:url\" content=\"https:\/\/pipeska.fr\/en\/product\/organic-hair-clarifier\/\" \/>\n<meta property=\"og:site_name\" content=\"Pipeska\" \/>\n<meta property=\"article:modified_time\" content=\"2026-04-30T10:52:10+00:00\" \/>\n<meta property=\"og:image\" content=\"https:\/\/pipeska.fr\/wp-content\/uploads\/2024\/07\/Shampooing-clarifiant-Ocean-Clean-bio-Pipeska-eliminer-les-residus-et-la-pollution-des-cheveux-textures.png\" \/>\n\t<meta property=\"og:image:width\" content=\"1080\" \/>\n\t<meta property=\"og:image:height\" content=\"1080\" \/>\n\t<meta property=\"og:image:type\" content=\"image\/png\" \/>\n<meta name=\"twitter:card\" content=\"summary_large_image\" \/>\n<meta name=\"twitter:label1\" content=\"Estimated reading time\" \/>\n\t<meta name=\"twitter:data1\" content=\"3 minutes\" \/>\n<script type=\"application\/ld+json\" class=\"yoast-schema-graph\">{\"@context\":\"https:\\\/\\\/schema.org\",\"@graph\":[{\"@type\":\"WebPage\",\"@id\":\"https:\\\/\\\/pipeska.fr\\\/produit\\\/clarifiant-bio-cheveux\\\/\",\"url\":\"https:\\\/\\\/pipeska.fr\\\/produit\\\/clarifiant-bio-cheveux\\\/\",\"name\":\"Shampooing Clarifiant BIO Ocean Clean | D\u00e9tox \u2013 Cosmos Organic\",\"isPartOf\":{\"@id\":\"https:\\\/\\\/pipeska.fr\\\/#website\"},\"primaryImageOfPage\":{\"@id\":\"https:\\\/\\\/pipeska.fr\\\/produit\\\/clarifiant-bio-cheveux\\\/#primaryimage\"},\"image\":{\"@id\":\"https:\\\/\\\/pipeska.fr\\\/produit\\\/clarifiant-bio-cheveux\\\/#primaryimage\"},\"thumbnailUrl\":\"https:\\\/\\\/pipeska.fr\\\/wp-content\\\/uploads\\\/2024\\\/07\\\/Shampooing-clarifiant-Ocean-Clean-bio-Pipeska-eliminer-les-residus-et-la-pollution-des-cheveux-textures-e1777589752452.png\",\"datePublished\":\"2024-07-23T11:37:31+00:00\",\"dateModified\":\"2026-04-30T10:52:10+00:00\",\"description\":\"D\u00e9couvrez notre shampooing clarifiant bio, v\u00e9gan et fabriqu\u00e9 en France. \u00c9limine r\u00e9sidus, purifie cuir chevelu et respecte l'\u00e9thique. Commandez maintenant !\",\"breadcrumb\":{\"@id\":\"https:\\\/\\\/pipeska.fr\\\/produit\\\/clarifiant-bio-cheveux\\\/#breadcrumb\"},\"inLanguage\":\"en-GB\",\"potentialAction\":[{\"@type\":\"ReadAction\",\"target\":[\"https:\\\/\\\/pipeska.fr\\\/produit\\\/clarifiant-bio-cheveux\\\/\"]}]},{\"@type\":\"ImageObject\",\"inLanguage\":\"en-GB\",\"@id\":\"https:\\\/\\\/pipeska.fr\\\/produit\\\/clarifiant-bio-cheveux\\\/#primaryimage\",\"url\":\"https:\\\/\\\/pipeska.fr\\\/wp-content\\\/uploads\\\/2024\\\/07\\\/Shampooing-clarifiant-Ocean-Clean-bio-Pipeska-eliminer-les-residus-et-la-pollution-des-cheveux-textures-e1777589752452.png\",\"contentUrl\":\"https:\\\/\\\/pipeska.fr\\\/wp-content\\\/uploads\\\/2024\\\/07\\\/Shampooing-clarifiant-Ocean-Clean-bio-Pipeska-eliminer-les-residus-et-la-pollution-des-cheveux-textures-e1777589752452.png\",\"width\":770,\"height\":896},{\"@type\":\"BreadcrumbList\",\"@id\":\"https:\\\/\\\/pipeska.fr\\\/produit\\\/clarifiant-bio-cheveux\\\/#breadcrumb\",\"itemListElement\":[{\"@type\":\"ListItem\",\"position\":1,\"name\":\"Accueil\",\"item\":\"https:\\\/\\\/pipeska.fr\\\/\"},{\"@type\":\"ListItem\",\"position\":2,\"name\":\"Produits\",\"item\":\"https:\\\/\\\/pipeska.fr\\\/?post_type=product\"},{\"@type\":\"ListItem\",\"position\":3,\"name\":\"Shampooing Clarifiant Bio Ocean Clean \u2013 Cosmos Organic -Expertise D\u00e9tox Pipeska 1000 ml\"}]},{\"@type\":\"WebSite\",\"@id\":\"https:\\\/\\\/pipeska.fr\\\/#website\",\"url\":\"https:\\\/\\\/pipeska.fr\\\/\",\"name\":\"Pipeska\",\"description\":\"Bio - Made in France - Caribbean Inspired\",\"publisher\":{\"@id\":\"https:\\\/\\\/pipeska.fr\\\/#organization\"},\"potentialAction\":[{\"@type\":\"SearchAction\",\"target\":{\"@type\":\"EntryPoint\",\"urlTemplate\":\"https:\\\/\\\/pipeska.fr\\\/?s={search_term_string}\"},\"query-input\":{\"@type\":\"PropertyValueSpecification\",\"valueRequired\":true,\"valueName\":\"search_term_string\"}}],\"inLanguage\":\"en-GB\"},{\"@type\":\"Organization\",\"@id\":\"https:\\\/\\\/pipeska.fr\\\/#organization\",\"name\":\"Pipeska\",\"url\":\"https:\\\/\\\/pipeska.fr\\\/\",\"logo\":{\"@type\":\"ImageObject\",\"inLanguage\":\"en-GB\",\"@id\":\"https:\\\/\\\/pipeska.fr\\\/#\\\/schema\\\/logo\\\/image\\\/\",\"url\":\"https:\\\/\\\/pipeska.fr\\\/wp-content\\\/uploads\\\/2024\\\/07\\\/Pipeska_logo_couleur_fondtransparent.png\",\"contentUrl\":\"https:\\\/\\\/pipeska.fr\\\/wp-content\\\/uploads\\\/2024\\\/07\\\/Pipeska_logo_couleur_fondtransparent.png\",\"width\":1771,\"height\":1181,\"caption\":\"Pipeska\"},\"image\":{\"@id\":\"https:\\\/\\\/pipeska.fr\\\/#\\\/schema\\\/logo\\\/image\\\/\"}}]}<\/script>\n<!-- \/ Yoast SEO plugin. -->","yoast_head_json":{"title":"Ocean Clean Organic Clarifying Shampoo | Detox - Cosmos Organic","description":"Discover our organic, vegan clarifying shampoo, made in France. Eliminates residue, purifies the scalp and respects ethics. Order now!","robots":{"index":"index","follow":"follow","max-snippet":"max-snippet:-1","max-image-preview":"max-image-preview:large","max-video-preview":"max-video-preview:-1"},"canonical":"https:\/\/pipeska.fr\/en\/product\/organic-hair-clarifier\/","og_locale":"en_GB","og_type":"article","og_title":"Shampooing Clarifiant BIO Ocean Clean | D\u00e9tox \u2013 Cosmos Organic","og_description":"D\u00e9couvrez notre shampooing clarifiant bio, v\u00e9gan et fabriqu\u00e9 en France. \u00c9limine r\u00e9sidus, purifie cuir chevelu et respecte l'\u00e9thique. Commandez maintenant !","og_url":"https:\/\/pipeska.fr\/en\/product\/organic-hair-clarifier\/","og_site_name":"Pipeska","article_modified_time":"2026-04-30T10:52:10+00:00","og_image":[{"width":1080,"height":1080,"url":"https:\/\/pipeska.fr\/wp-content\/uploads\/2024\/07\/Shampooing-clarifiant-Ocean-Clean-bio-Pipeska-eliminer-les-residus-et-la-pollution-des-cheveux-textures.png","type":"image\/png"}],"twitter_card":"summary_large_image","twitter_misc":{"Estimated reading time":"3 minutes"},"schema":{"@context":"https:\/\/schema.org","@graph":[{"@type":"WebPage","@id":"https:\/\/pipeska.fr\/produit\/clarifiant-bio-cheveux\/","url":"https:\/\/pipeska.fr\/produit\/clarifiant-bio-cheveux\/","name":"Ocean Clean Organic Clarifying Shampoo | Detox - Cosmos Organic","isPartOf":{"@id":"https:\/\/pipeska.fr\/#website"},"primaryImageOfPage":{"@id":"https:\/\/pipeska.fr\/produit\/clarifiant-bio-cheveux\/#primaryimage"},"image":{"@id":"https:\/\/pipeska.fr\/produit\/clarifiant-bio-cheveux\/#primaryimage"},"thumbnailUrl":"https:\/\/pipeska.fr\/wp-content\/uploads\/2024\/07\/Shampooing-clarifiant-Ocean-Clean-bio-Pipeska-eliminer-les-residus-et-la-pollution-des-cheveux-textures-e1777589752452.png","datePublished":"2024-07-23T11:37:31+00:00","dateModified":"2026-04-30T10:52:10+00:00","description":"Discover our organic, vegan clarifying shampoo, made in France. Eliminates residue, purifies the scalp and respects ethics. Order now!","breadcrumb":{"@id":"https:\/\/pipeska.fr\/produit\/clarifiant-bio-cheveux\/#breadcrumb"},"inLanguage":"en-GB","potentialAction":[{"@type":"ReadAction","target":["https:\/\/pipeska.fr\/produit\/clarifiant-bio-cheveux\/"]}]},{"@type":"ImageObject","inLanguage":"en-GB","@id":"https:\/\/pipeska.fr\/produit\/clarifiant-bio-cheveux\/#primaryimage","url":"https:\/\/pipeska.fr\/wp-content\/uploads\/2024\/07\/Shampooing-clarifiant-Ocean-Clean-bio-Pipeska-eliminer-les-residus-et-la-pollution-des-cheveux-textures-e1777589752452.png","contentUrl":"https:\/\/pipeska.fr\/wp-content\/uploads\/2024\/07\/Shampooing-clarifiant-Ocean-Clean-bio-Pipeska-eliminer-les-residus-et-la-pollution-des-cheveux-textures-e1777589752452.png","width":770,"height":896},{"@type":"BreadcrumbList","@id":"https:\/\/pipeska.fr\/produit\/clarifiant-bio-cheveux\/#breadcrumb","itemListElement":[{"@type":"ListItem","position":1,"name":"Accueil","item":"https:\/\/pipeska.fr\/"},{"@type":"ListItem","position":2,"name":"Produits","item":"https:\/\/pipeska.fr\/?post_type=product"},{"@type":"ListItem","position":3,"name":"Shampooing Clarifiant Bio Ocean Clean \u2013 Cosmos Organic -Expertise D\u00e9tox Pipeska 1000 ml"}]},{"@type":"WebSite","@id":"https:\/\/pipeska.fr\/#website","url":"https:\/\/pipeska.fr\/","name":"Pipeska","description":"Bio - Made in France - Caribbean Inspired","publisher":{"@id":"https:\/\/pipeska.fr\/#organization"},"potentialAction":[{"@type":"SearchAction","target":{"@type":"EntryPoint","urlTemplate":"https:\/\/pipeska.fr\/?s={search_term_string}"},"query-input":{"@type":"PropertyValueSpecification","valueRequired":true,"valueName":"search_term_string"}}],"inLanguage":"en-GB"},{"@type":"Organization","@id":"https:\/\/pipeska.fr\/#organization","name":"Pipeska","url":"https:\/\/pipeska.fr\/","logo":{"@type":"ImageObject","inLanguage":"en-GB","@id":"https:\/\/pipeska.fr\/#\/schema\/logo\/image\/","url":"https:\/\/pipeska.fr\/wp-content\/uploads\/2024\/07\/Pipeska_logo_couleur_fondtransparent.png","contentUrl":"https:\/\/pipeska.fr\/wp-content\/uploads\/2024\/07\/Pipeska_logo_couleur_fondtransparent.png","width":1771,"height":1181,"caption":"Pipeska"},"image":{"@id":"https:\/\/pipeska.fr\/#\/schema\/logo\/image\/"}}]}},"_links":{"self":[{"href":"https:\/\/pipeska.fr\/en\/wp-json\/wp\/v2\/product\/1973","targetHints":{"allow":["GET"]}}],"collection":[{"href":"https:\/\/pipeska.fr\/en\/wp-json\/wp\/v2\/product"}],"about":[{"href":"https:\/\/pipeska.fr\/en\/wp-json\/wp\/v2\/types\/product"}],"replies":[{"embeddable":true,"href":"https:\/\/pipeska.fr\/en\/wp-json\/wp\/v2\/comments?post=1973"}],"version-history":[{"count":18,"href":"https:\/\/pipeska.fr\/en\/wp-json\/wp\/v2\/product\/1973\/revisions"}],"predecessor-version":[{"id":5671,"href":"https:\/\/pipeska.fr\/en\/wp-json\/wp\/v2\/product\/1973\/revisions\/5671"}],"wp:featuredmedia":[{"embeddable":true,"href":"https:\/\/pipeska.fr\/en\/wp-json\/wp\/v2\/media\/5337"}],"wp:attachment":[{"href":"https:\/\/pipeska.fr\/en\/wp-json\/wp\/v2\/media?parent=1973"}],"wp:term":[{"taxonomy":"product_brand","embeddable":true,"href":"https:\/\/pipeska.fr\/en\/wp-json\/wp\/v2\/product_brand?post=1973"},{"taxonomy":"product_cat","embeddable":true,"href":"https:\/\/pipeska.fr\/en\/wp-json\/wp\/v2\/product_cat?post=1973"},{"taxonomy":"product_tag","embeddable":true,"href":"https:\/\/pipeska.fr\/en\/wp-json\/wp\/v2\/product_tag?post=1973"}],"curies":[{"name":"wp","href":"https:\/\/api.w.org\/{rel}","templated":true}]}}