{"id":4247,"date":"2025-11-30T21:10:02","date_gmt":"2025-11-30T21:10:02","guid":{"rendered":"https:\/\/pipeska.fr\/?post_type=product&#038;p=4247"},"modified":"2026-04-30T12:34:28","modified_gmt":"2026-04-30T12:34:28","slug":"pipeska-tropical-silk-organic-shampoo-1000ml","status":"publish","type":"product","link":"https:\/\/pipeska.fr\/en\/produit\/shampooing-pipeska-soie-tropicale-bio-1000ml\/","title":{"rendered":"Pipeska Caribbean Fusion- Tropical Silk Shampoo 1000ml - COSMOS Organic &amp; Fragile Hair"},"content":{"rendered":"<h1 style=\"padding-left: 40px;\" data-path-to-node=\"6\">Shampooing Bio Caribbean Fusion Pipeska \u2013 Format Professionnel 1000 ml<\/h1>\n<p style=\"padding-left: 40px;\" data-path-to-node=\"7\"><b data-path-to-node=\"7\" data-index-in-node=\"0\">L&rsquo;\u00e9vasion tropicale en format XL : la douceur et l&rsquo;\u00e9clat pour toute la famille et les usages fr\u00e9quents.<\/b><\/p>\n<p style=\"padding-left: 40px;\" data-path-to-node=\"8\">Retrouvez toute l&rsquo;onctuosit\u00e9 et le parfum envo\u00fbtant du <b data-path-to-node=\"8\" data-index-in-node=\"55\">Caribbean Fusion Shampoo<\/b> dans un format g\u00e9n\u00e9reux de <b data-path-to-node=\"8\" data-index-in-node=\"110\">1 Litre<\/b>. Ce soin lavant ultra-doux est l&rsquo;alli\u00e9 des cheveux fragiles, fins ou textur\u00e9s qui n\u00e9cessitent une hydratation quotidienne sans \u00eatre alourdis.<strong> 98% naturelle<\/strong> and certified <b data-path-to-node=\"7,1,0\" data-index-in-node=\"0\"><a href=\"https:\/\/www.ecocert.com\/es-ES\/detaile-de-certification\/cosmeticos-org%C3%A1nicos-o-naturales-cosmos-?utm_source=chatgpt.com\" target=\"_blank\" rel=\"noopener\"><strong data-start=\"2513\" data-end=\"2531\">COSMOS Organic .<\/strong><\/a><\/b><\/p>\n<hr style=\"padding-left: 40px;\" data-path-to-node=\"9\" \/>\n<h2 style=\"padding-left: 40px;\" data-path-to-node=\"10\">Pourquoi passer au format 1 Litre ?<\/h2>\n<p style=\"padding-left: 40px;\" data-path-to-node=\"11,0,0\"><b data-path-to-node=\"11,0,0\" data-index-in-node=\"0\">\u00c9conomique &amp; \u00c9cologique :<\/b> Une solution avantageuse au millilitre qui r\u00e9duit votre consommation de plastique.<\/p>\n<p style=\"padding-left: 40px;\" data-path-to-node=\"11,1,0\"><b data-path-to-node=\"11,1,0\" data-index-in-node=\"0\">Format Familial :<\/b> Gr\u00e2ce \u00e0 sa formule \u00e0 98% naturelle, il convient aux petits comme aux grands (d\u00e8s 3 ans).<\/p>\n<p style=\"padding-left: 40px;\" data-path-to-node=\"11,2,0\"><b data-path-to-node=\"11,2,0\" data-index-in-node=\"0\">S\u00e9r\u00e9nit\u00e9 de Routine :<\/b> Ne soyez jamais \u00e0 court de votre rituel hydratant favori.<\/p>\n<hr style=\"padding-left: 40px;\" data-path-to-node=\"12\" \/>\n<h2 style=\"padding-left: 40px;\" data-path-to-node=\"13\">L&rsquo;Expertise Native au service de la Douceur<\/h2>\n<p style=\"padding-left: 40px;\" data-path-to-node=\"14\">As a\u2019<b data-path-to-node=\"14\" data-index-in-node=\"11\">Native expert<\/b>, Pipeska a con\u00e7u ce shampooing pour respecter la fragilit\u00e9 des cheveux tout en offrant une efficacit\u00e9 professionnelle :<\/p>\n<p style=\"padding-left: 40px;\" data-path-to-node=\"15,0,0\"><b data-path-to-node=\"15,0,0\" data-index-in-node=\"0\">Hydratation Tropicale :<\/b> The\u2019<strong data-start=\"438\" data-end=\"491\"><a href=\"https:\/\/www.libertaddigital.com\/chic\/vida-estilo\/2025-01-10\/beneficios-del-aloe-vera-para-el-cabello-0e-7205024\/?utm_source=chatgpt.com\" target=\"_blank\" rel=\"noopener\">Aloe vera<\/a><\/strong><b data-path-to-node=\"6\" data-index-in-node=\"11\">\u00a0bio<\/b> et la glyc\u00e9rine v\u00e9g\u00e9tale capturent l&rsquo;eau pour une fibre souple et rebondie.<\/p>\n<p style=\"padding-left: 40px;\" data-path-to-node=\"15,1,0\"><b data-path-to-node=\"15,1,0\" data-index-in-node=\"0\">Purification Fra\u00eecheur :<\/b> La <strong data-start=\"438\" data-end=\"491\"><a href=\"https:\/\/pmc.ncbi.nlm.nih.gov\/articles\/PMC4289931\/?utm_source=chatgpt.com\" target=\"_blank\" rel=\"noopener\">organic peppermint<\/a><\/strong> tonifie le cuir chevelu et apporte une sensation de propret\u00e9 durable.<\/p>\n<p style=\"padding-left: 40px;\" data-path-to-node=\"15,2,0\"><b data-path-to-node=\"15,2,0\" data-index-in-node=\"0\">\u00c9clat Naturel :<\/b> Les extraits d&rsquo;Ananas et de Mangue boostent la brillance pour un fini \u00ab\u00a0soie\u00a0\u00bb.<\/p>\n<hr style=\"padding-left: 40px;\" data-path-to-node=\"16\" \/>\n<h2 style=\"padding-left: 40px;\" data-path-to-node=\"17\">Caract\u00e9ristiques du Soin<\/h2>\n<p style=\"padding-left: 40px;\" data-path-to-node=\"18,0,0\"><b data-path-to-node=\"18,0,0\" data-index-in-node=\"0\">98% d&rsquo;origine naturelle<\/b> | <b data-path-to-node=\"18,0,0\" data-index-in-node=\"26\">Certified COSMOS Organic<\/b>.<\/p>\n<p style=\"padding-left: 40px;\" data-path-to-node=\"18,1,0\"><b data-path-to-node=\"18,1,0\" data-index-in-node=\"0\">Z\u00e9ro Sulfate Agressif &amp; Z\u00e9ro Silicone :<\/b> Un nettoyage respectueux qui ne d\u00e9capte pas les huiles naturelles du cheveu.<\/p>\n<p style=\"padding-left: 40px;\" data-path-to-node=\"18,2,0\"><b data-path-to-node=\"18,2,0\" data-index-in-node=\"0\">Parfum Exclusif :<\/b> Un m\u00e9lange vibrant de fruits de la passion et d&rsquo;ananas.<\/p>\n<hr style=\"padding-left: 40px;\" data-path-to-node=\"19\" \/>\n<h2 style=\"padding-left: 40px;\" data-path-to-node=\"20\">Conseils d&rsquo;Expert &amp; Routine XL<\/h2>\n<p style=\"padding-left: 40px;\" data-path-to-node=\"21,0,0\"><b data-path-to-node=\"21,0,0\" data-index-in-node=\"0\">Le Lavage :<\/b> Une pression suffit pour cr\u00e9er une mousse a\u00e9rienne. Massez le cuir chevelu pour lib\u00e9rer les actifs botaniques.<\/p>\n<p style=\"padding-left: 40px;\" data-path-to-node=\"21,1,0\"><b data-path-to-node=\"21,1,0\" data-index-in-node=\"0\">Temps de Pose :<\/b> Laissez agir 1 minute pour profiter de l&rsquo;effet rafra\u00eechissant.<\/p>\n<p style=\"padding-left: 40px;\" data-path-to-node=\"21,2,0\"><b data-path-to-node=\"21,2,0\" data-index-in-node=\"0\">Le Duo Gagnant :<\/b> Apr\u00e8s le rin\u00e7age, appliquez le <b data-path-to-node=\"21,2,0\" data-index-in-node=\"48\"><a class=\"ng-star-inserted\" href=\"https:\/\/pipeska.fr\/en\/product\/organic-moisturising-mask-for-sensitive-hair-professional-care\/\" target=\"_blank\" rel=\"noopener\" data-hveid=\"0\" data-ved=\"0CAAQ_4QMahcKEwj0_uf7vJWUAxUAAAAAHQAAAAAQWA\">Masque au Lingzhi Pipeska (Format 500ml)<\/a><\/b> pour une nutrition en profondeur.<\/p>\n<p style=\"padding-left: 40px;\" data-path-to-node=\"20,1,0\"><b data-path-to-node=\"20,1,0\" data-index-in-node=\"0\">Pipeska's Secret<\/b> Pour une chevelure \u00e9clatante, associez toujours ce shampooing\u00a0ou au\u00a0<a href=\"https:\/\/pipeska.fr\/en\/pipeska-organic-universal-balm\/\" target=\"_blank\" rel=\"noopener\"><b data-path-to-node=\"20,1,0\" data-index-in-node=\"129\">Organic Universal Balm<\/b><\/a>\u00a0(finishing the tips).<\/p>\n<p style=\"padding-left: 40px;\" data-path-to-node=\"20,2,0\"><b data-path-to-node=\"20,2,0\" data-index-in-node=\"0\">Cooling tip:<\/b>\u00a0Leave to stand for 1 minute to fully enjoy the cooling effect of peppermint.<\/p>\n<hr style=\"padding-left: 40px;\" data-path-to-node=\"22\" \/>\n<h3 style=\"padding-left: 40px;\" data-path-to-node=\"23\">\u2753 FAQ : Format 1000 ml<\/h3>\n<p style=\"padding-left: 40px;\" data-path-to-node=\"24\"><b data-path-to-node=\"24\" data-index-in-node=\"0\">Est-ce le m\u00eame produit que le format 250 ml ?<\/b> Oui, c&rsquo;est exactement la m\u00eame formule haute performance, simplement conditionn\u00e9e dans un flacon plus grand et plus \u00e9conomique.<\/p>\n<p style=\"padding-left: 40px;\" data-path-to-node=\"25\"><b data-path-to-node=\"25\" data-index-in-node=\"0\">Le flacon est-il \u00e9quip\u00e9 d&rsquo;une pompe ?<\/b> (\u00c0 adapter selon votre packaging) <i data-path-to-node=\"25\" data-index-in-node=\"72\">Oui, le format 1L est dot\u00e9 d&rsquo;une pompe doseuse pour une utilisation pr\u00e9cise et sans gaspillage sous la douche.<\/i><\/p>\n<p style=\"padding-left: 40px;\" data-path-to-node=\"25\">Active ingredients:\u00a0<b data-path-to-node=\"4,1,0,0\" data-index-in-node=\"0\">Organic Peppermint Water<\/b>\u00a0(<i data-path-to-node=\"4,1,0,0\" data-index-in-node=\"27\">Peppermint Water<\/i>),\u00a0<b data-path-to-node=\"4,2,0,0\" data-index-in-node=\"0\">Jus d\u2019Aloe Vera Bio<\/b>\u00a0(<i data-path-to-node=\"4,2,0,0\" data-index-in-node=\"21\">Aloe Barbadensis Leaf Juice<\/i>),\u00a0<b data-path-to-node=\"4,3,0,0\" data-index-in-node=\"0\">Organic Vegetable Glycerine<\/b>\u00a0(<i data-path-to-node=\"4,3,0,0\" data-index-in-node=\"24\">Glycerine<\/i>),\u00a0<b data-path-to-node=\"4,4,0,0\" data-index-in-node=\"0\">Organic Coconut Oil<\/b>\u00a0(<i data-path-to-node=\"4,4,0,0\" data-index-in-node=\"19\">Coconut oil<\/i>).<\/p>\n<p style=\"padding-left: 40px;\" data-path-to-node=\"25\"><span class=\"a_GcMg font-feature-liga-off font-feature-clig-off font-feature-calt-off text-decoration-none text-strikethrough-none\">Ingredients:<\/span><span class=\"a_GcMg font-feature-liga-off font-feature-clig-off font-feature-calt-off text-decoration-none text-strikethrough-none\"> Aqua, Mentha Piperita Water*, Lauryl Glucoside, Aloe Barbadensis Leaf Juice*, Glycerin**, Disodium Cocoyl Glutamate, Caprylyl\/Capryl Glucoside, Citric Acid, Parfum, Sodium Cocoamphoacetate, Guar Hydroxypropyltrimonium Chloride, Sodium Chloride, Cocos Nucifera Oil*, Cocamidopropyl Betaine, Sodium Benzoate, Potassium Sorbate, Menthol,<\/span> <span class=\"a_GcMg font-feature-liga-off font-feature-clig-off font-feature-calt-off text-decoration-none text-strikethrough-none\">Vanillin .<\/span><\/p>\n<p class=\"cvGsUA direction-ltr align-justify para-style-body\" style=\"padding-left: 40px;\"><span class=\"a_GcMg font-feature-liga-off font-feature-clig-off font-feature-calt-off text-decoration-none text-strikethrough-none\">*ingredients from organic farming <\/span><span class=\"a_GcMg font-feature-liga-off font-feature-clig-off font-feature-calt-off text-decoration-none text-strikethrough-none\">**Processed from organic ingredients.<\/span><\/p>","protected":false},"excerpt":{"rendered":"<p style=\"padding-left: 40px;\" data-path-to-node=\"28\"><b data-path-to-node=\"28\" data-index-in-node=\"0\">Le Shampooing Caribbean Fusion Pipeska en format 1000 ml (1 Litre) : douceur et \u00e9vasion tropicale pour tous les jours.<\/b><\/p>\n<p style=\"padding-left: 40px;\" data-path-to-node=\"29,0,0\"><b data-path-to-node=\"29,0,0\" data-index-in-node=\"0\">Format XL \u00c9conomique :<\/b> 1 Litre pour une routine durable et g\u00e9n\u00e9reuse.<\/p>\n<p style=\"padding-left: 40px;\" data-path-to-node=\"29,1,0\"><b data-path-to-node=\"29,1,0\" data-index-in-node=\"0\">Hydration &amp; Suppleness<\/b> Id\u00e9al pour cheveux fragiles, fins et boucl\u00e9s (2A \u00e0 4C).<\/p>\n<p style=\"padding-left: 40px;\" data-path-to-node=\"29,2,0\"><b data-path-to-node=\"29,2,0\" data-index-in-node=\"0\">98% Naturel &amp; Bio :<\/b> Certifi\u00e9 COSMOS Organic, fabriqu\u00e9 en France \ud83c\uddeb\ud83c\uddf7.\u00a0 <b data-path-to-node=\"32,4,0\" data-index-in-node=\"0\">Sulphate and Silicone Free.<\/b><\/p>\n<p style=\"padding-left: 40px;\" data-path-to-node=\"29,3,0\"><b data-path-to-node=\"29,3,0\" data-index-in-node=\"0\">Usage Familial :<\/b> Formule ultra-douce adapt\u00e9e aux enfants d\u00e8s 3 ans.<\/p>\n<p style=\"padding-left: 40px;\" data-path-to-node=\"29,4,0\"><b data-path-to-node=\"29,4,0\" data-index-in-node=\"0\">Parfum Tropical :<\/b> Ananas, Mangue et Fruit de la Passion.<\/p>\n<p style=\"padding-left: 40px;\" data-start=\"1192\" data-end=\"1223\"><strong data-start=\"1196\" data-end=\"1221\">Your Pipeska guarantees:\u00a0<\/strong><strong><img decoding=\"async\" class=\"emoji lazyload\" role=\"img\" draggable=\"false\" data-src=\"https:\/\/s.w.org\/images\/core\/emoji\/17.0.2\/svg\/1f33f.svg\" alt=\"\ud83c\udf3f\" src=\"data:image\/svg+xml;base64,PHN2ZyB3aWR0aD0iMSIgaGVpZ2h0PSIxIiB4bWxucz0iaHR0cDovL3d3dy53My5vcmcvMjAwMC9zdmciPjwvc3ZnPg==\" \/>\u00a0Bio &amp; eco-friendly<\/strong><strong>\u00a0Card (Stripe) \u2013 PayPal \/ 3x interest-free installments<\/strong><strong>\u00a0Free delivery in France for orders over \u20ac49.<\/strong><strong>Customer service at your service<\/strong><\/p>\n<p style=\"padding-left: 40px;\" data-start=\"1192\" data-end=\"1223\"><strong>\u00a0Bio - Made in France - Caribbean Inspired\u00a0<\/strong><\/p>","protected":false},"featured_media":4479,"comment_status":"open","ping_status":"closed","template":"","meta":{"_uf_show_specific_survey":0,"_uf_disable_surveys":false},"product_brand":[],"product_cat":[235,236,146],"product_tag":[226,201,200,155,225,205,224],"class_list":{"0":"post-4247","1":"product","2":"type-product","3":"status-publish","4":"has-post-thumbnail","6":"product_cat-cheveux-boucles-crepus","7":"product_cat-cheveux-fragiles-sensibles","8":"product_cat-le-rituel-nettoyant-bio","9":"product_tag-boucles-definies","10":"product_tag-cheveux-crepus","11":"product_tag-cheveux-frises","12":"product_tag-cheveux-textures","13":"product_tag-nutrition-intense","14":"product_tag-pipeska","15":"product_tag-shampooing-nourrissant","17":"entry","18":"has-media","20":"first","21":"instock","22":"taxable","23":"shipping-taxable","24":"purchasable","25":"product-type-simple","26":"has-rating","27":"has-product-nav","28":"col","29":"span_1_of_4","30":"owp-content-center","31":"owp-thumbs-layout-horizontal","32":"owp-btn-normal","33":"owp-tabs-layout-vertical"},"yoast_head":"<!-- This site is optimized with the Yoast SEO plugin v27.5 - https:\/\/yoast.com\/product\/yoast-seo-wordpress\/ -->\n<title>Pipeska Caribbean Fusion Shampooing bio cheveux fragiles \u2013 1L<\/title>\n<meta name=\"description\" content=\"Shampooing bio cheveux fragiles Caribbean Fusion de Pipeska : mousse l\u00e9g\u00e8re \u00e0 l\u2019aloe vera et menthe poivr\u00e9e bio, parfum tropical, cheveux doux et souples.\" \/>\n<meta name=\"robots\" content=\"index, follow, max-snippet:-1, max-image-preview:large, max-video-preview:-1\" \/>\n<link rel=\"canonical\" href=\"https:\/\/pipeska.fr\/en\/product\/pipeska-tropical-silk-organic-shampoo-1000ml\/\" \/>\n<meta property=\"og:locale\" content=\"en_GB\" \/>\n<meta property=\"og:type\" content=\"article\" \/>\n<meta property=\"og:title\" content=\"Pipeska Caribbean Fusion Shampooing bio cheveux fragiles \u2013 1L\" \/>\n<meta property=\"og:description\" content=\"Shampooing bio cheveux fragiles Caribbean Fusion de Pipeska : mousse l\u00e9g\u00e8re \u00e0 l\u2019aloe vera et menthe poivr\u00e9e bio, parfum tropical, cheveux doux et souples.\" \/>\n<meta property=\"og:url\" content=\"https:\/\/pipeska.fr\/en\/product\/pipeska-tropical-silk-organic-shampoo-1000ml\/\" \/>\n<meta property=\"og:site_name\" content=\"Pipeska\" \/>\n<meta property=\"article:modified_time\" content=\"2026-04-30T12:34:28+00:00\" \/>\n<meta property=\"og:image\" content=\"https:\/\/pipeska.fr\/wp-content\/uploads\/2025\/11\/Pipeska-Soie-Tropicale-Notre-Shampooing-Bio-Made-in-France-certifie-COSMOS-Organic.-Le-soin-ideal-pour-nettoyer-delicatement-les-cheveux-fragiles.-1000-ml.jpg\" \/>\n\t<meta property=\"og:image:width\" content=\"1080\" \/>\n\t<meta property=\"og:image:height\" content=\"1080\" \/>\n\t<meta property=\"og:image:type\" content=\"image\/jpeg\" \/>\n<meta name=\"twitter:card\" content=\"summary_large_image\" \/>\n<meta name=\"twitter:label1\" content=\"Estimated reading time\" \/>\n\t<meta name=\"twitter:data1\" content=\"3 minutes\" \/>\n<script type=\"application\/ld+json\" class=\"yoast-schema-graph\">{\"@context\":\"https:\\\/\\\/schema.org\",\"@graph\":[{\"@type\":\"WebPage\",\"@id\":\"https:\\\/\\\/pipeska.fr\\\/produit\\\/shampooing-pipeska-soie-tropicale-bio-1000ml\\\/\",\"url\":\"https:\\\/\\\/pipeska.fr\\\/produit\\\/shampooing-pipeska-soie-tropicale-bio-1000ml\\\/\",\"name\":\"Pipeska Caribbean Fusion Shampooing bio cheveux fragiles \u2013 1L\",\"isPartOf\":{\"@id\":\"https:\\\/\\\/pipeska.fr\\\/#website\"},\"primaryImageOfPage\":{\"@id\":\"https:\\\/\\\/pipeska.fr\\\/produit\\\/shampooing-pipeska-soie-tropicale-bio-1000ml\\\/#primaryimage\"},\"image\":{\"@id\":\"https:\\\/\\\/pipeska.fr\\\/produit\\\/shampooing-pipeska-soie-tropicale-bio-1000ml\\\/#primaryimage\"},\"thumbnailUrl\":\"https:\\\/\\\/pipeska.fr\\\/wp-content\\\/uploads\\\/2025\\\/11\\\/Pipeska-Soie-Tropicale-Notre-Shampooing-Bio-Made-in-France-certifie-COSMOS-Organic.-Le-soin-ideal-pour-nettoyer-delicatement-les-cheveux-fragiles.-1000-ml.jpg\",\"datePublished\":\"2025-11-30T21:10:02+00:00\",\"dateModified\":\"2026-04-30T12:34:28+00:00\",\"description\":\"Shampooing bio cheveux fragiles Caribbean Fusion de Pipeska : mousse l\u00e9g\u00e8re \u00e0 l\u2019aloe vera et menthe poivr\u00e9e bio, parfum tropical, cheveux doux et souples.\",\"breadcrumb\":{\"@id\":\"https:\\\/\\\/pipeska.fr\\\/produit\\\/shampooing-pipeska-soie-tropicale-bio-1000ml\\\/#breadcrumb\"},\"inLanguage\":\"en-GB\",\"potentialAction\":[{\"@type\":\"ReadAction\",\"target\":[\"https:\\\/\\\/pipeska.fr\\\/produit\\\/shampooing-pipeska-soie-tropicale-bio-1000ml\\\/\"]}]},{\"@type\":\"ImageObject\",\"inLanguage\":\"en-GB\",\"@id\":\"https:\\\/\\\/pipeska.fr\\\/produit\\\/shampooing-pipeska-soie-tropicale-bio-1000ml\\\/#primaryimage\",\"url\":\"https:\\\/\\\/pipeska.fr\\\/wp-content\\\/uploads\\\/2025\\\/11\\\/Pipeska-Soie-Tropicale-Notre-Shampooing-Bio-Made-in-France-certifie-COSMOS-Organic.-Le-soin-ideal-pour-nettoyer-delicatement-les-cheveux-fragiles.-1000-ml.jpg\",\"contentUrl\":\"https:\\\/\\\/pipeska.fr\\\/wp-content\\\/uploads\\\/2025\\\/11\\\/Pipeska-Soie-Tropicale-Notre-Shampooing-Bio-Made-in-France-certifie-COSMOS-Organic.-Le-soin-ideal-pour-nettoyer-delicatement-les-cheveux-fragiles.-1000-ml.jpg\",\"width\":1080,\"height\":1080},{\"@type\":\"BreadcrumbList\",\"@id\":\"https:\\\/\\\/pipeska.fr\\\/produit\\\/shampooing-pipeska-soie-tropicale-bio-1000ml\\\/#breadcrumb\",\"itemListElement\":[{\"@type\":\"ListItem\",\"position\":1,\"name\":\"Accueil\",\"item\":\"https:\\\/\\\/pipeska.fr\\\/\"},{\"@type\":\"ListItem\",\"position\":2,\"name\":\"Produits\",\"item\":\"https:\\\/\\\/pipeska.fr\\\/?post_type=product\"},{\"@type\":\"ListItem\",\"position\":3,\"name\":\"Pipeska Caribbean Fusion- Shampooing Soie Tropicale 1000ml &#8211; COSMOS Organic &#038; Cheveux Fragiles\"}]},{\"@type\":\"WebSite\",\"@id\":\"https:\\\/\\\/pipeska.fr\\\/#website\",\"url\":\"https:\\\/\\\/pipeska.fr\\\/\",\"name\":\"Pipeska\",\"description\":\"Bio - Made in France - Caribbean Inspired\",\"publisher\":{\"@id\":\"https:\\\/\\\/pipeska.fr\\\/#organization\"},\"potentialAction\":[{\"@type\":\"SearchAction\",\"target\":{\"@type\":\"EntryPoint\",\"urlTemplate\":\"https:\\\/\\\/pipeska.fr\\\/?s={search_term_string}\"},\"query-input\":{\"@type\":\"PropertyValueSpecification\",\"valueRequired\":true,\"valueName\":\"search_term_string\"}}],\"inLanguage\":\"en-GB\"},{\"@type\":\"Organization\",\"@id\":\"https:\\\/\\\/pipeska.fr\\\/#organization\",\"name\":\"Pipeska\",\"url\":\"https:\\\/\\\/pipeska.fr\\\/\",\"logo\":{\"@type\":\"ImageObject\",\"inLanguage\":\"en-GB\",\"@id\":\"https:\\\/\\\/pipeska.fr\\\/#\\\/schema\\\/logo\\\/image\\\/\",\"url\":\"https:\\\/\\\/pipeska.fr\\\/wp-content\\\/uploads\\\/2024\\\/07\\\/Pipeska_logo_couleur_fondtransparent.png\",\"contentUrl\":\"https:\\\/\\\/pipeska.fr\\\/wp-content\\\/uploads\\\/2024\\\/07\\\/Pipeska_logo_couleur_fondtransparent.png\",\"width\":1771,\"height\":1181,\"caption\":\"Pipeska\"},\"image\":{\"@id\":\"https:\\\/\\\/pipeska.fr\\\/#\\\/schema\\\/logo\\\/image\\\/\"}}]}<\/script>\n<!-- \/ Yoast SEO plugin. -->","yoast_head_json":{"title":"Pipeska Caribbean Fusion Organic Shampoo for Sensitive Hair - 1L","description":"Pipeska Caribbean Fusion organic shampoo for fragile hair: light foam with organic aloe vera and peppermint, tropical fragrance, soft, supple hair.","robots":{"index":"index","follow":"follow","max-snippet":"max-snippet:-1","max-image-preview":"max-image-preview:large","max-video-preview":"max-video-preview:-1"},"canonical":"https:\/\/pipeska.fr\/en\/product\/pipeska-tropical-silk-organic-shampoo-1000ml\/","og_locale":"en_GB","og_type":"article","og_title":"Pipeska Caribbean Fusion Shampooing bio cheveux fragiles \u2013 1L","og_description":"Shampooing bio cheveux fragiles Caribbean Fusion de Pipeska : mousse l\u00e9g\u00e8re \u00e0 l\u2019aloe vera et menthe poivr\u00e9e bio, parfum tropical, cheveux doux et souples.","og_url":"https:\/\/pipeska.fr\/en\/product\/pipeska-tropical-silk-organic-shampoo-1000ml\/","og_site_name":"Pipeska","article_modified_time":"2026-04-30T12:34:28+00:00","og_image":[{"width":1080,"height":1080,"url":"https:\/\/pipeska.fr\/wp-content\/uploads\/2025\/11\/Pipeska-Soie-Tropicale-Notre-Shampooing-Bio-Made-in-France-certifie-COSMOS-Organic.-Le-soin-ideal-pour-nettoyer-delicatement-les-cheveux-fragiles.-1000-ml.jpg","type":"image\/jpeg"}],"twitter_card":"summary_large_image","twitter_misc":{"Estimated reading time":"3 minutes"},"schema":{"@context":"https:\/\/schema.org","@graph":[{"@type":"WebPage","@id":"https:\/\/pipeska.fr\/produit\/shampooing-pipeska-soie-tropicale-bio-1000ml\/","url":"https:\/\/pipeska.fr\/produit\/shampooing-pipeska-soie-tropicale-bio-1000ml\/","name":"Pipeska Caribbean Fusion Organic Shampoo for Sensitive Hair - 1L","isPartOf":{"@id":"https:\/\/pipeska.fr\/#website"},"primaryImageOfPage":{"@id":"https:\/\/pipeska.fr\/produit\/shampooing-pipeska-soie-tropicale-bio-1000ml\/#primaryimage"},"image":{"@id":"https:\/\/pipeska.fr\/produit\/shampooing-pipeska-soie-tropicale-bio-1000ml\/#primaryimage"},"thumbnailUrl":"https:\/\/pipeska.fr\/wp-content\/uploads\/2025\/11\/Pipeska-Soie-Tropicale-Notre-Shampooing-Bio-Made-in-France-certifie-COSMOS-Organic.-Le-soin-ideal-pour-nettoyer-delicatement-les-cheveux-fragiles.-1000-ml.jpg","datePublished":"2025-11-30T21:10:02+00:00","dateModified":"2026-04-30T12:34:28+00:00","description":"Pipeska Caribbean Fusion organic shampoo for fragile hair: light foam with organic aloe vera and peppermint, tropical fragrance, soft, supple hair.","breadcrumb":{"@id":"https:\/\/pipeska.fr\/produit\/shampooing-pipeska-soie-tropicale-bio-1000ml\/#breadcrumb"},"inLanguage":"en-GB","potentialAction":[{"@type":"ReadAction","target":["https:\/\/pipeska.fr\/produit\/shampooing-pipeska-soie-tropicale-bio-1000ml\/"]}]},{"@type":"ImageObject","inLanguage":"en-GB","@id":"https:\/\/pipeska.fr\/produit\/shampooing-pipeska-soie-tropicale-bio-1000ml\/#primaryimage","url":"https:\/\/pipeska.fr\/wp-content\/uploads\/2025\/11\/Pipeska-Soie-Tropicale-Notre-Shampooing-Bio-Made-in-France-certifie-COSMOS-Organic.-Le-soin-ideal-pour-nettoyer-delicatement-les-cheveux-fragiles.-1000-ml.jpg","contentUrl":"https:\/\/pipeska.fr\/wp-content\/uploads\/2025\/11\/Pipeska-Soie-Tropicale-Notre-Shampooing-Bio-Made-in-France-certifie-COSMOS-Organic.-Le-soin-ideal-pour-nettoyer-delicatement-les-cheveux-fragiles.-1000-ml.jpg","width":1080,"height":1080},{"@type":"BreadcrumbList","@id":"https:\/\/pipeska.fr\/produit\/shampooing-pipeska-soie-tropicale-bio-1000ml\/#breadcrumb","itemListElement":[{"@type":"ListItem","position":1,"name":"Accueil","item":"https:\/\/pipeska.fr\/"},{"@type":"ListItem","position":2,"name":"Produits","item":"https:\/\/pipeska.fr\/?post_type=product"},{"@type":"ListItem","position":3,"name":"Pipeska Caribbean Fusion- Shampooing Soie Tropicale 1000ml &#8211; COSMOS Organic &#038; Cheveux Fragiles"}]},{"@type":"WebSite","@id":"https:\/\/pipeska.fr\/#website","url":"https:\/\/pipeska.fr\/","name":"Pipeska","description":"Bio - Made in France - Caribbean Inspired","publisher":{"@id":"https:\/\/pipeska.fr\/#organization"},"potentialAction":[{"@type":"SearchAction","target":{"@type":"EntryPoint","urlTemplate":"https:\/\/pipeska.fr\/?s={search_term_string}"},"query-input":{"@type":"PropertyValueSpecification","valueRequired":true,"valueName":"search_term_string"}}],"inLanguage":"en-GB"},{"@type":"Organization","@id":"https:\/\/pipeska.fr\/#organization","name":"Pipeska","url":"https:\/\/pipeska.fr\/","logo":{"@type":"ImageObject","inLanguage":"en-GB","@id":"https:\/\/pipeska.fr\/#\/schema\/logo\/image\/","url":"https:\/\/pipeska.fr\/wp-content\/uploads\/2024\/07\/Pipeska_logo_couleur_fondtransparent.png","contentUrl":"https:\/\/pipeska.fr\/wp-content\/uploads\/2024\/07\/Pipeska_logo_couleur_fondtransparent.png","width":1771,"height":1181,"caption":"Pipeska"},"image":{"@id":"https:\/\/pipeska.fr\/#\/schema\/logo\/image\/"}}]}},"_links":{"self":[{"href":"https:\/\/pipeska.fr\/en\/wp-json\/wp\/v2\/product\/4247","targetHints":{"allow":["GET"]}}],"collection":[{"href":"https:\/\/pipeska.fr\/en\/wp-json\/wp\/v2\/product"}],"about":[{"href":"https:\/\/pipeska.fr\/en\/wp-json\/wp\/v2\/types\/product"}],"replies":[{"embeddable":true,"href":"https:\/\/pipeska.fr\/en\/wp-json\/wp\/v2\/comments?post=4247"}],"version-history":[{"count":8,"href":"https:\/\/pipeska.fr\/en\/wp-json\/wp\/v2\/product\/4247\/revisions"}],"predecessor-version":[{"id":4483,"href":"https:\/\/pipeska.fr\/en\/wp-json\/wp\/v2\/product\/4247\/revisions\/4483"}],"wp:featuredmedia":[{"embeddable":true,"href":"https:\/\/pipeska.fr\/en\/wp-json\/wp\/v2\/media\/4479"}],"wp:attachment":[{"href":"https:\/\/pipeska.fr\/en\/wp-json\/wp\/v2\/media?parent=4247"}],"wp:term":[{"taxonomy":"product_brand","embeddable":true,"href":"https:\/\/pipeska.fr\/en\/wp-json\/wp\/v2\/product_brand?post=4247"},{"taxonomy":"product_cat","embeddable":true,"href":"https:\/\/pipeska.fr\/en\/wp-json\/wp\/v2\/product_cat?post=4247"},{"taxonomy":"product_tag","embeddable":true,"href":"https:\/\/pipeska.fr\/en\/wp-json\/wp\/v2\/product_tag?post=4247"}],"curies":[{"name":"wp","href":"https:\/\/api.w.org\/{rel}","templated":true}]}}