{"id":1850,"date":"2024-07-22T15:51:21","date_gmt":"2024-07-22T15:51:21","guid":{"rendered":"https:\/\/newpipeska.live-website.com\/?page_id=1850"},"modified":"2025-06-14T14:49:20","modified_gmt":"2025-06-14T14:49:20","slug":"puntos-de-venta","status":"publish","type":"page","link":"https:\/\/pipeska.fr\/es\/points-de-vente\/","title":{"rendered":"D\u00f3nde comprar"},"content":{"rendered":"<div data-elementor-type=\"wp-page\" data-elementor-id=\"1850\" class=\"elementor elementor-1850\">\n\t\t\t\t<div class=\"elementor-element elementor-element-64c583d e-flex e-con-boxed wpr-particle-no wpr-jarallax-no wpr-parallax-no wpr-sticky-section-no wpr-equal-height-no e-con e-parent\" data-id=\"64c583d\" data-element_type=\"container\" data-e-type=\"container\">\n\t\t\t\t\t<div class=\"e-con-inner\">\n\t\t<div class=\"elementor-element elementor-element-2aea009 e-con-full e-flex wpr-particle-no wpr-jarallax-no wpr-parallax-no wpr-sticky-section-no wpr-equal-height-no e-con e-child\" data-id=\"2aea009\" data-element_type=\"container\" data-e-type=\"container\">\n\t\t\t\t<div class=\"elementor-element elementor-element-e75a949 elementor-widget elementor-widget-heading\" data-id=\"e75a949\" data-element_type=\"widget\" data-e-type=\"widget\" data-widget_type=\"heading.default\">\n\t\t\t\t\t<h2 class=\"elementor-heading-title elementor-size-default\">ISLA BONITA<\/h2>\t\t\t\t<\/div>\n\t\t\t\t<div class=\"elementor-element elementor-element-e2c0027 elementor-icon-list--layout-traditional elementor-list-item-link-full_width elementor-widget elementor-widget-icon-list\" data-id=\"e2c0027\" data-element_type=\"widget\" data-e-type=\"widget\" data-widget_type=\"icon-list.default\">\n\t\t\t\t\t\t\t<ul class=\"elementor-icon-list-items\">\n\t\t\t\t\t\t\t<li class=\"elementor-icon-list-item\">\n\t\t\t\t\t\t\t\t\t\t\t<span class=\"elementor-icon-list-icon\">\n\t\t\t\t\t\t\t<svg aria-hidden=\"true\" class=\"e-font-icon-svg e-fas-home\" viewbox=\"0 0 576 512\" xmlns=\"http:\/\/www.w3.org\/2000\/svg\"><path d=\"M280.37 148.26L96 300.11V464a16 16 0 0 0 16 16l112.06-.29a16 16 0 0 0 15.92-16V368a16 16 0 0 1 16-16h64a16 16 0 0 1 16 16v95.64a16 16 0 0 0 16 16.05L464 480a16 16 0 0 0 16-16V300L295.67 148.26a12.19 12.19 0 0 0-15.3 0zM571.6 251.47L488 182.56V44.05a12 12 0 0 0-12-12h-56a12 12 0 0 0-12 12v72.61L318.47 43a48 48 0 0 0-61 0L4.34 251.47a12 12 0 0 0-1.6 16.9l25.5 31A12 12 0 0 0 45.15 301l235.22-193.74a12.19 12.19 0 0 1 15.3 0L530.9 301a12 12 0 0 0 16.9-1.6l25.5-31a12 12 0 0 0-1.7-16.93z\"><\/path><\/svg>\t\t\t\t\t\t<\/span>\n\t\t\t\t\t\t\t\t\t\t<span class=\"elementor-icon-list-text\">19 crs Jean Jaures - 38000 Grenoble<\/span>\n\t\t\t\t\t\t\t\t\t<\/li>\n\t\t\t\t\t\t\t\t<li class=\"elementor-icon-list-item\">\n\t\t\t\t\t\t\t\t\t\t\t<span class=\"elementor-icon-list-icon\">\n\t\t\t\t\t\t\t<svg aria-hidden=\"true\" class=\"e-font-icon-svg e-fas-phone-alt\" viewbox=\"0 0 512 512\" xmlns=\"http:\/\/www.w3.org\/2000\/svg\"><path d=\"M497.39 361.8l-112-48a24 24 0 0 0-28 6.9l-49.6 60.6A370.66 370.66 0 0 1 130.6 204.11l60.6-49.6a23.94 23.94 0 0 0 6.9-28l-48-112A24.16 24.16 0 0 0 122.6.61l-104 24A24 24 0 0 0 0 48c0 256.5 207.9 464 464 464a24 24 0 0 0 23.4-18.6l24-104a24.29 24.29 0 0 0-14.01-27.6z\"><\/path><\/svg>\t\t\t\t\t\t<\/span>\n\t\t\t\t\t\t\t\t\t\t<span class=\"elementor-icon-list-text\">04 75 88 66 55<\/span>\n\t\t\t\t\t\t\t\t\t<\/li>\n\t\t\t\t\t\t\t\t<li class=\"elementor-icon-list-item\">\n\t\t\t\t\t\t\t\t\t\t\t<span class=\"elementor-icon-list-icon\">\n\t\t\t\t\t\t\t<svg aria-hidden=\"true\" class=\"e-font-icon-svg e-far-envelope\" viewbox=\"0 0 512 512\" xmlns=\"http:\/\/www.w3.org\/2000\/svg\"><path d=\"M464 64H48C21.49 64 0 85.49 0 112v288c0 26.51 21.49 48 48 48h416c26.51 0 48-21.49 48-48V112c0-26.51-21.49-48-48-48zm0 48v40.805c-22.422 18.259-58.168 46.651-134.587 106.49-16.841 13.247-50.201 45.072-73.413 44.701-23.208.375-56.579-31.459-73.413-44.701C106.18 199.465 70.425 171.067 48 152.805V112h416zM48 400V214.398c22.914 18.251 55.409 43.862 104.938 82.646 21.857 17.205 60.134 55.186 103.062 54.955 42.717.231 80.509-37.199 103.053-54.947 49.528-38.783 82.032-64.401 104.947-82.653V400H48z\"><\/path><\/svg>\t\t\t\t\t\t<\/span>\n\t\t\t\t\t\t\t\t\t\t<span class=\"elementor-icon-list-text\">www.islabonita.fr<\/span>\n\t\t\t\t\t\t\t\t\t<\/li>\n\t\t\t\t\t\t<\/ul>\n\t\t\t\t\t\t<\/div>\n\t\t\t\t<\/div>\n\t\t<div class=\"elementor-element elementor-element-339044f e-con-full e-flex wpr-particle-no wpr-jarallax-no wpr-parallax-no wpr-sticky-section-no wpr-equal-height-no e-con e-child\" data-id=\"339044f\" data-element_type=\"container\" data-e-type=\"container\">\n\t\t\t\t<div class=\"elementor-element elementor-element-712439d elementor-widget elementor-widget-image\" data-id=\"712439d\" data-element_type=\"widget\" data-e-type=\"widget\" data-widget_type=\"image.default\">\n\t\t\t\t\t\t\t\t\t\t\t\t\t\t\t<img decoding=\"async\" width=\"300\" height=\"69\" data-src=\"https:\/\/pipeska.fr\/wp-content\/uploads\/2024\/07\/Isla-Bonita-logo-1-ligne-300x69.png\" class=\"attachment-medium size-medium wp-image-2206 lazyload\" alt=\"\" data-srcset=\"https:\/\/pipeska.fr\/wp-content\/uploads\/2024\/07\/Isla-Bonita-logo-1-ligne-300x69.png 300w, https:\/\/pipeska.fr\/wp-content\/uploads\/2024\/07\/Isla-Bonita-logo-1-ligne-795x184.png 795w, https:\/\/pipeska.fr\/wp-content\/uploads\/2024\/07\/Isla-Bonita-logo-1-ligne-1024x236.png 1024w, https:\/\/pipeska.fr\/wp-content\/uploads\/2024\/07\/Isla-Bonita-logo-1-ligne-768x177.png 768w, https:\/\/pipeska.fr\/wp-content\/uploads\/2024\/07\/Isla-Bonita-logo-1-ligne-1536x355.png 1536w, https:\/\/pipeska.fr\/wp-content\/uploads\/2024\/07\/Isla-Bonita-logo-1-ligne-2048x473.png 2048w\" data-sizes=\"(max-width: 300px) 100vw, 300px\" src=\"data:image\/svg+xml;base64,PHN2ZyB3aWR0aD0iMSIgaGVpZ2h0PSIxIiB4bWxucz0iaHR0cDovL3d3dy53My5vcmcvMjAwMC9zdmciPjwvc3ZnPg==\" style=\"--smush-placeholder-width: 300px; --smush-placeholder-aspect-ratio: 300\/69;\" \/>\t\t\t\t\t\t\t\t\t\t\t\t\t\t\t<\/div>\n\t\t\t\t<\/div>\n\t\t\t\t\t<\/div>\n\t\t\t\t<\/div>\n\t\t\t\t<\/div>","protected":false},"excerpt":{"rendered":"<p>ISLA BONITA 19 crs Jean Jaures &#8211; 38000 Grenoble 04 75 88 66 55 www.islabonita.fr<\/p>","protected":false},"author":1,"featured_media":0,"parent":0,"menu_order":0,"comment_status":"closed","ping_status":"closed","template":"","meta":{"_uf_show_specific_survey":0,"_uf_disable_surveys":false,"footnotes":""},"class_list":["post-1850","page","type-page","status-publish","hentry","entry","owp-thumbs-layout-horizontal","owp-btn-normal","owp-tabs-layout-vertical","has-no-thumbnails","has-product-nav"],"yoast_head":"<!-- This site is optimized with the Yoast SEO plugin v27.3 - https:\/\/yoast.com\/product\/yoast-seo-wordpress\/ -->\n<title>Points de vente - Pipeska<\/title>\n<meta name=\"description\" content=\"Retrouvez Pipeska Cosm\u00e9tiques dans nos points de vente partenaires. Offrez \u00e0 vos cheveux des soins naturels et \u00e9thiques pr\u00e8s de chez vous !\" \/>\n<meta name=\"robots\" content=\"index, follow, max-snippet:-1, max-image-preview:large, max-video-preview:-1\" \/>\n<link rel=\"canonical\" href=\"https:\/\/pipeska.fr\/es\/puntos-de-venta\/\" \/>\n<meta property=\"og:locale\" content=\"es_ES\" \/>\n<meta property=\"og:type\" content=\"article\" \/>\n<meta property=\"og:title\" content=\"Points de vente - Pipeska\" \/>\n<meta property=\"og:description\" content=\"Retrouvez Pipeska Cosm\u00e9tiques dans nos points de vente partenaires. Offrez \u00e0 vos cheveux des soins naturels et \u00e9thiques pr\u00e8s de chez vous !\" \/>\n<meta property=\"og:url\" content=\"https:\/\/pipeska.fr\/es\/puntos-de-venta\/\" \/>\n<meta property=\"og:site_name\" content=\"Pipeska\" \/>\n<meta property=\"article:modified_time\" content=\"2025-06-14T14:49:20+00:00\" \/>\n<meta property=\"og:image\" content=\"https:\/\/pipeska.fr\/wp-content\/uploads\/2024\/07\/Isla-Bonita-logo-1-ligne.png\" \/>\n\t<meta property=\"og:image:width\" content=\"2287\" \/>\n\t<meta property=\"og:image:height\" content=\"528\" \/>\n\t<meta property=\"og:image:type\" content=\"image\/png\" \/>\n<meta name=\"twitter:card\" content=\"summary_large_image\" \/>\n<meta name=\"twitter:label1\" content=\"Tiempo de lectura\" \/>\n\t<meta name=\"twitter:data1\" content=\"1 minuto\" \/>\n<script type=\"application\/ld+json\" class=\"yoast-schema-graph\">{\"@context\":\"https:\\\/\\\/schema.org\",\"@graph\":[{\"@type\":\"WebPage\",\"@id\":\"https:\\\/\\\/pipeska.fr\\\/points-de-vente\\\/\",\"url\":\"https:\\\/\\\/pipeska.fr\\\/points-de-vente\\\/\",\"name\":\"Points de vente - Pipeska\",\"isPartOf\":{\"@id\":\"https:\\\/\\\/pipeska.fr\\\/#website\"},\"primaryImageOfPage\":{\"@id\":\"https:\\\/\\\/pipeska.fr\\\/points-de-vente\\\/#primaryimage\"},\"image\":{\"@id\":\"https:\\\/\\\/pipeska.fr\\\/points-de-vente\\\/#primaryimage\"},\"thumbnailUrl\":\"https:\\\/\\\/pipeska.fr\\\/wp-content\\\/uploads\\\/2024\\\/07\\\/Isla-Bonita-logo-1-ligne-300x69.png\",\"datePublished\":\"2024-07-22T15:51:21+00:00\",\"dateModified\":\"2025-06-14T14:49:20+00:00\",\"description\":\"Retrouvez Pipeska Cosm\u00e9tiques dans nos points de vente partenaires. Offrez \u00e0 vos cheveux des soins naturels et \u00e9thiques pr\u00e8s de chez vous !\",\"breadcrumb\":{\"@id\":\"https:\\\/\\\/pipeska.fr\\\/points-de-vente\\\/#breadcrumb\"},\"inLanguage\":\"es\",\"potentialAction\":[{\"@type\":\"ReadAction\",\"target\":[\"https:\\\/\\\/pipeska.fr\\\/points-de-vente\\\/\"]}]},{\"@type\":\"ImageObject\",\"inLanguage\":\"es\",\"@id\":\"https:\\\/\\\/pipeska.fr\\\/points-de-vente\\\/#primaryimage\",\"url\":\"https:\\\/\\\/pipeska.fr\\\/wp-content\\\/uploads\\\/2024\\\/07\\\/Isla-Bonita-logo-1-ligne-300x69.png\",\"contentUrl\":\"https:\\\/\\\/pipeska.fr\\\/wp-content\\\/uploads\\\/2024\\\/07\\\/Isla-Bonita-logo-1-ligne-300x69.png\"},{\"@type\":\"BreadcrumbList\",\"@id\":\"https:\\\/\\\/pipeska.fr\\\/points-de-vente\\\/#breadcrumb\",\"itemListElement\":[{\"@type\":\"ListItem\",\"position\":1,\"name\":\"Accueil\",\"item\":\"https:\\\/\\\/pipeska.fr\\\/\"},{\"@type\":\"ListItem\",\"position\":2,\"name\":\"Points de vente\"}]},{\"@type\":\"WebSite\",\"@id\":\"https:\\\/\\\/pipeska.fr\\\/#website\",\"url\":\"https:\\\/\\\/pipeska.fr\\\/\",\"name\":\"Pipeska\",\"description\":\"Bio - Made in France - Caribbean Inspired\",\"publisher\":{\"@id\":\"https:\\\/\\\/pipeska.fr\\\/#organization\"},\"potentialAction\":[{\"@type\":\"SearchAction\",\"target\":{\"@type\":\"EntryPoint\",\"urlTemplate\":\"https:\\\/\\\/pipeska.fr\\\/?s={search_term_string}\"},\"query-input\":{\"@type\":\"PropertyValueSpecification\",\"valueRequired\":true,\"valueName\":\"search_term_string\"}}],\"inLanguage\":\"es\"},{\"@type\":\"Organization\",\"@id\":\"https:\\\/\\\/pipeska.fr\\\/#organization\",\"name\":\"Pipeska\",\"url\":\"https:\\\/\\\/pipeska.fr\\\/\",\"logo\":{\"@type\":\"ImageObject\",\"inLanguage\":\"es\",\"@id\":\"https:\\\/\\\/pipeska.fr\\\/#\\\/schema\\\/logo\\\/image\\\/\",\"url\":\"https:\\\/\\\/pipeska.fr\\\/wp-content\\\/uploads\\\/2024\\\/07\\\/Pipeska_logo_couleur_fondtransparent.png\",\"contentUrl\":\"https:\\\/\\\/pipeska.fr\\\/wp-content\\\/uploads\\\/2024\\\/07\\\/Pipeska_logo_couleur_fondtransparent.png\",\"width\":1771,\"height\":1181,\"caption\":\"Pipeska\"},\"image\":{\"@id\":\"https:\\\/\\\/pipeska.fr\\\/#\\\/schema\\\/logo\\\/image\\\/\"}}]}<\/script>\n<!-- \/ Yoast SEO plugin. -->","yoast_head_json":{"title":"Puntos de venta - Pipeska","description":"Encuentre Pipeska Cosm\u00e9tiques en nuestros puntos de venta asociados. Cuida tu cabello de forma natural y \u00e9tica cerca de ti.","robots":{"index":"index","follow":"follow","max-snippet":"max-snippet:-1","max-image-preview":"max-image-preview:large","max-video-preview":"max-video-preview:-1"},"canonical":"https:\/\/pipeska.fr\/es\/puntos-de-venta\/","og_locale":"es_ES","og_type":"article","og_title":"Points de vente - Pipeska","og_description":"Retrouvez Pipeska Cosm\u00e9tiques dans nos points de vente partenaires. Offrez \u00e0 vos cheveux des soins naturels et \u00e9thiques pr\u00e8s de chez vous !","og_url":"https:\/\/pipeska.fr\/es\/puntos-de-venta\/","og_site_name":"Pipeska","article_modified_time":"2025-06-14T14:49:20+00:00","og_image":[{"width":2287,"height":528,"url":"https:\/\/pipeska.fr\/wp-content\/uploads\/2024\/07\/Isla-Bonita-logo-1-ligne.png","type":"image\/png"}],"twitter_card":"summary_large_image","twitter_misc":{"Tiempo de lectura":"1 minuto"},"schema":{"@context":"https:\/\/schema.org","@graph":[{"@type":"WebPage","@id":"https:\/\/pipeska.fr\/points-de-vente\/","url":"https:\/\/pipeska.fr\/points-de-vente\/","name":"Puntos de venta - Pipeska","isPartOf":{"@id":"https:\/\/pipeska.fr\/#website"},"primaryImageOfPage":{"@id":"https:\/\/pipeska.fr\/points-de-vente\/#primaryimage"},"image":{"@id":"https:\/\/pipeska.fr\/points-de-vente\/#primaryimage"},"thumbnailUrl":"https:\/\/pipeska.fr\/wp-content\/uploads\/2024\/07\/Isla-Bonita-logo-1-ligne-300x69.png","datePublished":"2024-07-22T15:51:21+00:00","dateModified":"2025-06-14T14:49:20+00:00","description":"Encuentre Pipeska Cosm\u00e9tiques en nuestros puntos de venta asociados. Cuida tu cabello de forma natural y \u00e9tica cerca de ti.","breadcrumb":{"@id":"https:\/\/pipeska.fr\/points-de-vente\/#breadcrumb"},"inLanguage":"es","potentialAction":[{"@type":"ReadAction","target":["https:\/\/pipeska.fr\/points-de-vente\/"]}]},{"@type":"ImageObject","inLanguage":"es","@id":"https:\/\/pipeska.fr\/points-de-vente\/#primaryimage","url":"https:\/\/pipeska.fr\/wp-content\/uploads\/2024\/07\/Isla-Bonita-logo-1-ligne-300x69.png","contentUrl":"https:\/\/pipeska.fr\/wp-content\/uploads\/2024\/07\/Isla-Bonita-logo-1-ligne-300x69.png"},{"@type":"BreadcrumbList","@id":"https:\/\/pipeska.fr\/points-de-vente\/#breadcrumb","itemListElement":[{"@type":"ListItem","position":1,"name":"Accueil","item":"https:\/\/pipeska.fr\/"},{"@type":"ListItem","position":2,"name":"Points de vente"}]},{"@type":"WebSite","@id":"https:\/\/pipeska.fr\/#website","url":"https:\/\/pipeska.fr\/","name":"Pipeska","description":"Bio - Made in France - Inspiraci\u00f3n caribe\u00f1a","publisher":{"@id":"https:\/\/pipeska.fr\/#organization"},"potentialAction":[{"@type":"SearchAction","target":{"@type":"EntryPoint","urlTemplate":"https:\/\/pipeska.fr\/?s={search_term_string}"},"query-input":{"@type":"PropertyValueSpecification","valueRequired":true,"valueName":"search_term_string"}}],"inLanguage":"es"},{"@type":"Organization","@id":"https:\/\/pipeska.fr\/#organization","name":"Pipeska","url":"https:\/\/pipeska.fr\/","logo":{"@type":"ImageObject","inLanguage":"es","@id":"https:\/\/pipeska.fr\/#\/schema\/logo\/image\/","url":"https:\/\/pipeska.fr\/wp-content\/uploads\/2024\/07\/Pipeska_logo_couleur_fondtransparent.png","contentUrl":"https:\/\/pipeska.fr\/wp-content\/uploads\/2024\/07\/Pipeska_logo_couleur_fondtransparent.png","width":1771,"height":1181,"caption":"Pipeska"},"image":{"@id":"https:\/\/pipeska.fr\/#\/schema\/logo\/image\/"}}]}},"_links":{"self":[{"href":"https:\/\/pipeska.fr\/es\/wp-json\/wp\/v2\/pages\/1850","targetHints":{"allow":["GET"]}}],"collection":[{"href":"https:\/\/pipeska.fr\/es\/wp-json\/wp\/v2\/pages"}],"about":[{"href":"https:\/\/pipeska.fr\/es\/wp-json\/wp\/v2\/types\/page"}],"author":[{"embeddable":true,"href":"https:\/\/pipeska.fr\/es\/wp-json\/wp\/v2\/users\/1"}],"replies":[{"embeddable":true,"href":"https:\/\/pipeska.fr\/es\/wp-json\/wp\/v2\/comments?post=1850"}],"version-history":[{"count":13,"href":"https:\/\/pipeska.fr\/es\/wp-json\/wp\/v2\/pages\/1850\/revisions"}],"predecessor-version":[{"id":3388,"href":"https:\/\/pipeska.fr\/es\/wp-json\/wp\/v2\/pages\/1850\/revisions\/3388"}],"wp:attachment":[{"href":"https:\/\/pipeska.fr\/es\/wp-json\/wp\/v2\/media?parent=1850"}],"curies":[{"name":"wp","href":"https:\/\/api.w.org\/{rel}","templated":true}]}}