{"id":2000,"date":"2025-07-25T03:56:20","date_gmt":"2025-07-25T03:56:20","guid":{"rendered":"https:\/\/newpipeska.live-website.com\/?page_id=2000"},"modified":"2026-02-25T14:44:19","modified_gmt":"2026-02-25T14:44:19","slug":"mi-historia-con-pipeska","status":"publish","type":"page","link":"https:\/\/pipeska.fr\/es\/mon-histoire-avec-pipeska\/","title":{"rendered":"Mi historia con Pipeska"},"content":{"rendered":"<div data-elementor-type=\"wp-page\" data-elementor-id=\"2000\" class=\"elementor elementor-2000\">\n\t\t\t\t<div class=\"elementor-element elementor-element-4a85fd5 e-flex e-con-boxed wpr-particle-no wpr-jarallax-no wpr-parallax-no wpr-sticky-section-no e-con e-parent\" data-id=\"4a85fd5\" data-element_type=\"container\" data-e-type=\"container\">\n\t\t\t\t\t<div class=\"e-con-inner\">\n\t\t\t\t<div class=\"elementor-element elementor-element-82fc4f6 elementor-widget elementor-widget-spacer\" data-id=\"82fc4f6\" data-element_type=\"widget\" data-e-type=\"widget\" data-widget_type=\"spacer.default\">\n\t\t\t\t\t\t\t<div class=\"elementor-spacer\">\n\t\t\t<div class=\"elementor-spacer-inner\"><\/div>\n\t\t<\/div>\n\t\t\t\t\t\t<\/div>\n\t\t\t\t<div class=\"elementor-element elementor-element-2bf9b82 elementor-widget elementor-widget-heading\" data-id=\"2bf9b82\" data-element_type=\"widget\" data-e-type=\"widget\" data-widget_type=\"heading.default\">\n\t\t\t\t\t<h1 class=\"elementor-heading-title elementor-size-default\">Mi historia con Pipeska<\/h1>\t\t\t\t<\/div>\n\t\t\t\t\t<\/div>\n\t\t\t\t<\/div>\n\t\t<div class=\"elementor-element elementor-element-51e237f e-flex e-con-boxed wpr-particle-no wpr-jarallax-no wpr-parallax-no wpr-sticky-section-no e-con e-parent\" data-id=\"51e237f\" data-element_type=\"container\" data-e-type=\"container\">\n\t\t\t\t\t<div class=\"e-con-inner\">\n\t\t<div class=\"elementor-element elementor-element-06550a5 e-con-full e-flex wpr-particle-no wpr-jarallax-no wpr-parallax-no wpr-sticky-section-no e-con e-child\" data-id=\"06550a5\" data-element_type=\"container\" data-e-type=\"container\">\n\t\t\t\t<div class=\"elementor-element elementor-element-0e62a8c elementor-widget elementor-widget-text-editor\" data-id=\"0e62a8c\" data-element_type=\"widget\" data-e-type=\"widget\" data-widget_type=\"text-editor.default\">\n\t\t\t\t\t\t\t\t\t<p style=\"padding-left: 40px;\" data-start=\"550\" data-end=\"930\"><strong data-start=\"550\" data-end=\"598\">\u00a0 \u00a0 \u00a0<\/strong><\/p><p style=\"padding-left: 40px;\" data-start=\"550\" data-end=\"930\"><strong data-start=\"550\" data-end=\"598\">Soy Yaniris, fundador de Pipeska.<\/strong><br data-start=\"598\" data-end=\"601\" \/>Madre, esposa y estilista apasionada por la belleza del cabello texturizado, nac\u00ed en la Rep\u00fablica Dominicana y ahora vivo en Francia.<\/p><p data-start=\"550\" data-end=\"930\">\u00a0<\/p><p style=\"padding-left: 40px;\" data-start=\"550\" data-end=\"930\">Cre\u00e9 Pipeska para reunir a mis <strong data-start=\"765\" data-end=\"814\">mis ra\u00edces caribe\u00f1as y mi herencia francesa<\/strong>, y ofrecer <strong data-start=\"830\" data-end=\"879\">cuidado capilar ecol\u00f3gico, natural y sensorial<\/strong> para cada pelo : <strong data-start=\"901\" data-end=\"927\">rizado, encrespado o ensortijado<\/strong>.<\/p><p style=\"padding-left: 40px;\" data-start=\"932\" data-end=\"1292\">\u00a0<\/p>\t\t\t\t\t\t\t\t<\/div>\n\t\t\t\t<\/div>\n\t\t<div class=\"elementor-element elementor-element-11c5a47 e-con-full e-flex wpr-particle-no wpr-jarallax-no wpr-parallax-no wpr-sticky-section-no e-con e-child\" data-id=\"11c5a47\" data-element_type=\"container\" data-e-type=\"container\">\n\t\t\t\t<div class=\"elementor-element elementor-element-7a4223f elementor-widget elementor-widget-image\" data-id=\"7a4223f\" data-element_type=\"widget\" data-e-type=\"widget\" data-widget_type=\"image.default\">\n\t\t\t\t\t\t\t\t\t\t\t\t<figure class=\"wp-caption\">\n\t\t\t\t\t\t\t\t\t\t<img fetchpriority=\"high\" decoding=\"async\" width=\"300\" height=\"300\" src=\"https:\/\/pipeska.fr\/wp-content\/uploads\/2026\/02\/Yaniris-Bader-fondatrice-de-Pipeska-300x300.webp\" class=\"attachment-medium size-medium wp-image-5042\" alt=\"\" srcset=\"https:\/\/pipeska.fr\/wp-content\/uploads\/2026\/02\/Yaniris-Bader-fondatrice-de-Pipeska-300x300.webp 300w, https:\/\/pipeska.fr\/wp-content\/uploads\/2026\/02\/Yaniris-Bader-fondatrice-de-Pipeska-1024x1024.webp 1024w, https:\/\/pipeska.fr\/wp-content\/uploads\/2026\/02\/Yaniris-Bader-fondatrice-de-Pipeska-150x150.webp 150w, https:\/\/pipeska.fr\/wp-content\/uploads\/2026\/02\/Yaniris-Bader-fondatrice-de-Pipeska-768x768.webp 768w, https:\/\/pipeska.fr\/wp-content\/uploads\/2026\/02\/Yaniris-Bader-fondatrice-de-Pipeska-12x12.webp 12w, https:\/\/pipeska.fr\/wp-content\/uploads\/2026\/02\/Yaniris-Bader-fondatrice-de-Pipeska-600x600.webp 600w, https:\/\/pipeska.fr\/wp-content\/uploads\/2026\/02\/Yaniris-Bader-fondatrice-de-Pipeska-795x795.webp 795w, https:\/\/pipeska.fr\/wp-content\/uploads\/2026\/02\/Yaniris-Bader-fondatrice-de-Pipeska-100x100.webp 100w, https:\/\/pipeska.fr\/wp-content\/uploads\/2026\/02\/Yaniris-Bader-fondatrice-de-Pipeska.webp 1080w\" sizes=\"(max-width: 300px) 100vw, 300px\" \/>\t\t\t\t\t\t\t\t\t\t\t<figcaption class=\"widget-image-caption wp-caption-text\"> S\u00e9 siempre sincero. Pipeska es mi renacimiento, inspirado en mis ra\u00edces caribe\u00f1as.<\/figcaption>\n\t\t\t\t\t\t\t\t\t\t<\/figure>\n\t\t\t\t\t\t\t\t\t<\/div>\n\t\t\t\t<\/div>\n\t\t\t\t\t<\/div>\n\t\t\t\t<\/div>\n\t\t<div class=\"elementor-element elementor-element-7d2f8ac e-flex e-con-boxed wpr-particle-no wpr-jarallax-no wpr-parallax-no wpr-sticky-section-no e-con e-parent\" data-id=\"7d2f8ac\" data-element_type=\"container\" data-e-type=\"container\">\n\t\t\t\t\t<div class=\"e-con-inner\">\n\t\t\t\t<div class=\"elementor-element elementor-element-ff29400 elementor-widget elementor-widget-text-editor\" data-id=\"ff29400\" data-element_type=\"widget\" data-e-type=\"widget\" data-widget_type=\"text-editor.default\">\n\t\t\t\t\t\t\t\t\t<p style=\"padding-left: 40px;\" data-start=\"550\" data-end=\"930\">\u00a0<strong data-start=\"932\" data-end=\"960\">Entre el Caribe y Francia<\/strong><br data-start=\"960\" data-end=\"963\" \/>Crec\u00ed entre rituales naturales: manteca de karit\u00e9, plantas tropicales y cuidados tradicionales de la piel. En Francia aprend\u00ed la importancia de\u2019<strong data-start=\"1105\" data-end=\"1137\">experiencia y conocimientos<\/strong> para realzar el cabello texturizado. De este encuentro naci\u00f3 Pipeska, un espacio donde <strong data-start=\"1223\" data-end=\"1289\">La autenticidad caribe\u00f1a y el saber hacer franc\u00e9s se dan la mano<\/strong>.<\/p><p style=\"padding-left: 40px;\" data-start=\"1294\" data-end=\"1315\"><strong data-start=\"1294\" data-end=\"1313\">Pipeska es...<\/strong><\/p><p style=\"padding-left: 40px;\" data-start=\"1318\" data-end=\"1342\"><strong data-start=\"1318\" data-end=\"1340\">Pureza y experiencia<\/strong><\/p><p style=\"padding-left: 40px;\" data-start=\"1345\" data-end=\"1366\"><strong data-start=\"1345\" data-end=\"1364\">Pasi\u00f3n y salud<\/strong><\/p><p style=\"padding-left: 40px;\" data-start=\"1369\" data-end=\"1403\"><strong data-start=\"1369\" data-end=\"1401\">Naturaleza y ra\u00edces caribe\u00f1as<\/strong><\/p><p style=\"padding-left: 40px;\" data-start=\"1405\" data-end=\"1527\"><strong data-start=\"1405\" data-end=\"1425\">Nuestra promesa:<\/strong> honrar el cabello con textura, celebrar <strong data-start=\"1468\" data-end=\"1488\">belleza natural<\/strong> y ofrecer la <strong data-start=\"1502\" data-end=\"1524\">libertad para ser uno mismo<\/strong>.<\/p><p style=\"padding-left: 40px;\" data-start=\"1529\" data-end=\"1761\"><strong data-start=\"1529\" data-end=\"1551\">Una marca comprometida: <\/strong><span style=\"font-size: 15px; letter-spacing: 0.2px;\">Nuestros productos son <\/span><strong style=\"font-size: 15px; letter-spacing: 0.2px;\" data-start=\"1572\" data-end=\"1622\">ecol\u00f3gico, certificado Ecocert, natural y sensorial<\/strong><span style=\"font-size: 15px; letter-spacing: 0.2px;\">, hecho en <\/span><span style=\"font-size: 15px; letter-spacing: 0.2px;\">Francia <\/span> e inspirado en el Caribe. .<\/p><p style=\"padding-left: 40px;\" data-start=\"1529\" data-end=\"1761\"><strong data-start=\"1682\" data-end=\"1709\">\u00c9tica y sostenible <\/strong>, Celebran la belleza con sentido y conciencia.<\/p><p style=\"padding-left: 40px;\" data-start=\"1763\" data-end=\"1907\"><strong data-start=\"1763\" data-end=\"1802\">Descubra nuestros productos ecol\u00f3gicos para el cabello<\/strong> para nutrir tus rizos, el encrespamiento y el pelo encrespado, dejando tu cabello <strong data-start=\"1880\" data-end=\"1904\">expr\u00e9sate libremente<\/strong>.<\/p><p style=\"padding-left: 40px;\" data-start=\"1763\" data-end=\"1907\"><strong data-start=\"919\" data-end=\"959\">\u00a1Prep\u00e1rate para una transformaci\u00f3n capilar!<\/strong>\u00a0<br data-start=\"967\" data-end=\"970\" \/>\u00a0<strong data-start=\"1141\" data-end=\"1186\">Bio - Made in France - Inspiraci\u00f3n caribe\u00f1a<\/strong><\/p>\t\t\t\t\t\t\t\t<\/div>\n\t\t\t\t\t<\/div>\n\t\t\t\t<\/div>\n\t\t\t\t<\/div>","protected":false},"excerpt":{"rendered":"<p>Mon Histoire avec Pipeska \u00a0 \u00a0 \u00a0 Je m\u2019appelle Yaniris, fondatrice de Pipeska.Maman, \u00e9pouse et styliste passionn\u00e9e par la beaut\u00e9 des cheveux textur\u00e9s, je suis n\u00e9e en R\u00e9publique dominicaine et je vis en France. \u00a0 J\u2019ai cr\u00e9\u00e9 Pipeska pour unir mes racines carib\u00e9ennes et mon exigence fran\u00e7aise, et offrir des soins capillaires bio, naturels et sensoriels pour chaque cheveu : boucl\u00e9, fris\u00e9 ou cr\u00e9pu. \u00a0 Sois toujours honn\u00eate. Pipeska est ma renaissance, port\u00e9e par mes racines carib\u00e9ennes. \u00a0Entre Cara\u00efbes et FranceJ\u2019ai grandi avec des rituels naturels \u2013 beurre de karit\u00e9, plantes tropicales et soins traditionnels. En France, j\u2019ai appris l\u2019importance de l\u2019expertise et du savoir-faire pour sublimer les cheveux textur\u00e9s. De cette rencontre est n\u00e9e Pipeska, un espace o\u00f9 authenticit\u00e9 carib\u00e9enne et savoir-faire fran\u00e7ais se rejoignent. Pipeska, c\u2019est\u2026 Puret\u00e9 &amp; Expertise Passion &amp; Sant\u00e9 Nature &amp; Racines carib\u00e9ennes Notre promesse : honorer les cheveux textur\u00e9s, c\u00e9l\u00e9brer la beaut\u00e9 naturelle et offrir la libert\u00e9 d\u2019\u00eatre soi. Une marque engag\u00e9e: Nos produits sont bio, certifi\u00e9s Ecocert, naturels et sensoriels, fabriqu\u00e9s en France et inspir\u00e9s par les Cara\u00efbes . \u00c9thiques et durables , ils c\u00e9l\u00e8brent la beaut\u00e9 avec sens et conscience. D\u00e9couvrez nos soins capillaires bio pour nourrir vos boucles, frisures et cheveux cr\u00e9pus, et laisser vos cheveux s\u2019exprimer librement. Get ready for a hair transformation !\u00a0\u00a0Bio \u00b7 Made in France \u00b7 Caribbean Inspired<\/p>","protected":false},"author":1,"featured_media":0,"parent":0,"menu_order":0,"comment_status":"closed","ping_status":"closed","template":"","meta":{"_uf_show_specific_survey":0,"_uf_disable_surveys":false,"footnotes":""},"class_list":["post-2000","page","type-page","status-publish","hentry","entry","owp-thumbs-layout-horizontal","owp-btn-normal","owp-tabs-layout-vertical","has-no-thumbnails","has-product-nav"],"yoast_head":"<!-- This site is optimized with the Yoast SEO plugin v27.3 - https:\/\/yoast.com\/product\/yoast-seo-wordpress\/ -->\n<title>Mon Histoire avec Pipeska \u2013 Soins bio pour cheveux textur\u00e9s<\/title>\n<meta name=\"description\" content=\"D\u00e9couvrez l\u2019histoire de Pipeska : soins capillaires bio pour cheveux textur\u00e9s. Bio \u00b7 Made in France \u00b7 Caribbean Inspired.\" \/>\n<meta name=\"robots\" content=\"index, follow, max-snippet:-1, max-image-preview:large, max-video-preview:-1\" \/>\n<link rel=\"canonical\" href=\"https:\/\/pipeska.fr\/es\/mi-historia-con-pipeska\/\" \/>\n<meta property=\"og:locale\" content=\"es_ES\" \/>\n<meta property=\"og:type\" content=\"article\" \/>\n<meta property=\"og:title\" content=\"Mon Histoire avec Pipeska \u2013 Soins bio pour cheveux textur\u00e9s\" \/>\n<meta property=\"og:description\" content=\"D\u00e9couvrez l\u2019histoire de Pipeska : soins capillaires bio pour cheveux textur\u00e9s. Bio \u00b7 Made in France \u00b7 Caribbean Inspired.\" \/>\n<meta property=\"og:url\" content=\"https:\/\/pipeska.fr\/es\/mi-historia-con-pipeska\/\" \/>\n<meta property=\"og:site_name\" content=\"Pipeska\" \/>\n<meta property=\"article:modified_time\" content=\"2026-02-25T14:44:19+00:00\" \/>\n<meta property=\"og:image\" content=\"https:\/\/pipeska.fr\/wp-content\/uploads\/2026\/02\/Yaniris-Bader-fondatrice-de-Pipeska-300x300.webp\" \/>\n<meta name=\"twitter:card\" content=\"summary_large_image\" \/>\n<meta name=\"twitter:label1\" content=\"Tiempo de lectura\" \/>\n\t<meta name=\"twitter:data1\" content=\"2 minutos\" \/>\n<script type=\"application\/ld+json\" class=\"yoast-schema-graph\">{\"@context\":\"https:\\\/\\\/schema.org\",\"@graph\":[{\"@type\":\"WebPage\",\"@id\":\"https:\\\/\\\/pipeska.fr\\\/mon-histoire-avec-pipeska\\\/\",\"url\":\"https:\\\/\\\/pipeska.fr\\\/mon-histoire-avec-pipeska\\\/\",\"name\":\"Mon Histoire avec Pipeska \u2013 Soins bio pour cheveux textur\u00e9s\",\"isPartOf\":{\"@id\":\"https:\\\/\\\/pipeska.fr\\\/#website\"},\"primaryImageOfPage\":{\"@id\":\"https:\\\/\\\/pipeska.fr\\\/mon-histoire-avec-pipeska\\\/#primaryimage\"},\"image\":{\"@id\":\"https:\\\/\\\/pipeska.fr\\\/mon-histoire-avec-pipeska\\\/#primaryimage\"},\"thumbnailUrl\":\"https:\\\/\\\/pipeska.fr\\\/wp-content\\\/uploads\\\/2026\\\/02\\\/Yaniris-Bader-fondatrice-de-Pipeska-300x300.webp\",\"datePublished\":\"2025-07-25T03:56:20+00:00\",\"dateModified\":\"2026-02-25T14:44:19+00:00\",\"description\":\"D\u00e9couvrez l\u2019histoire de Pipeska : soins capillaires bio pour cheveux textur\u00e9s. Bio \u00b7 Made in France \u00b7 Caribbean Inspired.\",\"breadcrumb\":{\"@id\":\"https:\\\/\\\/pipeska.fr\\\/mon-histoire-avec-pipeska\\\/#breadcrumb\"},\"inLanguage\":\"es\",\"potentialAction\":[{\"@type\":\"ReadAction\",\"target\":[\"https:\\\/\\\/pipeska.fr\\\/mon-histoire-avec-pipeska\\\/\"]}]},{\"@type\":\"ImageObject\",\"inLanguage\":\"es\",\"@id\":\"https:\\\/\\\/pipeska.fr\\\/mon-histoire-avec-pipeska\\\/#primaryimage\",\"url\":\"https:\\\/\\\/pipeska.fr\\\/wp-content\\\/uploads\\\/2026\\\/02\\\/Yaniris-Bader-fondatrice-de-Pipeska-300x300.webp\",\"contentUrl\":\"https:\\\/\\\/pipeska.fr\\\/wp-content\\\/uploads\\\/2026\\\/02\\\/Yaniris-Bader-fondatrice-de-Pipeska-300x300.webp\"},{\"@type\":\"BreadcrumbList\",\"@id\":\"https:\\\/\\\/pipeska.fr\\\/mon-histoire-avec-pipeska\\\/#breadcrumb\",\"itemListElement\":[{\"@type\":\"ListItem\",\"position\":1,\"name\":\"Accueil\",\"item\":\"https:\\\/\\\/pipeska.fr\\\/\"},{\"@type\":\"ListItem\",\"position\":2,\"name\":\"Accueil > Mon Histoire avec Pipeska\"}]},{\"@type\":\"WebSite\",\"@id\":\"https:\\\/\\\/pipeska.fr\\\/#website\",\"url\":\"https:\\\/\\\/pipeska.fr\\\/\",\"name\":\"Pipeska\",\"description\":\"Bio - Made in France - Caribbean Inspired\",\"publisher\":{\"@id\":\"https:\\\/\\\/pipeska.fr\\\/#organization\"},\"potentialAction\":[{\"@type\":\"SearchAction\",\"target\":{\"@type\":\"EntryPoint\",\"urlTemplate\":\"https:\\\/\\\/pipeska.fr\\\/?s={search_term_string}\"},\"query-input\":{\"@type\":\"PropertyValueSpecification\",\"valueRequired\":true,\"valueName\":\"search_term_string\"}}],\"inLanguage\":\"es\"},{\"@type\":\"Organization\",\"@id\":\"https:\\\/\\\/pipeska.fr\\\/#organization\",\"name\":\"Pipeska\",\"url\":\"https:\\\/\\\/pipeska.fr\\\/\",\"logo\":{\"@type\":\"ImageObject\",\"inLanguage\":\"es\",\"@id\":\"https:\\\/\\\/pipeska.fr\\\/#\\\/schema\\\/logo\\\/image\\\/\",\"url\":\"https:\\\/\\\/pipeska.fr\\\/wp-content\\\/uploads\\\/2024\\\/07\\\/Pipeska_logo_couleur_fondtransparent.png\",\"contentUrl\":\"https:\\\/\\\/pipeska.fr\\\/wp-content\\\/uploads\\\/2024\\\/07\\\/Pipeska_logo_couleur_fondtransparent.png\",\"width\":1771,\"height\":1181,\"caption\":\"Pipeska\"},\"image\":{\"@id\":\"https:\\\/\\\/pipeska.fr\\\/#\\\/schema\\\/logo\\\/image\\\/\"}}]}<\/script>\n<!-- \/ Yoast SEO plugin. -->","yoast_head_json":{"title":"Mi historia con Pipeska - Cuidado org\u00e1nico para cabello con textura","description":"Descubra la historia de Pipeska: cuidado capilar org\u00e1nico para cabellos con textura. Ecol\u00f3gico - Fabricado en Francia - Inspirado en el Caribe.","robots":{"index":"index","follow":"follow","max-snippet":"max-snippet:-1","max-image-preview":"max-image-preview:large","max-video-preview":"max-video-preview:-1"},"canonical":"https:\/\/pipeska.fr\/es\/mi-historia-con-pipeska\/","og_locale":"es_ES","og_type":"article","og_title":"Mon Histoire avec Pipeska \u2013 Soins bio pour cheveux textur\u00e9s","og_description":"D\u00e9couvrez l\u2019histoire de Pipeska : soins capillaires bio pour cheveux textur\u00e9s. Bio \u00b7 Made in France \u00b7 Caribbean Inspired.","og_url":"https:\/\/pipeska.fr\/es\/mi-historia-con-pipeska\/","og_site_name":"Pipeska","article_modified_time":"2026-02-25T14:44:19+00:00","og_image":[{"url":"https:\/\/pipeska.fr\/wp-content\/uploads\/2026\/02\/Yaniris-Bader-fondatrice-de-Pipeska-300x300.webp","type":"","width":"","height":""}],"twitter_card":"summary_large_image","twitter_misc":{"Tiempo de lectura":"2 minutos"},"schema":{"@context":"https:\/\/schema.org","@graph":[{"@type":"WebPage","@id":"https:\/\/pipeska.fr\/mon-histoire-avec-pipeska\/","url":"https:\/\/pipeska.fr\/mon-histoire-avec-pipeska\/","name":"Mi historia con Pipeska - Cuidado org\u00e1nico para cabello con textura","isPartOf":{"@id":"https:\/\/pipeska.fr\/#website"},"primaryImageOfPage":{"@id":"https:\/\/pipeska.fr\/mon-histoire-avec-pipeska\/#primaryimage"},"image":{"@id":"https:\/\/pipeska.fr\/mon-histoire-avec-pipeska\/#primaryimage"},"thumbnailUrl":"https:\/\/pipeska.fr\/wp-content\/uploads\/2026\/02\/Yaniris-Bader-fondatrice-de-Pipeska-300x300.webp","datePublished":"2025-07-25T03:56:20+00:00","dateModified":"2026-02-25T14:44:19+00:00","description":"Descubra la historia de Pipeska: cuidado capilar org\u00e1nico para cabellos con textura. Ecol\u00f3gico - Fabricado en Francia - Inspirado en el Caribe.","breadcrumb":{"@id":"https:\/\/pipeska.fr\/mon-histoire-avec-pipeska\/#breadcrumb"},"inLanguage":"es","potentialAction":[{"@type":"ReadAction","target":["https:\/\/pipeska.fr\/mon-histoire-avec-pipeska\/"]}]},{"@type":"ImageObject","inLanguage":"es","@id":"https:\/\/pipeska.fr\/mon-histoire-avec-pipeska\/#primaryimage","url":"https:\/\/pipeska.fr\/wp-content\/uploads\/2026\/02\/Yaniris-Bader-fondatrice-de-Pipeska-300x300.webp","contentUrl":"https:\/\/pipeska.fr\/wp-content\/uploads\/2026\/02\/Yaniris-Bader-fondatrice-de-Pipeska-300x300.webp"},{"@type":"BreadcrumbList","@id":"https:\/\/pipeska.fr\/mon-histoire-avec-pipeska\/#breadcrumb","itemListElement":[{"@type":"ListItem","position":1,"name":"Accueil","item":"https:\/\/pipeska.fr\/"},{"@type":"ListItem","position":2,"name":"Accueil > Mon Histoire avec Pipeska"}]},{"@type":"WebSite","@id":"https:\/\/pipeska.fr\/#website","url":"https:\/\/pipeska.fr\/","name":"Pipeska","description":"Bio - Made in France - Inspiraci\u00f3n caribe\u00f1a","publisher":{"@id":"https:\/\/pipeska.fr\/#organization"},"potentialAction":[{"@type":"SearchAction","target":{"@type":"EntryPoint","urlTemplate":"https:\/\/pipeska.fr\/?s={search_term_string}"},"query-input":{"@type":"PropertyValueSpecification","valueRequired":true,"valueName":"search_term_string"}}],"inLanguage":"es"},{"@type":"Organization","@id":"https:\/\/pipeska.fr\/#organization","name":"Pipeska","url":"https:\/\/pipeska.fr\/","logo":{"@type":"ImageObject","inLanguage":"es","@id":"https:\/\/pipeska.fr\/#\/schema\/logo\/image\/","url":"https:\/\/pipeska.fr\/wp-content\/uploads\/2024\/07\/Pipeska_logo_couleur_fondtransparent.png","contentUrl":"https:\/\/pipeska.fr\/wp-content\/uploads\/2024\/07\/Pipeska_logo_couleur_fondtransparent.png","width":1771,"height":1181,"caption":"Pipeska"},"image":{"@id":"https:\/\/pipeska.fr\/#\/schema\/logo\/image\/"}}]}},"_links":{"self":[{"href":"https:\/\/pipeska.fr\/es\/wp-json\/wp\/v2\/pages\/2000","targetHints":{"allow":["GET"]}}],"collection":[{"href":"https:\/\/pipeska.fr\/es\/wp-json\/wp\/v2\/pages"}],"about":[{"href":"https:\/\/pipeska.fr\/es\/wp-json\/wp\/v2\/types\/page"}],"author":[{"embeddable":true,"href":"https:\/\/pipeska.fr\/es\/wp-json\/wp\/v2\/users\/1"}],"replies":[{"embeddable":true,"href":"https:\/\/pipeska.fr\/es\/wp-json\/wp\/v2\/comments?post=2000"}],"version-history":[{"count":43,"href":"https:\/\/pipeska.fr\/es\/wp-json\/wp\/v2\/pages\/2000\/revisions"}],"predecessor-version":[{"id":5059,"href":"https:\/\/pipeska.fr\/es\/wp-json\/wp\/v2\/pages\/2000\/revisions\/5059"}],"wp:attachment":[{"href":"https:\/\/pipeska.fr\/es\/wp-json\/wp\/v2\/media?parent=2000"}],"curies":[{"name":"wp","href":"https:\/\/api.w.org\/{rel}","templated":true}]}}