{"id":2704,"date":"2024-09-28T12:59:27","date_gmt":"2024-09-28T12:59:27","guid":{"rendered":"https:\/\/pipeska.fr\/?page_id=2704"},"modified":"2026-01-07T10:59:56","modified_gmt":"2026-01-07T10:59:56","slug":"contacto-de-asistencia-rapida","status":"publish","type":"page","link":"https:\/\/pipeska.fr\/es\/contact-assistance-rapide\/","title":{"rendered":"Contacto Pipeska - Cuidado capilar ecol\u00f3gico para cabello con textura"},"content":{"rendered":"\t\t<div data-elementor-type=\"wp-page\" data-elementor-id=\"2704\" class=\"elementor elementor-2704\">\n\t\t\t\t<div class=\"elementor-element elementor-element-83822c4 e-flex e-con-boxed wpr-particle-no wpr-jarallax-no wpr-parallax-no wpr-sticky-section-no wpr-equal-height-no e-con e-parent\" data-id=\"83822c4\" data-element_type=\"container\" data-e-type=\"container\">\n\t\t\t\t\t<div class=\"e-con-inner\">\n\t\t\t\t<div class=\"elementor-element elementor-element-94f5efa elementor-widget elementor-widget-spacer\" data-id=\"94f5efa\" data-element_type=\"widget\" data-e-type=\"widget\" data-widget_type=\"spacer.default\">\n\t\t\t\t\t\t\t<div class=\"elementor-spacer\">\n\t\t\t<div class=\"elementor-spacer-inner\"><\/div>\n\t\t<\/div>\n\t\t\t\t\t\t<\/div>\n\t\t\t\t<div class=\"elementor-element elementor-element-3370b03 elementor-widget elementor-widget-text-editor\" data-id=\"3370b03\" data-element_type=\"widget\" data-e-type=\"widget\" data-widget_type=\"text-editor.default\">\n\t\t\t\t\t\t\t\t\t<h1 style=\"padding-left: 80px;\"><img decoding=\"async\" class=\"emoji lazyload\" role=\"img\" draggable=\"false\" data-src=\"https:\/\/s.w.org\/images\/core\/emoji\/16.0.1\/svg\/1f449.svg\" alt=\"\ud83d\udc49\" src=\"data:image\/svg+xml;base64,PHN2ZyB3aWR0aD0iMSIgaGVpZ2h0PSIxIiB4bWxucz0iaHR0cDovL3d3dy53My5vcmcvMjAwMC9zdmciPjwvc3ZnPg==\" \/><strong data-start=\"228\" data-end=\"293\">Contact Pipeska \u2013 Soins capillaires bio pour cheveux textur\u00e9s<\/strong><\/h1>\n<p><!-- \/wp:paragraph --><!-- wp:paragraph --><\/p>\n<p style=\"padding-left: 80px;\">Bienvenue sur la page <strong data-start=\"343\" data-end=\"362\">Contact Pipeska<\/strong>. Notre \u00e9quipe est \u00e0 votre \u00e9coute pour r\u00e9pondre \u00e0 toutes vos questions sur nos <strong data-start=\"441\" data-end=\"466\">soins capillaires bio<\/strong> d\u00e9di\u00e9s aux cheveux boucl\u00e9s, fris\u00e9s et cr\u00e9pus.\u00a0<\/p>\n<p style=\"padding-left: 80px;\" data-start=\"516\" data-end=\"775\">Vous souhaitez des conseils personnalis\u00e9s, en savoir plus sur nos produits comme le <a href=\"https:\/\/pipeska.fr\/soins-bio-cheveux-pipeska\/\" target=\"_blank\" rel=\"noopener\"><strong data-start=\"600\" data-end=\"639\">Masque Capillaire Bio Professionnel<\/strong><\/a> ou le <a href=\"https:\/\/www.instagram.com\/pipeskacosmetiques\/\" target=\"_blank\" rel=\"noopener\"><strong data-start=\"646\" data-end=\"683\">Shampooing Clarifiant Ocean Clean<\/strong>,<\/a> ou encore discuter d\u2019une collaboration ? Remplissez simplement le formulaire ci-dessous.<\/p>\n<p style=\"padding-left: 80px;\" data-start=\"777\" data-end=\"877\">Pour aller plus loin, d\u00e9couvrez aussi nos conseils sur le <a class=\"decorated-link cursor-pointer\" href=\"https:\/\/pipeska.fr\/accueil\/conseil-beaute-cheveux\/\" target=\"_blank\" rel=\"noopener\" data-start=\"835\" data-end=\"874\">blog Pipeska<\/a>.<\/p>\n<p><!-- \/wp:paragraph --><!-- wp:paragraph --><\/p>\n<p style=\"padding-left: 80px;\"><strong>Votre message est pr\u00e9cieux, chaque \u00e9change nous aide \u00e0 mieux vous accompagner<\/strong> dans l\u2019entretien naturel et sensoriel de vos cheveux.\u00a0 \u00a0Pour toute question, vous pouvez nous contacter \u00e0 l&rsquo;adresse suivante<strong> :\u00a0<\/strong><strong><a href=\"mailto:email@example.com\">serviceclient@pipeska.fr<\/a><\/strong><\/p>\n<p data-start=\"777\" data-end=\"877\">\u00a0<\/p>\n<p data-start=\"879\" data-end=\"1015\">\u00a0<\/p>\t\t\t\t\t\t\t\t<\/div>\n\t\t\t\t\t<\/div>\n\t\t\t\t<\/div>\n\t\t<div class=\"elementor-element elementor-element-125f475d e-flex e-con-boxed wpr-particle-no wpr-jarallax-no wpr-parallax-no wpr-sticky-section-no wpr-equal-height-no e-con e-parent\" data-id=\"125f475d\" data-element_type=\"container\" data-e-type=\"container\">\n\t\t\t\t\t<div class=\"e-con-inner\">\n\t\t\t\t<div class=\"elementor-element elementor-element-1a26deb6 elementor-widget elementor-widget-text-editor\" data-id=\"1a26deb6\" data-element_type=\"widget\" data-e-type=\"widget\" data-widget_type=\"text-editor.default\">\n\t\t\t\t\t\t\t\t\t<!-- wp:paragraph --><!-- \/wp:paragraph --><!-- wp:paragraph -->\n<h4 style=\"padding-left: 80px;\">\u00a0<\/h4>\n<p>\u00a0<\/p>\n<!-- \/wp:paragraph --><!-- wp:formidable\/simple-form {\"formId\":\"2\"} -->\n<div style=\"padding-left: 80px;\"><div class=\"frm_forms  with_frm_style frm_style_style-formidable\" id=\"frm_form_2_container\" data-token=\"2e95c3de512c4b79ff5719c08f29db30\">\n<form enctype=\"multipart\/form-data\" method=\"post\" class=\"frm-show-form \" id=\"form_formulaire-contact\" data-token=\"2e95c3de512c4b79ff5719c08f29db30\">\n<div class=\"frm_form_fields \">\n<fieldset>\n<legend class=\"frm_screen_reader\">formulaire contact<\/legend>\r\n\r\n<div class=\"frm_fields_container\">\n<input type=\"hidden\" name=\"frm_action\" value=\"create\" \/>\n<input type=\"hidden\" name=\"form_id\" value=\"2\" \/>\n<input type=\"hidden\" name=\"frm_hide_fields_2\" id=\"frm_hide_fields_2\" value=\"\" \/>\n<input type=\"hidden\" name=\"form_key\" value=\"formulaire-contact\" \/>\n<input type=\"hidden\" name=\"item_meta[0]\" value=\"\" \/>\n<input type=\"hidden\" id=\"frm_submit_entry_2\" name=\"frm_submit_entry_2\" value=\"1187694591\" \/><input type=\"hidden\" name=\"_wp_http_referer\" value=\"\/es\/wp-json\/wp\/v2\/pages\/2704\" \/><div id=\"frm_field_11_container\" class=\"frm_form_field form-field  frm_top_container frm12 frm_first\">\r\n\t<div  id=\"field_10fbc_label\" class=\"frm_primary_label\">Nom\r\n\t\t<span class=\"frm_required\" aria-hidden=\"true\"><\/span>\r\n\t<\/div>\r\n\t<fieldset aria-labelledby=\"field_10fbc_label\">\n\t<legend class=\"frm_screen_reader frm_hidden\">\n\t\tNom\t<\/legend>\n\n\t<div  class=\"frm_combo_inputs_container\" id=\"frm_combo_inputs_container_11\" data-name-layout=\"first_last\">\n\t\t\t\t\t<div\n\t\t\t\tid=\"frm_field_11-first_container\"\n\t\t\t\tclass=\"frm_form_field form-field frm_form_subfield-first  frm6\"\n\t\t\t\tdata-sub-field-name=\"first\"\n\t\t\t>\n\t\t\t\t<label for=\"field_10fbc_first\" class=\"frm_screen_reader frm_hidden\">\n\t\t\t\t\tPremier\t\t\t\t<\/label>\n\n\t\t\t\t<input  type=\"text\" id=\"field_10fbc_first\" value=\"\" name=\"item_meta[11][first]\" autocomplete=\"given-name\" data-invmsg=\"Nom no es v\u00e1lido\" aria-invalid=\"false\"  \/><div class=\"frm_description\" id=\"frm_field_11_first_desc\">Premier<\/div>\t\t\t<\/div>\n\t\t\t\t\t\t<div\n\t\t\t\tid=\"frm_field_11-last_container\"\n\t\t\t\tclass=\"frm_form_field form-field frm_form_subfield-last  frm6\"\n\t\t\t\tdata-sub-field-name=\"last\"\n\t\t\t>\n\t\t\t\t<label for=\"field_10fbc_last\" class=\"frm_screen_reader frm_hidden\">\n\t\t\t\t\tDernier\t\t\t\t<\/label>\n\n\t\t\t\t<input  type=\"text\" id=\"field_10fbc_last\" value=\"\" name=\"item_meta[11][last]\" autocomplete=\"family-name\" data-invmsg=\"Nom no es v\u00e1lido\" aria-invalid=\"false\"  \/><div class=\"frm_description\" id=\"frm_field_11_last_desc\">Dernier<\/div>\t\t\t<\/div>\n\t\t\t\t<\/div>\n<\/fieldset>\n\r\n\t\r\n\t\r\n<\/div>\n<div id=\"frm_field_12_container\" class=\"frm_form_field form-field  frm_required_field frm_top_container frm12 frm_first\">\r\n\t<label for=\"field_680l7\" id=\"field_680l7_label\" class=\"frm_primary_label\">Email\r\n\t\t<span class=\"frm_required\" aria-hidden=\"true\">*<\/span>\r\n\t<\/label>\r\n\t<input type=\"email\" id=\"field_680l7\" name=\"item_meta[12]\" value=\"\"  data-reqmsg=\"Email ne peut pas \u00eatre vide.\" aria-required=\"true\" data-invmsg=\"Email est non valide\" aria-invalid=\"false\"  \/>\r\n\t\r\n\t\r\n<\/div>\n<div id=\"frm_field_9_container\" class=\"frm_form_field form-field  frm_required_field frm_top_container\">\r\n\t<label for=\"field_bkfci\" id=\"field_bkfci_label\" class=\"frm_primary_label\">Sujet\r\n\t\t<span class=\"frm_required\" aria-hidden=\"true\">*<\/span>\r\n\t<\/label>\r\n\t<input type=\"text\" id=\"field_bkfci\" name=\"item_meta[9]\" value=\"\"  data-reqmsg=\"Sujet ne peut pas \u00eatre vide.\" aria-required=\"true\" data-invmsg=\"Sujet est non valide\" aria-invalid=\"false\"  \/>\r\n\t\r\n\t\r\n<\/div>\n<div id=\"frm_field_13_container\" class=\"frm_form_field form-field  frm_required_field frm_top_container\">\r\n\t<label for=\"field_x5iqd\" id=\"field_x5iqd_label\" class=\"frm_primary_label\">Message\r\n\t\t<span class=\"frm_required\" aria-hidden=\"true\">*<\/span>\r\n\t<\/label>\r\n\t<textarea name=\"item_meta[13]\" id=\"field_x5iqd\" rows=\"5\"  placeholder=\"Veuillez donner votre num\u00e9ro de commande si vous \u00eates d\u00e9j\u00e0 client.\" data-reqmsg=\"Message ne peut pas \u00eatre vide.\" aria-required=\"true\" data-invmsg=\"Message no es v\u00e1lido\" aria-invalid=\"false\"  ><\/textarea>\r\n\t\r\n\t\r\n<\/div>\n<div id=\"frm_field_6_container\" class=\"frm_form_field form-field \">\r\n\t<div class=\"frm_submit frm_flex\">\r\n<button class=\"frm_button_submit\" type=\"submit\"  >Envoyer mon message<\/button>\r\n\r\n\r\n\r\n<\/div>\r\n<\/div>\n\t<input type=\"hidden\" name=\"item_key\" value=\"\" \/>\n\t\t\t<div id=\"frm_field_22_container\">\n\t\t\t<label for=\"field_rwomo\" >\n\t\t\t\tSi eres humano, deja este campo en blanco.\t\t\t<\/label>\n\t\t\t<input  id=\"field_rwomo\" type=\"text\" class=\"frm_form_field form-field frm_verify\" name=\"item_meta[22]\" value=\"\"  \/>\n\t\t<\/div>\n\t\t<input name=\"frm_state\" type=\"hidden\" value=\"VM2hdPIQv\/dh8f9cimN4dO20WnEzAKDTV925+HaFZfs=\" \/><\/div>\n<\/fieldset>\n<\/div>\n\n<\/form>\n<\/div>\n<\/div>\n<!-- \/wp:formidable\/simple-form --><!-- wp:paragraph -->\n<p style=\"padding-left: 80px;\">\u00a0<\/p>\n<!-- \/wp:paragraph -->\t\t\t\t\t\t\t\t<\/div>\n\t\t\t\t\t<\/div>\n\t\t\t\t<\/div>\n\t\t\t\t<\/div>\n\t\t","protected":false},"excerpt":{"rendered":"<p>Contact Pipeska \u2013 Soins capillaires bio pour cheveux textur\u00e9s Bienvenue sur la page Contact Pipeska. Notre \u00e9quipe est \u00e0 votre \u00e9coute pour r\u00e9pondre \u00e0 toutes vos questions sur nos soins capillaires bio d\u00e9di\u00e9s aux cheveux boucl\u00e9s, fris\u00e9s et cr\u00e9pus.\u00a0 Vous souhaitez des conseils personnalis\u00e9s, en savoir plus sur nos produits comme le Masque Capillaire Bio Professionnel ou le Shampooing Clarifiant Ocean Clean, ou encore discuter d\u2019une collaboration ? Remplissez simplement le formulaire ci-dessous. Pour aller plus loin, d\u00e9couvrez aussi nos conseils sur le blog Pipeska. Votre message est pr\u00e9cieux, chaque \u00e9change nous aide \u00e0 mieux vous accompagner dans l\u2019entretien naturel et sensoriel de vos cheveux.\u00a0 \u00a0Pour toute question, vous pouvez nous contacter \u00e0 l&rsquo;adresse suivante :\u00a0serviceclient@pipeska.fr \u00a0 \u00a0 \u00a0 \u00a0 \u00a0<\/p>","protected":false},"author":1,"featured_media":0,"parent":0,"menu_order":0,"comment_status":"closed","ping_status":"closed","template":"","meta":{"_uf_show_specific_survey":0,"_uf_disable_surveys":false,"footnotes":""},"class_list":["post-2704","page","type-page","status-publish","hentry","entry","owp-thumbs-layout-horizontal","owp-btn-normal","owp-tabs-layout-vertical","has-no-thumbnails","has-product-nav"],"yoast_head":"<!-- This site is optimized with the Yoast SEO plugin v27.3 - https:\/\/yoast.com\/product\/yoast-seo-wordpress\/ -->\n<title>Contact Pipeska \u2013 Soins capillaires bio pour cheveux textur\u00e9s - Pipeska<\/title>\n<meta name=\"description\" content=\"Contact Pipeska \u2013 soins capillaires bio pour cheveux textur\u00e9s. Posez vos questions, demandez des conseils ou d\u00e9couvrez nos produits naturels.\" \/>\n<meta name=\"robots\" content=\"index, follow, max-snippet:-1, max-image-preview:large, max-video-preview:-1\" \/>\n<link rel=\"canonical\" href=\"https:\/\/pipeska.fr\/es\/contacto-de-asistencia-rapida\/\" \/>\n<meta property=\"og:locale\" content=\"es_ES\" \/>\n<meta property=\"og:type\" content=\"article\" \/>\n<meta property=\"og:title\" content=\"Contact Pipeska \u2013 Soins capillaires bio pour cheveux textur\u00e9s - Pipeska\" \/>\n<meta property=\"og:description\" content=\"Contact Pipeska \u2013 soins capillaires bio pour cheveux textur\u00e9s. Posez vos questions, demandez des conseils ou d\u00e9couvrez nos produits naturels.\" \/>\n<meta property=\"og:url\" content=\"https:\/\/pipeska.fr\/es\/contacto-de-asistencia-rapida\/\" \/>\n<meta property=\"og:site_name\" content=\"Pipeska\" \/>\n<meta property=\"article:modified_time\" content=\"2026-01-07T10:59:56+00:00\" \/>\n<meta property=\"og:image\" content=\"https:\/\/pipeska.fr\/wp-content\/uploads\/2024\/09\/photo-yaniris-25-1-scaled.jpg\" \/>\n\t<meta property=\"og:image:width\" content=\"1920\" \/>\n\t<meta property=\"og:image:height\" content=\"2560\" \/>\n\t<meta property=\"og:image:type\" content=\"image\/jpeg\" \/>\n<meta name=\"twitter:card\" content=\"summary_large_image\" \/>\n<meta name=\"twitter:label1\" content=\"Tiempo de lectura\" \/>\n\t<meta name=\"twitter:data1\" content=\"1 minuto\" \/>\n<script type=\"application\/ld+json\" class=\"yoast-schema-graph\">{\"@context\":\"https:\\\/\\\/schema.org\",\"@graph\":[{\"@type\":\"Article\",\"@id\":\"https:\\\/\\\/pipeska.fr\\\/contact-assistance-rapide\\\/#article\",\"isPartOf\":{\"@id\":\"https:\\\/\\\/pipeska.fr\\\/contact-assistance-rapide\\\/\"},\"author\":{\"name\":\"Yaniris\",\"@id\":\"https:\\\/\\\/pipeska.fr\\\/#\\\/schema\\\/person\\\/798445eb43ba38a57fa580b65bdc0029\"},\"headline\":\"Contact Pipeska \u2013 Soins capillaires bio pour cheveux textur\u00e9s\",\"datePublished\":\"2024-09-28T12:59:27+00:00\",\"dateModified\":\"2026-01-07T10:59:56+00:00\",\"mainEntityOfPage\":{\"@id\":\"https:\\\/\\\/pipeska.fr\\\/contact-assistance-rapide\\\/\"},\"wordCount\":136,\"publisher\":{\"@id\":\"https:\\\/\\\/pipeska.fr\\\/#organization\"},\"image\":{\"@id\":\"https:\\\/\\\/pipeska.fr\\\/contact-assistance-rapide\\\/#primaryimage\"},\"thumbnailUrl\":\"https:\\\/\\\/s.w.org\\\/images\\\/core\\\/emoji\\\/16.0.1\\\/svg\\\/1f449.svg\",\"inLanguage\":\"es\"},{\"@type\":[\"WebPage\",\"ContactPage\"],\"@id\":\"https:\\\/\\\/pipeska.fr\\\/contact-assistance-rapide\\\/\",\"url\":\"https:\\\/\\\/pipeska.fr\\\/contact-assistance-rapide\\\/\",\"name\":\"Contact Pipeska \u2013 Soins capillaires bio pour cheveux textur\u00e9s - Pipeska\",\"isPartOf\":{\"@id\":\"https:\\\/\\\/pipeska.fr\\\/#website\"},\"primaryImageOfPage\":{\"@id\":\"https:\\\/\\\/pipeska.fr\\\/contact-assistance-rapide\\\/#primaryimage\"},\"image\":{\"@id\":\"https:\\\/\\\/pipeska.fr\\\/contact-assistance-rapide\\\/#primaryimage\"},\"thumbnailUrl\":\"https:\\\/\\\/s.w.org\\\/images\\\/core\\\/emoji\\\/16.0.1\\\/svg\\\/1f449.svg\",\"datePublished\":\"2024-09-28T12:59:27+00:00\",\"dateModified\":\"2026-01-07T10:59:56+00:00\",\"description\":\"Contact Pipeska \u2013 soins capillaires bio pour cheveux textur\u00e9s. Posez vos questions, demandez des conseils ou d\u00e9couvrez nos produits naturels.\",\"breadcrumb\":{\"@id\":\"https:\\\/\\\/pipeska.fr\\\/contact-assistance-rapide\\\/#breadcrumb\"},\"inLanguage\":\"es\",\"potentialAction\":[{\"@type\":\"ReadAction\",\"target\":[\"https:\\\/\\\/pipeska.fr\\\/contact-assistance-rapide\\\/\"]}]},{\"@type\":\"ImageObject\",\"inLanguage\":\"es\",\"@id\":\"https:\\\/\\\/pipeska.fr\\\/contact-assistance-rapide\\\/#primaryimage\",\"url\":\"https:\\\/\\\/s.w.org\\\/images\\\/core\\\/emoji\\\/16.0.1\\\/svg\\\/1f449.svg\",\"contentUrl\":\"https:\\\/\\\/s.w.org\\\/images\\\/core\\\/emoji\\\/16.0.1\\\/svg\\\/1f449.svg\"},{\"@type\":\"BreadcrumbList\",\"@id\":\"https:\\\/\\\/pipeska.fr\\\/contact-assistance-rapide\\\/#breadcrumb\",\"itemListElement\":[{\"@type\":\"ListItem\",\"position\":1,\"name\":\"Accueil\",\"item\":\"https:\\\/\\\/pipeska.fr\\\/\"},{\"@type\":\"ListItem\",\"position\":2,\"name\":\"Contact Pipeska \u2013 Soins capillaires bio pour cheveux textur\u00e9s\"}]},{\"@type\":\"WebSite\",\"@id\":\"https:\\\/\\\/pipeska.fr\\\/#website\",\"url\":\"https:\\\/\\\/pipeska.fr\\\/\",\"name\":\"Pipeska\",\"description\":\"Bio - Made in France - Caribbean Inspired\",\"publisher\":{\"@id\":\"https:\\\/\\\/pipeska.fr\\\/#organization\"},\"potentialAction\":[{\"@type\":\"SearchAction\",\"target\":{\"@type\":\"EntryPoint\",\"urlTemplate\":\"https:\\\/\\\/pipeska.fr\\\/?s={search_term_string}\"},\"query-input\":{\"@type\":\"PropertyValueSpecification\",\"valueRequired\":true,\"valueName\":\"search_term_string\"}}],\"inLanguage\":\"es\"},{\"@type\":\"Organization\",\"@id\":\"https:\\\/\\\/pipeska.fr\\\/#organization\",\"name\":\"Pipeska\",\"url\":\"https:\\\/\\\/pipeska.fr\\\/\",\"logo\":{\"@type\":\"ImageObject\",\"inLanguage\":\"es\",\"@id\":\"https:\\\/\\\/pipeska.fr\\\/#\\\/schema\\\/logo\\\/image\\\/\",\"url\":\"https:\\\/\\\/pipeska.fr\\\/wp-content\\\/uploads\\\/2024\\\/07\\\/Pipeska_logo_couleur_fondtransparent.png\",\"contentUrl\":\"https:\\\/\\\/pipeska.fr\\\/wp-content\\\/uploads\\\/2024\\\/07\\\/Pipeska_logo_couleur_fondtransparent.png\",\"width\":1771,\"height\":1181,\"caption\":\"Pipeska\"},\"image\":{\"@id\":\"https:\\\/\\\/pipeska.fr\\\/#\\\/schema\\\/logo\\\/image\\\/\"}},{\"@type\":\"Person\",\"@id\":\"https:\\\/\\\/pipeska.fr\\\/#\\\/schema\\\/person\\\/798445eb43ba38a57fa580b65bdc0029\",\"name\":\"Yaniris\",\"image\":{\"@type\":\"ImageObject\",\"inLanguage\":\"es\",\"@id\":\"https:\\\/\\\/secure.gravatar.com\\\/avatar\\\/82e3c245bcbfc2739807c608e824670b3962d13779094fc4f0c4d66755194d02?s=96&d=mm&r=g\",\"url\":\"https:\\\/\\\/secure.gravatar.com\\\/avatar\\\/82e3c245bcbfc2739807c608e824670b3962d13779094fc4f0c4d66755194d02?s=96&d=mm&r=g\",\"contentUrl\":\"https:\\\/\\\/secure.gravatar.com\\\/avatar\\\/82e3c245bcbfc2739807c608e824670b3962d13779094fc4f0c4d66755194d02?s=96&d=mm&r=g\",\"caption\":\"Yaniris\"},\"sameAs\":[\"https:\\\/\\\/pipeska.fr\"],\"url\":\"https:\\\/\\\/pipeska.fr\\\/es\\\/author\\\/yaniris\\\/\"}]}<\/script>\n<!-- \/ Yoast SEO plugin. -->","yoast_head_json":{"title":"Contacto Pipeska - Cuidado capilar org\u00e1nico para cabello con textura - Pipeska","description":"Contacto Pipeska - cuidado capilar org\u00e1nico para cabellos con textura. Haga sus preguntas, pida consejo o descubra nuestros productos naturales.","robots":{"index":"index","follow":"follow","max-snippet":"max-snippet:-1","max-image-preview":"max-image-preview:large","max-video-preview":"max-video-preview:-1"},"canonical":"https:\/\/pipeska.fr\/es\/contacto-de-asistencia-rapida\/","og_locale":"es_ES","og_type":"article","og_title":"Contact Pipeska \u2013 Soins capillaires bio pour cheveux textur\u00e9s - Pipeska","og_description":"Contact Pipeska \u2013 soins capillaires bio pour cheveux textur\u00e9s. Posez vos questions, demandez des conseils ou d\u00e9couvrez nos produits naturels.","og_url":"https:\/\/pipeska.fr\/es\/contacto-de-asistencia-rapida\/","og_site_name":"Pipeska","article_modified_time":"2026-01-07T10:59:56+00:00","og_image":[{"width":1920,"height":2560,"url":"https:\/\/pipeska.fr\/wp-content\/uploads\/2024\/09\/photo-yaniris-25-1-scaled.jpg","type":"image\/jpeg"}],"twitter_card":"summary_large_image","twitter_misc":{"Tiempo de lectura":"1 minuto"},"schema":{"@context":"https:\/\/schema.org","@graph":[{"@type":"Article","@id":"https:\/\/pipeska.fr\/contact-assistance-rapide\/#article","isPartOf":{"@id":"https:\/\/pipeska.fr\/contact-assistance-rapide\/"},"author":{"name":"Yaniris","@id":"https:\/\/pipeska.fr\/#\/schema\/person\/798445eb43ba38a57fa580b65bdc0029"},"headline":"Contact Pipeska \u2013 Soins capillaires bio pour cheveux textur\u00e9s","datePublished":"2024-09-28T12:59:27+00:00","dateModified":"2026-01-07T10:59:56+00:00","mainEntityOfPage":{"@id":"https:\/\/pipeska.fr\/contact-assistance-rapide\/"},"wordCount":136,"publisher":{"@id":"https:\/\/pipeska.fr\/#organization"},"image":{"@id":"https:\/\/pipeska.fr\/contact-assistance-rapide\/#primaryimage"},"thumbnailUrl":"https:\/\/s.w.org\/images\/core\/emoji\/16.0.1\/svg\/1f449.svg","inLanguage":"es"},{"@type":["WebPage","ContactPage"],"@id":"https:\/\/pipeska.fr\/contact-assistance-rapide\/","url":"https:\/\/pipeska.fr\/contact-assistance-rapide\/","name":"Contacto Pipeska - Cuidado capilar org\u00e1nico para cabello con textura - Pipeska","isPartOf":{"@id":"https:\/\/pipeska.fr\/#website"},"primaryImageOfPage":{"@id":"https:\/\/pipeska.fr\/contact-assistance-rapide\/#primaryimage"},"image":{"@id":"https:\/\/pipeska.fr\/contact-assistance-rapide\/#primaryimage"},"thumbnailUrl":"https:\/\/s.w.org\/images\/core\/emoji\/16.0.1\/svg\/1f449.svg","datePublished":"2024-09-28T12:59:27+00:00","dateModified":"2026-01-07T10:59:56+00:00","description":"Contacto Pipeska - cuidado capilar org\u00e1nico para cabellos con textura. Haga sus preguntas, pida consejo o descubra nuestros productos naturales.","breadcrumb":{"@id":"https:\/\/pipeska.fr\/contact-assistance-rapide\/#breadcrumb"},"inLanguage":"es","potentialAction":[{"@type":"ReadAction","target":["https:\/\/pipeska.fr\/contact-assistance-rapide\/"]}]},{"@type":"ImageObject","inLanguage":"es","@id":"https:\/\/pipeska.fr\/contact-assistance-rapide\/#primaryimage","url":"https:\/\/s.w.org\/images\/core\/emoji\/16.0.1\/svg\/1f449.svg","contentUrl":"https:\/\/s.w.org\/images\/core\/emoji\/16.0.1\/svg\/1f449.svg"},{"@type":"BreadcrumbList","@id":"https:\/\/pipeska.fr\/contact-assistance-rapide\/#breadcrumb","itemListElement":[{"@type":"ListItem","position":1,"name":"Accueil","item":"https:\/\/pipeska.fr\/"},{"@type":"ListItem","position":2,"name":"Contact Pipeska \u2013 Soins capillaires bio pour cheveux textur\u00e9s"}]},{"@type":"WebSite","@id":"https:\/\/pipeska.fr\/#website","url":"https:\/\/pipeska.fr\/","name":"Pipeska","description":"Bio - Made in France - Inspiraci\u00f3n caribe\u00f1a","publisher":{"@id":"https:\/\/pipeska.fr\/#organization"},"potentialAction":[{"@type":"SearchAction","target":{"@type":"EntryPoint","urlTemplate":"https:\/\/pipeska.fr\/?s={search_term_string}"},"query-input":{"@type":"PropertyValueSpecification","valueRequired":true,"valueName":"search_term_string"}}],"inLanguage":"es"},{"@type":"Organization","@id":"https:\/\/pipeska.fr\/#organization","name":"Pipeska","url":"https:\/\/pipeska.fr\/","logo":{"@type":"ImageObject","inLanguage":"es","@id":"https:\/\/pipeska.fr\/#\/schema\/logo\/image\/","url":"https:\/\/pipeska.fr\/wp-content\/uploads\/2024\/07\/Pipeska_logo_couleur_fondtransparent.png","contentUrl":"https:\/\/pipeska.fr\/wp-content\/uploads\/2024\/07\/Pipeska_logo_couleur_fondtransparent.png","width":1771,"height":1181,"caption":"Pipeska"},"image":{"@id":"https:\/\/pipeska.fr\/#\/schema\/logo\/image\/"}},{"@type":"Person","@id":"https:\/\/pipeska.fr\/#\/schema\/person\/798445eb43ba38a57fa580b65bdc0029","name":"Yaniris","image":{"@type":"ImageObject","inLanguage":"es","@id":"https:\/\/secure.gravatar.com\/avatar\/82e3c245bcbfc2739807c608e824670b3962d13779094fc4f0c4d66755194d02?s=96&d=mm&r=g","url":"https:\/\/secure.gravatar.com\/avatar\/82e3c245bcbfc2739807c608e824670b3962d13779094fc4f0c4d66755194d02?s=96&d=mm&r=g","contentUrl":"https:\/\/secure.gravatar.com\/avatar\/82e3c245bcbfc2739807c608e824670b3962d13779094fc4f0c4d66755194d02?s=96&d=mm&r=g","caption":"Yaniris"},"sameAs":["https:\/\/pipeska.fr"],"url":"https:\/\/pipeska.fr\/es\/author\/yaniris\/"}]}},"_links":{"self":[{"href":"https:\/\/pipeska.fr\/es\/wp-json\/wp\/v2\/pages\/2704","targetHints":{"allow":["GET"]}}],"collection":[{"href":"https:\/\/pipeska.fr\/es\/wp-json\/wp\/v2\/pages"}],"about":[{"href":"https:\/\/pipeska.fr\/es\/wp-json\/wp\/v2\/types\/page"}],"author":[{"embeddable":true,"href":"https:\/\/pipeska.fr\/es\/wp-json\/wp\/v2\/users\/1"}],"replies":[{"embeddable":true,"href":"https:\/\/pipeska.fr\/es\/wp-json\/wp\/v2\/comments?post=2704"}],"version-history":[{"count":16,"href":"https:\/\/pipeska.fr\/es\/wp-json\/wp\/v2\/pages\/2704\/revisions"}],"predecessor-version":[{"id":4596,"href":"https:\/\/pipeska.fr\/es\/wp-json\/wp\/v2\/pages\/2704\/revisions\/4596"}],"wp:attachment":[{"href":"https:\/\/pipeska.fr\/es\/wp-json\/wp\/v2\/media?parent=2704"}],"curies":[{"name":"wp","href":"https:\/\/api.w.org\/{rel}","templated":true}]}}