{"id":3165,"date":"2025-07-25T03:35:20","date_gmt":"2025-07-25T03:35:20","guid":{"rendered":"https:\/\/pipeska.fr\/?page_id=3165"},"modified":"2025-10-03T14:25:17","modified_gmt":"2025-10-03T14:25:17","slug":"compromisos-de-pipeska","status":"publish","type":"page","link":"https:\/\/pipeska.fr\/es\/engagements-pipeska\/","title":{"rendered":"Nuestra misi\u00f3n y nuestros valores."},"content":{"rendered":"<div data-elementor-type=\"wp-page\" data-elementor-id=\"3165\" class=\"elementor elementor-3165\">\n\t\t\t\t<div class=\"elementor-element elementor-element-22c0d8d e-flex e-con-boxed wpr-particle-no wpr-jarallax-no wpr-parallax-no wpr-sticky-section-no wpr-equal-height-no e-con e-parent\" data-id=\"22c0d8d\" data-element_type=\"container\" data-e-type=\"container\">\n\t\t\t\t\t<div class=\"e-con-inner\">\n\t\t\t\t<div class=\"elementor-element elementor-element-e965d22 elementor-widget-divider--view-line elementor-widget elementor-widget-divider\" data-id=\"e965d22\" data-element_type=\"widget\" data-e-type=\"widget\" data-widget_type=\"divider.default\">\n\t\t\t\t\t\t\t<div class=\"elementor-divider\">\n\t\t\t<span class=\"elementor-divider-separator\">\n\t\t\t\t\t\t<\/span>\n\t\t<\/div>\n\t\t\t\t\t\t<\/div>\n\t\t\t\t<div class=\"elementor-element elementor-element-503a233 elementor-widget elementor-widget-heading\" data-id=\"503a233\" data-element_type=\"widget\" data-e-type=\"widget\" data-widget_type=\"heading.default\">\n\t\t\t\t\t<h1 class=\"elementor-heading-title elementor-size-default\">Misi\u00f3n y valores<\/h1>\t\t\t\t<\/div>\n\t\t\t\t\t<\/div>\n\t\t\t\t<\/div>\n\t\t<div class=\"elementor-element elementor-element-19260a2 e-flex e-con-boxed wpr-particle-no wpr-jarallax-no wpr-parallax-no wpr-sticky-section-no wpr-equal-height-no e-con e-parent\" data-id=\"19260a2\" data-element_type=\"container\" data-e-type=\"container\">\n\t\t\t\t\t<div class=\"e-con-inner\">\n\t\t\t\t<div class=\"elementor-element elementor-element-e0535cf elementor-widget elementor-widget-spacer\" data-id=\"e0535cf\" data-element_type=\"widget\" data-e-type=\"widget\" data-widget_type=\"spacer.default\">\n\t\t\t\t\t\t\t<div class=\"elementor-spacer\">\n\t\t\t<div class=\"elementor-spacer-inner\"><\/div>\n\t\t<\/div>\n\t\t\t\t\t\t<\/div>\n\t\t\t\t<div class=\"elementor-element elementor-element-fe0e302 elementor-widget__width-initial elementor-widget elementor-widget-text-editor\" data-id=\"fe0e302\" data-element_type=\"widget\" data-e-type=\"widget\" data-widget_type=\"text-editor.default\">\n\t\t\t\t\t\t\t\t\t<h1 data-start=\"120\" data-end=\"142\"><strong data-start=\"196\" data-end=\"234\">Valores y compromisos<\/strong> <a href=\"https:\/\/pipeska.fr\/es\/cuidado-capilar-bio-pipeska\/\"><strong data-start=\"1276\" data-end=\"1287\">Pipeska<\/strong><\/a> :\u00a0<\/h1><h3 data-start=\"275\" data-end=\"588\">En Pipeska, creamos <strong data-start=\"346\" data-end=\"405\"><a href=\"https:\/\/pipeska.fr\/es\/producto\/mascarilla-hidratante-ecologica-para-cabellos-secos-y-danados\/\" target=\"_blank\" rel=\"noopener\">cuidado capilar ecol\u00f3gico certificado,<\/a> \u00e9tico y sensorial<\/strong>especialmente dise\u00f1ado para <strong data-start=\"436\" data-end=\"456\">cabello con textura<\/strong>. Inspirado por la riqueza de <strong data-start=\"487\" data-end=\"499\">Caribe<\/strong> y fabricado en <strong data-start=\"516\" data-end=\"526\">Francia<\/strong>nuestros productos combinan <strong data-start=\"549\" data-end=\"585\">autenticidad, calidad y respeto<\/strong>.<\/h3>\t\t\t\t\t\t\t\t<\/div>\n\t\t\t\t\t<\/div>\n\t\t\t\t<\/div>\n\t\t<div class=\"elementor-element elementor-element-1bdf474 e-flex e-con-boxed wpr-particle-no wpr-jarallax-no wpr-parallax-no wpr-sticky-section-no wpr-equal-height-no e-con e-parent\" data-id=\"1bdf474\" data-element_type=\"container\" data-e-type=\"container\">\n\t\t\t\t\t<div class=\"e-con-inner\">\n\t\t<div class=\"elementor-element elementor-element-65eb22e e-con-full e-flex wpr-particle-no wpr-jarallax-no wpr-parallax-no wpr-sticky-section-no wpr-equal-height-no e-con e-child\" data-id=\"65eb22e\" data-element_type=\"container\" data-e-type=\"container\">\n\t\t\t\t<div class=\"elementor-element elementor-element-95748f1 elementor-widget elementor-widget-spacer\" data-id=\"95748f1\" data-element_type=\"widget\" data-e-type=\"widget\" data-widget_type=\"spacer.default\">\n\t\t\t\t\t\t\t<div class=\"elementor-spacer\">\n\t\t\t<div class=\"elementor-spacer-inner\"><\/div>\n\t\t<\/div>\n\t\t\t\t\t\t<\/div>\n\t\t\t\t<div class=\"elementor-element elementor-element-e00e0cb elementor-widget elementor-widget-text-editor\" data-id=\"e00e0cb\" data-element_type=\"widget\" data-e-type=\"widget\" data-widget_type=\"text-editor.default\">\n\t\t\t\t\t\t\t\t\t<h2 data-start=\"583\" data-end=\"601\"><a href=\"https:\/\/pipeska.fr\/es\/yaniris-coiffure-caribee\/\" target=\"_blank\" rel=\"noopener\"><strong>Los valores de Pipeska, un v\u00ednculo entre el Caribe y Francia<\/strong><\/a><\/h2><h3 data-start=\"583\" data-end=\"601\">Pipeska naci\u00f3 de la experiencia de <strong data-start=\"696\" data-end=\"707\">Yaniris<\/strong>peluquera caribe\u00f1a afincada en Francia. Su objetivo es sencillo: ofrecer <strong data-start=\"788\" data-end=\"825\"><a href=\"https:\/\/pipeska.fr\/es\/producto\/hidratacion-cabello-fino-2\/\" target=\"_blank\" rel=\"noopener\">pelo rizado<\/a>rizado y<a href=\"https:\/\/pipeska.fr\/es\/producto\/champu-clarificante-ecologico-ocean-clean\/\" target=\"_blank\" rel=\"noopener\"> rizado<\/a><\/strong> de <strong data-start=\"830\" data-end=\"879\">f\u00f3rmulas naturales, eficaces y asequibles<\/strong>. Nuestros valores unen<strong data-start=\"904\" data-end=\"929\">inspiraci\u00f3n tropical<\/strong> y el <strong data-start=\"936\" data-end=\"957\">Calidad francesa<\/strong>para revelar la belleza del cabello texturizado.<\/h3>\t\t\t\t\t\t\t\t<\/div>\n\t\t\t\t<\/div>\n\t\t<div class=\"elementor-element elementor-element-691ae0f e-con-full e-flex wpr-particle-no wpr-jarallax-no wpr-parallax-no wpr-sticky-section-no wpr-equal-height-no e-con e-child\" data-id=\"691ae0f\" data-element_type=\"container\" data-e-type=\"container\">\n\t\t\t\t<div class=\"elementor-element elementor-element-43cd2fe elementor-widget elementor-widget-spacer\" data-id=\"43cd2fe\" data-element_type=\"widget\" data-e-type=\"widget\" data-widget_type=\"spacer.default\">\n\t\t\t\t\t\t\t<div class=\"elementor-spacer\">\n\t\t\t<div class=\"elementor-spacer-inner\"><\/div>\n\t\t<\/div>\n\t\t\t\t\t\t<\/div>\n\t\t\t\t<div class=\"elementor-element elementor-element-aa78891 elementor-widget elementor-widget-image\" data-id=\"aa78891\" data-element_type=\"widget\" data-e-type=\"widget\" data-widget_type=\"image.default\">\n\t\t\t\t\t\t\t\t\t\t\t\t\t\t\t<img decoding=\"async\" data-src=\"https:\/\/pipeska.fr\/wp-content\/uploads\/2025\/10\/pipeska-nature-bio.png\" title=\"\" alt=\"\" src=\"data:image\/svg+xml;base64,PHN2ZyB3aWR0aD0iMSIgaGVpZ2h0PSIxIiB4bWxucz0iaHR0cDovL3d3dy53My5vcmcvMjAwMC9zdmciPjwvc3ZnPg==\" class=\"lazyload\" \/>\t\t\t\t\t\t\t\t\t\t\t\t\t\t\t<\/div>\n\t\t\t\t<\/div>\n\t\t\t\t\t<\/div>\n\t\t\t\t<\/div>\n\t\t<div class=\"elementor-element elementor-element-6883304 e-flex e-con-boxed wpr-particle-no wpr-jarallax-no wpr-parallax-no wpr-sticky-section-no wpr-equal-height-no e-con e-parent\" data-id=\"6883304\" data-element_type=\"container\" data-e-type=\"container\">\n\t\t\t\t\t<div class=\"e-con-inner\">\n\t\t<div class=\"elementor-element elementor-element-58e8598 e-con-full e-flex wpr-particle-no wpr-jarallax-no wpr-parallax-no wpr-sticky-section-no wpr-equal-height-no e-con e-child\" data-id=\"58e8598\" data-element_type=\"container\" data-e-type=\"container\">\n\t\t\t\t<div class=\"elementor-element elementor-element-40cd79c elementor-widget elementor-widget-spacer\" data-id=\"40cd79c\" data-element_type=\"widget\" data-e-type=\"widget\" data-widget_type=\"spacer.default\">\n\t\t\t\t\t\t\t<div class=\"elementor-spacer\">\n\t\t\t<div class=\"elementor-spacer-inner\"><\/div>\n\t\t<\/div>\n\t\t\t\t\t\t<\/div>\n\t\t\t\t<div class=\"elementor-element elementor-element-ebc66f0 elementor-widget elementor-widget-text-editor\" data-id=\"ebc66f0\" data-element_type=\"widget\" data-e-type=\"widget\" data-widget_type=\"text-editor.default\">\n\t\t\t\t\t\t\t\t\t<h2 data-start=\"1003\" data-end=\"1050\"><strong data-start=\"1003\" data-end=\"1048\">\u00a0Nuestros compromisos Pipeska en 4 pilares<\/strong><\/h2><h3 data-start=\"1052\" data-end=\"1292\"><strong data-start=\"1052\" data-end=\"1087\">Naturaleza y certificaci\u00f3n ecol\u00f3gica<\/strong><br data-start=\"1087\" data-end=\"1090\" \/>Todos nuestros <a href=\"https:\/\/pipeska.fr\/es\/producto\/clarificador-capilar-ecologico\/\" target=\"_blank\" rel=\"noopener\">productos<\/a> son <strong data-start=\"1122\" data-end=\"1143\">Certificado Ecocert<\/strong>garantizando <a href=\"https:\/\/pipeska.fr\/es\/producto\/pipeska-balsamo-universal-ecologico\/\" target=\"_blank\" rel=\"noopener\">ingredientes <\/a><strong data-start=\"1174\" data-end=\"1221\"><a href=\"\/es\/_wp_link_placeholder\/\">natural<\/a>seguro y respetuoso con el planeta<\/strong>.<\/h3><h3 data-start=\"1052\" data-end=\"1292\">\ud83d\udc49 <a href=\"https:\/\/www.ecocert.com\/fr-FR\" target=\"_blank\" rel=\"noopener\">M\u00e1s informaci\u00f3n sobre la certificaci\u00f3n Ecocert<\/a><\/h3><h3 data-start=\"1052\" data-end=\"1292\"><strong data-start=\"1294\" data-end=\"1329\">Experiencia en cabellos texturizados<\/strong><br data-start=\"1329\" data-end=\"1332\" \/>Hidrataci\u00f3n, reparaci\u00f3n, brillo y luminosidad: nuestros tratamientos <strong>revelan la belleza natural del cabello rizado, encrespado y ensortijado.<\/strong><\/h3><h3 data-start=\"1518\" data-end=\"1697\"><strong data-start=\"1518\" data-end=\"1547\">\u00c9tica y sostenibilidad<\/strong><br data-start=\"1547\" data-end=\"1550\" \/>Elegimos un <strong data-start=\"1499\" data-end=\"1525\">producci\u00f3n responsable<\/strong> con <strong data-start=\"1535\" data-end=\"1560\">envases ecodise\u00f1ados<\/strong> y materias primas cuidadosamente seleccionadas.<\/h3><h3 data-start=\"1699\" data-end=\"1861\"><strong data-start=\"1699\" data-end=\"1733\">Sensorialidad y experiencia<\/strong><br data-start=\"1733\" data-end=\"1736\" \/>Cuidarse el pelo se convierte en un <strong data-start=\"1691\" data-end=\"1714\">ritual del bienestar<\/strong> gracias a <strong data-start=\"1727\" data-end=\"1750\">texturas cremosas<\/strong> y <strong data-start=\"1758\" data-end=\"1780\">aromas delicados<\/strong>.<\/h3>\t\t\t\t\t\t\t\t<\/div>\n\t\t\t\t<\/div>\n\t\t\t\t\t<\/div>\n\t\t\t\t<\/div>\n\t\t<div class=\"elementor-element elementor-element-d5a9eec e-flex e-con-boxed wpr-particle-no wpr-jarallax-no wpr-parallax-no wpr-sticky-section-no wpr-equal-height-no e-con e-parent\" data-id=\"d5a9eec\" data-element_type=\"container\" data-e-type=\"container\">\n\t\t\t\t\t<div class=\"e-con-inner\">\n\t\t\t\t<div class=\"elementor-element elementor-element-dbbfa86 elementor-widget elementor-widget-image\" data-id=\"dbbfa86\" data-element_type=\"widget\" data-e-type=\"widget\" data-widget_type=\"image.default\">\n\t\t\t\t\t\t\t\t\t\t\t\t<figure class=\"wp-caption\">\n\t\t\t\t\t\t\t\t\t\t<img decoding=\"async\" data-src=\"https:\/\/pipeska.fr\/wp-content\/uploads\/2024\/07\/Marron-Simple-Montage-Publication-Facebook-9.png\" title=\"\" alt=\"\" src=\"data:image\/svg+xml;base64,PHN2ZyB3aWR0aD0iMSIgaGVpZ2h0PSIxIiB4bWxucz0iaHR0cDovL3d3dy53My5vcmcvMjAwMC9zdmciPjwvc3ZnPg==\" class=\"lazyload\" \/>\t\t\t\t\t\t\t\t\t\t\t<figcaption class=\"widget-image-caption wp-caption-text\"><\/figcaption>\n\t\t\t\t\t\t\t\t\t\t<\/figure>\n\t\t\t\t\t\t\t\t\t<\/div>\n\t\t\t\t<div class=\"elementor-element elementor-element-4b78e12 elementor-widget elementor-widget-text-editor\" data-id=\"4b78e12\" data-element_type=\"widget\" data-e-type=\"widget\" data-widget_type=\"text-editor.default\">\n\t\t\t\t\t\t\t\t\t<h2 data-start=\"2486\" data-end=\"2520\"><a href=\"https:\/\/pipeska.fr\/es\/yaniris-coiffure-caribee\/\"><strong data-start=\"2486\" data-end=\"2518\">- \u00bfPor qu\u00e9 elegirnos?<\/strong><\/a><\/h2><p data-start=\"1830\" data-end=\"1877\"><strong data-start=\"1830\" data-end=\"1875\">Cuidado capilar ecol\u00f3gico certificado en <a href=\"https:\/\/www.economie.gouv.fr\/cedef\/fiches-pratiques\/la-mention-fabrique-en-france-ou-made-france\" target=\"_blank\" rel=\"noopener\">Francia<\/a><\/strong><\/p><p data-start=\"1880\" data-end=\"1927\"><strong data-start=\"1880\" data-end=\"1925\">Especialmente dise\u00f1ado para cabellos texturizados<\/strong><\/p><p data-start=\"1930\" data-end=\"1982\"><strong data-start=\"1930\" data-end=\"1980\">Una marca comprometida con la \u00e9tica y la sostenibilidad<\/strong><\/p><p data-start=\"1985\" data-end=\"2020\"><strong data-start=\"1985\" data-end=\"2018\"><a href=\"https:\/\/pipeska.fr\/es\/producto\/mascarilla-hidratante-bio-para-cabello-sensible-cuidado-profesional\/\" target=\"_blank\" rel=\"noopener\">Experiencia sensorial<\/a> \u00fanico<\/strong><\/p>\t\t\t\t\t\t\t\t<\/div>\n\t\t\t\t\t<\/div>\n\t\t\t\t<\/div>\n\t\t\t\t<\/div>","protected":false},"excerpt":{"rendered":"<p>Notre mission &amp; valeurs Valeurs &amp; Engagements Pipeska :\u00a0 Chez Pipeska, nous cr\u00e9ons des soins capillaires bio certifi\u00e9s, \u00e9thiques et sensoriels, sp\u00e9cialement con\u00e7us pour les cheveux textur\u00e9s. Inspir\u00e9s par la richesse des Cara\u00efbes et fabriqu\u00e9s en France, nos produits allient authenticit\u00e9, qualit\u00e9 et respect. Les valeurs Pipeska \u2013 un lien entre Cara\u00efbes et France Pipeska est n\u00e9e de l\u2019exp\u00e9rience de Yaniris, coiffeuse carib\u00e9enne install\u00e9e en France. Son objectif est simple : offrir aux cheveux boucl\u00e9s, fris\u00e9s et cr\u00e9pus des formules naturelles, efficaces et accessibles. Nos valeurs unissent l\u2019inspiration tropicale et la qualit\u00e9 fran\u00e7aise, pour r\u00e9v\u00e9ler la beaut\u00e9 des cheveux textur\u00e9s. \u00a0Nos engagements Pipeska en 4 piliers Nature &amp; Certification bioTous nos produits sont certifi\u00e9s Ecocert, garantissant des ingr\u00e9dients naturels, s\u00fbrs et respectueux de la plan\u00e8te. \ud83d\udc49 En savoir plus sur la certification Ecocert Expertise cheveux textur\u00e9sHydratation, r\u00e9paration, brillance et l\u00e9g\u00e8ret\u00e9 : nos soins r\u00e9v\u00e8lent la beaut\u00e9 naturelle des cheveux boucl\u00e9s, fris\u00e9s et cr\u00e9pus. \u00c9thique &amp; durabilit\u00e9Nous choisissons une production responsable avec des emballages \u00e9co-con\u00e7us et des mati\u00e8res premi\u00e8res s\u00e9lectionn\u00e9es avec soin. Sensorialit\u00e9 &amp; exp\u00e9riencePrendre soin de ses cheveux devient un rituel de bien-\u00eatre gr\u00e2ce \u00e0 des textures onctueuses et des senteurs d\u00e9licates. \u2013 Pourquoi nous choisir ? Soins capillaires bio certifi\u00e9s en France Sp\u00e9cialement con\u00e7us pour cheveux textur\u00e9s Marque engag\u00e9e pour l\u2019\u00e9thique et la durabilit\u00e9 Exp\u00e9rience sensorielle unique<\/p>","protected":false},"author":1,"featured_media":0,"parent":0,"menu_order":0,"comment_status":"closed","ping_status":"closed","template":"","meta":{"_uf_show_specific_survey":0,"_uf_disable_surveys":false,"footnotes":""},"class_list":["post-3165","page","type-page","status-publish","hentry","entry","owp-thumbs-layout-horizontal","owp-btn-normal","owp-tabs-layout-vertical","has-no-thumbnails","has-product-nav"],"yoast_head":"<!-- This site is optimized with the Yoast SEO plugin v27.3 - https:\/\/yoast.com\/product\/yoast-seo-wordpress\/ -->\n<title>Notre mission &amp; valeurs. - Pipeska<\/title>\n<meta name=\"description\" content=\"Nos Valeurs Pipeska : soins capillaires bio, \u00e9thiques et sensoriels pour cheveux textur\u00e9s. Engagement durable et made in France.\" \/>\n<meta name=\"robots\" content=\"index, follow, max-snippet:-1, max-image-preview:large, max-video-preview:-1\" \/>\n<link rel=\"canonical\" href=\"https:\/\/pipeska.fr\/es\/compromisos-de-pipeska\/\" \/>\n<meta property=\"og:locale\" content=\"es_ES\" \/>\n<meta property=\"og:type\" content=\"article\" \/>\n<meta property=\"og:title\" content=\"Notre mission &amp; valeurs. - Pipeska\" \/>\n<meta property=\"og:description\" content=\"Nos Valeurs Pipeska : soins capillaires bio, \u00e9thiques et sensoriels pour cheveux textur\u00e9s. Engagement durable et made in France.\" \/>\n<meta property=\"og:url\" content=\"https:\/\/pipeska.fr\/es\/compromisos-de-pipeska\/\" \/>\n<meta property=\"og:site_name\" content=\"Pipeska\" \/>\n<meta property=\"article:modified_time\" content=\"2025-10-03T14:25:17+00:00\" \/>\n<meta property=\"og:image\" content=\"https:\/\/pipeska.fr\/wp-content\/uploads\/2025\/10\/pipeska-nature-bio-1024x576.png\" \/>\n<meta name=\"twitter:card\" content=\"summary_large_image\" \/>\n<meta name=\"twitter:label1\" content=\"Tiempo de lectura\" \/>\n\t<meta name=\"twitter:data1\" content=\"2 minutos\" \/>\n<script type=\"application\/ld+json\" class=\"yoast-schema-graph\">{\"@context\":\"https:\\\/\\\/schema.org\",\"@graph\":[{\"@type\":\"WebPage\",\"@id\":\"https:\\\/\\\/pipeska.fr\\\/engagements-pipeska\\\/\",\"url\":\"https:\\\/\\\/pipeska.fr\\\/engagements-pipeska\\\/\",\"name\":\"Notre mission &amp; valeurs. - Pipeska\",\"isPartOf\":{\"@id\":\"https:\\\/\\\/pipeska.fr\\\/#website\"},\"primaryImageOfPage\":{\"@id\":\"https:\\\/\\\/pipeska.fr\\\/engagements-pipeska\\\/#primaryimage\"},\"image\":{\"@id\":\"https:\\\/\\\/pipeska.fr\\\/engagements-pipeska\\\/#primaryimage\"},\"thumbnailUrl\":\"https:\\\/\\\/pipeska.fr\\\/wp-content\\\/uploads\\\/2025\\\/10\\\/pipeska-nature-bio-1024x576.png\",\"datePublished\":\"2025-07-25T03:35:20+00:00\",\"dateModified\":\"2025-10-03T14:25:17+00:00\",\"description\":\"Nos Valeurs Pipeska : soins capillaires bio, \u00e9thiques et sensoriels pour cheveux textur\u00e9s. Engagement durable et made in France.\",\"breadcrumb\":{\"@id\":\"https:\\\/\\\/pipeska.fr\\\/engagements-pipeska\\\/#breadcrumb\"},\"inLanguage\":\"es\",\"potentialAction\":[{\"@type\":\"ReadAction\",\"target\":[\"https:\\\/\\\/pipeska.fr\\\/engagements-pipeska\\\/\"]}]},{\"@type\":\"ImageObject\",\"inLanguage\":\"es\",\"@id\":\"https:\\\/\\\/pipeska.fr\\\/engagements-pipeska\\\/#primaryimage\",\"url\":\"https:\\\/\\\/pipeska.fr\\\/wp-content\\\/uploads\\\/2025\\\/10\\\/pipeska-nature-bio-1024x576.png\",\"contentUrl\":\"https:\\\/\\\/pipeska.fr\\\/wp-content\\\/uploads\\\/2025\\\/10\\\/pipeska-nature-bio-1024x576.png\"},{\"@type\":\"BreadcrumbList\",\"@id\":\"https:\\\/\\\/pipeska.fr\\\/engagements-pipeska\\\/#breadcrumb\",\"itemListElement\":[{\"@type\":\"ListItem\",\"position\":1,\"name\":\"Accueil\",\"item\":\"https:\\\/\\\/pipeska.fr\\\/\"},{\"@type\":\"ListItem\",\"position\":2,\"name\":\"Notre mission &amp; valeurs.\"}]},{\"@type\":\"WebSite\",\"@id\":\"https:\\\/\\\/pipeska.fr\\\/#website\",\"url\":\"https:\\\/\\\/pipeska.fr\\\/\",\"name\":\"Pipeska\",\"description\":\"Bio - Made in France - Caribbean Inspired\",\"publisher\":{\"@id\":\"https:\\\/\\\/pipeska.fr\\\/#organization\"},\"potentialAction\":[{\"@type\":\"SearchAction\",\"target\":{\"@type\":\"EntryPoint\",\"urlTemplate\":\"https:\\\/\\\/pipeska.fr\\\/?s={search_term_string}\"},\"query-input\":{\"@type\":\"PropertyValueSpecification\",\"valueRequired\":true,\"valueName\":\"search_term_string\"}}],\"inLanguage\":\"es\"},{\"@type\":\"Organization\",\"@id\":\"https:\\\/\\\/pipeska.fr\\\/#organization\",\"name\":\"Pipeska\",\"url\":\"https:\\\/\\\/pipeska.fr\\\/\",\"logo\":{\"@type\":\"ImageObject\",\"inLanguage\":\"es\",\"@id\":\"https:\\\/\\\/pipeska.fr\\\/#\\\/schema\\\/logo\\\/image\\\/\",\"url\":\"https:\\\/\\\/pipeska.fr\\\/wp-content\\\/uploads\\\/2024\\\/07\\\/Pipeska_logo_couleur_fondtransparent.png\",\"contentUrl\":\"https:\\\/\\\/pipeska.fr\\\/wp-content\\\/uploads\\\/2024\\\/07\\\/Pipeska_logo_couleur_fondtransparent.png\",\"width\":1771,\"height\":1181,\"caption\":\"Pipeska\"},\"image\":{\"@id\":\"https:\\\/\\\/pipeska.fr\\\/#\\\/schema\\\/logo\\\/image\\\/\"}}]}<\/script>\n<!-- \/ Yoast SEO plugin. -->","yoast_head_json":{"title":"Nuestra misi\u00f3n y valores. - Pipeska","description":"Nuestros valores Pipeska: cuidado org\u00e1nico, \u00e9tico y sensorial para cabellos con textura. Compromiso sostenible y made in France.","robots":{"index":"index","follow":"follow","max-snippet":"max-snippet:-1","max-image-preview":"max-image-preview:large","max-video-preview":"max-video-preview:-1"},"canonical":"https:\/\/pipeska.fr\/es\/compromisos-de-pipeska\/","og_locale":"es_ES","og_type":"article","og_title":"Notre mission &amp; valeurs. - Pipeska","og_description":"Nos Valeurs Pipeska : soins capillaires bio, \u00e9thiques et sensoriels pour cheveux textur\u00e9s. Engagement durable et made in France.","og_url":"https:\/\/pipeska.fr\/es\/compromisos-de-pipeska\/","og_site_name":"Pipeska","article_modified_time":"2025-10-03T14:25:17+00:00","og_image":[{"url":"https:\/\/pipeska.fr\/wp-content\/uploads\/2025\/10\/pipeska-nature-bio-1024x576.png","type":"","width":"","height":""}],"twitter_card":"summary_large_image","twitter_misc":{"Tiempo de lectura":"2 minutos"},"schema":{"@context":"https:\/\/schema.org","@graph":[{"@type":"WebPage","@id":"https:\/\/pipeska.fr\/engagements-pipeska\/","url":"https:\/\/pipeska.fr\/engagements-pipeska\/","name":"Nuestra misi\u00f3n y valores. - Pipeska","isPartOf":{"@id":"https:\/\/pipeska.fr\/#website"},"primaryImageOfPage":{"@id":"https:\/\/pipeska.fr\/engagements-pipeska\/#primaryimage"},"image":{"@id":"https:\/\/pipeska.fr\/engagements-pipeska\/#primaryimage"},"thumbnailUrl":"https:\/\/pipeska.fr\/wp-content\/uploads\/2025\/10\/pipeska-nature-bio-1024x576.png","datePublished":"2025-07-25T03:35:20+00:00","dateModified":"2025-10-03T14:25:17+00:00","description":"Nuestros valores Pipeska: cuidado org\u00e1nico, \u00e9tico y sensorial para cabellos con textura. Compromiso sostenible y made in France.","breadcrumb":{"@id":"https:\/\/pipeska.fr\/engagements-pipeska\/#breadcrumb"},"inLanguage":"es","potentialAction":[{"@type":"ReadAction","target":["https:\/\/pipeska.fr\/engagements-pipeska\/"]}]},{"@type":"ImageObject","inLanguage":"es","@id":"https:\/\/pipeska.fr\/engagements-pipeska\/#primaryimage","url":"https:\/\/pipeska.fr\/wp-content\/uploads\/2025\/10\/pipeska-nature-bio-1024x576.png","contentUrl":"https:\/\/pipeska.fr\/wp-content\/uploads\/2025\/10\/pipeska-nature-bio-1024x576.png"},{"@type":"BreadcrumbList","@id":"https:\/\/pipeska.fr\/engagements-pipeska\/#breadcrumb","itemListElement":[{"@type":"ListItem","position":1,"name":"Accueil","item":"https:\/\/pipeska.fr\/"},{"@type":"ListItem","position":2,"name":"Notre mission &amp; valeurs."}]},{"@type":"WebSite","@id":"https:\/\/pipeska.fr\/#website","url":"https:\/\/pipeska.fr\/","name":"Pipeska","description":"Bio - Made in France - Inspiraci\u00f3n caribe\u00f1a","publisher":{"@id":"https:\/\/pipeska.fr\/#organization"},"potentialAction":[{"@type":"SearchAction","target":{"@type":"EntryPoint","urlTemplate":"https:\/\/pipeska.fr\/?s={search_term_string}"},"query-input":{"@type":"PropertyValueSpecification","valueRequired":true,"valueName":"search_term_string"}}],"inLanguage":"es"},{"@type":"Organization","@id":"https:\/\/pipeska.fr\/#organization","name":"Pipeska","url":"https:\/\/pipeska.fr\/","logo":{"@type":"ImageObject","inLanguage":"es","@id":"https:\/\/pipeska.fr\/#\/schema\/logo\/image\/","url":"https:\/\/pipeska.fr\/wp-content\/uploads\/2024\/07\/Pipeska_logo_couleur_fondtransparent.png","contentUrl":"https:\/\/pipeska.fr\/wp-content\/uploads\/2024\/07\/Pipeska_logo_couleur_fondtransparent.png","width":1771,"height":1181,"caption":"Pipeska"},"image":{"@id":"https:\/\/pipeska.fr\/#\/schema\/logo\/image\/"}}]}},"_links":{"self":[{"href":"https:\/\/pipeska.fr\/es\/wp-json\/wp\/v2\/pages\/3165","targetHints":{"allow":["GET"]}}],"collection":[{"href":"https:\/\/pipeska.fr\/es\/wp-json\/wp\/v2\/pages"}],"about":[{"href":"https:\/\/pipeska.fr\/es\/wp-json\/wp\/v2\/types\/page"}],"author":[{"embeddable":true,"href":"https:\/\/pipeska.fr\/es\/wp-json\/wp\/v2\/users\/1"}],"replies":[{"embeddable":true,"href":"https:\/\/pipeska.fr\/es\/wp-json\/wp\/v2\/comments?post=3165"}],"version-history":[{"count":21,"href":"https:\/\/pipeska.fr\/es\/wp-json\/wp\/v2\/pages\/3165\/revisions"}],"predecessor-version":[{"id":4093,"href":"https:\/\/pipeska.fr\/es\/wp-json\/wp\/v2\/pages\/3165\/revisions\/4093"}],"wp:attachment":[{"href":"https:\/\/pipeska.fr\/es\/wp-json\/wp\/v2\/media?parent=3165"}],"curies":[{"name":"wp","href":"https:\/\/api.w.org\/{rel}","templated":true}]}}