{"id":3548,"date":"2025-07-25T20:56:21","date_gmt":"2025-07-25T20:56:21","guid":{"rendered":"https:\/\/pipeska.fr\/?page_id=3548"},"modified":"2026-01-16T16:46:08","modified_gmt":"2026-01-16T16:46:08","slug":"caribeenne-francais-soin-naturel","status":"publish","type":"page","link":"https:\/\/pipeska.fr\/es\/caribeenne-francais-soin-naturel\/","title":{"rendered":"Bolet\u00edn Pipeska"},"content":{"rendered":"<div data-elementor-type=\"wp-page\" data-elementor-id=\"3548\" class=\"elementor elementor-3548\">\n\t\t\t\t<div class=\"elementor-element elementor-element-28b01eb7 e-flex e-con-boxed wpr-particle-no wpr-jarallax-no wpr-parallax-no wpr-sticky-section-no wpr-equal-height-no e-con e-parent\" data-id=\"28b01eb7\" data-element_type=\"container\" data-e-type=\"container\">\n\t\t\t\t\t<div class=\"e-con-inner\">\n\t\t\t\t<div class=\"elementor-element elementor-element-d68ad19 elementor-widget elementor-widget-spacer\" data-id=\"d68ad19\" data-element_type=\"widget\" data-e-type=\"widget\" data-widget_type=\"spacer.default\">\n\t\t\t\t\t\t\t<div class=\"elementor-spacer\">\n\t\t\t<div class=\"elementor-spacer-inner\"><\/div>\n\t\t<\/div>\n\t\t\t\t\t\t<\/div>\n\t\t\t\t\t<\/div>\n\t\t\t\t<\/div>\n\t\t<div class=\"elementor-element elementor-element-5a4aa7b e-flex e-con-boxed wpr-particle-no wpr-jarallax-no wpr-parallax-no wpr-sticky-section-no wpr-equal-height-no e-con e-parent\" data-id=\"5a4aa7b\" data-element_type=\"container\" data-e-type=\"container\">\n\t\t\t\t\t<div class=\"e-con-inner\">\n\t\t\t\t<div class=\"elementor-element elementor-element-709671b elementor-widget elementor-widget-image\" data-id=\"709671b\" data-element_type=\"widget\" data-e-type=\"widget\" data-widget_type=\"image.default\">\n\t\t\t\t\t\t\t\t\t\t\t\t\t\t\t<img fetchpriority=\"high\" decoding=\"async\" width=\"1024\" height=\"576\" src=\"https:\/\/pipeska.fr\/wp-content\/uploads\/2025\/07\/Letter-P-Jamboard-Background-Presentation-6-1024x576.png\" class=\"attachment-large size-large wp-image-3556\" alt=\"Pipeska ofrece productos naturales para el cuidado del cabello texturizado, especialmente dise\u00f1ados para hidratar, reparar y proteger tus rizos. Inspirada en el mar Caribe y en la naturaleza, nuestra marca francesa con certificado Ecocert combina la eficacia profesional con la suavidad de los ingredientes naturales.\" srcset=\"https:\/\/pipeska.fr\/wp-content\/uploads\/2025\/07\/Letter-P-Jamboard-Background-Presentation-6-1024x576.png 1024w, https:\/\/pipeska.fr\/wp-content\/uploads\/2025\/07\/Letter-P-Jamboard-Background-Presentation-6-1000x563.png 1000w, https:\/\/pipeska.fr\/wp-content\/uploads\/2025\/07\/Letter-P-Jamboard-Background-Presentation-6-300x169.png 300w, https:\/\/pipeska.fr\/wp-content\/uploads\/2025\/07\/Letter-P-Jamboard-Background-Presentation-6-768x432.png 768w, https:\/\/pipeska.fr\/wp-content\/uploads\/2025\/07\/Letter-P-Jamboard-Background-Presentation-6-1536x864.png 1536w, https:\/\/pipeska.fr\/wp-content\/uploads\/2025\/07\/Letter-P-Jamboard-Background-Presentation-6-800x450.png 800w, https:\/\/pipeska.fr\/wp-content\/uploads\/2025\/07\/Letter-P-Jamboard-Background-Presentation-6.png 1920w\" sizes=\"(max-width: 1024px) 100vw, 1024px\" \/>\t\t\t\t\t\t\t\t\t\t\t\t\t\t\t<\/div>\n\t\t\t\t\t<\/div>\n\t\t\t\t<\/div>\n\t\t<div class=\"elementor-element elementor-element-dca071a e-flex e-con-boxed wpr-particle-no wpr-jarallax-no wpr-parallax-no wpr-sticky-section-no wpr-equal-height-no e-con e-parent\" data-id=\"dca071a\" data-element_type=\"container\" data-e-type=\"container\">\n\t\t\t\t\t<div class=\"e-con-inner\">\n\t\t\t\t<div class=\"elementor-element elementor-element-43136f2 elementor-widget elementor-widget-text-editor\" data-id=\"43136f2\" data-element_type=\"widget\" data-e-type=\"widget\" data-widget_type=\"text-editor.default\">\n\t\t\t\t\t\t\t\t\t<h1 style=\"padding-left: 80px;\"><a href=\"https:\/\/pipeska.fr\/es\/\" target=\"_blank\" rel=\"noopener\">\u00a0Bolet\u00edn de cuidado capilar ecol\u00f3gico Pipeska<\/a><\/h1><p>\u00a0<\/p><h2 style=\"padding-left: 80px;\">Descubre nuestro bolet\u00edn de cuidados capilares ecol\u00f3gicos Pipeska y recibe semanalmente consejos, trucos y nuevos productos para realzar tus rizos de forma natural.<img decoding=\"async\" class=\"emoji lazyload\" role=\"img\" draggable=\"false\" data-src=\"https:\/\/s.w.org\/images\/core\/emoji\/16.0.1\/svg\/1f499.svg\" alt=\"\ud83d\udc99\" src=\"data:image\/svg+xml;base64,PHN2ZyB3aWR0aD0iMSIgaGVpZ2h0PSIxIiB4bWxucz0iaHR0cDovL3d3dy53My5vcmcvMjAwMC9zdmciPjwvc3ZnPg==\" \/><\/h2><ul><li style=\"list-style-type: none;\"><ul><li style=\"list-style-type: none;\"><ul><li data-start=\"801\" data-end=\"869\"><h3 style=\"text-align: left;\" data-start=\"804\" data-end=\"869\"><strong>Consejos para hidratar, nutrir y proteger el cabello con textura<\/strong><\/h3><\/li><li style=\"text-align: left;\" data-start=\"870\" data-end=\"929\"><h3 data-start=\"873\" data-end=\"929\"><strong>Consejos de nutrici\u00f3n y bienestar para un cabello sano<\/strong><\/h3><\/li><li data-start=\"930\" data-end=\"975\"><h3 style=\"text-align: left;\" data-start=\"933\" data-end=\"975\"><strong>Nuevos productos y ofertas exclusivas<\/strong><\/h3><\/li><\/ul><\/li><\/ul><\/li><\/ul><h3 style=\"padding-left: 80px;\">Consejos pr\u00e1cticos, inspiradores y naturales para revelar la verdadera belleza de tus rizos.<\/h3>\t\t\t\t\t\t\t\t<\/div>\n\t\t\t\t\t<\/div>\n\t\t\t\t<\/div>\n\t\t<div class=\"elementor-element elementor-element-4898e54 e-flex e-con-boxed wpr-particle-no wpr-jarallax-no wpr-parallax-no wpr-sticky-section-no wpr-equal-height-no e-con e-parent\" data-id=\"4898e54\" data-element_type=\"container\" data-e-type=\"container\">\n\t\t\t\t\t<div class=\"e-con-inner\">\n\t\t\t\t<div class=\"elementor-element elementor-element-44d9a91 elementor-widget elementor-widget-text-editor\" data-id=\"44d9a91\" data-element_type=\"widget\" data-e-type=\"widget\" data-widget_type=\"text-editor.default\">\n\t\t\t\t\t\t\t\t\t<h4><a href=\"https:\/\/www.instagram.com\/pipeskacosmetiques\/\" target=\"_blank\" rel=\"noopener\">Consejos exclusivos para que tu pelo brille,<\/a> se merecen lo mejor en f\u00f3rmulas ecol\u00f3gicas para el cuidado de la piel.<\/h4>\t\t\t\t\t\t\t\t<\/div>\n\t\t\t\t\t<\/div>\n\t\t\t\t<\/div>\n\t\t<div class=\"elementor-element elementor-element-598897d e-flex e-con-boxed wpr-particle-no wpr-jarallax-no wpr-parallax-no wpr-sticky-section-no wpr-equal-height-no e-con e-parent\" data-id=\"598897d\" data-element_type=\"container\" data-e-type=\"container\">\n\t\t\t\t\t<div class=\"e-con-inner\">\n\t\t<div class=\"elementor-element elementor-element-07879b8 e-con-full e-flex wpr-particle-no wpr-jarallax-no wpr-parallax-no wpr-sticky-section-no wpr-equal-height-no e-con e-child\" data-id=\"07879b8\" data-element_type=\"container\" data-e-type=\"container\">\n\t\t\t\t<\/div>\n\t\t<div class=\"elementor-element elementor-element-19cfd61 e-con-full e-flex wpr-particle-no wpr-jarallax-no wpr-parallax-no wpr-sticky-section-no wpr-equal-height-no e-con e-child\" data-id=\"19cfd61\" data-element_type=\"container\" data-e-type=\"container\">\n\t\t\t\t<div class=\"elementor-element elementor-element-fa77009 elementor-align-center elementor-widget elementor-widget-button\" data-id=\"fa77009\" data-element_type=\"widget\" data-e-type=\"widget\" data-widget_type=\"button.default\">\n\t\t\t\t\t\t\t\t\t\t<a class=\"elementor-button elementor-button-link elementor-size-sm\" href=\"https:\/\/pipeska.fr\/es\/\" target=\"_blank\">\n\t\t\t\t\t\t<span class=\"elementor-button-content-wrapper\">\n\t\t\t\t\t\t\t\t\t<span class=\"elementor-button-text\">Descubra la tienda...<\/span>\n\t\t\t\t\t<\/span>\n\t\t\t\t\t<\/a>\n\t\t\t\t\t\t\t\t<\/div>\n\t\t\t\t<\/div>\n\t\t<div class=\"elementor-element elementor-element-b800002 e-con-full e-flex wpr-particle-no wpr-jarallax-no wpr-parallax-no wpr-sticky-section-no wpr-equal-height-no e-con e-child\" data-id=\"b800002\" data-element_type=\"container\" data-e-type=\"container\">\n\t\t\t\t<\/div>\n\t\t\t\t\t<\/div>\n\t\t\t\t<\/div>\n\t\t\t\t<\/div>","protected":false},"excerpt":{"rendered":"<p>\u00a0Newsletter soins capillaires bio Pipeska \u00a0 D\u00e9couvrez notre newsletter soins capillaires bio Pipeska et recevez chaque semaine conseils, astuces et nouveaut\u00e9s pour sublimer vos boucles naturellement. Astuces pour hydrater, nourrir et prot\u00e9ger les cheveux textur\u00e9s Conseils nutrition et bien-\u00eatre pour des cheveux sains Nouveaut\u00e9s produits et offres exclusives Des conseils pratiques, inspirants et naturels, pour r\u00e9v\u00e9ler la beaut\u00e9 authentique de vos boucles. Des conseils exclusifs pour sublimer vos cheveux, ils m\u00e9ritent le meilleur des formules soins bios. D\u00e9couvrir la boutique..<\/p>","protected":false},"author":1,"featured_media":0,"parent":0,"menu_order":0,"comment_status":"closed","ping_status":"closed","template":"","meta":{"_uf_show_specific_survey":0,"_uf_disable_surveys":false,"footnotes":""},"class_list":["post-3548","page","type-page","status-publish","hentry","entry","owp-thumbs-layout-horizontal","owp-btn-normal","owp-tabs-layout-vertical","has-no-thumbnails","has-product-nav"],"yoast_head":"<!-- This site is optimized with the Yoast SEO plugin v27.5 - https:\/\/yoast.com\/product\/yoast-seo-wordpress\/ -->\n<title>Newsletter Pipeska - Pipeska<\/title>\n<meta name=\"description\" content=\"Racines carib\u00e9ennes, savoir-faire fran\u00e7ais, soins bios et naturels. Tes boucles m\u00e9ritent ce qu\u2019il y a de mieux \u2013 Bienvenue chez Pipeska\" \/>\n<meta name=\"robots\" content=\"index, follow, max-snippet:-1, max-image-preview:large, max-video-preview:-1\" \/>\n<link rel=\"canonical\" href=\"https:\/\/pipeska.fr\/es\/caribeenne-francais-soin-naturel\/\" \/>\n<meta property=\"og:locale\" content=\"es_ES\" \/>\n<meta property=\"og:type\" content=\"article\" \/>\n<meta property=\"og:title\" content=\"Newsletter Pipeska - Pipeska\" \/>\n<meta property=\"og:description\" content=\"Racines carib\u00e9ennes, savoir-faire fran\u00e7ais, soins bios et naturels. Tes boucles m\u00e9ritent ce qu\u2019il y a de mieux \u2013 Bienvenue chez Pipeska\" \/>\n<meta property=\"og:url\" content=\"https:\/\/pipeska.fr\/es\/caribeenne-francais-soin-naturel\/\" \/>\n<meta property=\"og:site_name\" content=\"Pipeska\" \/>\n<meta property=\"article:modified_time\" content=\"2026-01-16T16:46:08+00:00\" \/>\n<meta property=\"og:image\" content=\"https:\/\/pipeska.fr\/wp-content\/uploads\/2025\/07\/Letter-P-Jamboard-Background-Presentation-6-1024x576.png\" \/>\n<meta name=\"twitter:card\" content=\"summary_large_image\" \/>\n<meta name=\"twitter:label1\" content=\"Tiempo de lectura\" \/>\n\t<meta name=\"twitter:data1\" content=\"1 minuto\" \/>\n<script type=\"application\/ld+json\" class=\"yoast-schema-graph\">{\"@context\":\"https:\\\/\\\/schema.org\",\"@graph\":[{\"@type\":\"WebPage\",\"@id\":\"https:\\\/\\\/pipeska.fr\\\/caribeenne-francais-soin-naturel\\\/\",\"url\":\"https:\\\/\\\/pipeska.fr\\\/caribeenne-francais-soin-naturel\\\/\",\"name\":\"Newsletter Pipeska - Pipeska\",\"isPartOf\":{\"@id\":\"https:\\\/\\\/pipeska.fr\\\/#website\"},\"primaryImageOfPage\":{\"@id\":\"https:\\\/\\\/pipeska.fr\\\/caribeenne-francais-soin-naturel\\\/#primaryimage\"},\"image\":{\"@id\":\"https:\\\/\\\/pipeska.fr\\\/caribeenne-francais-soin-naturel\\\/#primaryimage\"},\"thumbnailUrl\":\"https:\\\/\\\/pipeska.fr\\\/wp-content\\\/uploads\\\/2025\\\/07\\\/Letter-P-Jamboard-Background-Presentation-6-1024x576.png\",\"datePublished\":\"2025-07-25T20:56:21+00:00\",\"dateModified\":\"2026-01-16T16:46:08+00:00\",\"description\":\"Racines carib\u00e9ennes, savoir-faire fran\u00e7ais, soins bios et naturels. Tes boucles m\u00e9ritent ce qu\u2019il y a de mieux \u2013 Bienvenue chez Pipeska\",\"breadcrumb\":{\"@id\":\"https:\\\/\\\/pipeska.fr\\\/caribeenne-francais-soin-naturel\\\/#breadcrumb\"},\"inLanguage\":\"es\",\"potentialAction\":[{\"@type\":\"ReadAction\",\"target\":[\"https:\\\/\\\/pipeska.fr\\\/caribeenne-francais-soin-naturel\\\/\"]}]},{\"@type\":\"ImageObject\",\"inLanguage\":\"es\",\"@id\":\"https:\\\/\\\/pipeska.fr\\\/caribeenne-francais-soin-naturel\\\/#primaryimage\",\"url\":\"https:\\\/\\\/pipeska.fr\\\/wp-content\\\/uploads\\\/2025\\\/07\\\/Letter-P-Jamboard-Background-Presentation-6-1024x576.png\",\"contentUrl\":\"https:\\\/\\\/pipeska.fr\\\/wp-content\\\/uploads\\\/2025\\\/07\\\/Letter-P-Jamboard-Background-Presentation-6-1024x576.png\"},{\"@type\":\"BreadcrumbList\",\"@id\":\"https:\\\/\\\/pipeska.fr\\\/caribeenne-francais-soin-naturel\\\/#breadcrumb\",\"itemListElement\":[{\"@type\":\"ListItem\",\"position\":1,\"name\":\"Accueil\",\"item\":\"https:\\\/\\\/pipeska.fr\\\/\"},{\"@type\":\"ListItem\",\"position\":2,\"name\":\"Newsletter Pipeska\"}]},{\"@type\":\"WebSite\",\"@id\":\"https:\\\/\\\/pipeska.fr\\\/#website\",\"url\":\"https:\\\/\\\/pipeska.fr\\\/\",\"name\":\"Pipeska\",\"description\":\"Bio - Made in France - Caribbean Inspired\",\"publisher\":{\"@id\":\"https:\\\/\\\/pipeska.fr\\\/#organization\"},\"potentialAction\":[{\"@type\":\"SearchAction\",\"target\":{\"@type\":\"EntryPoint\",\"urlTemplate\":\"https:\\\/\\\/pipeska.fr\\\/?s={search_term_string}\"},\"query-input\":{\"@type\":\"PropertyValueSpecification\",\"valueRequired\":true,\"valueName\":\"search_term_string\"}}],\"inLanguage\":\"es\"},{\"@type\":\"Organization\",\"@id\":\"https:\\\/\\\/pipeska.fr\\\/#organization\",\"name\":\"Pipeska\",\"url\":\"https:\\\/\\\/pipeska.fr\\\/\",\"logo\":{\"@type\":\"ImageObject\",\"inLanguage\":\"es\",\"@id\":\"https:\\\/\\\/pipeska.fr\\\/#\\\/schema\\\/logo\\\/image\\\/\",\"url\":\"https:\\\/\\\/pipeska.fr\\\/wp-content\\\/uploads\\\/2024\\\/07\\\/Pipeska_logo_couleur_fondtransparent.png\",\"contentUrl\":\"https:\\\/\\\/pipeska.fr\\\/wp-content\\\/uploads\\\/2024\\\/07\\\/Pipeska_logo_couleur_fondtransparent.png\",\"width\":1771,\"height\":1181,\"caption\":\"Pipeska\"},\"image\":{\"@id\":\"https:\\\/\\\/pipeska.fr\\\/#\\\/schema\\\/logo\\\/image\\\/\"}}]}<\/script>\n<!-- \/ Yoast SEO plugin. -->","yoast_head_json":{"title":"Bolet\u00edn Pipeska - Pipeska","description":"Ra\u00edces caribe\u00f1as, saber hacer franc\u00e9s, cuidado de la piel org\u00e1nico y natural. Tus rizos se merecen lo mejor - Bienvenido a Pipeska","robots":{"index":"index","follow":"follow","max-snippet":"max-snippet:-1","max-image-preview":"max-image-preview:large","max-video-preview":"max-video-preview:-1"},"canonical":"https:\/\/pipeska.fr\/es\/caribeenne-francais-soin-naturel\/","og_locale":"es_ES","og_type":"article","og_title":"Newsletter Pipeska - Pipeska","og_description":"Racines carib\u00e9ennes, savoir-faire fran\u00e7ais, soins bios et naturels. Tes boucles m\u00e9ritent ce qu\u2019il y a de mieux \u2013 Bienvenue chez Pipeska","og_url":"https:\/\/pipeska.fr\/es\/caribeenne-francais-soin-naturel\/","og_site_name":"Pipeska","article_modified_time":"2026-01-16T16:46:08+00:00","og_image":[{"url":"https:\/\/pipeska.fr\/wp-content\/uploads\/2025\/07\/Letter-P-Jamboard-Background-Presentation-6-1024x576.png","type":"","width":"","height":""}],"twitter_card":"summary_large_image","twitter_misc":{"Tiempo de lectura":"1 minuto"},"schema":{"@context":"https:\/\/schema.org","@graph":[{"@type":"WebPage","@id":"https:\/\/pipeska.fr\/caribeenne-francais-soin-naturel\/","url":"https:\/\/pipeska.fr\/caribeenne-francais-soin-naturel\/","name":"Bolet\u00edn Pipeska - Pipeska","isPartOf":{"@id":"https:\/\/pipeska.fr\/#website"},"primaryImageOfPage":{"@id":"https:\/\/pipeska.fr\/caribeenne-francais-soin-naturel\/#primaryimage"},"image":{"@id":"https:\/\/pipeska.fr\/caribeenne-francais-soin-naturel\/#primaryimage"},"thumbnailUrl":"https:\/\/pipeska.fr\/wp-content\/uploads\/2025\/07\/Letter-P-Jamboard-Background-Presentation-6-1024x576.png","datePublished":"2025-07-25T20:56:21+00:00","dateModified":"2026-01-16T16:46:08+00:00","description":"Ra\u00edces caribe\u00f1as, saber hacer franc\u00e9s, cuidado de la piel org\u00e1nico y natural. Tus rizos se merecen lo mejor - Bienvenido a Pipeska","breadcrumb":{"@id":"https:\/\/pipeska.fr\/caribeenne-francais-soin-naturel\/#breadcrumb"},"inLanguage":"es","potentialAction":[{"@type":"ReadAction","target":["https:\/\/pipeska.fr\/caribeenne-francais-soin-naturel\/"]}]},{"@type":"ImageObject","inLanguage":"es","@id":"https:\/\/pipeska.fr\/caribeenne-francais-soin-naturel\/#primaryimage","url":"https:\/\/pipeska.fr\/wp-content\/uploads\/2025\/07\/Letter-P-Jamboard-Background-Presentation-6-1024x576.png","contentUrl":"https:\/\/pipeska.fr\/wp-content\/uploads\/2025\/07\/Letter-P-Jamboard-Background-Presentation-6-1024x576.png"},{"@type":"BreadcrumbList","@id":"https:\/\/pipeska.fr\/caribeenne-francais-soin-naturel\/#breadcrumb","itemListElement":[{"@type":"ListItem","position":1,"name":"Accueil","item":"https:\/\/pipeska.fr\/"},{"@type":"ListItem","position":2,"name":"Newsletter Pipeska"}]},{"@type":"WebSite","@id":"https:\/\/pipeska.fr\/#website","url":"https:\/\/pipeska.fr\/","name":"Pipeska","description":"Bio - Made in France - Inspiraci\u00f3n caribe\u00f1a","publisher":{"@id":"https:\/\/pipeska.fr\/#organization"},"potentialAction":[{"@type":"SearchAction","target":{"@type":"EntryPoint","urlTemplate":"https:\/\/pipeska.fr\/?s={search_term_string}"},"query-input":{"@type":"PropertyValueSpecification","valueRequired":true,"valueName":"search_term_string"}}],"inLanguage":"es"},{"@type":"Organization","@id":"https:\/\/pipeska.fr\/#organization","name":"Pipeska","url":"https:\/\/pipeska.fr\/","logo":{"@type":"ImageObject","inLanguage":"es","@id":"https:\/\/pipeska.fr\/#\/schema\/logo\/image\/","url":"https:\/\/pipeska.fr\/wp-content\/uploads\/2024\/07\/Pipeska_logo_couleur_fondtransparent.png","contentUrl":"https:\/\/pipeska.fr\/wp-content\/uploads\/2024\/07\/Pipeska_logo_couleur_fondtransparent.png","width":1771,"height":1181,"caption":"Pipeska"},"image":{"@id":"https:\/\/pipeska.fr\/#\/schema\/logo\/image\/"}}]}},"_links":{"self":[{"href":"https:\/\/pipeska.fr\/es\/wp-json\/wp\/v2\/pages\/3548","targetHints":{"allow":["GET"]}}],"collection":[{"href":"https:\/\/pipeska.fr\/es\/wp-json\/wp\/v2\/pages"}],"about":[{"href":"https:\/\/pipeska.fr\/es\/wp-json\/wp\/v2\/types\/page"}],"author":[{"embeddable":true,"href":"https:\/\/pipeska.fr\/es\/wp-json\/wp\/v2\/users\/1"}],"replies":[{"embeddable":true,"href":"https:\/\/pipeska.fr\/es\/wp-json\/wp\/v2\/comments?post=3548"}],"version-history":[{"count":21,"href":"https:\/\/pipeska.fr\/es\/wp-json\/wp\/v2\/pages\/3548\/revisions"}],"predecessor-version":[{"id":4891,"href":"https:\/\/pipeska.fr\/es\/wp-json\/wp\/v2\/pages\/3548\/revisions\/4891"}],"wp:attachment":[{"href":"https:\/\/pipeska.fr\/es\/wp-json\/wp\/v2\/media?parent=3548"}],"curies":[{"name":"wp","href":"https:\/\/api.w.org\/{rel}","templated":true}]}}