{"id":3797,"date":"2025-08-21T23:03:38","date_gmt":"2025-08-21T23:03:38","guid":{"rendered":"https:\/\/pipeska.fr\/?page_id=3797"},"modified":"2025-08-21T23:29:55","modified_gmt":"2025-08-21T23:29:55","slug":"prueba-porosita-3-segundos","status":"publish","type":"page","link":"https:\/\/pipeska.fr\/es\/tester-porosite-3-secondes\/","title":{"rendered":"\u2728 \u00a1Prueba la porosidad de tu cabello en 3 segundos!"},"content":{"rendered":"<div data-elementor-type=\"wp-page\" data-elementor-id=\"3797\" class=\"elementor elementor-3797\">\n\t\t\t\t<div class=\"elementor-element elementor-element-14c1ca3 e-flex e-con-boxed wpr-particle-no wpr-jarallax-no wpr-parallax-no wpr-sticky-section-no e-con e-parent\" data-id=\"14c1ca3\" data-element_type=\"container\" data-e-type=\"container\">\n\t\t\t\t\t<div class=\"e-con-inner\">\n\t\t<div class=\"elementor-element elementor-element-e6097c1 e-con-full e-flex wpr-particle-no wpr-jarallax-no wpr-parallax-no wpr-sticky-section-no e-con e-child\" data-id=\"e6097c1\" data-element_type=\"container\" data-e-type=\"container\">\n\t\t\t\t<div class=\"elementor-element elementor-element-7ae2653 elementor-widget elementor-widget-spacer\" data-id=\"7ae2653\" data-element_type=\"widget\" data-e-type=\"widget\" data-widget_type=\"spacer.default\">\n\t\t\t\t\t\t\t<div class=\"elementor-spacer\">\n\t\t\t<div class=\"elementor-spacer-inner\"><\/div>\n\t\t<\/div>\n\t\t\t\t\t\t<\/div>\n\t\t\t\t<div class=\"elementor-element elementor-element-639739d elementor-widget elementor-widget-video\" data-id=\"639739d\" data-element_type=\"widget\" data-e-type=\"widget\" data-settings=\"{&quot;video_type&quot;:&quot;hosted&quot;,&quot;controls&quot;:&quot;yes&quot;}\" data-widget_type=\"video.default\">\n\t\t\t\t\t\t\t<div class=\"e-hosted-video elementor-wrapper elementor-open-inline\">\n\t\t\t\t\t<video class=\"elementor-video\" src=\"https:\/\/pipeska.fr\/wp-content\/uploads\/2025\/08\/Copie-de-Vert-Jaune-Gris-Elegant-Album-Declaration-Instagram-Video-Video-mobile.mp4\" controls=\"\" preload=\"metadata\" controlslist=\"nodownload\"><\/video>\n\t\t\t\t<\/div>\n\t\t\t\t\t\t<\/div>\n\t\t\t\t<\/div>\n\t\t\t\t<div class=\"elementor-element elementor-element-bf40532 elementor-widget elementor-widget-spacer\" data-id=\"bf40532\" data-element_type=\"widget\" data-e-type=\"widget\" data-widget_type=\"spacer.default\">\n\t\t\t\t\t\t\t<div class=\"elementor-spacer\">\n\t\t\t<div class=\"elementor-spacer-inner\"><\/div>\n\t\t<\/div>\n\t\t\t\t\t\t<\/div>\n\t\t<div class=\"elementor-element elementor-element-1d5d3ef e-con-full e-flex wpr-particle-no wpr-jarallax-no wpr-parallax-no wpr-sticky-section-no e-con e-child\" data-id=\"1d5d3ef\" data-element_type=\"container\" data-e-type=\"container\">\n\t\t\t\t<div class=\"elementor-element elementor-element-8a36acf elementor-widget elementor-widget-spacer\" data-id=\"8a36acf\" data-element_type=\"widget\" data-e-type=\"widget\" data-widget_type=\"spacer.default\">\n\t\t\t\t\t\t\t<div class=\"elementor-spacer\">\n\t\t\t<div class=\"elementor-spacer-inner\"><\/div>\n\t\t<\/div>\n\t\t\t\t\t\t<\/div>\n\t\t\t\t<div class=\"elementor-element elementor-element-4cac19a elementor-widget elementor-widget-text-editor\" data-id=\"4cac19a\" data-element_type=\"widget\" data-e-type=\"widget\" data-widget_type=\"text-editor.default\">\n\t\t\t\t\t\t\t\t\t<h1 data-start=\"125\" data-end=\"439\">\u00a0<\/h1>\n<h1 data-start=\"125\" data-end=\"439\"><img decoding=\"async\" class=\"emoji lazyload\" role=\"img\" draggable=\"false\" data-src=\"https:\/\/s.w.org\/images\/core\/emoji\/16.0.1\/svg\/1f33f.svg\" alt=\"\ud83c\udf3f\" src=\"data:image\/svg+xml;base64,PHN2ZyB3aWR0aD0iMSIgaGVpZ2h0PSIxIiB4bWxucz0iaHR0cDovL3d3dy53My5vcmcvMjAwMC9zdmciPjwvc3ZnPg==\" \/> <strong data-start=\"128\" data-end=\"190\">Averigua la porosidad de tu cabello en 3 sencillos pasos.<\/strong><\/h1>\n<p>\u00a0<\/p>\n<h4 data-start=\"125\" data-end=\"439\">Prueba r\u00e1pida para saber si tu cabello rizado o encrespado tiene <strong data-start=\"256\" data-end=\"293\">porosidad baja, media o alta<\/strong>.<\/h4>\n<h4>\u00a0<\/h4>\n<h4>1\ufe0f\u20e3 Coge un pelo y sum\u00e9rgelo en agua \ud83d\udca7<br data-start=\"223\" data-end=\"226\" \/>2\ufe0f\u20e3 Echa un vistazo: \u00bfflota, se hunde lentamente o se hunde r\u00e1pido?<br data-start=\"285\" data-end=\"288\" \/>3\ufe0f\u20e3 \u00a1Voil\u00e0! <strong data-start=\"300\" data-end=\"337\">Porosidad baja, media o alta<\/strong> = cuidados a medida \ud83c\udf3f<\/h4>\t\t\t\t\t\t\t\t<\/div>\n\t\t\t\t<\/div>\n\t\t\t\t\t<\/div>\n\t\t\t\t<\/div>\n\t\t<div class=\"elementor-element elementor-element-47b3644 e-flex e-con-boxed wpr-particle-no wpr-jarallax-no wpr-parallax-no wpr-sticky-section-no e-con e-parent\" data-id=\"47b3644\" data-element_type=\"container\" data-e-type=\"container\">\n\t\t\t\t\t<div class=\"e-con-inner\">\n\t\t\t\t<div class=\"elementor-element elementor-element-87bc5a4 elementor-widget__width-initial elementor-widget elementor-widget-text-editor\" data-id=\"87bc5a4\" data-element_type=\"widget\" data-e-type=\"widget\" data-widget_type=\"text-editor.default\">\n\t\t\t\t\t\t\t\t\t<h4 data-start=\"125\" data-end=\"439\">\ud83d\udc99 <strong data-start=\"300\" data-end=\"318\" data-is-only-node=\"\">Punta Pipeska<\/strong> : Elige tus productos de cuidado capilar natural en funci\u00f3n de la porosidad y obtenibilidad de tu cabello <strong data-start=\"404\" data-end=\"436\">sano, hidratado y brillante<\/strong>.<\/h4>\n<h4 data-start=\"441\" data-end=\"515\">#CheveuxTextur\u00e9s #Porosit\u00e9Cheveux #SoinsNaturels #BouclesSaines #Pipeska<\/h4>\n<h4>\u00a0<\/h4>\t\t\t\t\t\t\t\t<\/div>\n\t\t\t\t\t<\/div>\n\t\t\t\t<\/div>\n\t\t\t\t<\/div>","protected":false},"excerpt":{"rendered":"<p>https:\/\/pipeska.fr\/wp-content\/uploads\/2025\/08\/Copie-de-Vert-Jaune-Gris-Elegant-Album-Declaration-Instagram-Video-Video-mobile.mp4 \u00a0 D\u00e9couvrez la porosit\u00e9 de vos cheveux en 3 \u00e9tapes simples ! \u00a0 Test rapide pour savoir si vos boucles, fris\u00e9es ou cr\u00e9pues ont faible, moyenne ou haute porosit\u00e9. \u00a0 1\ufe0f\u20e3 Prenez un cheveu et plongez-le dans l\u2019eau \ud83d\udca72\ufe0f\u20e3 Regardez : il flotte, descend lentement ou coule vite ?3\ufe0f\u20e3 Voil\u00e0 ! Faible, moyenne ou haute porosit\u00e9 = soins sur-mesure \ud83c\udf3f \ud83d\udc99 Astuce Pipeska : Choisissez vos soins capillaires naturels selon la porosit\u00e9 et obtenez des cheveux sains, hydrat\u00e9s et brillants. #CheveuxTextur\u00e9s #Porosit\u00e9Cheveux #SoinsNaturels #BouclesSaines #Pipeska \u00a0<\/p>","protected":false},"author":1,"featured_media":0,"parent":0,"menu_order":0,"comment_status":"closed","ping_status":"closed","template":"","meta":{"_uf_show_specific_survey":0,"_uf_disable_surveys":false,"footnotes":""},"class_list":["post-3797","page","type-page","status-publish","hentry","entry","owp-thumbs-layout-horizontal","owp-btn-normal","owp-tabs-layout-vertical","has-no-thumbnails","has-product-nav"],"yoast_head":"<!-- This site is optimized with the Yoast SEO plugin v27.3 - https:\/\/yoast.com\/product\/yoast-seo-wordpress\/ -->\n<title>\u2728 Tester sa porosit\u00e9 de vos cheveux en 3 secondes ! - Pipeska<\/title>\n<meta name=\"description\" content=\"En 3 \u00e9tapes simples ! Tester, observer et adapter sa routine capillaire rapidement conclusion Cheveux \u00e0 porosit\u00e9 faible, moyenne ou \u00e9lev\u00e9e?\" \/>\n<meta name=\"robots\" content=\"index, follow, max-snippet:-1, max-image-preview:large, max-video-preview:-1\" \/>\n<link rel=\"canonical\" href=\"https:\/\/pipeska.fr\/es\/prueba-porosita-3-segundos\/\" \/>\n<meta property=\"og:locale\" content=\"es_ES\" \/>\n<meta property=\"og:type\" content=\"article\" \/>\n<meta property=\"og:title\" content=\"\u2728 Tester sa porosit\u00e9 de vos cheveux en 3 secondes ! - Pipeska\" \/>\n<meta property=\"og:description\" content=\"En 3 \u00e9tapes simples ! Tester, observer et adapter sa routine capillaire rapidement conclusion Cheveux \u00e0 porosit\u00e9 faible, moyenne ou \u00e9lev\u00e9e?\" \/>\n<meta property=\"og:url\" content=\"https:\/\/pipeska.fr\/es\/prueba-porosita-3-segundos\/\" \/>\n<meta property=\"og:site_name\" content=\"Pipeska\" \/>\n<meta property=\"article:modified_time\" content=\"2025-08-21T23:29:55+00:00\" \/>\n<meta property=\"og:image\" content=\"https:\/\/pipeska.fr\/wp-content\/uploads\/2025\/08\/Tester-sa-porosite.png\" \/>\n\t<meta property=\"og:image:width\" content=\"1080\" \/>\n\t<meta property=\"og:image:height\" content=\"1080\" \/>\n\t<meta property=\"og:image:type\" content=\"image\/png\" \/>\n<meta name=\"twitter:card\" content=\"summary_large_image\" \/>\n<meta name=\"twitter:label1\" content=\"Tiempo de lectura\" \/>\n\t<meta name=\"twitter:data1\" content=\"1 minuto\" \/>\n<script type=\"application\/ld+json\" class=\"yoast-schema-graph\">{\"@context\":\"https:\\\/\\\/schema.org\",\"@graph\":[{\"@type\":\"WebPage\",\"@id\":\"https:\\\/\\\/pipeska.fr\\\/tester-porosite-3-secondes\\\/\",\"url\":\"https:\\\/\\\/pipeska.fr\\\/tester-porosite-3-secondes\\\/\",\"name\":\"\u2728 Tester sa porosit\u00e9 de vos cheveux en 3 secondes ! - Pipeska\",\"isPartOf\":{\"@id\":\"https:\\\/\\\/pipeska.fr\\\/#website\"},\"primaryImageOfPage\":{\"@id\":\"https:\\\/\\\/pipeska.fr\\\/tester-porosite-3-secondes\\\/#primaryimage\"},\"image\":{\"@id\":\"https:\\\/\\\/pipeska.fr\\\/tester-porosite-3-secondes\\\/#primaryimage\"},\"thumbnailUrl\":\"https:\\\/\\\/s.w.org\\\/images\\\/core\\\/emoji\\\/16.0.1\\\/svg\\\/1f33f.svg\",\"datePublished\":\"2025-08-21T23:03:38+00:00\",\"dateModified\":\"2025-08-21T23:29:55+00:00\",\"description\":\"En 3 \u00e9tapes simples ! Tester, observer et adapter sa routine capillaire rapidement conclusion Cheveux \u00e0 porosit\u00e9 faible, moyenne ou \u00e9lev\u00e9e?\",\"breadcrumb\":{\"@id\":\"https:\\\/\\\/pipeska.fr\\\/tester-porosite-3-secondes\\\/#breadcrumb\"},\"inLanguage\":\"es\",\"potentialAction\":[{\"@type\":\"ReadAction\",\"target\":[\"https:\\\/\\\/pipeska.fr\\\/tester-porosite-3-secondes\\\/\"]}]},{\"@type\":\"ImageObject\",\"inLanguage\":\"es\",\"@id\":\"https:\\\/\\\/pipeska.fr\\\/tester-porosite-3-secondes\\\/#primaryimage\",\"url\":\"https:\\\/\\\/s.w.org\\\/images\\\/core\\\/emoji\\\/16.0.1\\\/svg\\\/1f33f.svg\",\"contentUrl\":\"https:\\\/\\\/s.w.org\\\/images\\\/core\\\/emoji\\\/16.0.1\\\/svg\\\/1f33f.svg\"},{\"@type\":\"BreadcrumbList\",\"@id\":\"https:\\\/\\\/pipeska.fr\\\/tester-porosite-3-secondes\\\/#breadcrumb\",\"itemListElement\":[{\"@type\":\"ListItem\",\"position\":1,\"name\":\"Accueil\",\"item\":\"https:\\\/\\\/pipeska.fr\\\/\"},{\"@type\":\"ListItem\",\"position\":2,\"name\":\"\u2728 Tester sa porosit\u00e9 de vos cheveux en 3 secondes !\"}]},{\"@type\":\"WebSite\",\"@id\":\"https:\\\/\\\/pipeska.fr\\\/#website\",\"url\":\"https:\\\/\\\/pipeska.fr\\\/\",\"name\":\"Pipeska\",\"description\":\"Bio - Made in France - Caribbean Inspired\",\"publisher\":{\"@id\":\"https:\\\/\\\/pipeska.fr\\\/#organization\"},\"potentialAction\":[{\"@type\":\"SearchAction\",\"target\":{\"@type\":\"EntryPoint\",\"urlTemplate\":\"https:\\\/\\\/pipeska.fr\\\/?s={search_term_string}\"},\"query-input\":{\"@type\":\"PropertyValueSpecification\",\"valueRequired\":true,\"valueName\":\"search_term_string\"}}],\"inLanguage\":\"es\"},{\"@type\":\"Organization\",\"@id\":\"https:\\\/\\\/pipeska.fr\\\/#organization\",\"name\":\"Pipeska\",\"url\":\"https:\\\/\\\/pipeska.fr\\\/\",\"logo\":{\"@type\":\"ImageObject\",\"inLanguage\":\"es\",\"@id\":\"https:\\\/\\\/pipeska.fr\\\/#\\\/schema\\\/logo\\\/image\\\/\",\"url\":\"https:\\\/\\\/pipeska.fr\\\/wp-content\\\/uploads\\\/2024\\\/07\\\/Pipeska_logo_couleur_fondtransparent.png\",\"contentUrl\":\"https:\\\/\\\/pipeska.fr\\\/wp-content\\\/uploads\\\/2024\\\/07\\\/Pipeska_logo_couleur_fondtransparent.png\",\"width\":1771,\"height\":1181,\"caption\":\"Pipeska\"},\"image\":{\"@id\":\"https:\\\/\\\/pipeska.fr\\\/#\\\/schema\\\/logo\\\/image\\\/\"}}]}<\/script>\n<!-- \/ Yoast SEO plugin. -->","yoast_head_json":{"title":"\u2728 \u00a1Prueba la porosidad de tu pelo en 3 segundos! - Pipeska","description":"En 3 sencillos pasos Pruebe, observe y adapte r\u00e1pidamente su rutina capilar conclusi\u00f3n \u00bfPelo con porosidad baja, media o alta?","robots":{"index":"index","follow":"follow","max-snippet":"max-snippet:-1","max-image-preview":"max-image-preview:large","max-video-preview":"max-video-preview:-1"},"canonical":"https:\/\/pipeska.fr\/es\/prueba-porosita-3-segundos\/","og_locale":"es_ES","og_type":"article","og_title":"\u2728 Tester sa porosit\u00e9 de vos cheveux en 3 secondes ! - Pipeska","og_description":"En 3 \u00e9tapes simples ! Tester, observer et adapter sa routine capillaire rapidement conclusion Cheveux \u00e0 porosit\u00e9 faible, moyenne ou \u00e9lev\u00e9e?","og_url":"https:\/\/pipeska.fr\/es\/prueba-porosita-3-segundos\/","og_site_name":"Pipeska","article_modified_time":"2025-08-21T23:29:55+00:00","og_image":[{"width":1080,"height":1080,"url":"https:\/\/pipeska.fr\/wp-content\/uploads\/2025\/08\/Tester-sa-porosite.png","type":"image\/png"}],"twitter_card":"summary_large_image","twitter_misc":{"Tiempo de lectura":"1 minuto"},"schema":{"@context":"https:\/\/schema.org","@graph":[{"@type":"WebPage","@id":"https:\/\/pipeska.fr\/tester-porosite-3-secondes\/","url":"https:\/\/pipeska.fr\/tester-porosite-3-secondes\/","name":"\u2728 \u00a1Prueba la porosidad de tu pelo en 3 segundos! - Pipeska","isPartOf":{"@id":"https:\/\/pipeska.fr\/#website"},"primaryImageOfPage":{"@id":"https:\/\/pipeska.fr\/tester-porosite-3-secondes\/#primaryimage"},"image":{"@id":"https:\/\/pipeska.fr\/tester-porosite-3-secondes\/#primaryimage"},"thumbnailUrl":"https:\/\/s.w.org\/images\/core\/emoji\/16.0.1\/svg\/1f33f.svg","datePublished":"2025-08-21T23:03:38+00:00","dateModified":"2025-08-21T23:29:55+00:00","description":"En 3 sencillos pasos Pruebe, observe y adapte r\u00e1pidamente su rutina capilar conclusi\u00f3n \u00bfPelo con porosidad baja, media o alta?","breadcrumb":{"@id":"https:\/\/pipeska.fr\/tester-porosite-3-secondes\/#breadcrumb"},"inLanguage":"es","potentialAction":[{"@type":"ReadAction","target":["https:\/\/pipeska.fr\/tester-porosite-3-secondes\/"]}]},{"@type":"ImageObject","inLanguage":"es","@id":"https:\/\/pipeska.fr\/tester-porosite-3-secondes\/#primaryimage","url":"https:\/\/s.w.org\/images\/core\/emoji\/16.0.1\/svg\/1f33f.svg","contentUrl":"https:\/\/s.w.org\/images\/core\/emoji\/16.0.1\/svg\/1f33f.svg"},{"@type":"BreadcrumbList","@id":"https:\/\/pipeska.fr\/tester-porosite-3-secondes\/#breadcrumb","itemListElement":[{"@type":"ListItem","position":1,"name":"Accueil","item":"https:\/\/pipeska.fr\/"},{"@type":"ListItem","position":2,"name":"\u2728 Tester sa porosit\u00e9 de vos cheveux en 3 secondes !"}]},{"@type":"WebSite","@id":"https:\/\/pipeska.fr\/#website","url":"https:\/\/pipeska.fr\/","name":"Pipeska","description":"Bio - Made in France - Inspiraci\u00f3n caribe\u00f1a","publisher":{"@id":"https:\/\/pipeska.fr\/#organization"},"potentialAction":[{"@type":"SearchAction","target":{"@type":"EntryPoint","urlTemplate":"https:\/\/pipeska.fr\/?s={search_term_string}"},"query-input":{"@type":"PropertyValueSpecification","valueRequired":true,"valueName":"search_term_string"}}],"inLanguage":"es"},{"@type":"Organization","@id":"https:\/\/pipeska.fr\/#organization","name":"Pipeska","url":"https:\/\/pipeska.fr\/","logo":{"@type":"ImageObject","inLanguage":"es","@id":"https:\/\/pipeska.fr\/#\/schema\/logo\/image\/","url":"https:\/\/pipeska.fr\/wp-content\/uploads\/2024\/07\/Pipeska_logo_couleur_fondtransparent.png","contentUrl":"https:\/\/pipeska.fr\/wp-content\/uploads\/2024\/07\/Pipeska_logo_couleur_fondtransparent.png","width":1771,"height":1181,"caption":"Pipeska"},"image":{"@id":"https:\/\/pipeska.fr\/#\/schema\/logo\/image\/"}}]}},"_links":{"self":[{"href":"https:\/\/pipeska.fr\/es\/wp-json\/wp\/v2\/pages\/3797","targetHints":{"allow":["GET"]}}],"collection":[{"href":"https:\/\/pipeska.fr\/es\/wp-json\/wp\/v2\/pages"}],"about":[{"href":"https:\/\/pipeska.fr\/es\/wp-json\/wp\/v2\/types\/page"}],"author":[{"embeddable":true,"href":"https:\/\/pipeska.fr\/es\/wp-json\/wp\/v2\/users\/1"}],"replies":[{"embeddable":true,"href":"https:\/\/pipeska.fr\/es\/wp-json\/wp\/v2\/comments?post=3797"}],"version-history":[{"count":4,"href":"https:\/\/pipeska.fr\/es\/wp-json\/wp\/v2\/pages\/3797\/revisions"}],"predecessor-version":[{"id":3804,"href":"https:\/\/pipeska.fr\/es\/wp-json\/wp\/v2\/pages\/3797\/revisions\/3804"}],"wp:attachment":[{"href":"https:\/\/pipeska.fr\/es\/wp-json\/wp\/v2\/media?parent=3797"}],"curies":[{"name":"wp","href":"https:\/\/api.w.org\/{rel}","templated":true}]}}