{"id":8,"date":"2024-07-04T14:26:15","date_gmt":"2024-07-04T14:26:15","guid":{"rendered":"https:\/\/newpipeska.live-website.com\/panier"},"modified":"2025-08-22T22:35:28","modified_gmt":"2025-08-22T22:35:28","slug":"cesta-pipeska-tus-productos-capilares-ecologicos","status":"publish","type":"page","link":"https:\/\/pipeska.fr\/es\/panier-pipeska-vos-produits-capillaires-bio\/","title":{"rendered":"Cesta"},"content":{"rendered":"<div data-block-name=\"woocommerce\/cart\" class=\"wp-block-woocommerce-cart alignwide is-loading\">\n<div data-block-name=\"woocommerce\/filled-cart-block\" class=\"wp-block-woocommerce-filled-cart-block\">\n<div data-block-name=\"woocommerce\/cart-items-block\" class=\"wp-block-woocommerce-cart-items-block\">\n<div data-block-name=\"woocommerce\/cart-line-items-block\" class=\"wp-block-woocommerce-cart-line-items-block\"><\/div>\n\n\n\n<div data-block-name=\"woocommerce\/cart-cross-sells-block\" class=\"wp-block-woocommerce-cart-cross-sells-block\">\n<h2 class=\"wp-block-heading has-large-font-size\">Quiz\u00e1 le interese...<\/h2>\n\n\n\n<div data-block-name=\"woocommerce\/cart-cross-sells-products-block\" class=\"wp-block-woocommerce-cart-cross-sells-products-block\"><\/div>\n<\/div>\n<\/div>\n\n\n\n<div data-block-name=\"woocommerce\/cart-totals-block\" class=\"wp-block-woocommerce-cart-totals-block\">\n<div data-block-name=\"woocommerce\/cart-order-summary-block\" class=\"wp-block-woocommerce-cart-order-summary-block\">\n<div data-block-name=\"woocommerce\/cart-order-summary-heading-block\" data-content=\"Total panier\" class=\"wp-block-woocommerce-cart-order-summary-heading-block\"><\/div>\n\n\n\n<div data-block-name=\"woocommerce\/cart-order-summary-coupon-form-block\" class=\"wp-block-woocommerce-cart-order-summary-coupon-form-block\"><\/div>\n\n\n\n<div data-block-name=\"woocommerce\/cart-order-summary-totals-block\" class=\"wp-block-woocommerce-cart-order-summary-totals-block\">\n<div data-block-name=\"woocommerce\/cart-order-summary-subtotal-block\" class=\"wp-block-woocommerce-cart-order-summary-subtotal-block\"><\/div>\n\n\n\n<div data-block-name=\"woocommerce\/cart-order-summary-fee-block\" class=\"wp-block-woocommerce-cart-order-summary-fee-block\"><\/div>\n\n\n\n<div data-block-name=\"woocommerce\/cart-order-summary-discount-block\" class=\"wp-block-woocommerce-cart-order-summary-discount-block\"><\/div>\n\n\n\n<div data-block-name=\"woocommerce\/cart-order-summary-shipping-block\" class=\"wp-block-woocommerce-cart-order-summary-shipping-block\"><\/div>\n\n\n\n<div data-block-name=\"woocommerce\/cart-order-summary-taxes-block\" class=\"wp-block-woocommerce-cart-order-summary-taxes-block\"><\/div>\n<\/div>\n<\/div>\n\n\n\n\n\n<div data-block-name=\"woocommerce\/cart-express-payment-block\" class=\"wp-block-woocommerce-cart-express-payment-block\"><\/div>\n\n\n\n<div data-block-name=\"woocommerce\/proceed-to-checkout-block\" class=\"wp-block-woocommerce-proceed-to-checkout-block\"><\/div>\n\n\n\n<div data-block-name=\"woocommerce\/cart-accepted-payment-methods-block\" class=\"wp-block-woocommerce-cart-accepted-payment-methods-block\"><\/div>\n<\/div>\n<\/div>\n\n\n\n<div data-block-name=\"woocommerce\/empty-cart-block\" class=\"wp-block-woocommerce-empty-cart-block\">\n<h2 class=\"wp-block-heading has-text-align-center with-empty-cart-icon wc-block-cart__empty-cart__title\">Tu cesta est\u00e1 vac\u00eda.<\/h2>\n\n\n\n<hr class=\"wp-block-separator has-alpha-channel-opacity is-style-dots\"\/>\n\n\n\n<h2 class=\"wp-block-heading has-text-align-center\">Nuevo en la tienda<\/h2>\n\n\n<div data-block-name=\"woocommerce\/product-new\" data-columns=\"4\" data-rows=\"1\" class=\"wc-block-grid wp-block-product-new wp-block-woocommerce-product-new wc-block-product-new has-4-columns\"><ul class=\"wc-block-grid__products\"><li class=\"wc-block-grid__product\">\n\t\t\t\t<a href=\"https:\/\/pipeska.fr\/es\/produit\/shampooing-bio-cheveux-fragiles-caribbean-fusion\/\" class=\"wc-block-grid__product-link\">\n\t\t\t\t\t\n\t\t\t\t\t<div class=\"wc-block-grid__product-image\"><img fetchpriority=\"high\" decoding=\"async\" width=\"300\" height=\"300\" src=\"https:\/\/pipeska.fr\/wp-content\/uploads\/2025\/11\/Flacon-de-Shampooing-Bio-Pipeska-Caribbean-Fusion-250ml-Cheveux-Fragiles-COSMOS-Organic-300x300.jpg\" class=\"attachment-woocommerce_thumbnail size-woocommerce_thumbnail\" alt=\"Champ\u00fa Org\u00e1nico Cabello Fr\u00e1gil Fusi\u00f3n Caribe\u00f1a | COSMOS Organic \u2013 250 ml\" srcset=\"https:\/\/pipeska.fr\/wp-content\/uploads\/2025\/11\/Flacon-de-Shampooing-Bio-Pipeska-Caribbean-Fusion-250ml-Cheveux-Fragiles-COSMOS-Organic-300x300.jpg 300w, https:\/\/pipeska.fr\/wp-content\/uploads\/2025\/11\/Flacon-de-Shampooing-Bio-Pipeska-Caribbean-Fusion-250ml-Cheveux-Fragiles-COSMOS-Organic-1024x1024.jpg 1024w, https:\/\/pipeska.fr\/wp-content\/uploads\/2025\/11\/Flacon-de-Shampooing-Bio-Pipeska-Caribbean-Fusion-250ml-Cheveux-Fragiles-COSMOS-Organic-150x150.jpg 150w, https:\/\/pipeska.fr\/wp-content\/uploads\/2025\/11\/Flacon-de-Shampooing-Bio-Pipeska-Caribbean-Fusion-250ml-Cheveux-Fragiles-COSMOS-Organic-768x768.jpg 768w, https:\/\/pipeska.fr\/wp-content\/uploads\/2025\/11\/Flacon-de-Shampooing-Bio-Pipeska-Caribbean-Fusion-250ml-Cheveux-Fragiles-COSMOS-Organic-12x12.jpg 12w, https:\/\/pipeska.fr\/wp-content\/uploads\/2025\/11\/Flacon-de-Shampooing-Bio-Pipeska-Caribbean-Fusion-250ml-Cheveux-Fragiles-COSMOS-Organic-600x600.jpg 600w, https:\/\/pipeska.fr\/wp-content\/uploads\/2025\/11\/Flacon-de-Shampooing-Bio-Pipeska-Caribbean-Fusion-250ml-Cheveux-Fragiles-COSMOS-Organic-795x795.jpg 795w, https:\/\/pipeska.fr\/wp-content\/uploads\/2025\/11\/Flacon-de-Shampooing-Bio-Pipeska-Caribbean-Fusion-250ml-Cheveux-Fragiles-COSMOS-Organic-100x100.jpg 100w, https:\/\/pipeska.fr\/wp-content\/uploads\/2025\/11\/Flacon-de-Shampooing-Bio-Pipeska-Caribbean-Fusion-250ml-Cheveux-Fragiles-COSMOS-Organic.jpg 1080w\" sizes=\"(max-width: 300px) 100vw, 300px\" \/><\/div>\n\t\t\t\t\t<div class=\"wc-block-grid__product-title\">Champ\u00fa Org\u00e1nico Cabello Fr\u00e1gil Fusi\u00f3n Caribe\u00f1a | COSMOS Organic \u2013 250 ml<\/div>\n\t\t\t\t<\/a>\n\t\t\t\t<div class=\"wc-block-grid__product-price price\"><span class=\"woocommerce-Price-amount amount\" aria-hidden=\"true\">15.99&nbsp;<span class=\"woocommerce-Price-currencySymbol\">&euro;<\/span><\/span> <span aria-hidden=\"true\">&#8211;<\/span> <span class=\"woocommerce-Price-amount amount\" aria-hidden=\"true\">39.99&nbsp;<span class=\"woocommerce-Price-currencySymbol\">&euro;<\/span><\/span><span class=\"screen-reader-text\" data-no-translation=\"\" data-trp-gettext=\"\">Rango de precios: desde 15.99&nbsp;&euro; hasta 39.99&nbsp;&euro;<\/span> <small class=\"woocommerce-price-suffix\">IVA INCLUIDO<\/small><\/div>\n\t\t\t\t<div class=\"wc-block-grid__product-rating\"><div class=\"star-rating\" role=\"img\" aria-label=\"Valorado con 5.00 de 5\" data-no-translation-aria-label=\"\"><span style=\"width:100%\" data-no-translation=\"\" data-trp-gettext=\"\">Valorado con <strong class=\"rating\">5.00<\/strong> de 5 en base a <span class=\"rating\">2<\/span> valoraciones de clientes<\/span><\/div><\/div>\n\t\t\t\t<div class=\"wp-block-button wc-block-grid__product-add-to-cart\"><a href=\"https:\/\/pipeska.fr\/es\/produit\/shampooing-bio-cheveux-fragiles-caribbean-fusion\/\" aria-label=\"Elige las opciones para \u201cShampooing Bio Cheveux Fragiles Caribbean Fusion | COSMOS Organic \u2013 250 ml\u201d\" data-quantity=\"1\" data-product_id=\"4246\" data-product_sku=\"S15\" data-price=\"15.99\" rel=\"nofollow\" class=\"wp-block-button__link  add_to_cart_button\" data-no-translation=\"\" data-trp-gettext=\"\" data-no-translation-aria-label=\"\">Seleccionar opciones<\/a><\/div>\n\t\t\t<\/li><li class=\"wc-block-grid__product\">\n\t\t\t\t<a href=\"https:\/\/pipeska.fr\/es\/produit\/shampooing-pipeska-soie-tropicale-bio-1000ml\/\" class=\"wc-block-grid__product-link\">\n\t\t\t\t\t\n\t\t\t\t\t<div class=\"wc-block-grid__product-image\"><img decoding=\"async\" width=\"300\" height=\"300\" data-src=\"https:\/\/pipeska.fr\/wp-content\/uploads\/2025\/11\/Pipeska-Soie-Tropicale-Notre-Shampooing-Bio-Made-in-France-certifie-COSMOS-Organic.-Le-soin-ideal-pour-nettoyer-delicatement-les-cheveux-fragiles.-1000-ml-300x300.jpg\" class=\"attachment-woocommerce_thumbnail size-woocommerce_thumbnail lazyload\" alt=\"Pipeska Caribbean Fusion- Champ\u00fa de Seda Tropical 1000ml - COSMOS Cabello Fr\u00e1gil y Ecol\u00f3gico\" data-srcset=\"https:\/\/pipeska.fr\/wp-content\/uploads\/2025\/11\/Pipeska-Soie-Tropicale-Notre-Shampooing-Bio-Made-in-France-certifie-COSMOS-Organic.-Le-soin-ideal-pour-nettoyer-delicatement-les-cheveux-fragiles.-1000-ml-300x300.jpg 300w, https:\/\/pipeska.fr\/wp-content\/uploads\/2025\/11\/Pipeska-Soie-Tropicale-Notre-Shampooing-Bio-Made-in-France-certifie-COSMOS-Organic.-Le-soin-ideal-pour-nettoyer-delicatement-les-cheveux-fragiles.-1000-ml-1024x1024.jpg 1024w, https:\/\/pipeska.fr\/wp-content\/uploads\/2025\/11\/Pipeska-Soie-Tropicale-Notre-Shampooing-Bio-Made-in-France-certifie-COSMOS-Organic.-Le-soin-ideal-pour-nettoyer-delicatement-les-cheveux-fragiles.-1000-ml-150x150.jpg 150w, https:\/\/pipeska.fr\/wp-content\/uploads\/2025\/11\/Pipeska-Soie-Tropicale-Notre-Shampooing-Bio-Made-in-France-certifie-COSMOS-Organic.-Le-soin-ideal-pour-nettoyer-delicatement-les-cheveux-fragiles.-1000-ml-768x768.jpg 768w, https:\/\/pipeska.fr\/wp-content\/uploads\/2025\/11\/Pipeska-Soie-Tropicale-Notre-Shampooing-Bio-Made-in-France-certifie-COSMOS-Organic.-Le-soin-ideal-pour-nettoyer-delicatement-les-cheveux-fragiles.-1000-ml-12x12.jpg 12w, https:\/\/pipeska.fr\/wp-content\/uploads\/2025\/11\/Pipeska-Soie-Tropicale-Notre-Shampooing-Bio-Made-in-France-certifie-COSMOS-Organic.-Le-soin-ideal-pour-nettoyer-delicatement-les-cheveux-fragiles.-1000-ml-600x600.jpg 600w, https:\/\/pipeska.fr\/wp-content\/uploads\/2025\/11\/Pipeska-Soie-Tropicale-Notre-Shampooing-Bio-Made-in-France-certifie-COSMOS-Organic.-Le-soin-ideal-pour-nettoyer-delicatement-les-cheveux-fragiles.-1000-ml-795x795.jpg 795w, https:\/\/pipeska.fr\/wp-content\/uploads\/2025\/11\/Pipeska-Soie-Tropicale-Notre-Shampooing-Bio-Made-in-France-certifie-COSMOS-Organic.-Le-soin-ideal-pour-nettoyer-delicatement-les-cheveux-fragiles.-1000-ml-100x100.jpg 100w, https:\/\/pipeska.fr\/wp-content\/uploads\/2025\/11\/Pipeska-Soie-Tropicale-Notre-Shampooing-Bio-Made-in-France-certifie-COSMOS-Organic.-Le-soin-ideal-pour-nettoyer-delicatement-les-cheveux-fragiles.-1000-ml.jpg 1080w\" data-sizes=\"(max-width: 300px) 100vw, 300px\" src=\"data:image\/svg+xml;base64,PHN2ZyB3aWR0aD0iMSIgaGVpZ2h0PSIxIiB4bWxucz0iaHR0cDovL3d3dy53My5vcmcvMjAwMC9zdmciPjwvc3ZnPg==\" style=\"--smush-placeholder-width: 300px; --smush-placeholder-aspect-ratio: 300\/300;\" \/><\/div>\n\t\t\t\t\t<div class=\"wc-block-grid__product-title\">Pipeska Caribbean Fusion- Champ\u00fa de Seda Tropical 1000ml - COSMOS Cabello Fr\u00e1gil y Ecol\u00f3gico<\/div>\n\t\t\t\t<\/a>\n\t\t\t\t<div class=\"wc-block-grid__product-price price\"><span class=\"woocommerce-Price-amount amount\">39.99&nbsp;<span class=\"woocommerce-Price-currencySymbol\">\u20ac<\/span><\/span> <small class=\"woocommerce-price-suffix\">IVA INCLUIDO<\/small><\/div>\n\t\t\t\t<div class=\"wc-block-grid__product-rating\"><div class=\"star-rating\" role=\"img\" aria-label=\"Valorado con 5.00 de 5\" data-no-translation-aria-label=\"\"><span style=\"width:100%\" data-no-translation=\"\" data-trp-gettext=\"\">Valorado con <strong class=\"rating\">5.00<\/strong> de 5 en base a <span class=\"rating\">1<\/span> valoraci\u00f3n de un cliente<\/span><\/div><\/div>\n\t\t\t\t<div class=\"wp-block-button wc-block-grid__product-add-to-cart\"><a href=\"\/es\/wp-json\/wp\/v2\/pages\/8?add-to-cart=4247\" aria-label=\"A\u00f1adir al carrito: \u201cPipeska  Caribbean Fusion- Shampooing Soie Tropicale 1000ml - COSMOS Organic &amp; Cheveux Fragiles\u201d\" data-quantity=\"1\" data-product_id=\"4247\" data-product_sku=\"S16\" data-price=\"39.99\" rel=\"nofollow\" class=\"wp-block-button__link  add_to_cart_button ajax_add_to_cart\" data-no-translation=\"\" data-trp-gettext=\"\" data-no-translation-aria-label=\"\">A\u00f1adir al carrito<\/a><\/div>\n\t\t\t<\/li><li class=\"wc-block-grid__product\">\n\t\t\t\t<a href=\"https:\/\/pipeska.fr\/es\/produit\/shampooing-cheveux-fins-bio-hydra-marin\/\" class=\"wc-block-grid__product-link\">\n\t\t\t\t\t\n\t\t\t\t\t<div class=\"wc-block-grid__product-image\"><img decoding=\"async\" width=\"300\" height=\"300\" data-src=\"https:\/\/pipeska.fr\/wp-content\/uploads\/2025\/01\/Shampooing-naturel-leger-pour-cheveux-delicats-300x300.png\" class=\"attachment-woocommerce_thumbnail size-woocommerce_thumbnail lazyload\" alt=\"Hydra Marin Champ\u00fa Cabello Fino | COSMOS BIO 1 l\" data-srcset=\"https:\/\/pipeska.fr\/wp-content\/uploads\/2025\/01\/Shampooing-naturel-leger-pour-cheveux-delicats-300x300.png 300w, https:\/\/pipeska.fr\/wp-content\/uploads\/2025\/01\/Shampooing-naturel-leger-pour-cheveux-delicats-1024x1024.png 1024w, https:\/\/pipeska.fr\/wp-content\/uploads\/2025\/01\/Shampooing-naturel-leger-pour-cheveux-delicats-150x150.png 150w, https:\/\/pipeska.fr\/wp-content\/uploads\/2025\/01\/Shampooing-naturel-leger-pour-cheveux-delicats-768x768.png 768w, https:\/\/pipeska.fr\/wp-content\/uploads\/2025\/01\/Shampooing-naturel-leger-pour-cheveux-delicats-12x12.png 12w, https:\/\/pipeska.fr\/wp-content\/uploads\/2025\/01\/Shampooing-naturel-leger-pour-cheveux-delicats-600x600.png 600w, https:\/\/pipeska.fr\/wp-content\/uploads\/2025\/01\/Shampooing-naturel-leger-pour-cheveux-delicats-795x795.png 795w, https:\/\/pipeska.fr\/wp-content\/uploads\/2025\/01\/Shampooing-naturel-leger-pour-cheveux-delicats-100x100.png 100w, https:\/\/pipeska.fr\/wp-content\/uploads\/2025\/01\/Shampooing-naturel-leger-pour-cheveux-delicats.png 1080w\" data-sizes=\"(max-width: 300px) 100vw, 300px\" src=\"data:image\/svg+xml;base64,PHN2ZyB3aWR0aD0iMSIgaGVpZ2h0PSIxIiB4bWxucz0iaHR0cDovL3d3dy53My5vcmcvMjAwMC9zdmciPjwvc3ZnPg==\" style=\"--smush-placeholder-width: 300px; --smush-placeholder-aspect-ratio: 300\/300;\" \/><\/div>\n\t\t\t\t\t<div class=\"wc-block-grid__product-title\">Hydra Marin Champ\u00fa Cabello Fino | COSMOS BIO 1 l<\/div>\n\t\t\t\t<\/a>\n\t\t\t\t<div class=\"wc-block-grid__product-price price\"><span class=\"woocommerce-Price-amount amount\">37.99&nbsp;<span class=\"woocommerce-Price-currencySymbol\">\u20ac<\/span><\/span> <small class=\"woocommerce-price-suffix\">IVA INCLUIDO<\/small><\/div>\n\t\t\t\t<div class=\"wc-block-grid__product-rating\"><div class=\"star-rating\" role=\"img\" aria-label=\"Valorado con 5.00 de 5\" data-no-translation-aria-label=\"\"><span style=\"width:100%\" data-no-translation=\"\" data-trp-gettext=\"\">Valorado con <strong class=\"rating\">5.00<\/strong> de 5 en base a <span class=\"rating\">1<\/span> valoraci\u00f3n de un cliente<\/span><\/div><\/div>\n\t\t\t\t<div class=\"wp-block-button wc-block-grid__product-add-to-cart\"><a href=\"\/es\/wp-json\/wp\/v2\/pages\/8?add-to-cart=3093\" aria-label=\"A\u00f1adir al carrito: \u201cShampooing Cheveux Fins Hydra Marin | COSMOS Organic 1 l\u201d\" data-quantity=\"1\" data-product_id=\"3093\" data-product_sku=\"S012\" data-price=\"37.99\" rel=\"nofollow\" class=\"wp-block-button__link  add_to_cart_button ajax_add_to_cart\" data-no-translation=\"\" data-trp-gettext=\"\" data-no-translation-aria-label=\"\">A\u00f1adir al carrito<\/a><\/div>\n\t\t\t<\/li><li class=\"wc-block-grid__product\">\n\t\t\t\t<a href=\"https:\/\/pipeska.fr\/es\/produit\/baume-universel-karite-amande-ylang\/\" class=\"wc-block-grid__product-link\">\n\t\t\t\t\t\n\t\t\t\t\t<div class=\"wc-block-grid__product-image\"><img decoding=\"async\" width=\"300\" height=\"300\" data-src=\"https:\/\/pipeska.fr\/wp-content\/uploads\/2024\/10\/Baume-capillaire-bio-tout-en-un-pour-cheveux-et-corps-300x300.png\" class=\"attachment-woocommerce_thumbnail size-woocommerce_thumbnail lazyload\" alt=\"B\u00e1lsamo Universal Org\u00e1nico y 100% Natural | Cuidado Facial, Corporal, Cabello | Pipeska\" data-srcset=\"https:\/\/pipeska.fr\/wp-content\/uploads\/2024\/10\/Baume-capillaire-bio-tout-en-un-pour-cheveux-et-corps-300x300.png 300w, https:\/\/pipeska.fr\/wp-content\/uploads\/2024\/10\/Baume-capillaire-bio-tout-en-un-pour-cheveux-et-corps-1024x1024.png 1024w, https:\/\/pipeska.fr\/wp-content\/uploads\/2024\/10\/Baume-capillaire-bio-tout-en-un-pour-cheveux-et-corps-150x150.png 150w, https:\/\/pipeska.fr\/wp-content\/uploads\/2024\/10\/Baume-capillaire-bio-tout-en-un-pour-cheveux-et-corps-768x768.png 768w, https:\/\/pipeska.fr\/wp-content\/uploads\/2024\/10\/Baume-capillaire-bio-tout-en-un-pour-cheveux-et-corps-12x12.png 12w, https:\/\/pipeska.fr\/wp-content\/uploads\/2024\/10\/Baume-capillaire-bio-tout-en-un-pour-cheveux-et-corps-600x600.png 600w, https:\/\/pipeska.fr\/wp-content\/uploads\/2024\/10\/Baume-capillaire-bio-tout-en-un-pour-cheveux-et-corps-795x795.png 795w, https:\/\/pipeska.fr\/wp-content\/uploads\/2024\/10\/Baume-capillaire-bio-tout-en-un-pour-cheveux-et-corps-100x100.png 100w, https:\/\/pipeska.fr\/wp-content\/uploads\/2024\/10\/Baume-capillaire-bio-tout-en-un-pour-cheveux-et-corps.png 1080w\" data-sizes=\"(max-width: 300px) 100vw, 300px\" src=\"data:image\/svg+xml;base64,PHN2ZyB3aWR0aD0iMSIgaGVpZ2h0PSIxIiB4bWxucz0iaHR0cDovL3d3dy53My5vcmcvMjAwMC9zdmciPjwvc3ZnPg==\" style=\"--smush-placeholder-width: 300px; --smush-placeholder-aspect-ratio: 300\/300;\" \/><\/div>\n\t\t\t\t\t<div class=\"wc-block-grid__product-title\">B\u00e1lsamo Universal Org\u00e1nico y 100% Natural | Cuidado Facial, Corporal, Cabello | Pipeska<\/div>\n\t\t\t\t<\/a>\n\t\t\t\t<div class=\"wc-block-grid__product-price price\"><span class=\"woocommerce-Price-amount amount\">24.99&nbsp;<span class=\"woocommerce-Price-currencySymbol\">\u20ac<\/span><\/span> <small class=\"woocommerce-price-suffix\">IVA INCLUIDO<\/small><\/div>\n\t\t\t\t<div class=\"wc-block-grid__product-rating\"><div class=\"star-rating\" role=\"img\" aria-label=\"Valorado con 5.00 de 5\" data-no-translation-aria-label=\"\"><span style=\"width:100%\" data-no-translation=\"\" data-trp-gettext=\"\">Valorado con <strong class=\"rating\">5.00<\/strong> de 5 en base a <span class=\"rating\">3<\/span> valoraciones de clientes<\/span><\/div><\/div>\n\t\t\t\t<div class=\"wp-block-button wc-block-grid__product-add-to-cart\"><a href=\"\/es\/wp-json\/wp\/v2\/pages\/8?add-to-cart=2664\" aria-label=\"A\u00f1adir al carrito: \u201cBaume Universel Bio &amp; 100% Naturel | Soin Visage, Corps, Cheveux | Pipeska\u201d\" data-quantity=\"1\" data-product_id=\"2664\" data-product_sku=\"B001\" data-price=\"24.99\" rel=\"nofollow\" class=\"wp-block-button__link  add_to_cart_button ajax_add_to_cart\" data-no-translation=\"\" data-trp-gettext=\"\" data-no-translation-aria-label=\"\">A\u00f1adir al carrito<\/a><\/div>\n\t\t\t<\/li><\/ul><\/div><\/div>\n<\/div>","protected":false},"excerpt":{"rendered":"","protected":false},"author":1,"featured_media":0,"parent":0,"menu_order":0,"comment_status":"closed","ping_status":"closed","template":"","meta":{"_uf_show_specific_survey":0,"_uf_disable_surveys":false,"footnotes":""},"class_list":["post-8","page","type-page","status-publish","hentry","entry","owp-thumbs-layout-horizontal","owp-btn-normal","owp-tabs-layout-vertical","has-no-thumbnails","has-product-nav"],"yoast_head":"<!-- This site is optimized with the Yoast SEO plugin v27.4 - https:\/\/yoast.com\/product\/yoast-seo-wordpress\/ -->\n<title>Panier - Pipeska<\/title>\n<meta name=\"description\" content=\"Consultez votre panier Pipeska et pr\u00e9parez votre commande de soins capillaires bio pour cheveux textur\u00e9s. Simple, rapide et naturel !\" \/>\n<meta name=\"robots\" content=\"index, follow, max-snippet:-1, max-image-preview:large, max-video-preview:-1\" \/>\n<link rel=\"canonical\" href=\"https:\/\/pipeska.fr\/es\/cesta-pipeska-tus-productos-capilares-ecologicos\/\" \/>\n<meta property=\"og:locale\" content=\"es_ES\" \/>\n<meta property=\"og:type\" content=\"article\" \/>\n<meta property=\"og:title\" content=\"Panier - Pipeska\" \/>\n<meta property=\"og:description\" content=\"Consultez votre panier Pipeska et pr\u00e9parez votre commande de soins capillaires bio pour cheveux textur\u00e9s. Simple, rapide et naturel !\" \/>\n<meta property=\"og:url\" content=\"https:\/\/pipeska.fr\/es\/cesta-pipeska-tus-productos-capilares-ecologicos\/\" \/>\n<meta property=\"og:site_name\" content=\"Pipeska\" \/>\n<meta property=\"article:modified_time\" content=\"2025-08-22T22:35:28+00:00\" \/>\n<meta property=\"og:image\" content=\"https:\/\/pipeska.fr\/wp-content\/uploads\/2024\/07\/Pipeska_logo_couleur.jpg\" \/>\n\t<meta property=\"og:image:width\" content=\"1771\" \/>\n\t<meta property=\"og:image:height\" content=\"1181\" \/>\n\t<meta property=\"og:image:type\" content=\"image\/jpeg\" \/>\n<meta name=\"twitter:card\" content=\"summary_large_image\" \/>\n<meta name=\"twitter:label1\" content=\"Tiempo de lectura\" \/>\n\t<meta name=\"twitter:data1\" content=\"1 minuto\" \/>\n<script type=\"application\/ld+json\" class=\"yoast-schema-graph\">{\"@context\":\"https:\\\/\\\/schema.org\",\"@graph\":[{\"@type\":\"WebPage\",\"@id\":\"https:\\\/\\\/pipeska.fr\\\/panier-pipeska-vos-produits-capillaires-bio\\\/\",\"url\":\"https:\\\/\\\/pipeska.fr\\\/panier-pipeska-vos-produits-capillaires-bio\\\/\",\"name\":\"Panier - Pipeska\",\"isPartOf\":{\"@id\":\"https:\\\/\\\/pipeska.fr\\\/#website\"},\"datePublished\":\"2024-07-04T14:26:15+00:00\",\"dateModified\":\"2025-08-22T22:35:28+00:00\",\"description\":\"Consultez votre panier Pipeska et pr\u00e9parez votre commande de soins capillaires bio pour cheveux textur\u00e9s. Simple, rapide et naturel !\",\"breadcrumb\":{\"@id\":\"https:\\\/\\\/pipeska.fr\\\/panier-pipeska-vos-produits-capillaires-bio\\\/#breadcrumb\"},\"inLanguage\":\"es\",\"potentialAction\":[{\"@type\":\"ReadAction\",\"target\":[\"https:\\\/\\\/pipeska.fr\\\/panier-pipeska-vos-produits-capillaires-bio\\\/\"]}]},{\"@type\":\"BreadcrumbList\",\"@id\":\"https:\\\/\\\/pipeska.fr\\\/panier-pipeska-vos-produits-capillaires-bio\\\/#breadcrumb\",\"itemListElement\":[{\"@type\":\"ListItem\",\"position\":1,\"name\":\"Accueil\",\"item\":\"https:\\\/\\\/pipeska.fr\\\/\"},{\"@type\":\"ListItem\",\"position\":2,\"name\":\"Panier\"}]},{\"@type\":\"WebSite\",\"@id\":\"https:\\\/\\\/pipeska.fr\\\/#website\",\"url\":\"https:\\\/\\\/pipeska.fr\\\/\",\"name\":\"Pipeska\",\"description\":\"Bio - Made in France - Caribbean Inspired\",\"publisher\":{\"@id\":\"https:\\\/\\\/pipeska.fr\\\/#organization\"},\"potentialAction\":[{\"@type\":\"SearchAction\",\"target\":{\"@type\":\"EntryPoint\",\"urlTemplate\":\"https:\\\/\\\/pipeska.fr\\\/?s={search_term_string}\"},\"query-input\":{\"@type\":\"PropertyValueSpecification\",\"valueRequired\":true,\"valueName\":\"search_term_string\"}}],\"inLanguage\":\"es\"},{\"@type\":\"Organization\",\"@id\":\"https:\\\/\\\/pipeska.fr\\\/#organization\",\"name\":\"Pipeska\",\"url\":\"https:\\\/\\\/pipeska.fr\\\/\",\"logo\":{\"@type\":\"ImageObject\",\"inLanguage\":\"es\",\"@id\":\"https:\\\/\\\/pipeska.fr\\\/#\\\/schema\\\/logo\\\/image\\\/\",\"url\":\"https:\\\/\\\/pipeska.fr\\\/wp-content\\\/uploads\\\/2024\\\/07\\\/Pipeska_logo_couleur_fondtransparent.png\",\"contentUrl\":\"https:\\\/\\\/pipeska.fr\\\/wp-content\\\/uploads\\\/2024\\\/07\\\/Pipeska_logo_couleur_fondtransparent.png\",\"width\":1771,\"height\":1181,\"caption\":\"Pipeska\"},\"image\":{\"@id\":\"https:\\\/\\\/pipeska.fr\\\/#\\\/schema\\\/logo\\\/image\\\/\"}}]}<\/script>\n<!-- \/ Yoast SEO plugin. -->","yoast_head_json":{"title":"Cesta - Pipeska","description":"Consulta tu cesta Pipeska y prepara tu pedido de productos ecol\u00f3gicos para el cuidado del cabello con textura. \u00a1Sencillo, r\u00e1pido y natural!","robots":{"index":"index","follow":"follow","max-snippet":"max-snippet:-1","max-image-preview":"max-image-preview:large","max-video-preview":"max-video-preview:-1"},"canonical":"https:\/\/pipeska.fr\/es\/cesta-pipeska-tus-productos-capilares-ecologicos\/","og_locale":"es_ES","og_type":"article","og_title":"Panier - Pipeska","og_description":"Consultez votre panier Pipeska et pr\u00e9parez votre commande de soins capillaires bio pour cheveux textur\u00e9s. Simple, rapide et naturel !","og_url":"https:\/\/pipeska.fr\/es\/cesta-pipeska-tus-productos-capilares-ecologicos\/","og_site_name":"Pipeska","article_modified_time":"2025-08-22T22:35:28+00:00","og_image":[{"width":1771,"height":1181,"url":"https:\/\/pipeska.fr\/wp-content\/uploads\/2024\/07\/Pipeska_logo_couleur.jpg","type":"image\/jpeg"}],"twitter_card":"summary_large_image","twitter_misc":{"Tiempo de lectura":"1 minuto"},"schema":{"@context":"https:\/\/schema.org","@graph":[{"@type":"WebPage","@id":"https:\/\/pipeska.fr\/panier-pipeska-vos-produits-capillaires-bio\/","url":"https:\/\/pipeska.fr\/panier-pipeska-vos-produits-capillaires-bio\/","name":"Cesta - Pipeska","isPartOf":{"@id":"https:\/\/pipeska.fr\/#website"},"datePublished":"2024-07-04T14:26:15+00:00","dateModified":"2025-08-22T22:35:28+00:00","description":"Consulta tu cesta Pipeska y prepara tu pedido de productos ecol\u00f3gicos para el cuidado del cabello con textura. \u00a1Sencillo, r\u00e1pido y natural!","breadcrumb":{"@id":"https:\/\/pipeska.fr\/panier-pipeska-vos-produits-capillaires-bio\/#breadcrumb"},"inLanguage":"es","potentialAction":[{"@type":"ReadAction","target":["https:\/\/pipeska.fr\/panier-pipeska-vos-produits-capillaires-bio\/"]}]},{"@type":"BreadcrumbList","@id":"https:\/\/pipeska.fr\/panier-pipeska-vos-produits-capillaires-bio\/#breadcrumb","itemListElement":[{"@type":"ListItem","position":1,"name":"Accueil","item":"https:\/\/pipeska.fr\/"},{"@type":"ListItem","position":2,"name":"Panier"}]},{"@type":"WebSite","@id":"https:\/\/pipeska.fr\/#website","url":"https:\/\/pipeska.fr\/","name":"Pipeska","description":"Bio - Made in France - Inspiraci\u00f3n caribe\u00f1a","publisher":{"@id":"https:\/\/pipeska.fr\/#organization"},"potentialAction":[{"@type":"SearchAction","target":{"@type":"EntryPoint","urlTemplate":"https:\/\/pipeska.fr\/?s={search_term_string}"},"query-input":{"@type":"PropertyValueSpecification","valueRequired":true,"valueName":"search_term_string"}}],"inLanguage":"es"},{"@type":"Organization","@id":"https:\/\/pipeska.fr\/#organization","name":"Pipeska","url":"https:\/\/pipeska.fr\/","logo":{"@type":"ImageObject","inLanguage":"es","@id":"https:\/\/pipeska.fr\/#\/schema\/logo\/image\/","url":"https:\/\/pipeska.fr\/wp-content\/uploads\/2024\/07\/Pipeska_logo_couleur_fondtransparent.png","contentUrl":"https:\/\/pipeska.fr\/wp-content\/uploads\/2024\/07\/Pipeska_logo_couleur_fondtransparent.png","width":1771,"height":1181,"caption":"Pipeska"},"image":{"@id":"https:\/\/pipeska.fr\/#\/schema\/logo\/image\/"}}]}},"_links":{"self":[{"href":"https:\/\/pipeska.fr\/es\/wp-json\/wp\/v2\/pages\/8","targetHints":{"allow":["GET"]}}],"collection":[{"href":"https:\/\/pipeska.fr\/es\/wp-json\/wp\/v2\/pages"}],"about":[{"href":"https:\/\/pipeska.fr\/es\/wp-json\/wp\/v2\/types\/page"}],"author":[{"embeddable":true,"href":"https:\/\/pipeska.fr\/es\/wp-json\/wp\/v2\/users\/1"}],"replies":[{"embeddable":true,"href":"https:\/\/pipeska.fr\/es\/wp-json\/wp\/v2\/comments?post=8"}],"version-history":[{"count":1,"href":"https:\/\/pipeska.fr\/es\/wp-json\/wp\/v2\/pages\/8\/revisions"}],"predecessor-version":[{"id":3923,"href":"https:\/\/pipeska.fr\/es\/wp-json\/wp\/v2\/pages\/8\/revisions\/3923"}],"wp:attachment":[{"href":"https:\/\/pipeska.fr\/es\/wp-json\/wp\/v2\/media?parent=8"}],"curies":[{"name":"wp","href":"https:\/\/api.w.org\/{rel}","templated":true}]}}