{"id":1651,"date":"2024-07-20T15:29:59","date_gmt":"2024-07-20T15:29:59","guid":{"rendered":"https:\/\/newpipeska.live-website.com\/?post_type=product&#038;p=1651"},"modified":"2026-04-15T12:11:32","modified_gmt":"2026-04-15T12:11:32","slug":"champu-clarificante-ecologico-ocean-clean","status":"publish","type":"product","link":"https:\/\/pipeska.fr\/es\/produit\/shampooing-clarifiant-bio-ocean-clean\/","title":{"rendered":"Champ\u00fa aclarante ecol\u00f3gico Ocean Clean - D\u00e9tox-Cosmos BIO 250 ml"},"content":{"rendered":"<h1 style=\"padding-left: 80px;\" data-start=\"583\" data-end=\"627\"><a href=\"https:\/\/www.journaldesfemmes.fr\/beaute\/conseils-cheveux\/2867735-shampoing-clarifiant-tout-savoir-sur-ce-produit-ultra-nettoyant\/\" target=\"_blank\" rel=\"noopener\"><strong>\u00a0<\/strong><\/a><a href=\"https:\/\/www.journaldesfemmes.fr\/beaute\/conseils-cheveux\/2867735-shampoing-clarifiant-tout-savoir-sur-ce-produit-ultra-nettoyant\/\" target=\"_blank\" rel=\"noopener\"><strong data-start=\"231\" data-end=\"272\">Cosmos Organic Champ\u00fa Clarificante Natural. Natural Clarifying Shampoo es la soluci\u00f3n ideal para limpiar en profundidad el cabello.<\/strong><\/a><a href=\"https:\/\/www.journaldesfemmes.fr\/beaute\/conseils-cheveux\/2867735-shampoing-clarifiant-tout-savoir-sur-ce-produit-ultra-nettoyant\/\" target=\"_blank\" rel=\"noopener\">\u00a01 L.\u00a0<\/a><\/h1>\n<p style=\"padding-left: 80px;\">Champ\u00fa clarificante ecol\u00f3gico Cosmos Organic: con su\u00a0<strong data-start=\"447\" data-end=\"511\">f\u00f3rmula suave y vegana sin ingredientes qu\u00edmicos agresivos<\/strong>\u00a0Elimina los residuos en profundidad sin resecar. Fabricado con\u00a0<strong data-start=\"562\" data-end=\"593\">97 % de ingredientes naturales<\/strong>\u00a0y certificado\u00a0<strong data-start=\"606\" data-end=\"624\">Cosmos ecol\u00f3gico<\/strong>Este producto ecol\u00f3gico para el cuidado del cabello es ideal para una desintoxicaci\u00f3n regular del cabello y para conseguir un cabello sano, ligero y purificado. Fabricado en Francia.<\/p>\n<h2><\/h2>\n<h2 style=\"padding-left: 80px;\"><a href=\"https:\/\/www.curls-essentielle.fr\/beaute-cheveux\/shampoing-clarifiant-quelle-est-la-difference\/\" target=\"_blank\" rel=\"noopener\">Principales beneficios del cuidado clarificante natural<\/a>:<\/h2>\n<p style=\"padding-left: 80px;\"><a href=\"https:\/\/www.seppic.com\/fr\/sinspirer\/les-algues-la-nouvelle-tendance-ingredient-en-capillaire\" target=\"_blank\" rel=\"noopener\"><strong>Desintoxicaci\u00f3n en profundidad<\/strong>\u00a0:<\/a>\u00a0Limpia sin resecar, elimina impurezas y residuos.<\/p>\n<p style=\"padding-left: 80px;\"><a href=\"https:\/\/www.linkedin.com\/pulse\/lhygi%C3%A8ne-capillaire-un-enjeu-pour-la-sant%C3%A9-et-beaut%C3%A9-pipeska-nm8ge\/?trackingId=7lcT5p7sAlcwbA25etXd%2Fg%3D%3D\" target=\"_blank\" rel=\"noopener\">Cabello fuerte y brillante: estimula el crecimiento y fortalece el cabello fino o con textura.<\/a><\/p>\n<p style=\"padding-left: 80px;\"><a href=\"https:\/\/www.topsante.com\/plantes-medicinales\/fiche\/menthe-poivree-bienfaits-comment-utiliser-646666\" target=\"_blank\" rel=\"noopener\"><strong>\u00a0Cuero cabelludo calmado: reduce la irritaci\u00f3n, la caspa y el eczema gracias a sus ingredientes naturales.<\/strong><\/a><\/p>\n<p style=\"padding-left: 80px;\">\u00a0<a href=\"https:\/\/www.femmemagazine.fr\/beaute\/coiffure-cheveux\/comment-prendre-soin-de-ses-cheveux.html\" target=\"_blank\" rel=\"noopener\"><strong>Fragancia marina:\u00a0<\/strong><\/a>proporciona una sensaci\u00f3n ligera y fresca cada vez que se lava.<\/p>\n<h2 data-start=\"1050\" data-end=\"1207\"><\/h2>\n<h2 style=\"padding-left: 80px;\" data-start=\"1050\" data-end=\"1207\"><strong data-start=\"1050\" data-end=\"1072\">Cu\u00e1ndo utilizar este detox capilar<\/strong><strong data-start=\"1050\" data-end=\"1072\">?<\/strong><\/h2>\n<p style=\"padding-left: 80px;\" data-start=\"1050\" data-end=\"1207\">Este champ\u00fa org\u00e1nico clarificante es ideal antes de la coloraci\u00f3n, el alisado o el peinado prolongado.<strong> (Trenzas o extensiones, Twists, Estilos afro\/texturizados, Extensiones)\u00a0<\/strong>o tras la exposici\u00f3n al sol.<\/p>\n<p style=\"padding-left: 80px;\" data-start=\"1050\" data-end=\"1207\">Prepara el cabello para\u00a0<a href=\"https:\/\/pipeska.fr\/es\/?product=masque-bio-hydratant-cheveux-secs-abimes\" target=\"_blank\" rel=\"noopener\">atenci\u00f3n\u00a0<\/a>coloraci\u00f3n y decoloraci\u00f3n del cabello,\u00a0<a href=\"https:\/\/pipeska.fr\/es\/?product=masque-bio-hydratant-cheveux-secs-abimes\" target=\"_blank\" rel=\"noopener\">cuidado antica\u00edda).<\/a><\/p>\n<h2><\/h2>\n<p style=\"padding-left: 80px;\"><strong data-start=\"1209\" data-end=\"1237\">Modo de empleo :<\/strong><\/p>\n<p style=\"padding-left: 80px;\">Aplica esto\u00a0<strong data-start=\"352\" data-end=\"393\">Champ\u00fa clarificante ecol\u00f3gico\u00a0<\/strong>sobre el cabello h\u00famedo, masajear suavemente el cuero cabelludo, dejar actuar 2-3 minutos y aclarar. Para obtener los mejores resultados, utilizar de 2 a 3 veces por semana. Para uso externo, aclarar con agua limpia si entra en contacto con los ojos.<\/p>\n<p style=\"padding-left: 80px;\" data-start=\"1409\" data-end=\"1586\"><strong data-start=\"1409\" data-end=\"1448\">Ingredientes naturales y certificados de\u00a0<\/strong><strong data-start=\"352\" data-end=\"393\">Champ\u00fa clarificante ecol\u00f3gico<\/strong><strong data-start=\"1409\" data-end=\"1448\">:<\/strong><br data-start=\"1448\" data-end=\"1451\" \/>Algas marinas, menta piperita, inulina y glicerina vegetal. Una f\u00f3rmula que respeta su cabello y el medio ambiente. Fabricado en Francia.<\/p>\n<p style=\"padding-left: 80px;\"><span class=\"OYPEnA font-feature-liga-off font-feature-clig-off font-feature-calt-off text-decoration-none text-strikethrough-none\">INGREDIENTES : Aqua, Mentha Piperita Agua*, Caprylyl\/Capryl Glucoside, Decyl Glucoside, Glycerin, Cocamidopropyl Betaine, Inulin, Cellulose Gum, Linalyl Acetate, Citrus Limon Peel Oil, Citrus Aurantium Peel Oil, Cellulose, Fructosa, Glucosa, Pineno, Extracto de Fucus Vesiculosus, Extracto de Laminaria Digitata, Goma Xantana, Parfum, Alcohol Benc\u00edlico, \u00c1cido Deshidroac\u00e9tico, Sorbato de Potasio, Benzoato de Sodio, \u00c1cido C\u00edtrico, Limoneno, Linalool.<\/span><\/p>\n<p style=\"padding-left: 80px;\"><span class=\"OYPEnA font-feature-liga-off font-feature-clig-off font-feature-calt-off text-decoration-none text-strikethrough-none\">*Ingredientes procedentes de la agricultura ecol\u00f3gica,\u00a0<\/span><span class=\"OYPEnA font-feature-liga-off font-feature-clig-off font-feature-calt-off text-decoration-none text-strikethrough-none\">COSMOS BIO certificado por Ecocert, Greenlife seg\u00fan la norma COSMOS<\/span><\/p>\n<h4 style=\"padding-left: 80px;\"><\/h4>","protected":false},"excerpt":{"rendered":"<p style=\"padding-left: 40px;\"><strong><a href=\"https:\/\/www.journaldesfemmes.fr\/beaute\/conseils-cheveux\/2867735-shampoing-clarifiant-tout-savoir-sur-ce-produit-ultra-nettoyant\/\" target=\"_blank\" rel=\"noopener\">Champ\u00fa \u00a0<\/a>Organic Ocean Clean Detox Clarifier - F\u00f3rmula 250 ml<\/strong><\/p>\n<p style=\"padding-left: 40px;\">Descubre la<strong><a href=\"https:\/\/www.journaldesfemmes.fr\/beaute\/conseils-cheveux\/2867735-shampoing-clarifiant-tout-savoir-sur-ce-produit-ultra-nettoyant\/\" target=\"_blank\" rel=\"noopener\">\u00a0Champ\u00fa clarificante natural Ocean Clean<\/a>,<\/strong>\u00a0Concebido para eliminar las impurezas, limpiar en profundidad y revitalizar el cabello. Algas, menta, inulina y glicerina vegetal. F\u00f3rmula respetuosa con el cabello y el medio ambiente. Fabricado en Francia.<\/p>\n<p style=\"padding-left: 40px;\"><img decoding=\"async\" class=\"emoji lazyload\" role=\"img\" draggable=\"false\" data-src=\"https:\/\/s.w.org\/images\/core\/emoji\/16.0.1\/svg\/1f4a7.svg\" alt=\"\ud83d\udca7\" src=\"data:image\/svg+xml;base64,PHN2ZyB3aWR0aD0iMSIgaGVpZ2h0PSIxIiB4bWxucz0iaHR0cDovL3d3dy53My5vcmcvMjAwMC9zdmciPjwvc3ZnPg==\" \/>Elimina suavemente los residuos, la contaminaci\u00f3n y el sebo.<br data-start=\"913\" data-end=\"916\" \/>Cabellos claros y limpios, listos para sus tratamientos.<br data-start=\"967\" data-end=\"970\" \/>97 % ingredientes naturales, 26 % ingredientes ecol\u00f3gicos | COSMOS Organic.<\/p>\n<p style=\"padding-left: 40px;\" data-start=\"1409\" data-end=\"1586\"><strong data-start=\"1026\" data-end=\"1037\">Uso :<\/strong>\u00a0Masajear sobre el cabello h\u00famedo y aclarar. 1-2 veces por semana.<\/p>","protected":false},"featured_media":4390,"comment_status":"open","ping_status":"closed","template":"","meta":{"_uf_show_specific_survey":0,"_uf_disable_surveys":false},"product_brand":[],"product_cat":[54,51,144,146,186,37,33,46],"product_tag":[59,58,57],"class_list":{"0":"post-1651","1":"product","2":"type-product","3":"status-publish","4":"has-post-thumbnail","6":"product_cat-produits-capillaires-cheveux-sensibilises","7":"product_cat-cheveux-textures","8":"product_cat-produits-francais","9":"product_cat-shampooing-bio-francais","10":"product_cat-shampooings","11":"product_cat-shamppooing-bio-pipeska","12":"product_cat-soin-naturels-cheveux-textures","13":"product_cat-produit-cheveux-type","14":"product_tag-250-ml","15":"product_tag-bio-et-naturel","16":"product_tag-shampooing-clarifiant","18":"entry","19":"has-media","21":"first","22":"instock","23":"featured","24":"taxable","25":"shipping-taxable","26":"purchasable","27":"product-type-simple","28":"has-rating","29":"has-product-nav","30":"col","31":"span_1_of_4","32":"owp-content-center","33":"owp-thumbs-layout-horizontal","34":"owp-btn-normal","35":"owp-tabs-layout-vertical"},"yoast_head":"<!-- This site is optimized with the Yoast SEO plugin v27.3 - https:\/\/yoast.com\/product\/yoast-seo-wordpress\/ -->\n<title>Shampooing Clarifiant BIO Ocean Clean \u2013 D\u00e9tox- Cosmos Organic<\/title>\n<meta name=\"description\" content=\"D\u00e9couvrez le shampooing clarifiant bio Ocean Clean. Nettoyez, d\u00e9toxifiez et revitalisez vos cheveux naturellement avec un soin \u00e9cologique et efficace.\" \/>\n<meta name=\"robots\" content=\"index, follow, max-snippet:-1, max-image-preview:large, max-video-preview:-1\" \/>\n<link rel=\"canonical\" href=\"https:\/\/www.pipeska.fr\/shampooing-clarifiant-naturel-ocean-clean-bio\" \/>\n<meta property=\"og:locale\" content=\"es_ES\" \/>\n<meta property=\"og:type\" content=\"article\" \/>\n<meta property=\"og:title\" content=\"Shampooing Clarifiant BIO Ocean Clean \u2013 D\u00e9tox- Cosmos Organic\" \/>\n<meta property=\"og:description\" content=\"D\u00e9couvrez le shampooing clarifiant bio Ocean Clean. Nettoyez, d\u00e9toxifiez et revitalisez vos cheveux naturellement avec un soin \u00e9cologique et efficace.\" \/>\n<meta property=\"og:url\" content=\"https:\/\/www.pipeska.fr\/shampooing-clarifiant-naturel-ocean-clean-bio\" \/>\n<meta property=\"og:site_name\" content=\"Pipeska\" \/>\n<meta property=\"article:modified_time\" content=\"2026-04-15T12:11:32+00:00\" \/>\n<meta property=\"og:image\" content=\"https:\/\/pipeska.fr\/wp-content\/uploads\/2024\/07\/Shampooing-clarifiant-bio-pour-cheveux-textures.png\" \/>\n\t<meta property=\"og:image:width\" content=\"1080\" \/>\n\t<meta property=\"og:image:height\" content=\"1080\" \/>\n\t<meta property=\"og:image:type\" content=\"image\/png\" \/>\n<meta name=\"twitter:card\" content=\"summary_large_image\" \/>\n<meta name=\"twitter:label1\" content=\"Tiempo de lectura\" \/>\n\t<meta name=\"twitter:data1\" content=\"2 minutos\" \/>\n<script type=\"application\/ld+json\" class=\"yoast-schema-graph\">{\"@context\":\"https:\\\/\\\/schema.org\",\"@graph\":[{\"@type\":\"WebPage\",\"@id\":\"https:\\\/\\\/pipeska.fr\\\/produit\\\/shampooing-clarifiant-bio-ocean-clean\\\/\",\"url\":\"https:\\\/\\\/www.pipeska.fr\\\/shampooing-clarifiant-naturel-ocean-clean-bio\",\"name\":\"Shampooing Clarifiant BIO Ocean Clean \u2013 D\u00e9tox- Cosmos Organic\",\"isPartOf\":{\"@id\":\"https:\\\/\\\/pipeska.fr\\\/#website\"},\"primaryImageOfPage\":{\"@id\":\"https:\\\/\\\/www.pipeska.fr\\\/shampooing-clarifiant-naturel-ocean-clean-bio#primaryimage\"},\"image\":{\"@id\":\"https:\\\/\\\/www.pipeska.fr\\\/shampooing-clarifiant-naturel-ocean-clean-bio#primaryimage\"},\"thumbnailUrl\":\"https:\\\/\\\/pipeska.fr\\\/wp-content\\\/uploads\\\/2024\\\/07\\\/Shampooing-clarifiant-bio-pour-cheveux-textures.png\",\"datePublished\":\"2024-07-20T15:29:59+00:00\",\"dateModified\":\"2026-04-15T12:11:32+00:00\",\"description\":\"D\u00e9couvrez le shampooing clarifiant bio Ocean Clean. Nettoyez, d\u00e9toxifiez et revitalisez vos cheveux naturellement avec un soin \u00e9cologique et efficace.\",\"breadcrumb\":{\"@id\":\"https:\\\/\\\/www.pipeska.fr\\\/shampooing-clarifiant-naturel-ocean-clean-bio#breadcrumb\"},\"inLanguage\":\"es\",\"potentialAction\":[{\"@type\":\"ReadAction\",\"target\":[\"https:\\\/\\\/www.pipeska.fr\\\/shampooing-clarifiant-naturel-ocean-clean-bio\"]}]},{\"@type\":\"ImageObject\",\"inLanguage\":\"es\",\"@id\":\"https:\\\/\\\/www.pipeska.fr\\\/shampooing-clarifiant-naturel-ocean-clean-bio#primaryimage\",\"url\":\"https:\\\/\\\/pipeska.fr\\\/wp-content\\\/uploads\\\/2024\\\/07\\\/Shampooing-clarifiant-bio-pour-cheveux-textures.png\",\"contentUrl\":\"https:\\\/\\\/pipeska.fr\\\/wp-content\\\/uploads\\\/2024\\\/07\\\/Shampooing-clarifiant-bio-pour-cheveux-textures.png\",\"width\":1080,\"height\":1080},{\"@type\":\"BreadcrumbList\",\"@id\":\"https:\\\/\\\/www.pipeska.fr\\\/shampooing-clarifiant-naturel-ocean-clean-bio#breadcrumb\",\"itemListElement\":[{\"@type\":\"ListItem\",\"position\":1,\"name\":\"Accueil\",\"item\":\"https:\\\/\\\/pipeska.fr\\\/\"},{\"@type\":\"ListItem\",\"position\":2,\"name\":\"Produits\",\"item\":\"https:\\\/\\\/pipeska.fr\\\/?post_type=product\"},{\"@type\":\"ListItem\",\"position\":3,\"name\":\"Shampooing Clarifiant Bio Ocean Clean \u2013 D\u00e9tox-Cosmos Organic 250 ml\"}]},{\"@type\":\"WebSite\",\"@id\":\"https:\\\/\\\/pipeska.fr\\\/#website\",\"url\":\"https:\\\/\\\/pipeska.fr\\\/\",\"name\":\"Pipeska\",\"description\":\"Bio - Made in France - Caribbean Inspired\",\"publisher\":{\"@id\":\"https:\\\/\\\/pipeska.fr\\\/#organization\"},\"potentialAction\":[{\"@type\":\"SearchAction\",\"target\":{\"@type\":\"EntryPoint\",\"urlTemplate\":\"https:\\\/\\\/pipeska.fr\\\/?s={search_term_string}\"},\"query-input\":{\"@type\":\"PropertyValueSpecification\",\"valueRequired\":true,\"valueName\":\"search_term_string\"}}],\"inLanguage\":\"es\"},{\"@type\":\"Organization\",\"@id\":\"https:\\\/\\\/pipeska.fr\\\/#organization\",\"name\":\"Pipeska\",\"url\":\"https:\\\/\\\/pipeska.fr\\\/\",\"logo\":{\"@type\":\"ImageObject\",\"inLanguage\":\"es\",\"@id\":\"https:\\\/\\\/pipeska.fr\\\/#\\\/schema\\\/logo\\\/image\\\/\",\"url\":\"https:\\\/\\\/pipeska.fr\\\/wp-content\\\/uploads\\\/2024\\\/07\\\/Pipeska_logo_couleur_fondtransparent.png\",\"contentUrl\":\"https:\\\/\\\/pipeska.fr\\\/wp-content\\\/uploads\\\/2024\\\/07\\\/Pipeska_logo_couleur_fondtransparent.png\",\"width\":1771,\"height\":1181,\"caption\":\"Pipeska\"},\"image\":{\"@id\":\"https:\\\/\\\/pipeska.fr\\\/#\\\/schema\\\/logo\\\/image\\\/\"}}]}<\/script>\n<!-- \/ Yoast SEO plugin. -->","yoast_head_json":{"title":"Champ\u00fa clarificante ecol\u00f3gico Ocean Clean - Detox- Cosmos Organic","description":"Descubra el champ\u00fa clarificante ecol\u00f3gico Ocean Clean. Limpia, desintoxica y acondiciona tu cabello de forma natural con este tratamiento eficaz y ecol\u00f3gico.","robots":{"index":"index","follow":"follow","max-snippet":"max-snippet:-1","max-image-preview":"max-image-preview:large","max-video-preview":"max-video-preview:-1"},"canonical":"https:\/\/www.pipeska.fr\/shampooing-clarifiant-naturel-ocean-clean-bio","og_locale":"es_ES","og_type":"article","og_title":"Shampooing Clarifiant BIO Ocean Clean \u2013 D\u00e9tox- Cosmos Organic","og_description":"D\u00e9couvrez le shampooing clarifiant bio Ocean Clean. Nettoyez, d\u00e9toxifiez et revitalisez vos cheveux naturellement avec un soin \u00e9cologique et efficace.","og_url":"https:\/\/www.pipeska.fr\/shampooing-clarifiant-naturel-ocean-clean-bio","og_site_name":"Pipeska","article_modified_time":"2026-04-15T12:11:32+00:00","og_image":[{"width":1080,"height":1080,"url":"https:\/\/pipeska.fr\/wp-content\/uploads\/2024\/07\/Shampooing-clarifiant-bio-pour-cheveux-textures.png","type":"image\/png"}],"twitter_card":"summary_large_image","twitter_misc":{"Tiempo de lectura":"2 minutos"},"schema":{"@context":"https:\/\/schema.org","@graph":[{"@type":"WebPage","@id":"https:\/\/pipeska.fr\/produit\/shampooing-clarifiant-bio-ocean-clean\/","url":"https:\/\/www.pipeska.fr\/shampooing-clarifiant-naturel-ocean-clean-bio","name":"Champ\u00fa clarificante ecol\u00f3gico Ocean Clean - Detox- Cosmos Organic","isPartOf":{"@id":"https:\/\/pipeska.fr\/#website"},"primaryImageOfPage":{"@id":"https:\/\/www.pipeska.fr\/shampooing-clarifiant-naturel-ocean-clean-bio#primaryimage"},"image":{"@id":"https:\/\/www.pipeska.fr\/shampooing-clarifiant-naturel-ocean-clean-bio#primaryimage"},"thumbnailUrl":"https:\/\/pipeska.fr\/wp-content\/uploads\/2024\/07\/Shampooing-clarifiant-bio-pour-cheveux-textures.png","datePublished":"2024-07-20T15:29:59+00:00","dateModified":"2026-04-15T12:11:32+00:00","description":"Descubra el champ\u00fa clarificante ecol\u00f3gico Ocean Clean. Limpia, desintoxica y acondiciona tu cabello de forma natural con este tratamiento eficaz y ecol\u00f3gico.","breadcrumb":{"@id":"https:\/\/www.pipeska.fr\/shampooing-clarifiant-naturel-ocean-clean-bio#breadcrumb"},"inLanguage":"es","potentialAction":[{"@type":"ReadAction","target":["https:\/\/www.pipeska.fr\/shampooing-clarifiant-naturel-ocean-clean-bio"]}]},{"@type":"ImageObject","inLanguage":"es","@id":"https:\/\/www.pipeska.fr\/shampooing-clarifiant-naturel-ocean-clean-bio#primaryimage","url":"https:\/\/pipeska.fr\/wp-content\/uploads\/2024\/07\/Shampooing-clarifiant-bio-pour-cheveux-textures.png","contentUrl":"https:\/\/pipeska.fr\/wp-content\/uploads\/2024\/07\/Shampooing-clarifiant-bio-pour-cheveux-textures.png","width":1080,"height":1080},{"@type":"BreadcrumbList","@id":"https:\/\/www.pipeska.fr\/shampooing-clarifiant-naturel-ocean-clean-bio#breadcrumb","itemListElement":[{"@type":"ListItem","position":1,"name":"Accueil","item":"https:\/\/pipeska.fr\/"},{"@type":"ListItem","position":2,"name":"Produits","item":"https:\/\/pipeska.fr\/?post_type=product"},{"@type":"ListItem","position":3,"name":"Shampooing Clarifiant Bio Ocean Clean \u2013 D\u00e9tox-Cosmos Organic 250 ml"}]},{"@type":"WebSite","@id":"https:\/\/pipeska.fr\/#website","url":"https:\/\/pipeska.fr\/","name":"Pipeska","description":"Bio - Made in France - Inspiraci\u00f3n caribe\u00f1a","publisher":{"@id":"https:\/\/pipeska.fr\/#organization"},"potentialAction":[{"@type":"SearchAction","target":{"@type":"EntryPoint","urlTemplate":"https:\/\/pipeska.fr\/?s={search_term_string}"},"query-input":{"@type":"PropertyValueSpecification","valueRequired":true,"valueName":"search_term_string"}}],"inLanguage":"es"},{"@type":"Organization","@id":"https:\/\/pipeska.fr\/#organization","name":"Pipeska","url":"https:\/\/pipeska.fr\/","logo":{"@type":"ImageObject","inLanguage":"es","@id":"https:\/\/pipeska.fr\/#\/schema\/logo\/image\/","url":"https:\/\/pipeska.fr\/wp-content\/uploads\/2024\/07\/Pipeska_logo_couleur_fondtransparent.png","contentUrl":"https:\/\/pipeska.fr\/wp-content\/uploads\/2024\/07\/Pipeska_logo_couleur_fondtransparent.png","width":1771,"height":1181,"caption":"Pipeska"},"image":{"@id":"https:\/\/pipeska.fr\/#\/schema\/logo\/image\/"}}]}},"_links":{"self":[{"href":"https:\/\/pipeska.fr\/es\/wp-json\/wp\/v2\/product\/1651","targetHints":{"allow":["GET"]}}],"collection":[{"href":"https:\/\/pipeska.fr\/es\/wp-json\/wp\/v2\/product"}],"about":[{"href":"https:\/\/pipeska.fr\/es\/wp-json\/wp\/v2\/types\/product"}],"replies":[{"embeddable":true,"href":"https:\/\/pipeska.fr\/es\/wp-json\/wp\/v2\/comments?post=1651"}],"version-history":[{"count":11,"href":"https:\/\/pipeska.fr\/es\/wp-json\/wp\/v2\/product\/1651\/revisions"}],"predecessor-version":[{"id":4411,"href":"https:\/\/pipeska.fr\/es\/wp-json\/wp\/v2\/product\/1651\/revisions\/4411"}],"wp:featuredmedia":[{"embeddable":true,"href":"https:\/\/pipeska.fr\/es\/wp-json\/wp\/v2\/media\/4390"}],"wp:attachment":[{"href":"https:\/\/pipeska.fr\/es\/wp-json\/wp\/v2\/media?parent=1651"}],"wp:term":[{"taxonomy":"product_brand","embeddable":true,"href":"https:\/\/pipeska.fr\/es\/wp-json\/wp\/v2\/product_brand?post=1651"},{"taxonomy":"product_cat","embeddable":true,"href":"https:\/\/pipeska.fr\/es\/wp-json\/wp\/v2\/product_cat?post=1651"},{"taxonomy":"product_tag","embeddable":true,"href":"https:\/\/pipeska.fr\/es\/wp-json\/wp\/v2\/product_tag?post=1651"}],"curies":[{"name":"wp","href":"https:\/\/api.w.org\/{rel}","templated":true}]}}