{"id":1743,"date":"2024-07-20T22:01:34","date_gmt":"2024-07-20T22:01:34","guid":{"rendered":"https:\/\/newpipeska.live-website.com\/?post_type=product&#038;p=1743"},"modified":"2026-04-15T12:10:01","modified_gmt":"2026-04-15T12:10:01","slug":"hidratar-el-cabello-fino","status":"publish","type":"product","link":"https:\/\/pipeska.fr\/es\/produit\/hydratant-cheveux-fins\/","title":{"rendered":"Hydra Marin Champ\u00fa Cabello Fino |Cosmos Organic | 250ml"},"content":{"rendered":"<h1 style=\"padding-left: 40px;\"><a href=\"https:\/\/www.femmeactuelle.fr\/beaute\/coiffure\/cheveux-fins-un-coiffeur-revele-la-routine-ideale-a-adopter-pour-leur-redonner-du-volume-2158705\" target=\"_blank\" rel=\"noopener\">Champ\u00fa para cabellos finos<\/a> Hydra Marin<a href=\"https:\/\/www.femmeactuelle.fr\/beaute\/coiffure\/cheveux-fins-un-coiffeur-revele-la-routine-ideale-a-adopter-pour-leur-redonner-du-volume-2158705\" target=\"_blank\" rel=\"noopener\"> | COSMOS Org\u00e1nico - Bio - Hecho en Francia Inspirado en el Caribe -<\/a> 250 ml<\/h1>\n<h2 style=\"padding-left: 40px;\">Cuidado natural y ecol\u00f3gico para cabellos delicados<a href=\"https:\/\/www.femmeactuelle.fr\/beaute\/coiffure\/cheveux-fins-un-coiffeur-revele-la-routine-ideale-a-adopter-pour-leur-redonner-du-volume-2158705\" target=\"_blank\" rel=\"noopener\"> para aportar ligereza y suavidad al cabello sin apelmazarlo.<\/a>\u00a0 250 ml<\/h2>\n<p style=\"padding-left: 40px;\">\n<h2 style=\"padding-left: 40px;\">Principales ventajas:<\/h2>\n<h3 style=\"padding-left: 40px;\"><strong data-start=\"579\" data-end=\"597\">Limpieza suave<\/strong> Elimina impurezas y residuos sin apelmazar.<\/h3>\n<h3 style=\"padding-left: 40px;\"><strong data-start=\"648\" data-end=\"671\">Hidrataci\u00f3n intensa<\/strong> Glicerina vegetal y extractos marinos para aportar flexibilidad y brillo.<\/h3>\n<h3 style=\"padding-left: 40px;\"><strong data-start=\"745\" data-end=\"770\">Antiencrespamiento y vitalidad<\/strong> Reduce el encrespamiento y proporciona confort al cuero cabelludo.<\/h3>\n<h3 style=\"padding-left: 40px;\"><strong>Formulado con ingredientes naturales y certificados, este champ\u00fa encarna plenamente :<\/strong><\/h3>\n<h3 style=\"padding-left: 40px;\"><strong><em>Bio - Made in France - Inspiraci\u00f3n caribe\u00f1a.<\/em><\/strong><\/h3>\n<p style=\"padding-left: 40px;\">\n<h2 style=\"padding-left: 40px;\">Por qu\u00e9 elegir este champ\u00fa ecol\u00f3gico para cabello fino <a href=\"https:\/\/pipeska.fr\/es\/producto\/hidratacion-cabello-fino-2\/\">Hydra Marin<\/a>?<\/h2>\n<h3 style=\"padding-left: 40px;\">97 % de ingredientes de origen natural, incluidos 26 % de ingredientes ecol\u00f3gicos<\/h3>\n<h3 style=\"padding-left: 40px;\">Vegano y sin sulfatos<\/h3>\n<h3 style=\"padding-left: 40px;\"><a href=\"https:\/\/www.ecocert.com\/fr-FR\" target=\"_blank\" rel=\"noopener\">Certificado <strong data-start=\"1143\" data-end=\"1161\">COSMOS Ecol\u00f3gico<\/strong><\/a><\/h3>\n<h3 style=\"padding-left: 40px;\">Hecho en Francia, inspirado en el Caribe<\/h3>\n<p style=\"padding-left: 40px;\">\n<h2 style=\"padding-left: 40px;\"><strong>\u00bfC\u00f3mo utilizar el champ\u00fa para cabellos finos Hydra Marin?\u00a0<\/strong><\/h2>\n<h3 style=\"padding-left: 40px;\">Aplicar sobre el cabello h\u00famedo, masajear suavemente y dejar actuar. <strong data-start=\"423\" data-end=\"438\">2-3 minutos<\/strong>y luego enjuagar.<br data-start=\"452\" data-end=\"455\" \/>Utilice <strong data-start=\"464\" data-end=\"490\">De 2 a 3 veces por semana<\/strong> para un cabello suave, ligero y brillante. \u00a0<strong data-start=\"540\" data-end=\"585\">Bio - Made in France - Inspiraci\u00f3n caribe\u00f1a.<\/strong><\/h3>\n<h3 style=\"padding-left: 40px;\"><strong>Textura y tacto:\u00a0<\/strong> \u00a0 Le <strong data-start=\"631\" data-end=\"657\">Champ\u00fa Hydra Marin<\/strong> tiene una textura suave y ligera que <strong data-start=\"692\" data-end=\"716\">sublima cada hebra<\/strong>.<br data-start=\"717\" data-end=\"720\" \/>Proporciona <strong data-start=\"731\" data-end=\"781\">brillo, ligereza y confort para el cuero cabelludo<\/strong>para una rutina capilar agradable y sensorial.<\/h3>\n<h4><\/h4>\n<h4 style=\"padding-left: 40px;\">\u2728 <strong data-start=\"1623\" data-end=\"1677\">Hydra Marin - Champ\u00fa para cabellos finos<\/strong> Una f\u00f3rmula suave que realza cada hebra, dejando el cuero cabelludo brillante, ligero y confortable.<\/h4>\n<h4 style=\"padding-left: 40px;\">\ud83d\udccc <strong data-start=\"1494\" data-end=\"1516\">Ingredientes clave<\/strong> Menta piperita*, glicerina vegetal, extractos marinos, inulina (*procedente de la agricultura ecol\u00f3gica).<\/h4>\n<h4 style=\"padding-left: 40px;\"><span class=\"OYPEnA font-feature-liga-off font-feature-clig-off font-feature-calt-off text-decoration-none text-strikethrough-none\">Ingredientes : Aqua, Mentha Piperita Agua*, Caprylyl\/Capryl Glucoside, Decyl Glucoside, Glycerin, Cocamidopropyl Betaine, Inulin, Cellulose Gum, Linalyl Acetate, Citrus Limon Peel Oil, Citrus Aurantium Peel Oil, Cellulose, Fructosa, Glucosa, Pineno, Extracto de Fucus Vesiculosus, Extracto de Laminaria Digitata, Goma Xantana, Parfum, Alcohol Benc\u00edlico, \u00c1cido Deshidroac\u00e9tico, Sorbato de Potasio, Benzoato de Sodio, \u00c1cido C\u00edtrico, Limoneno, Linalool. <\/span><span class=\"OYPEnA font-feature-liga-off font-feature-clig-off font-feature-calt-off text-decoration-none text-strikethrough-none\">*Ingredientes procedentes de la agricultura ecol\u00f3gica, <\/span><span class=\"OYPEnA font-feature-liga-off font-feature-clig-off font-feature-calt-off text-decoration-none text-strikethrough-none\"><a href=\"https:\/\/pipeska.fr\/es\/?product=masque-bio-hydratant-cheveux-secs-abimes\" target=\"_blank\" rel=\"noopener\">COSMOS BIO<\/a> certificado por Ecocert, Greenlife seg\u00fan la norma COSMOS<\/span><\/h4>\n<h4 style=\"padding-left: 40px;\">\u26a0\ufe0f <strong data-start=\"1129\" data-end=\"1146\">Precauciones:<\/strong>S\u00f3lo para uso externo. Evitar el contacto con los ojos. Mantener fuera del alcance de los ni\u00f1os.<\/h4>","protected":false},"excerpt":{"rendered":"<div class=\"summary entry-summary\">\n<div class=\"woocommerce-product-details__short-description\">\n<p style=\"text-align: left; padding-left: 80px;\"><strong><a href=\"https:\/\/www.journaldesfemmes.fr\/beaute\/conseils-cheveux\/2652139-shampoing-bio\/\" target=\"_blank\" rel=\"noopener\">Champ\u00fa para cabellos finos Hydra Marin<\/a><\/strong><strong> \u00a0| COSMOS BIO - Bio Pipeska 250 ml<\/strong><\/p>\n<p style=\"padding-left: 80px;\" data-start=\"316\" data-end=\"612\">Champ\u00fa natural para cabellos finos, <strong data-start=\"354\" data-end=\"369\">Hydra Marin<\/strong> trae <strong data-start=\"378\" data-end=\"409\">suavidad, ligereza y volumen<\/strong> sin sobrecargarlo.<br data-start=\"424\" data-end=\"427\" \/>\ud83d\udca7 <strong data-start=\"430\" data-end=\"448\">Limpieza suave<\/strong>Antiencrespamiento y cuero cabelludo calmado.<br data-start=\"484\" data-end=\"487\" \/>F\u00f3rmula <strong data-start=\"495\" data-end=\"513\">97 % natural<\/strong>, <strong data-start=\"515\" data-end=\"527\">26 % org\u00e1nico<\/strong>certificado <strong data-start=\"539\" data-end=\"557\">COSMOS Ecol\u00f3gico<\/strong>.<br data-start=\"558\" data-end=\"561\" \/>\u2728 <strong data-start=\"563\" data-end=\"608\">Bio - Made in France - Inspiraci\u00f3n caribe\u00f1a<\/strong> \u2728<\/p>\n<p style=\"padding-left: 80px;\" data-start=\"614\" data-end=\"738\"><strong data-start=\"614\" data-end=\"625\">Uso :<\/strong> Aplicar sobre el cabello h\u00famedo, masajear y aclarar. Utilizar 2-3 veces por semana para un cabello suave y ligero.<\/p>\n<\/div>\n<p style=\"padding-left: 40px;\" data-start=\"1192\" data-end=\"1223\"><strong>Sus garant\u00edas Pipeska<\/strong><\/p>\n<p style=\"padding-left: 40px;\" data-start=\"1225\" data-end=\"1336\"><strong><img decoding=\"async\" class=\"emoji lazyload\" role=\"img\" draggable=\"false\" data-src=\"https:\/\/s.w.org\/images\/core\/emoji\/17.0.2\/svg\/1f33f.svg\" alt=\"\ud83c\udf3f\" src=\"data:image\/svg+xml;base64,PHN2ZyB3aWR0aD0iMSIgaGVpZ2h0PSIxIiB4bWxucz0iaHR0cDovL3d3dy53My5vcmcvMjAwMC9zdmciPjwvc3ZnPg==\" \/>\u00a0Ecol\u00f3gico y eco-responsable<\/strong><\/p>\n<p style=\"padding-left: 40px;\" data-start=\"1225\" data-end=\"1336\"><strong>\u00a0<img decoding=\"async\" class=\"emoji lazyload\" role=\"img\" draggable=\"false\" data-src=\"https:\/\/s.w.org\/images\/core\/emoji\/17.0.2\/svg\/1f512.svg\" alt=\"\ud83d\udd12\" src=\"data:image\/svg+xml;base64,PHN2ZyB3aWR0aD0iMSIgaGVpZ2h0PSIxIiB4bWxucz0iaHR0cDovL3d3dy53My5vcmcvMjAwMC9zdmciPjwvc3ZnPg==\" \/>Tarjeta (Stripe) - PayPal \/ 3x gratis<\/strong><\/p>\n<p style=\"padding-left: 40px;\" data-start=\"1225\" data-end=\"1336\"><strong>\u00a0<img decoding=\"async\" class=\"emoji lazyload\" role=\"img\" draggable=\"false\" data-src=\"https:\/\/s.w.org\/images\/core\/emoji\/17.0.2\/svg\/1f69a.svg\" alt=\"\ud83d\ude9a\" src=\"data:image\/svg+xml;base64,PHN2ZyB3aWR0aD0iMSIgaGVpZ2h0PSIxIiB4bWxucz0iaHR0cDovL3d3dy53My5vcmcvMjAwMC9zdmciPjwvc3ZnPg==\" \/>\u00a0Env\u00edo gratuito en Francia a partir de 49<\/strong><\/p>\n<p style=\"padding-left: 40px;\" data-start=\"1225\" data-end=\"1336\"><strong><img decoding=\"async\" class=\"emoji lazyload\" role=\"img\" draggable=\"false\" data-src=\"https:\/\/s.w.org\/images\/core\/emoji\/17.0.2\/svg\/1f4ac.svg\" alt=\"\ud83d\udcac\" src=\"data:image\/svg+xml;base64,PHN2ZyB3aWR0aD0iMSIgaGVpZ2h0PSIxIiB4bWxucz0iaHR0cDovL3d3dy53My5vcmcvMjAwMC9zdmciPjwvc3ZnPg==\" \/>\u00a0Servicio de atenci\u00f3n al cliente a su servicio<\/strong><\/p>\n<p style=\"padding-left: 40px;\" data-start=\"1225\" data-end=\"1336\"><strong><img decoding=\"async\" class=\"emoji lazyload\" role=\"img\" draggable=\"false\" data-src=\"https:\/\/s.w.org\/images\/core\/emoji\/17.0.2\/svg\/2728.svg\" alt=\"\u2728\" src=\"data:image\/svg+xml;base64,PHN2ZyB3aWR0aD0iMSIgaGVpZ2h0PSIxIiB4bWxucz0iaHR0cDovL3d3dy53My5vcmcvMjAwMC9zdmciPjwvc3ZnPg==\" \/>\u00a0Bio - Made in France - Inspiraci\u00f3n caribe\u00f1a\u00a0<img decoding=\"async\" class=\"emoji lazyload\" role=\"img\" draggable=\"false\" data-src=\"https:\/\/s.w.org\/images\/core\/emoji\/17.0.2\/svg\/2728.svg\" alt=\"\u2728\" src=\"data:image\/svg+xml;base64,PHN2ZyB3aWR0aD0iMSIgaGVpZ2h0PSIxIiB4bWxucz0iaHR0cDovL3d3dy53My5vcmcvMjAwMC9zdmciPjwvc3ZnPg==\" \/><\/strong><\/p>\n<\/div>","protected":false},"featured_media":4170,"comment_status":"open","ping_status":"closed","template":"","meta":{"_uf_show_specific_survey":0,"_uf_disable_surveys":false},"product_brand":[],"product_cat":[53,50,144,146,186,37,33],"product_tag":[42,74,73,75,66,79,69,67,81,72,80,71,78,70,64,83,68,76,77,65,82],"class_list":{"0":"post-1743","1":"product","2":"type-product","3":"status-publish","4":"has-post-thumbnail","6":"product_cat-soin-cheveux-colores","7":"product_cat-cheveux-secs-soins","8":"product_cat-produits-francais","9":"product_cat-shampooing-bio-francais","10":"product_cat-shampooings","11":"product_cat-shamppooing-bio-pipeska","12":"product_cat-soin-naturels-cheveux-textures","13":"product_tag-250ml","14":"product_tag-anti-frizz","15":"product_tag-beaute-des-cheveux","16":"product_tag-brillance-des-cheveux","17":"product_tag-cheveux-fins","18":"product_tag-cheveux-sains","19":"product_tag-cuir-chevelu-sensible","20":"product_tag-hydratation-cheveux","21":"product_tag-hydratation-intense","22":"product_tag-produit-capillaire-bio","23":"product_tag-produit-de-soin-capillaire","24":"product_tag-revitalisant-capillaire","25":"product_tag-senteur-marine","26":"product_tag-shampooing-doux","27":"product_tag-shampooing-hydratant","28":"product_tag-shampooing-hydra-marin","29":"product_tag-shampooing-naturel","30":"product_tag-shampooing-professionnel","31":"product_tag-soin-demelant","32":"product_tag-soin-des-cheveux","33":"product_tag-soins-capillaires","35":"entry","36":"has-media","38":"first","39":"instock","40":"featured","41":"taxable","42":"shipping-taxable","43":"purchasable","44":"product-type-simple","45":"has-rating","46":"has-product-nav","47":"col","48":"span_1_of_4","49":"owp-content-center","50":"owp-thumbs-layout-horizontal","51":"owp-btn-normal","52":"owp-tabs-layout-vertical"},"yoast_head":"<!-- This site is optimized with the Yoast SEO plugin v27.3 - https:\/\/yoast.com\/product\/yoast-seo-wordpress\/ -->\n<title>Shampooing cheveux fins Hydra Marin |Cosmos Organic | 250ml - Pipeska<\/title>\n<meta name=\"description\" content=\"D\u00e9couvrez le shampooing Hydra Marin pour cheveux fins. Nettoie, hydrate sans alourdir et apaise avec des ingr\u00e9dients naturels. Brillance \u00e9clatante.\" \/>\n<meta name=\"robots\" content=\"index, follow, max-snippet:-1, max-image-preview:large, max-video-preview:-1\" \/>\n<link rel=\"canonical\" href=\"https:\/\/www.pipeska.fr\/shampooing-hydra-marin\" \/>\n<meta property=\"og:locale\" content=\"es_ES\" \/>\n<meta property=\"og:type\" content=\"article\" \/>\n<meta property=\"og:title\" content=\"Shampooing cheveux fins Hydra Marin |Cosmos Organic | 250ml - Pipeska\" \/>\n<meta property=\"og:description\" content=\"D\u00e9couvrez le shampooing Hydra Marin pour cheveux fins. Nettoie, hydrate sans alourdir et apaise avec des ingr\u00e9dients naturels. Brillance \u00e9clatante.\" \/>\n<meta property=\"og:url\" content=\"https:\/\/www.pipeska.fr\/shampooing-hydra-marin\" \/>\n<meta property=\"og:site_name\" content=\"Pipeska\" \/>\n<meta property=\"article:modified_time\" content=\"2026-04-15T12:10:01+00:00\" \/>\n<meta property=\"og:image\" content=\"https:\/\/pipeska.fr\/wp-content\/uploads\/2024\/07\/Shampooing-Cheveux-Fins-Hydra-Marin-COSMOS-Organic-\u2013-Bio-Pipeska-250-ml.png\" \/>\n\t<meta property=\"og:image:width\" content=\"1410\" \/>\n\t<meta property=\"og:image:height\" content=\"2000\" \/>\n\t<meta property=\"og:image:type\" content=\"image\/png\" \/>\n<meta name=\"twitter:card\" content=\"summary_large_image\" \/>\n<meta name=\"twitter:label1\" content=\"Tiempo de lectura\" \/>\n\t<meta name=\"twitter:data1\" content=\"2 minutos\" \/>\n<script type=\"application\/ld+json\" class=\"yoast-schema-graph\">{\"@context\":\"https:\\\/\\\/schema.org\",\"@graph\":[{\"@type\":\"WebPage\",\"@id\":\"https:\\\/\\\/pipeska.fr\\\/produit\\\/hydratant-cheveux-fins\\\/\",\"url\":\"https:\\\/\\\/www.pipeska.fr\\\/shampooing-hydra-marin\",\"name\":\"Shampooing cheveux fins Hydra Marin |Cosmos Organic | 250ml - Pipeska\",\"isPartOf\":{\"@id\":\"https:\\\/\\\/pipeska.fr\\\/#website\"},\"primaryImageOfPage\":{\"@id\":\"https:\\\/\\\/www.pipeska.fr\\\/shampooing-hydra-marin#primaryimage\"},\"image\":{\"@id\":\"https:\\\/\\\/www.pipeska.fr\\\/shampooing-hydra-marin#primaryimage\"},\"thumbnailUrl\":\"https:\\\/\\\/pipeska.fr\\\/wp-content\\\/uploads\\\/2024\\\/07\\\/Shampooing-Cheveux-Fins-Hydra-Marin-COSMOS-Organic-\u2013-Bio-Pipeska-250-ml.png\",\"datePublished\":\"2024-07-20T22:01:34+00:00\",\"dateModified\":\"2026-04-15T12:10:01+00:00\",\"description\":\"D\u00e9couvrez le shampooing Hydra Marin pour cheveux fins. Nettoie, hydrate sans alourdir et apaise avec des ingr\u00e9dients naturels. Brillance \u00e9clatante.\",\"breadcrumb\":{\"@id\":\"https:\\\/\\\/www.pipeska.fr\\\/shampooing-hydra-marin#breadcrumb\"},\"inLanguage\":\"es\",\"potentialAction\":[{\"@type\":\"ReadAction\",\"target\":[\"https:\\\/\\\/www.pipeska.fr\\\/shampooing-hydra-marin\"]}]},{\"@type\":\"ImageObject\",\"inLanguage\":\"es\",\"@id\":\"https:\\\/\\\/www.pipeska.fr\\\/shampooing-hydra-marin#primaryimage\",\"url\":\"https:\\\/\\\/pipeska.fr\\\/wp-content\\\/uploads\\\/2024\\\/07\\\/Shampooing-Cheveux-Fins-Hydra-Marin-COSMOS-Organic-\u2013-Bio-Pipeska-250-ml.png\",\"contentUrl\":\"https:\\\/\\\/pipeska.fr\\\/wp-content\\\/uploads\\\/2024\\\/07\\\/Shampooing-Cheveux-Fins-Hydra-Marin-COSMOS-Organic-\u2013-Bio-Pipeska-250-ml.png\",\"width\":1410,\"height\":2000},{\"@type\":\"BreadcrumbList\",\"@id\":\"https:\\\/\\\/www.pipeska.fr\\\/shampooing-hydra-marin#breadcrumb\",\"itemListElement\":[{\"@type\":\"ListItem\",\"position\":1,\"name\":\"Accueil\",\"item\":\"https:\\\/\\\/pipeska.fr\\\/\"},{\"@type\":\"ListItem\",\"position\":2,\"name\":\"Produits\",\"item\":\"https:\\\/\\\/pipeska.fr\\\/?post_type=product\"},{\"@type\":\"ListItem\",\"position\":3,\"name\":\"Accueil > Soins Capillaires > Shampooing Hydra Marin\"}]},{\"@type\":\"WebSite\",\"@id\":\"https:\\\/\\\/pipeska.fr\\\/#website\",\"url\":\"https:\\\/\\\/pipeska.fr\\\/\",\"name\":\"Pipeska\",\"description\":\"Bio - Made in France - Caribbean Inspired\",\"publisher\":{\"@id\":\"https:\\\/\\\/pipeska.fr\\\/#organization\"},\"potentialAction\":[{\"@type\":\"SearchAction\",\"target\":{\"@type\":\"EntryPoint\",\"urlTemplate\":\"https:\\\/\\\/pipeska.fr\\\/?s={search_term_string}\"},\"query-input\":{\"@type\":\"PropertyValueSpecification\",\"valueRequired\":true,\"valueName\":\"search_term_string\"}}],\"inLanguage\":\"es\"},{\"@type\":\"Organization\",\"@id\":\"https:\\\/\\\/pipeska.fr\\\/#organization\",\"name\":\"Pipeska\",\"url\":\"https:\\\/\\\/pipeska.fr\\\/\",\"logo\":{\"@type\":\"ImageObject\",\"inLanguage\":\"es\",\"@id\":\"https:\\\/\\\/pipeska.fr\\\/#\\\/schema\\\/logo\\\/image\\\/\",\"url\":\"https:\\\/\\\/pipeska.fr\\\/wp-content\\\/uploads\\\/2024\\\/07\\\/Pipeska_logo_couleur_fondtransparent.png\",\"contentUrl\":\"https:\\\/\\\/pipeska.fr\\\/wp-content\\\/uploads\\\/2024\\\/07\\\/Pipeska_logo_couleur_fondtransparent.png\",\"width\":1771,\"height\":1181,\"caption\":\"Pipeska\"},\"image\":{\"@id\":\"https:\\\/\\\/pipeska.fr\\\/#\\\/schema\\\/logo\\\/image\\\/\"}}]}<\/script>\n<!-- \/ Yoast SEO plugin. -->","yoast_head_json":{"title":"Champ\u00fa cabello fino Hydra Marin |Cosmos Organic | 250ml - Pipeska","description":"Descubra el champ\u00fa Hydra Marin para cabellos finos. Limpia, hidrata sin apelmazar y calma con ingredientes naturales. Brillo radiante.","robots":{"index":"index","follow":"follow","max-snippet":"max-snippet:-1","max-image-preview":"max-image-preview:large","max-video-preview":"max-video-preview:-1"},"canonical":"https:\/\/www.pipeska.fr\/shampooing-hydra-marin","og_locale":"es_ES","og_type":"article","og_title":"Shampooing cheveux fins Hydra Marin |Cosmos Organic | 250ml - Pipeska","og_description":"D\u00e9couvrez le shampooing Hydra Marin pour cheveux fins. Nettoie, hydrate sans alourdir et apaise avec des ingr\u00e9dients naturels. Brillance \u00e9clatante.","og_url":"https:\/\/www.pipeska.fr\/shampooing-hydra-marin","og_site_name":"Pipeska","article_modified_time":"2026-04-15T12:10:01+00:00","og_image":[{"width":1410,"height":2000,"url":"https:\/\/pipeska.fr\/wp-content\/uploads\/2024\/07\/Shampooing-Cheveux-Fins-Hydra-Marin-COSMOS-Organic-\u2013-Bio-Pipeska-250-ml.png","type":"image\/png"}],"twitter_card":"summary_large_image","twitter_misc":{"Tiempo de lectura":"2 minutos"},"schema":{"@context":"https:\/\/schema.org","@graph":[{"@type":"WebPage","@id":"https:\/\/pipeska.fr\/produit\/hydratant-cheveux-fins\/","url":"https:\/\/www.pipeska.fr\/shampooing-hydra-marin","name":"Champ\u00fa cabello fino Hydra Marin |Cosmos Organic | 250ml - Pipeska","isPartOf":{"@id":"https:\/\/pipeska.fr\/#website"},"primaryImageOfPage":{"@id":"https:\/\/www.pipeska.fr\/shampooing-hydra-marin#primaryimage"},"image":{"@id":"https:\/\/www.pipeska.fr\/shampooing-hydra-marin#primaryimage"},"thumbnailUrl":"https:\/\/pipeska.fr\/wp-content\/uploads\/2024\/07\/Shampooing-Cheveux-Fins-Hydra-Marin-COSMOS-Organic-\u2013-Bio-Pipeska-250-ml.png","datePublished":"2024-07-20T22:01:34+00:00","dateModified":"2026-04-15T12:10:01+00:00","description":"Descubra el champ\u00fa Hydra Marin para cabellos finos. Limpia, hidrata sin apelmazar y calma con ingredientes naturales. Brillo radiante.","breadcrumb":{"@id":"https:\/\/www.pipeska.fr\/shampooing-hydra-marin#breadcrumb"},"inLanguage":"es","potentialAction":[{"@type":"ReadAction","target":["https:\/\/www.pipeska.fr\/shampooing-hydra-marin"]}]},{"@type":"ImageObject","inLanguage":"es","@id":"https:\/\/www.pipeska.fr\/shampooing-hydra-marin#primaryimage","url":"https:\/\/pipeska.fr\/wp-content\/uploads\/2024\/07\/Shampooing-Cheveux-Fins-Hydra-Marin-COSMOS-Organic-\u2013-Bio-Pipeska-250-ml.png","contentUrl":"https:\/\/pipeska.fr\/wp-content\/uploads\/2024\/07\/Shampooing-Cheveux-Fins-Hydra-Marin-COSMOS-Organic-\u2013-Bio-Pipeska-250-ml.png","width":1410,"height":2000},{"@type":"BreadcrumbList","@id":"https:\/\/www.pipeska.fr\/shampooing-hydra-marin#breadcrumb","itemListElement":[{"@type":"ListItem","position":1,"name":"Accueil","item":"https:\/\/pipeska.fr\/"},{"@type":"ListItem","position":2,"name":"Produits","item":"https:\/\/pipeska.fr\/?post_type=product"},{"@type":"ListItem","position":3,"name":"Accueil > Soins Capillaires > Shampooing Hydra Marin"}]},{"@type":"WebSite","@id":"https:\/\/pipeska.fr\/#website","url":"https:\/\/pipeska.fr\/","name":"Pipeska","description":"Bio - Made in France - Inspiraci\u00f3n caribe\u00f1a","publisher":{"@id":"https:\/\/pipeska.fr\/#organization"},"potentialAction":[{"@type":"SearchAction","target":{"@type":"EntryPoint","urlTemplate":"https:\/\/pipeska.fr\/?s={search_term_string}"},"query-input":{"@type":"PropertyValueSpecification","valueRequired":true,"valueName":"search_term_string"}}],"inLanguage":"es"},{"@type":"Organization","@id":"https:\/\/pipeska.fr\/#organization","name":"Pipeska","url":"https:\/\/pipeska.fr\/","logo":{"@type":"ImageObject","inLanguage":"es","@id":"https:\/\/pipeska.fr\/#\/schema\/logo\/image\/","url":"https:\/\/pipeska.fr\/wp-content\/uploads\/2024\/07\/Pipeska_logo_couleur_fondtransparent.png","contentUrl":"https:\/\/pipeska.fr\/wp-content\/uploads\/2024\/07\/Pipeska_logo_couleur_fondtransparent.png","width":1771,"height":1181,"caption":"Pipeska"},"image":{"@id":"https:\/\/pipeska.fr\/#\/schema\/logo\/image\/"}}]}},"_links":{"self":[{"href":"https:\/\/pipeska.fr\/es\/wp-json\/wp\/v2\/product\/1743","targetHints":{"allow":["GET"]}}],"collection":[{"href":"https:\/\/pipeska.fr\/es\/wp-json\/wp\/v2\/product"}],"about":[{"href":"https:\/\/pipeska.fr\/es\/wp-json\/wp\/v2\/types\/product"}],"replies":[{"embeddable":true,"href":"https:\/\/pipeska.fr\/es\/wp-json\/wp\/v2\/comments?post=1743"}],"version-history":[{"count":12,"href":"https:\/\/pipeska.fr\/es\/wp-json\/wp\/v2\/product\/1743\/revisions"}],"predecessor-version":[{"id":4874,"href":"https:\/\/pipeska.fr\/es\/wp-json\/wp\/v2\/product\/1743\/revisions\/4874"}],"wp:featuredmedia":[{"embeddable":true,"href":"https:\/\/pipeska.fr\/es\/wp-json\/wp\/v2\/media\/4170"}],"wp:attachment":[{"href":"https:\/\/pipeska.fr\/es\/wp-json\/wp\/v2\/media?parent=1743"}],"wp:term":[{"taxonomy":"product_brand","embeddable":true,"href":"https:\/\/pipeska.fr\/es\/wp-json\/wp\/v2\/product_brand?post=1743"},{"taxonomy":"product_cat","embeddable":true,"href":"https:\/\/pipeska.fr\/es\/wp-json\/wp\/v2\/product_cat?post=1743"},{"taxonomy":"product_tag","embeddable":true,"href":"https:\/\/pipeska.fr\/es\/wp-json\/wp\/v2\/product_tag?post=1743"}],"curies":[{"name":"wp","href":"https:\/\/api.w.org\/{rel}","templated":true}]}}