{"id":1826,"date":"2024-07-22T10:07:29","date_gmt":"2024-07-22T10:07:29","guid":{"rendered":"https:\/\/newpipeska.live-website.com\/?post_type=product&#038;p=1826"},"modified":"2026-04-02T21:17:41","modified_gmt":"2026-04-02T21:17:41","slug":"mascarilla-hidratante-bio-para-cabello-sensible-cuidado-profesional","status":"publish","type":"product","link":"https:\/\/pipeska.fr\/es\/produit\/masque-bio-hydratant-cheveux-sensibilises-professional-care\/","title":{"rendered":"Mascarilla capilar ecol\u00f3gica Pipeska - Hidratante y reparadora 500 ml"},"content":{"rendered":"<div data-elementor-type=\"wp-post\" data-elementor-id=\"1826\" class=\"elementor elementor-1826\">\n\t\t\t\t<div class=\"elementor-element elementor-element-76a74107 e-flex e-con-boxed wpr-particle-no wpr-jarallax-no wpr-parallax-no wpr-sticky-section-no e-con e-parent\" data-id=\"76a74107\" data-element_type=\"container\" data-e-type=\"container\">\n\t\t\t\t\t<div class=\"e-con-inner\">\n\t\t\t\t<div class=\"elementor-element elementor-element-6fde7162 elementor-widget elementor-widget-text-editor\" data-id=\"6fde7162\" data-element_type=\"widget\" data-e-type=\"widget\" data-widget_type=\"text-editor.default\">\n\t\t\t\t\t\t\t\t\t<h1 style=\"padding-left: 80px;\"><strong><a href=\"https:\/\/www.journaldesfemmes.fr\/beaute\/conseils-cheveux\/2552506-cheveux-secs-astuces-pour-lutter-contre-cheveux-abimes\/\">Mascarilla capilar <\/a><\/strong>Bio Regenerador - Cuidado Profundo para Cabello Seco y Da\u00f1ado | Pipeska<\/h1><p style=\"padding-left: 80px;\" data-start=\"410\" data-end=\"767\">\ud83c\udf3f <strong data-start=\"413\" data-end=\"509\">Esta mascarilla capilar ecol\u00f3gica hidrata intensamente y ayuda a reparar el cabello seco o fr\u00e1gil.<\/strong> Su f\u00f3rmula natural 99 % contiene manteca de karit\u00e9 org\u00e1nica, ylang-ylang org\u00e1nico y Lingzhi. Gracias a estos principios activos, nutre la fibra capilar, mejora el brillo y proporciona confort a los cueros cabelludos sensibles.<br data-start=\"719\" data-end=\"722\" \/><strong data-start=\"722\" data-end=\"767\"><a href=\"https:\/\/www.ademe.fr\/\" target=\"_blank\" rel=\"noopener\">Bio<\/a> - Made in France - Inspiraci\u00f3n caribe\u00f1a<\/strong><\/p><p style=\"padding-left: 80px;\">\u00a0<\/p><h2 style=\"padding-left: 80px;\" data-start=\"1922\" data-end=\"1978\">\u00bfPor qu\u00e9 elegir <a href=\"https:\/\/pipeska.fr\/es\/producto\/caja-regalo-de-navidad\/\" target=\"_blank\" rel=\"noopener\">Cuidado capilar ecol\u00f3gico Pipeska<\/a> ?<\/h2><p style=\"padding-left: 80px;\" data-start=\"832\" data-end=\"1076\">\u27a1 <strong data-start=\"834\" data-end=\"858\">Hidrataci\u00f3n profunda<\/strong> proporciona suavidad y flexibilidad.<br data-start=\"890\" data-end=\"893\" \/>\u27a1 <strong data-start=\"895\" data-end=\"917\">Reparaciones visibles<\/strong> Ayuda a fortalecer el cabello da\u00f1ado.<br data-start=\"956\" data-end=\"959\" \/>\u27a1 <strong data-start=\"961\" data-end=\"991\">F\u00f3rmula natural y vegana<\/strong> Suave con el cuero cabelludo.<br data-start=\"1021\" data-end=\"1024\" \/>\u27a1 <strong data-start=\"1026\" data-end=\"1076\">99 % natural - Fabricado en Francia<\/strong><\/p><p style=\"padding-left: 80px;\" data-start=\"1078\" data-end=\"1231\">Como resultado, esta mascarilla ofrece un rendimiento profesional sin dejar de ser muy suave. Adem\u00e1s, es perfecta para el cabello seco, apagado o quebradizo.<\/p><h3 style=\"padding-left: 80px;\">\u00a0<\/h3><h2 style=\"padding-left: 80px;\" data-start=\"958\" data-end=\"981\">Los beneficios de esta mascarilla natural\u00a0<\/h2><p style=\"padding-left: 80px;\" data-start=\"1281\" data-end=\"1536\">\u2714 <strong data-start=\"1283\" data-end=\"1306\">Hidrataci\u00f3n intensa<\/strong> penetra hasta el coraz\u00f3n de la fibra.<br data-start=\"1337\" data-end=\"1340\" \/>\u2714 <strong data-start=\"1342\" data-end=\"1363\">Reparaci\u00f3n selectiva<\/strong> Ayuda a proteger las longitudes da\u00f1adas.<br data-start=\"1404\" data-end=\"1407\" \/>\u2714 <a href=\"https:\/\/www.cosmos-standard.org\/es\/\" target=\"_blank\" rel=\"noopener\"><strong data-start=\"1409\" data-end=\"1430\">F\u00f3rmula natural<\/strong><\/a> 99 % de ingredientes de origen natural.<br data-start=\"1472\" data-end=\"1475\" \/>\u2714 <strong data-start=\"1477\" data-end=\"1504\">Confort del cuero cabelludo<\/strong> Ideal para cabellos sensibles.<\/p><p style=\"padding-left: 80px;\" data-start=\"1538\" data-end=\"1583\">\ud83c\udf3f Vegano - Sin Crueldad - Fabricado en Francia.<\/p><p data-start=\"1538\" data-end=\"1583\">\u00a0<\/p><h2 style=\"padding-left: 80px;\" data-start=\"1590\" data-end=\"1617\"><strong data-start=\"1593\" data-end=\"1617\">\u00bfC\u00f3mo se utiliza?<\/strong><\/h2><h3 style=\"padding-left: 80px;\" data-start=\"297\" data-end=\"342\"><strong data-start=\"301\" data-end=\"340\">1\ufe0f\u20e3 Cuidado profundo (antes del champ\u00fa)<\/strong><\/h3><p style=\"padding-left: 80px;\" data-start=\"343\" data-end=\"476\">Aplicar la mascarilla sobre el cabello seco. Dejar actuar <strong data-start=\"395\" data-end=\"410\">De 15 a 30 minutos<\/strong>, luego lavar con <em data-start=\"428\" data-end=\"472\">Champ\u00fa Pipeska adaptado a sus necesidades<\/em> :<\/p><p style=\"padding-left: 80px;\" data-start=\"479\" data-end=\"530\"><a href=\"https:\/\/pipeska.fr\/es\/producto\/hidratar-el-cabello-fino\/\" target=\"_blank\" rel=\"noopener\"><strong data-start=\"479\" data-end=\"494\">Hydra Marin<\/strong><\/a> \u2192 Cabello fino, necesidad de suavidad.<\/p><p style=\"padding-left: 80px;\" data-start=\"533\" data-end=\"576\"><a href=\"https:\/\/pipeska.fr\/es\/producto\/champu-clarificante-ecologico-ocean-clean\/\" target=\"_blank\" rel=\"noopener\"><strong data-start=\"533\" data-end=\"548\">Oc\u00e9ano Limpio<\/strong> <\/a>\u2192 cuero cabelludo a purificar<\/p><p style=\"padding-left: 80px;\" data-start=\"579\" data-end=\"641\"><a href=\"https:\/\/pipeska.fr\/es\/producto\/champu-ecologico-caribbean-fusion-para-cabellos-fragiles\/\" target=\"_blank\" rel=\"noopener\"><strong data-start=\"579\" data-end=\"599\">Fusi\u00f3n caribe\u00f1a<\/strong><\/a> \u2192 Dulzura tropical para<strong> cabello d\u00e9bil<\/strong>, Una espuma ligera con una fragancia ex\u00f3tica.<\/p><h3 style=\"padding-left: 80px;\" data-start=\"643\" data-end=\"673\"><strong data-start=\"647\" data-end=\"671\">2\ufe0f\u20e3 Desenredado expr\u00e9s<\/strong><\/h3><p style=\"padding-left: 80px;\" data-start=\"674\" data-end=\"765\">Aplicar sobre el cabello h\u00famedo despu\u00e9s del champ\u00fa. Dejar actuar <strong data-start=\"741\" data-end=\"751\">10 minutos<\/strong>, y luego enjuagar.<\/p><h3 style=\"padding-left: 80px;\" data-start=\"767\" data-end=\"804\"><strong data-start=\"771\" data-end=\"802\">3\ufe0f\u20e3 Leave-in (sin aclarado)<\/strong><\/h3><p style=\"padding-left: 80px;\" data-start=\"805\" data-end=\"897\">Aplicar una peque\u00f1a cantidad sobre el cabello h\u00famedo para aportar definici\u00f3n y suavidad.<\/p><h2 data-start=\"904\" data-end=\"938\">\u00a0<\/h2><h2 style=\"padding-left: 80px;\" data-start=\"904\" data-end=\"938\"><strong data-start=\"909\" data-end=\"936\">Consejos de belleza natural<\/strong><\/h2><p style=\"padding-left: 80px;\" data-start=\"939\" data-end=\"1118\">Para sellar la humedad, combine siempre la mascarilla con el <a href=\"https:\/\/pipeska.fr\/es\/producto\/pipeska-balsamo-universal-ecologico\/\" target=\"_blank\" rel=\"noopener\"><strong data-start=\"1001\" data-end=\"1032\">B\u00e1lsamo universal ecol\u00f3gico Pipeska<\/strong><\/a>. Protege las puntas, aporta nutrici\u00f3n y es el complemento perfecto para tu rutina.<\/p><p>\u00a0<\/p><p style=\"padding-left: 80px;\">Ingredientes activos clave:<strong data-start=\"2610\" data-end=\"2656\">Aceite de Prunus Amygdalus Dulcis (almendra dulce)<\/strong>, <strong data-start=\"2658\" data-end=\"2696\">Manteca de Butyrospermum Parkii (karit\u00e9)<\/strong>, <strong data-start=\"2698\" data-end=\"2730\">Aceite de coco (Cocos Nucifera)<\/strong>, <strong data-start=\"2732\" data-end=\"2771\">Manteca de semillas de Theobroma Cacao (Cacao)<\/strong>, <strong data-start=\"2773\" data-end=\"2803\">Aceite de flores de Cananga Odorata<\/strong>, <strong data-start=\"2805\" data-end=\"2851\">Extracto de semilla de Linum Usitatissimum (linaza)<\/strong>, <strong data-start=\"2853\" data-end=\"2891\">Extracto de Ganoderma Lucidum (Reishi)<\/strong>, <strong data-start=\"2893\" data-end=\"2920\">Tocoferol (vitamina E)<\/strong><\/p><p style=\"padding-left: 80px;\">Ingredientes: Aqua (Agua), Aceite de Prunus Amygdalus Dulcis (Almendra Dulce)*, Manteca de Butyrospermum Parkii (Karit\u00e9)*, Aceite de Cocos Nucifera (Coco)*, Manteca de Semilla de Theobroma Cacao (Cacao)*, Glicerina, Alcohol Cet\u00edlico, Goma Xantana, Aceite de Flor de Cananga Odorata*, Parfum (Fragancia), Extracto de Semilla de Linum Usitatissimum (Linaza)*, Extracto de Ganoderma Lucidum (hongo), tocoferol, aceite de semillas de Helianthus Annuus (girasol), alcohol benc\u00edlico, \u00e1cido deshidroac\u00e9tico, benzoato s\u00f3dico, sorbato pot\u00e1sico, \u00e1cido c\u00edtrico, hidr\u00f3xido s\u00f3dico, linalol, benzoato benc\u00edlico, geraniol, farnesol, salicilato benc\u00edlico, eugenol.<\/p>\t\t\t\t\t\t\t\t<\/div>\n\t\t\t\t\t<\/div>\n\t\t\t\t<\/div>\n\t\t\t\t<\/div>","protected":false},"excerpt":{"rendered":"<h3 style=\"padding-left: 40px;\" data-start=\"196\" data-end=\"246\"><strong data-start=\"200\" data-end=\"246\">Mascarilla capilar reparadora bio - Pipeska<\/strong><\/h3>\n<p style=\"padding-left: 40px;\" data-start=\"248\" data-end=\"507\">Dale a tu cabello seco y da\u00f1ado un tratamiento reparador intenso con el <strong data-start=\"319\" data-end=\"352\">Mascarilla capilar ecol\u00f3gica Pipeska<\/strong>. Su f\u00f3rmula es rica en <strong data-start=\"374\" data-end=\"408\">karit\u00e9, ylang-ylang y Lingzhi<\/strong> hidrata en profundidad, refuerza la fibra capilar y le devuelve suavidad y flexibilidad sin apelmazarlo.<\/p>\n<p style=\"padding-left: 40px;\" data-start=\"509\" data-end=\"684\">\ud83c\udf3f Reparaci\u00f3n e hidrataci\u00f3n intensas<br data-start=\"544\" data-end=\"547\" \/>\u2728 Cabello suave, brillante y fortalecido.<br data-start=\"585\" data-end=\"588\" \/>\ud83c\udf3f Karit\u00e9, ylang-ylang y Lingzhi<br data-start=\"620\" data-end=\"623\" \/>99 % de ingredientes naturales | Vegano<br data-start=\"658\" data-end=\"661\" \/>\ud83c\uddeb\ud83c\uddf7 Fabricado en Francia<\/p>\n<p style=\"padding-left: 40px;\" data-start=\"686\" data-end=\"767\"><strong data-start=\"686\" data-end=\"702\">Polivalente<\/strong> Antes del champ\u00fa, desenredar o dejar actuar seg\u00fan sus necesidades.<\/p>\n<p style=\"padding-left: 40px;\" data-start=\"1192\" data-end=\"1223\"><strong data-start=\"1196\" data-end=\"1221\">Sus garant\u00edas Pipeska<\/strong><\/p>\n<p style=\"padding-left: 40px;\" data-start=\"1225\" data-end=\"1336\"><strong><img decoding=\"async\" class=\"emoji lazyload\" role=\"img\" draggable=\"false\" data-src=\"https:\/\/s.w.org\/images\/core\/emoji\/17.0.2\/svg\/1f33f.svg\" alt=\"\ud83c\udf3f\" src=\"data:image\/svg+xml;base64,PHN2ZyB3aWR0aD0iMSIgaGVpZ2h0PSIxIiB4bWxucz0iaHR0cDovL3d3dy53My5vcmcvMjAwMC9zdmciPjwvc3ZnPg==\" \/>\u00a0Ecol\u00f3gico y eco-responsable<\/strong><\/p>\n<p style=\"padding-left: 40px;\" data-start=\"1225\" data-end=\"1336\"><strong>\u00a0<img decoding=\"async\" class=\"emoji lazyload\" role=\"img\" draggable=\"false\" data-src=\"https:\/\/s.w.org\/images\/core\/emoji\/17.0.2\/svg\/1f512.svg\" alt=\"\ud83d\udd12\" src=\"data:image\/svg+xml;base64,PHN2ZyB3aWR0aD0iMSIgaGVpZ2h0PSIxIiB4bWxucz0iaHR0cDovL3d3dy53My5vcmcvMjAwMC9zdmciPjwvc3ZnPg==\" \/>Tarjeta (Stripe) - PayPal \/ 3x gratis<\/strong><\/p>\n<p style=\"padding-left: 40px;\" data-start=\"1225\" data-end=\"1336\"><strong>\u00a0<img decoding=\"async\" class=\"emoji lazyload\" role=\"img\" draggable=\"false\" data-src=\"https:\/\/s.w.org\/images\/core\/emoji\/17.0.2\/svg\/1f69a.svg\" alt=\"\ud83d\ude9a\" src=\"data:image\/svg+xml;base64,PHN2ZyB3aWR0aD0iMSIgaGVpZ2h0PSIxIiB4bWxucz0iaHR0cDovL3d3dy53My5vcmcvMjAwMC9zdmciPjwvc3ZnPg==\" \/>\u00a0Env\u00edo gratuito en Francia a partir de 49<\/strong><\/p>\n<p style=\"padding-left: 40px;\" data-start=\"1225\" data-end=\"1336\"><strong><img decoding=\"async\" class=\"emoji lazyload\" role=\"img\" draggable=\"false\" data-src=\"https:\/\/s.w.org\/images\/core\/emoji\/17.0.2\/svg\/1f4ac.svg\" alt=\"\ud83d\udcac\" src=\"data:image\/svg+xml;base64,PHN2ZyB3aWR0aD0iMSIgaGVpZ2h0PSIxIiB4bWxucz0iaHR0cDovL3d3dy53My5vcmcvMjAwMC9zdmciPjwvc3ZnPg==\" \/>\u00a0Servicio de atenci\u00f3n al cliente a su servicio<\/strong><\/p>\n<p style=\"padding-left: 40px;\" data-start=\"1225\" data-end=\"1336\"><strong><img decoding=\"async\" class=\"emoji lazyload\" role=\"img\" draggable=\"false\" data-src=\"https:\/\/s.w.org\/images\/core\/emoji\/17.0.2\/svg\/2728.svg\" alt=\"\u2728\" src=\"data:image\/svg+xml;base64,PHN2ZyB3aWR0aD0iMSIgaGVpZ2h0PSIxIiB4bWxucz0iaHR0cDovL3d3dy53My5vcmcvMjAwMC9zdmciPjwvc3ZnPg==\" \/>\u00a0Bio - Made in France - Inspiraci\u00f3n caribe\u00f1a\u00a0<img decoding=\"async\" class=\"emoji lazyload\" role=\"img\" draggable=\"false\" data-src=\"https:\/\/s.w.org\/images\/core\/emoji\/17.0.2\/svg\/2728.svg\" alt=\"\u2728\" src=\"data:image\/svg+xml;base64,PHN2ZyB3aWR0aD0iMSIgaGVpZ2h0PSIxIiB4bWxucz0iaHR0cDovL3d3dy53My5vcmcvMjAwMC9zdmciPjwvc3ZnPg==\" \/><\/strong><\/p>","protected":false},"featured_media":2766,"comment_status":"open","ping_status":"closed","template":"","meta":{"_uf_show_specific_survey":0,"_uf_disable_surveys":false},"product_brand":[],"product_cat":[54,51,34,187,144,46],"product_tag":[199,201,200,195,204,197,203,168,169,194,205,198,196,202,153],"class_list":{"0":"post-1826","1":"product","2":"type-product","3":"status-publish","4":"has-post-thumbnail","6":"product_cat-produits-capillaires-cheveux-sensibilises","7":"product_cat-cheveux-textures","8":"product_cat-masques-cheveux-sensible","9":"product_cat-masques-capillaires","10":"product_cat-produits-francais","11":"product_cat-produit-cheveux-type","12":"product_tag-cheveux-boucles","13":"product_tag-cheveux-crepus","14":"product_tag-cheveux-frises","15":"product_tag-cheveux-secs-et-abimes","16":"product_tag-cosmetique-bio","17":"product_tag-hydratation-intense-cheveux","18":"product_tag-karite-bio","19":"product_tag-made-in-france","20":"product_tag-masque-capillaire-bio","21":"product_tag-masque-reparateur-cheveux","22":"product_tag-pipeska","23":"product_tag-reparation-capillaire","24":"product_tag-soin-cheveux-textures","25":"product_tag-soin-naturel-cheveux","26":"product_tag-ylang-ylang","28":"entry","29":"has-media","31":"first","32":"instock","33":"taxable","34":"shipping-taxable","35":"purchasable","36":"product-type-simple","37":"has-rating","38":"has-product-nav","39":"col","40":"span_1_of_4","41":"owp-content-center","42":"owp-thumbs-layout-horizontal","43":"owp-btn-normal","44":"owp-tabs-layout-vertical"},"yoast_head":"<!-- This site is optimized with the Yoast SEO plugin v27.3 - https:\/\/yoast.com\/product\/yoast-seo-wordpress\/ -->\n<title>Masque Capillaire Bio Pipeska \u2013 Hydratant &amp; R\u00e9parateur 500 ml - Pipeska<\/title>\n<meta name=\"description\" content=\"D\u00e9couvrez le Masque Bio Hydratant pour Cheveux Secs et Sensibilis\u00e9s de Professional Care. Formule naturelle pour hydrater et nourrir tous types de cheveux.\" \/>\n<meta name=\"robots\" content=\"index, follow, max-snippet:-1, max-image-preview:large, max-video-preview:-1\" \/>\n<link rel=\"canonical\" href=\"https:\/\/pipeska.fr\/es\/producto\/mascarilla-hidratante-bio-para-cabello-sensible-cuidado-profesional\/\" \/>\n<meta property=\"og:locale\" content=\"es_ES\" \/>\n<meta property=\"og:type\" content=\"article\" \/>\n<meta property=\"og:title\" content=\"Masque Capillaire Bio Pipeska \u2013 Hydratant &amp; R\u00e9parateur 500 ml - Pipeska\" \/>\n<meta property=\"og:description\" content=\"D\u00e9couvrez le Masque Bio Hydratant pour Cheveux Secs et Sensibilis\u00e9s de Professional Care. Formule naturelle pour hydrater et nourrir tous types de cheveux.\" \/>\n<meta property=\"og:url\" content=\"https:\/\/pipeska.fr\/es\/producto\/mascarilla-hidratante-bio-para-cabello-sensible-cuidado-profesional\/\" \/>\n<meta property=\"og:site_name\" content=\"Pipeska\" \/>\n<meta property=\"article:modified_time\" content=\"2026-04-02T21:17:41+00:00\" \/>\n<meta property=\"og:image\" content=\"https:\/\/pipeska.fr\/wp-content\/uploads\/2024\/07\/pipeska26.png\" \/>\n\t<meta property=\"og:image:width\" content=\"1080\" \/>\n\t<meta property=\"og:image:height\" content=\"1080\" \/>\n\t<meta property=\"og:image:type\" content=\"image\/png\" \/>\n<meta name=\"twitter:card\" content=\"summary_large_image\" \/>\n<meta name=\"twitter:label1\" content=\"Tiempo de lectura\" \/>\n\t<meta name=\"twitter:data1\" content=\"3 minutos\" \/>\n<script type=\"application\/ld+json\" class=\"yoast-schema-graph\">{\"@context\":\"https:\\\/\\\/schema.org\",\"@graph\":[{\"@type\":\"WebPage\",\"@id\":\"https:\\\/\\\/pipeska.fr\\\/produit\\\/masque-bio-hydratant-cheveux-sensibilises-professional-care\\\/\",\"url\":\"https:\\\/\\\/pipeska.fr\\\/produit\\\/masque-bio-hydratant-cheveux-sensibilises-professional-care\\\/\",\"name\":\"Masque Capillaire Bio Pipeska \u2013 Hydratant & R\u00e9parateur 500 ml - Pipeska\",\"isPartOf\":{\"@id\":\"https:\\\/\\\/pipeska.fr\\\/#website\"},\"primaryImageOfPage\":{\"@id\":\"https:\\\/\\\/pipeska.fr\\\/produit\\\/masque-bio-hydratant-cheveux-sensibilises-professional-care\\\/#primaryimage\"},\"image\":{\"@id\":\"https:\\\/\\\/pipeska.fr\\\/produit\\\/masque-bio-hydratant-cheveux-sensibilises-professional-care\\\/#primaryimage\"},\"thumbnailUrl\":\"https:\\\/\\\/pipeska.fr\\\/wp-content\\\/uploads\\\/2024\\\/07\\\/pipeska26.png\",\"datePublished\":\"2024-07-22T10:07:29+00:00\",\"dateModified\":\"2026-04-02T21:17:41+00:00\",\"description\":\"D\u00e9couvrez le Masque Bio Hydratant pour Cheveux Secs et Sensibilis\u00e9s de Professional Care. Formule naturelle pour hydrater et nourrir tous types de cheveux.\",\"breadcrumb\":{\"@id\":\"https:\\\/\\\/pipeska.fr\\\/produit\\\/masque-bio-hydratant-cheveux-sensibilises-professional-care\\\/#breadcrumb\"},\"inLanguage\":\"es\",\"potentialAction\":[{\"@type\":\"ReadAction\",\"target\":[\"https:\\\/\\\/pipeska.fr\\\/produit\\\/masque-bio-hydratant-cheveux-sensibilises-professional-care\\\/\"]}]},{\"@type\":\"ImageObject\",\"inLanguage\":\"es\",\"@id\":\"https:\\\/\\\/pipeska.fr\\\/produit\\\/masque-bio-hydratant-cheveux-sensibilises-professional-care\\\/#primaryimage\",\"url\":\"https:\\\/\\\/pipeska.fr\\\/wp-content\\\/uploads\\\/2024\\\/07\\\/pipeska26.png\",\"contentUrl\":\"https:\\\/\\\/pipeska.fr\\\/wp-content\\\/uploads\\\/2024\\\/07\\\/pipeska26.png\",\"width\":1080,\"height\":1080,\"caption\":\"D\u00e9couvrez notre masque capillaire bio 99% naturel, lab\u00e9lis\u00e9 Cosmos Organique et fabriqu\u00e9 en France. Con\u00e7u pour hydrater, nourrir et renforcer les cheveux secs, ab\u00eem\u00e9s et cassants, il stimule la croissance gr\u00e2ce au Ylang-Ylang, am\u00e9liore la brillance avec le Karit\u00e9 et combat la chute des cheveux avec le Lingzhi. Obtenez des cheveux plus longs, forts et en pleine sant\u00e9\"},{\"@type\":\"BreadcrumbList\",\"@id\":\"https:\\\/\\\/pipeska.fr\\\/produit\\\/masque-bio-hydratant-cheveux-sensibilises-professional-care\\\/#breadcrumb\",\"itemListElement\":[{\"@type\":\"ListItem\",\"position\":1,\"name\":\"Accueil\",\"item\":\"https:\\\/\\\/pipeska.fr\\\/\"},{\"@type\":\"ListItem\",\"position\":2,\"name\":\"Produits\",\"item\":\"https:\\\/\\\/pipeska.fr\\\/?post_type=product\"},{\"@type\":\"ListItem\",\"position\":3,\"name\":\"Masque Capillaire Bio Pipeska \u2013 Hydratant &#038; R\u00e9parateur 500 ml\"}]},{\"@type\":\"WebSite\",\"@id\":\"https:\\\/\\\/pipeska.fr\\\/#website\",\"url\":\"https:\\\/\\\/pipeska.fr\\\/\",\"name\":\"Pipeska\",\"description\":\"Bio - Made in France - Caribbean Inspired\",\"publisher\":{\"@id\":\"https:\\\/\\\/pipeska.fr\\\/#organization\"},\"potentialAction\":[{\"@type\":\"SearchAction\",\"target\":{\"@type\":\"EntryPoint\",\"urlTemplate\":\"https:\\\/\\\/pipeska.fr\\\/?s={search_term_string}\"},\"query-input\":{\"@type\":\"PropertyValueSpecification\",\"valueRequired\":true,\"valueName\":\"search_term_string\"}}],\"inLanguage\":\"es\"},{\"@type\":\"Organization\",\"@id\":\"https:\\\/\\\/pipeska.fr\\\/#organization\",\"name\":\"Pipeska\",\"url\":\"https:\\\/\\\/pipeska.fr\\\/\",\"logo\":{\"@type\":\"ImageObject\",\"inLanguage\":\"es\",\"@id\":\"https:\\\/\\\/pipeska.fr\\\/#\\\/schema\\\/logo\\\/image\\\/\",\"url\":\"https:\\\/\\\/pipeska.fr\\\/wp-content\\\/uploads\\\/2024\\\/07\\\/Pipeska_logo_couleur_fondtransparent.png\",\"contentUrl\":\"https:\\\/\\\/pipeska.fr\\\/wp-content\\\/uploads\\\/2024\\\/07\\\/Pipeska_logo_couleur_fondtransparent.png\",\"width\":1771,\"height\":1181,\"caption\":\"Pipeska\"},\"image\":{\"@id\":\"https:\\\/\\\/pipeska.fr\\\/#\\\/schema\\\/logo\\\/image\\\/\"}}]}<\/script>\n<!-- \/ Yoast SEO plugin. -->","yoast_head_json":{"title":"Pipeska Mascarilla capilar ecol\u00f3gica - Hidratante y reparadora 500 ml - Pipeska","description":"Descubra la mascarilla org\u00e1nica hidratante para cabello seco y sensibilizado de Professional Care. Una f\u00f3rmula natural para hidratar y nutrir todo tipo de cabellos.","robots":{"index":"index","follow":"follow","max-snippet":"max-snippet:-1","max-image-preview":"max-image-preview:large","max-video-preview":"max-video-preview:-1"},"canonical":"https:\/\/pipeska.fr\/es\/producto\/mascarilla-hidratante-bio-para-cabello-sensible-cuidado-profesional\/","og_locale":"es_ES","og_type":"article","og_title":"Masque Capillaire Bio Pipeska \u2013 Hydratant & R\u00e9parateur 500 ml - Pipeska","og_description":"D\u00e9couvrez le Masque Bio Hydratant pour Cheveux Secs et Sensibilis\u00e9s de Professional Care. Formule naturelle pour hydrater et nourrir tous types de cheveux.","og_url":"https:\/\/pipeska.fr\/es\/producto\/mascarilla-hidratante-bio-para-cabello-sensible-cuidado-profesional\/","og_site_name":"Pipeska","article_modified_time":"2026-04-02T21:17:41+00:00","og_image":[{"width":1080,"height":1080,"url":"https:\/\/pipeska.fr\/wp-content\/uploads\/2024\/07\/pipeska26.png","type":"image\/png"}],"twitter_card":"summary_large_image","twitter_misc":{"Tiempo de lectura":"3 minutos"},"schema":{"@context":"https:\/\/schema.org","@graph":[{"@type":"WebPage","@id":"https:\/\/pipeska.fr\/produit\/masque-bio-hydratant-cheveux-sensibilises-professional-care\/","url":"https:\/\/pipeska.fr\/produit\/masque-bio-hydratant-cheveux-sensibilises-professional-care\/","name":"Pipeska Mascarilla capilar ecol\u00f3gica - Hidratante y reparadora 500 ml - Pipeska","isPartOf":{"@id":"https:\/\/pipeska.fr\/#website"},"primaryImageOfPage":{"@id":"https:\/\/pipeska.fr\/produit\/masque-bio-hydratant-cheveux-sensibilises-professional-care\/#primaryimage"},"image":{"@id":"https:\/\/pipeska.fr\/produit\/masque-bio-hydratant-cheveux-sensibilises-professional-care\/#primaryimage"},"thumbnailUrl":"https:\/\/pipeska.fr\/wp-content\/uploads\/2024\/07\/pipeska26.png","datePublished":"2024-07-22T10:07:29+00:00","dateModified":"2026-04-02T21:17:41+00:00","description":"Descubra la mascarilla org\u00e1nica hidratante para cabello seco y sensibilizado de Professional Care. Una f\u00f3rmula natural para hidratar y nutrir todo tipo de cabellos.","breadcrumb":{"@id":"https:\/\/pipeska.fr\/produit\/masque-bio-hydratant-cheveux-sensibilises-professional-care\/#breadcrumb"},"inLanguage":"es","potentialAction":[{"@type":"ReadAction","target":["https:\/\/pipeska.fr\/produit\/masque-bio-hydratant-cheveux-sensibilises-professional-care\/"]}]},{"@type":"ImageObject","inLanguage":"es","@id":"https:\/\/pipeska.fr\/produit\/masque-bio-hydratant-cheveux-sensibilises-professional-care\/#primaryimage","url":"https:\/\/pipeska.fr\/wp-content\/uploads\/2024\/07\/pipeska26.png","contentUrl":"https:\/\/pipeska.fr\/wp-content\/uploads\/2024\/07\/pipeska26.png","width":1080,"height":1080,"caption":"D\u00e9couvrez notre masque capillaire bio 99% naturel, lab\u00e9lis\u00e9 Cosmos Organique et fabriqu\u00e9 en France. Con\u00e7u pour hydrater, nourrir et renforcer les cheveux secs, ab\u00eem\u00e9s et cassants, il stimule la croissance gr\u00e2ce au Ylang-Ylang, am\u00e9liore la brillance avec le Karit\u00e9 et combat la chute des cheveux avec le Lingzhi. Obtenez des cheveux plus longs, forts et en pleine sant\u00e9"},{"@type":"BreadcrumbList","@id":"https:\/\/pipeska.fr\/produit\/masque-bio-hydratant-cheveux-sensibilises-professional-care\/#breadcrumb","itemListElement":[{"@type":"ListItem","position":1,"name":"Accueil","item":"https:\/\/pipeska.fr\/"},{"@type":"ListItem","position":2,"name":"Produits","item":"https:\/\/pipeska.fr\/?post_type=product"},{"@type":"ListItem","position":3,"name":"Masque Capillaire Bio Pipeska \u2013 Hydratant &#038; R\u00e9parateur 500 ml"}]},{"@type":"WebSite","@id":"https:\/\/pipeska.fr\/#website","url":"https:\/\/pipeska.fr\/","name":"Pipeska","description":"Bio - Made in France - Inspiraci\u00f3n caribe\u00f1a","publisher":{"@id":"https:\/\/pipeska.fr\/#organization"},"potentialAction":[{"@type":"SearchAction","target":{"@type":"EntryPoint","urlTemplate":"https:\/\/pipeska.fr\/?s={search_term_string}"},"query-input":{"@type":"PropertyValueSpecification","valueRequired":true,"valueName":"search_term_string"}}],"inLanguage":"es"},{"@type":"Organization","@id":"https:\/\/pipeska.fr\/#organization","name":"Pipeska","url":"https:\/\/pipeska.fr\/","logo":{"@type":"ImageObject","inLanguage":"es","@id":"https:\/\/pipeska.fr\/#\/schema\/logo\/image\/","url":"https:\/\/pipeska.fr\/wp-content\/uploads\/2024\/07\/Pipeska_logo_couleur_fondtransparent.png","contentUrl":"https:\/\/pipeska.fr\/wp-content\/uploads\/2024\/07\/Pipeska_logo_couleur_fondtransparent.png","width":1771,"height":1181,"caption":"Pipeska"},"image":{"@id":"https:\/\/pipeska.fr\/#\/schema\/logo\/image\/"}}]}},"_links":{"self":[{"href":"https:\/\/pipeska.fr\/es\/wp-json\/wp\/v2\/product\/1826","targetHints":{"allow":["GET"]}}],"collection":[{"href":"https:\/\/pipeska.fr\/es\/wp-json\/wp\/v2\/product"}],"about":[{"href":"https:\/\/pipeska.fr\/es\/wp-json\/wp\/v2\/types\/product"}],"replies":[{"embeddable":true,"href":"https:\/\/pipeska.fr\/es\/wp-json\/wp\/v2\/comments?post=1826"}],"version-history":[{"count":21,"href":"https:\/\/pipeska.fr\/es\/wp-json\/wp\/v2\/product\/1826\/revisions"}],"predecessor-version":[{"id":4872,"href":"https:\/\/pipeska.fr\/es\/wp-json\/wp\/v2\/product\/1826\/revisions\/4872"}],"wp:featuredmedia":[{"embeddable":true,"href":"https:\/\/pipeska.fr\/es\/wp-json\/wp\/v2\/media\/2766"}],"wp:attachment":[{"href":"https:\/\/pipeska.fr\/es\/wp-json\/wp\/v2\/media?parent=1826"}],"wp:term":[{"taxonomy":"product_brand","embeddable":true,"href":"https:\/\/pipeska.fr\/es\/wp-json\/wp\/v2\/product_brand?post=1826"},{"taxonomy":"product_cat","embeddable":true,"href":"https:\/\/pipeska.fr\/es\/wp-json\/wp\/v2\/product_cat?post=1826"},{"taxonomy":"product_tag","embeddable":true,"href":"https:\/\/pipeska.fr\/es\/wp-json\/wp\/v2\/product_tag?post=1826"}],"curies":[{"name":"wp","href":"https:\/\/api.w.org\/{rel}","templated":true}]}}