{"id":1827,"date":"2024-07-22T10:24:28","date_gmt":"2024-07-22T10:24:28","guid":{"rendered":"https:\/\/newpipeska.live-website.com\/?post_type=product&#038;p=1827"},"modified":"2026-02-28T14:31:48","modified_gmt":"2026-02-28T14:31:48","slug":"cepillo-decapante-ergonomico","status":"publish","type":"product","link":"https:\/\/pipeska.fr\/es\/produit\/brosse-demelante-ergonomique\/","title":{"rendered":"Cepillo rectangular negro"},"content":{"rendered":"<h1 style=\"padding-left: 80px;\"><strong><a href=\"https:\/\/www.cosmopolitan.fr\/masser-son-cuir-chevelu,2068963.asp\" target=\"_blank\" rel=\"noopener\">Cepillo desenredante <\/a> Ergon\u00f3mico - <\/strong><strong>Suave desenredado y cuidado del cuero cabelludo<\/strong><\/h1>\n<p style=\"padding-left: 80px;\">\n<h2 style=\"padding-left: 80px;\" data-start=\"302\" data-end=\"730\">La <strong data-start=\"305\" data-end=\"337\">cepillo desenredante ergon\u00f3mico<\/strong> es el accesorio esencial para un <strong data-start=\"377\" data-end=\"394\">desenredado suave<\/strong> y eficiente, al tiempo que cuida de su <strong data-start=\"438\" data-end=\"454\">cuero cabelludo<\/strong>. Adecuado para todo tipo de cabello, ya sea liso, ondulado o rizado, este cepillo reduce los enredos, minimiza las roturas y hace que su rutina capilar sea m\u00e1s agradable. Su dise\u00f1o ergon\u00f3mico lo hace c\u00f3modo de sujetar y f\u00e1cil de desenredar.<\/h2>\n<h2 data-start=\"732\" data-end=\"783\"><\/h2>\n<h2 style=\"padding-left: 80px;\" data-start=\"732\" data-end=\"783\">Las ventajas de un cepillo desenredante ergon\u00f3mico<\/h2>\n<h3 style=\"padding-left: 80px;\" data-start=\"787\" data-end=\"937\"><strong data-start=\"787\" data-end=\"812\">Desenredado indoloro<\/strong> Los granos esf\u00e9ricos se deslizan f\u00e1cilmente por el cabello, eliminando los enredos sin tirar ni romper la fibra capilar.<\/h3>\n<h3 style=\"padding-left: 80px;\" data-start=\"940\" data-end=\"1090\"><strong data-start=\"940\" data-end=\"967\">Masaje del cuero cabelludo<\/strong> Los granos estimulan la circulaci\u00f3n sangu\u00ednea, favoreciendo un cuero cabelludo sano y un mejor crecimiento del cabello.<\/h3>\n<h3 style=\"padding-left: 80px;\" data-start=\"1093\" data-end=\"1229\"><strong data-start=\"1093\" data-end=\"1124\">Cabello claro y brillante<\/strong> El cepillo devuelve suavidad, brillo y ligereza a tu cabello para un aspecto sano y revitalizado.<\/h3>\n<h3 style=\"padding-left: 80px;\" data-start=\"1232\" data-end=\"1385\"><strong data-start=\"1232\" data-end=\"1267\">Adecuado para todo tipo de cabellos<\/strong> Ideal para cabellos finos, gruesos, rizados, encrespados o debilitados por la coloraci\u00f3n y el peinado protector.<\/h3>\n<h3 data-start=\"1387\" data-end=\"1423\"><\/h3>\n<h2 style=\"padding-left: 80px;\" data-start=\"1387\" data-end=\"1423\">Comodidad y ergonom\u00eda cotidianas<\/h2>\n<h3 style=\"padding-left: 80px;\" data-start=\"1425\" data-end=\"1730\">Con unas dimensiones de 25 x 7,5 x 4 cm y un mango ergon\u00f3mico, este cepillo se adapta perfectamente a la mano para un uso c\u00f3modo. Tanto en casa como de viaje, el desenredado se convierte en un proceso r\u00e1pido y agradable. Su pr\u00e1ctico dise\u00f1o garantiza una experiencia de peinado \u00f3ptima.<\/h3>\n<h3 style=\"padding-left: 80px;\" data-start=\"1732\" data-end=\"1757\">Modo de empleo: Aplicar sobre el cabello h\u00famedo o seco, empezando por las puntas y subiendo hasta las ra\u00edces. Para un tratamiento completo, comb\u00ednelo con nuestro <a class=\"decorated-link\" href=\"#\" rel=\"noopener\" data-start=\"1910\" data-end=\"1951\">Champ\u00fa hidratante ecol\u00f3gico Hydra Marin<\/a> o nuestro <a class=\"decorated-link\" href=\"#\" rel=\"noopener\" data-start=\"1961\" data-end=\"2003\">\u00a0nuestra <\/a><a class=\"decorated-link\" href=\"#\" rel=\"noopener\" data-start=\"1961\" data-end=\"2003\">Mascarilla capilar reparadora intensiva<\/a><a class=\"decorated-link\" href=\"#\" rel=\"noopener\" data-start=\"1961\" data-end=\"2003\"> para un cabello revitalizado y protegido.<\/a><\/h3>","protected":false},"excerpt":{"rendered":"<h1 style=\"padding-left: 80px;\"><strong>Cepillo desenredante ergon\u00f3mico<\/strong><\/h1>\n<h2 style=\"padding-left: 80px;\">Descubre la <strong>cepillo desenredante ergon\u00f3mico<\/strong>dise\u00f1ado para desenredar tu cabello con suavidad y comodidad. Gracias a su mango ergon\u00f3mico y a sus bolitas, preserva la salud de tu cabello a la vez que estimula el cuero cabelludo. Adecuado para todo tipo de cabellos, este cepillo convierte el desenredado en un placer, reduciendo los enredos y minimizando las roturas.<\/h2>\n<h2><\/h2>\n<h2 style=\"padding-left: 80px;\">Dale a tu cabello el cuidado que se merece con este accesorio esencial.<\/h2>","protected":false},"featured_media":1828,"comment_status":"open","ping_status":"closed","template":"","meta":{"_uf_show_specific_survey":0,"_uf_disable_surveys":false},"product_brand":[],"product_cat":[51,15,144],"product_tag":[],"class_list":{"0":"post-1827","1":"product","2":"type-product","3":"status-publish","4":"has-post-thumbnail","6":"product_cat-cheveux-textures","7":"product_cat-non-classe","8":"product_cat-produits-francais","10":"entry","11":"has-media","13":"first","14":"outofstock","15":"taxable","16":"shipping-taxable","17":"purchasable","18":"product-type-simple","19":"has-product-nav","20":"col","21":"span_1_of_4","22":"owp-content-center","23":"owp-thumbs-layout-horizontal","24":"owp-btn-normal","25":"owp-tabs-layout-vertical"},"yoast_head":"<!-- This site is optimized with the Yoast SEO plugin v27.3 - https:\/\/yoast.com\/product\/yoast-seo-wordpress\/ -->\n<title>Brosse D\u00e9m\u00ealante Ergonomique - D\u00e9m\u00ealage doux - Pipeska<\/title>\n<meta name=\"description\" content=\"D\u00e9couvrez notre brosse d\u00e9m\u00ealante ergonomique, alliant confort et efficacit\u00e9 avec des picots \u00e0 billes pour un cuir chevelu sain et des cheveux sans n\u0153uds.\" \/>\n<meta name=\"robots\" content=\"index, follow, max-snippet:-1, max-image-preview:large, max-video-preview:-1\" \/>\n<link rel=\"canonical\" href=\"https:\/\/pipeska.fr\/es\/producto\/cepillo-decapante-ergonomico\/\" \/>\n<meta property=\"og:locale\" content=\"es_ES\" \/>\n<meta property=\"og:type\" content=\"article\" \/>\n<meta property=\"og:title\" content=\"Brosse D\u00e9m\u00ealante Ergonomique - D\u00e9m\u00ealage doux - Pipeska\" \/>\n<meta property=\"og:description\" content=\"D\u00e9couvrez notre brosse d\u00e9m\u00ealante ergonomique, alliant confort et efficacit\u00e9 avec des picots \u00e0 billes pour un cuir chevelu sain et des cheveux sans n\u0153uds.\" \/>\n<meta property=\"og:url\" content=\"https:\/\/pipeska.fr\/es\/producto\/cepillo-decapante-ergonomico\/\" \/>\n<meta property=\"og:site_name\" content=\"Pipeska\" \/>\n<meta property=\"article:modified_time\" content=\"2026-02-28T14:31:48+00:00\" \/>\n<meta property=\"og:image\" content=\"https:\/\/pipeska.fr\/wp-content\/uploads\/2024\/07\/brosse-plate-professionnelle-madameparis5.jpg\" \/>\n\t<meta property=\"og:image:width\" content=\"1000\" \/>\n\t<meta property=\"og:image:height\" content=\"1000\" \/>\n\t<meta property=\"og:image:type\" content=\"image\/jpeg\" \/>\n<meta name=\"twitter:card\" content=\"summary_large_image\" \/>\n<meta name=\"twitter:label1\" content=\"Tiempo de lectura\" \/>\n\t<meta name=\"twitter:data1\" content=\"2 minutos\" \/>\n<script type=\"application\/ld+json\" class=\"yoast-schema-graph\">{\"@context\":\"https:\\\/\\\/schema.org\",\"@graph\":[{\"@type\":\"WebPage\",\"@id\":\"https:\\\/\\\/pipeska.fr\\\/produit\\\/brosse-demelante-ergonomique\\\/\",\"url\":\"https:\\\/\\\/pipeska.fr\\\/produit\\\/brosse-demelante-ergonomique\\\/\",\"name\":\"Brosse D\u00e9m\u00ealante Ergonomique - D\u00e9m\u00ealage doux - Pipeska\",\"isPartOf\":{\"@id\":\"https:\\\/\\\/pipeska.fr\\\/#website\"},\"primaryImageOfPage\":{\"@id\":\"https:\\\/\\\/pipeska.fr\\\/produit\\\/brosse-demelante-ergonomique\\\/#primaryimage\"},\"image\":{\"@id\":\"https:\\\/\\\/pipeska.fr\\\/produit\\\/brosse-demelante-ergonomique\\\/#primaryimage\"},\"thumbnailUrl\":\"https:\\\/\\\/pipeska.fr\\\/wp-content\\\/uploads\\\/2024\\\/07\\\/brosse-plate-professionnelle-madameparis5.jpg\",\"datePublished\":\"2024-07-22T10:24:28+00:00\",\"dateModified\":\"2026-02-28T14:31:48+00:00\",\"description\":\"D\u00e9couvrez notre brosse d\u00e9m\u00ealante ergonomique, alliant confort et efficacit\u00e9 avec des picots \u00e0 billes pour un cuir chevelu sain et des cheveux sans n\u0153uds.\",\"breadcrumb\":{\"@id\":\"https:\\\/\\\/pipeska.fr\\\/produit\\\/brosse-demelante-ergonomique\\\/#breadcrumb\"},\"inLanguage\":\"es\",\"potentialAction\":[{\"@type\":\"ReadAction\",\"target\":[\"https:\\\/\\\/pipeska.fr\\\/produit\\\/brosse-demelante-ergonomique\\\/\"]}]},{\"@type\":\"ImageObject\",\"inLanguage\":\"es\",\"@id\":\"https:\\\/\\\/pipeska.fr\\\/produit\\\/brosse-demelante-ergonomique\\\/#primaryimage\",\"url\":\"https:\\\/\\\/pipeska.fr\\\/wp-content\\\/uploads\\\/2024\\\/07\\\/brosse-plate-professionnelle-madameparis5.jpg\",\"contentUrl\":\"https:\\\/\\\/pipeska.fr\\\/wp-content\\\/uploads\\\/2024\\\/07\\\/brosse-plate-professionnelle-madameparis5.jpg\",\"width\":1000,\"height\":1000,\"caption\":\"D\u00e9couvrez la brosse d\u00e9m\u00ealante ergonomique, l\u2019outil id\u00e9al pour un d\u00e9m\u00ealage doux et efficace, tout en prenant soin de votre cuir chevelu. Gr\u00e2ce \u00e0 sa poign\u00e9e ergonomique et ses dimensions de 25 x 7,5 x 4\u202fcm, elle assure une prise en main confortable, parfaite pour un usage quotidien \u00e0 la maison ou en d\u00e9placement.\"},{\"@type\":\"BreadcrumbList\",\"@id\":\"https:\\\/\\\/pipeska.fr\\\/produit\\\/brosse-demelante-ergonomique\\\/#breadcrumb\",\"itemListElement\":[{\"@type\":\"ListItem\",\"position\":1,\"name\":\"Accueil\",\"item\":\"https:\\\/\\\/pipeska.fr\\\/\"},{\"@type\":\"ListItem\",\"position\":2,\"name\":\"Produits\",\"item\":\"https:\\\/\\\/pipeska.fr\\\/?post_type=product\"},{\"@type\":\"ListItem\",\"position\":3,\"name\":\"Brosse \u00e0 cheveux noire rectangulaire\"}]},{\"@type\":\"WebSite\",\"@id\":\"https:\\\/\\\/pipeska.fr\\\/#website\",\"url\":\"https:\\\/\\\/pipeska.fr\\\/\",\"name\":\"Pipeska\",\"description\":\"Bio - Made in France - Caribbean Inspired\",\"publisher\":{\"@id\":\"https:\\\/\\\/pipeska.fr\\\/#organization\"},\"potentialAction\":[{\"@type\":\"SearchAction\",\"target\":{\"@type\":\"EntryPoint\",\"urlTemplate\":\"https:\\\/\\\/pipeska.fr\\\/?s={search_term_string}\"},\"query-input\":{\"@type\":\"PropertyValueSpecification\",\"valueRequired\":true,\"valueName\":\"search_term_string\"}}],\"inLanguage\":\"es\"},{\"@type\":\"Organization\",\"@id\":\"https:\\\/\\\/pipeska.fr\\\/#organization\",\"name\":\"Pipeska\",\"url\":\"https:\\\/\\\/pipeska.fr\\\/\",\"logo\":{\"@type\":\"ImageObject\",\"inLanguage\":\"es\",\"@id\":\"https:\\\/\\\/pipeska.fr\\\/#\\\/schema\\\/logo\\\/image\\\/\",\"url\":\"https:\\\/\\\/pipeska.fr\\\/wp-content\\\/uploads\\\/2024\\\/07\\\/Pipeska_logo_couleur_fondtransparent.png\",\"contentUrl\":\"https:\\\/\\\/pipeska.fr\\\/wp-content\\\/uploads\\\/2024\\\/07\\\/Pipeska_logo_couleur_fondtransparent.png\",\"width\":1771,\"height\":1181,\"caption\":\"Pipeska\"},\"image\":{\"@id\":\"https:\\\/\\\/pipeska.fr\\\/#\\\/schema\\\/logo\\\/image\\\/\"}}]}<\/script>\n<!-- \/ Yoast SEO plugin. -->","yoast_head_json":{"title":"Cepillo desenredante ergon\u00f3mico - Desenredado suave - Pipeska","description":"Descubre nuestro cepillo desenredante ergon\u00f3mico, que combina comodidad y eficacia con bolitas para un cuero cabelludo sano y un cabello sin enredos.","robots":{"index":"index","follow":"follow","max-snippet":"max-snippet:-1","max-image-preview":"max-image-preview:large","max-video-preview":"max-video-preview:-1"},"canonical":"https:\/\/pipeska.fr\/es\/producto\/cepillo-decapante-ergonomico\/","og_locale":"es_ES","og_type":"article","og_title":"Brosse D\u00e9m\u00ealante Ergonomique - D\u00e9m\u00ealage doux - Pipeska","og_description":"D\u00e9couvrez notre brosse d\u00e9m\u00ealante ergonomique, alliant confort et efficacit\u00e9 avec des picots \u00e0 billes pour un cuir chevelu sain et des cheveux sans n\u0153uds.","og_url":"https:\/\/pipeska.fr\/es\/producto\/cepillo-decapante-ergonomico\/","og_site_name":"Pipeska","article_modified_time":"2026-02-28T14:31:48+00:00","og_image":[{"width":1000,"height":1000,"url":"https:\/\/pipeska.fr\/wp-content\/uploads\/2024\/07\/brosse-plate-professionnelle-madameparis5.jpg","type":"image\/jpeg"}],"twitter_card":"summary_large_image","twitter_misc":{"Tiempo de lectura":"2 minutos"},"schema":{"@context":"https:\/\/schema.org","@graph":[{"@type":"WebPage","@id":"https:\/\/pipeska.fr\/produit\/brosse-demelante-ergonomique\/","url":"https:\/\/pipeska.fr\/produit\/brosse-demelante-ergonomique\/","name":"Cepillo desenredante ergon\u00f3mico - Desenredado suave - Pipeska","isPartOf":{"@id":"https:\/\/pipeska.fr\/#website"},"primaryImageOfPage":{"@id":"https:\/\/pipeska.fr\/produit\/brosse-demelante-ergonomique\/#primaryimage"},"image":{"@id":"https:\/\/pipeska.fr\/produit\/brosse-demelante-ergonomique\/#primaryimage"},"thumbnailUrl":"https:\/\/pipeska.fr\/wp-content\/uploads\/2024\/07\/brosse-plate-professionnelle-madameparis5.jpg","datePublished":"2024-07-22T10:24:28+00:00","dateModified":"2026-02-28T14:31:48+00:00","description":"Descubre nuestro cepillo desenredante ergon\u00f3mico, que combina comodidad y eficacia con bolitas para un cuero cabelludo sano y un cabello sin enredos.","breadcrumb":{"@id":"https:\/\/pipeska.fr\/produit\/brosse-demelante-ergonomique\/#breadcrumb"},"inLanguage":"es","potentialAction":[{"@type":"ReadAction","target":["https:\/\/pipeska.fr\/produit\/brosse-demelante-ergonomique\/"]}]},{"@type":"ImageObject","inLanguage":"es","@id":"https:\/\/pipeska.fr\/produit\/brosse-demelante-ergonomique\/#primaryimage","url":"https:\/\/pipeska.fr\/wp-content\/uploads\/2024\/07\/brosse-plate-professionnelle-madameparis5.jpg","contentUrl":"https:\/\/pipeska.fr\/wp-content\/uploads\/2024\/07\/brosse-plate-professionnelle-madameparis5.jpg","width":1000,"height":1000,"caption":"D\u00e9couvrez la brosse d\u00e9m\u00ealante ergonomique, l\u2019outil id\u00e9al pour un d\u00e9m\u00ealage doux et efficace, tout en prenant soin de votre cuir chevelu. Gr\u00e2ce \u00e0 sa poign\u00e9e ergonomique et ses dimensions de 25 x 7,5 x 4\u202fcm, elle assure une prise en main confortable, parfaite pour un usage quotidien \u00e0 la maison ou en d\u00e9placement."},{"@type":"BreadcrumbList","@id":"https:\/\/pipeska.fr\/produit\/brosse-demelante-ergonomique\/#breadcrumb","itemListElement":[{"@type":"ListItem","position":1,"name":"Accueil","item":"https:\/\/pipeska.fr\/"},{"@type":"ListItem","position":2,"name":"Produits","item":"https:\/\/pipeska.fr\/?post_type=product"},{"@type":"ListItem","position":3,"name":"Brosse \u00e0 cheveux noire rectangulaire"}]},{"@type":"WebSite","@id":"https:\/\/pipeska.fr\/#website","url":"https:\/\/pipeska.fr\/","name":"Pipeska","description":"Bio - Made in France - Inspiraci\u00f3n caribe\u00f1a","publisher":{"@id":"https:\/\/pipeska.fr\/#organization"},"potentialAction":[{"@type":"SearchAction","target":{"@type":"EntryPoint","urlTemplate":"https:\/\/pipeska.fr\/?s={search_term_string}"},"query-input":{"@type":"PropertyValueSpecification","valueRequired":true,"valueName":"search_term_string"}}],"inLanguage":"es"},{"@type":"Organization","@id":"https:\/\/pipeska.fr\/#organization","name":"Pipeska","url":"https:\/\/pipeska.fr\/","logo":{"@type":"ImageObject","inLanguage":"es","@id":"https:\/\/pipeska.fr\/#\/schema\/logo\/image\/","url":"https:\/\/pipeska.fr\/wp-content\/uploads\/2024\/07\/Pipeska_logo_couleur_fondtransparent.png","contentUrl":"https:\/\/pipeska.fr\/wp-content\/uploads\/2024\/07\/Pipeska_logo_couleur_fondtransparent.png","width":1771,"height":1181,"caption":"Pipeska"},"image":{"@id":"https:\/\/pipeska.fr\/#\/schema\/logo\/image\/"}}]}},"_links":{"self":[{"href":"https:\/\/pipeska.fr\/es\/wp-json\/wp\/v2\/product\/1827","targetHints":{"allow":["GET"]}}],"collection":[{"href":"https:\/\/pipeska.fr\/es\/wp-json\/wp\/v2\/product"}],"about":[{"href":"https:\/\/pipeska.fr\/es\/wp-json\/wp\/v2\/types\/product"}],"replies":[{"embeddable":true,"href":"https:\/\/pipeska.fr\/es\/wp-json\/wp\/v2\/comments?post=1827"}],"version-history":[{"count":2,"href":"https:\/\/pipeska.fr\/es\/wp-json\/wp\/v2\/product\/1827\/revisions"}],"predecessor-version":[{"id":3900,"href":"https:\/\/pipeska.fr\/es\/wp-json\/wp\/v2\/product\/1827\/revisions\/3900"}],"wp:featuredmedia":[{"embeddable":true,"href":"https:\/\/pipeska.fr\/es\/wp-json\/wp\/v2\/media\/1828"}],"wp:attachment":[{"href":"https:\/\/pipeska.fr\/es\/wp-json\/wp\/v2\/media?parent=1827"}],"wp:term":[{"taxonomy":"product_brand","embeddable":true,"href":"https:\/\/pipeska.fr\/es\/wp-json\/wp\/v2\/product_brand?post=1827"},{"taxonomy":"product_cat","embeddable":true,"href":"https:\/\/pipeska.fr\/es\/wp-json\/wp\/v2\/product_cat?post=1827"},{"taxonomy":"product_tag","embeddable":true,"href":"https:\/\/pipeska.fr\/es\/wp-json\/wp\/v2\/product_tag?post=1827"}],"curies":[{"name":"wp","href":"https:\/\/api.w.org\/{rel}","templated":true}]}}