{"id":1973,"date":"2024-07-23T11:37:31","date_gmt":"2024-07-23T11:37:31","guid":{"rendered":"https:\/\/newpipeska.live-website.com\/?post_type=product&#038;p=1973"},"modified":"2026-04-10T09:22:08","modified_gmt":"2026-04-10T09:22:08","slug":"clarificador-capilar-ecologico","status":"publish","type":"product","link":"https:\/\/pipeska.fr\/es\/produit\/clarifiant-bio-cheveux\/","title":{"rendered":"Ocean Clean Organic Champ\u00fa Clarificante - Detox | Cosmos Organic 1L"},"content":{"rendered":"<h1 style=\"padding-left: 80px;\"><a href=\"https:\/\/www.journaldesfemmes.fr\/beaute\/conseils-cheveux\/2867735-shampoing-clarifiant-tout-savoir-sur-ce-produit-ultra-nettoyant\/\" target=\"_blank\" rel=\"noopener\"><strong>\u00a0<\/strong><\/a><a href=\"https:\/\/www.journaldesfemmes.fr\/beaute\/conseils-cheveux\/2867735-shampoing-clarifiant-tout-savoir-sur-ce-produit-ultra-nettoyant\/\" target=\"_blank\" rel=\"noopener\"><strong data-start=\"231\" data-end=\"272\">Cosmos Organic Champ\u00fa Clarificante Natural. Natural Clarifying Shampoo es la soluci\u00f3n ideal para limpiar en profundidad el cabello.<\/strong><\/a><a href=\"https:\/\/www.journaldesfemmes.fr\/beaute\/conseils-cheveux\/2867735-shampoing-clarifiant-tout-savoir-sur-ce-produit-ultra-nettoyant\/\" target=\"_blank\" rel=\"noopener\">\u00a01 L.\u00a0<\/a><\/h1>\n<p>&nbsp;<\/p>\n<h2 style=\"padding-left: 80px;\">Champ\u00fa clarificante ecol\u00f3gico Cosmos Organic: con su <strong data-start=\"447\" data-end=\"511\">f\u00f3rmula suave y vegana sin ingredientes qu\u00edmicos agresivos<\/strong> Elimina los residuos en profundidad sin resecar. Fabricado con <strong data-start=\"562\" data-end=\"593\">97 % de ingredientes naturales<\/strong> y certificado <strong data-start=\"606\" data-end=\"624\">Cosmos ecol\u00f3gico<\/strong>Este producto ecol\u00f3gico para el cuidado del cabello es ideal para una desintoxicaci\u00f3n regular del cabello y para conseguir un cabello sano, ligero y purificado. Fabricado en Francia.<\/h2>\n<p>&nbsp;<\/p>\n<h2 style=\"padding-left: 80px;\"><a href=\"https:\/\/www.curls-essentielle.fr\/beaute-cheveux\/shampoing-clarifiant-quelle-est-la-difference\/\" target=\"_blank\" rel=\"noopener\">Principales beneficios del cuidado clarificante natural<\/a>:<\/h2>\n<p>&nbsp;<\/p>\n<h3 style=\"padding-left: 80px;\"><a href=\"https:\/\/www.seppic.com\/fr\/sinspirer\/les-algues-la-nouvelle-tendance-ingredient-en-capillaire\" target=\"_blank\" rel=\"noopener\"><strong>Desintoxicaci\u00f3n en profundidad<\/strong>\u00a0:<\/a> Limpia sin resecar, elimina impurezas y residuos.<\/h3>\n<h3 style=\"padding-left: 80px;\"><a href=\"https:\/\/www.linkedin.com\/pulse\/lhygi%C3%A8ne-capillaire-un-enjeu-pour-la-sant%C3%A9-et-beaut%C3%A9-pipeska-nm8ge\/?trackingId=7lcT5p7sAlcwbA25etXd%2Fg%3D%3D\" target=\"_blank\" rel=\"noopener\">Cabello fuerte y brillante: estimula el crecimiento y fortalece el cabello fino o con textura. <\/a><\/h3>\n<h3 style=\"padding-left: 80px;\"><a href=\"https:\/\/www.topsante.com\/plantes-medicinales\/fiche\/menthe-poivree-bienfaits-comment-utiliser-646666\" target=\"_blank\" rel=\"noopener\"><strong>\u00a0Cuero cabelludo calmado: reduce la irritaci\u00f3n, la caspa y el eczema gracias a sus ingredientes naturales.<\/strong><\/a><\/h3>\n<h3 style=\"padding-left: 80px;\">\u00a0<a href=\"https:\/\/www.femmemagazine.fr\/beaute\/coiffure-cheveux\/comment-prendre-soin-de-ses-cheveux.html\" target=\"_blank\" rel=\"noopener\"><strong>Fragancia marina: <\/strong><\/a> proporciona una sensaci\u00f3n ligera y fresca cada vez que se lava.<\/h3>\n<p>&nbsp;<\/p>\n<h2 style=\"padding-left: 80px;\" data-start=\"1050\" data-end=\"1207\"><strong data-start=\"1050\" data-end=\"1072\">Cu\u00e1ndo utilizar este detox capilar<\/strong><strong data-start=\"1050\" data-end=\"1072\">?<\/strong><\/h2>\n<h3 style=\"padding-left: 80px;\" data-start=\"1050\" data-end=\"1207\"><br data-start=\"1072\" data-end=\"1075\" \/>Este champ\u00fa org\u00e1nico clarificante es ideal antes de la coloraci\u00f3n, el alisado o el peinado prolongado.<strong> (Trenzas o extensiones, Twists, Estilos afro\/texturizados, Extensiones) <\/strong>o tras la exposici\u00f3n al sol.<\/h3>\n<h3 style=\"padding-left: 80px;\" data-start=\"1050\" data-end=\"1207\">Prepara el cabello para <a href=\"https:\/\/pipeska.fr\/es\/?product=masque-bio-hydratant-cheveux-secs-abimes\" target=\"_blank\" rel=\"noopener\">atenci\u00f3n <\/a>coloraci\u00f3n y decoloraci\u00f3n del cabello,\u00a0<a href=\"https:\/\/pipeska.fr\/es\/?product=masque-bio-hydratant-cheveux-secs-abimes\" target=\"_blank\" rel=\"noopener\">cuidado antica\u00edda).<\/a><\/h3>\n<p>&nbsp;<\/p>\n<h3 style=\"padding-left: 80px;\" data-start=\"1209\" data-end=\"1407\"><strong data-start=\"1209\" data-end=\"1237\">Modo de empleo :<\/strong><br data-start=\"1237\" data-end=\"1240\" \/>Aplica esto <strong data-start=\"352\" data-end=\"393\">Champ\u00fa clarificante ecol\u00f3gico <\/strong>sobre el cabello h\u00famedo, masajear suavemente el cuero cabelludo, dejar actuar 2-3 minutos y aclarar. Para obtener los mejores resultados, utilizar de 2 a 3 veces por semana. Para uso externo, aclarar con agua limpia si entra en contacto con los ojos.<\/h3>\n<h3 style=\"padding-left: 80px;\" data-start=\"1409\" data-end=\"1586\"><strong data-start=\"1409\" data-end=\"1448\">Ingredientes naturales y certificados de <\/strong><strong data-start=\"352\" data-end=\"393\">Champ\u00fa clarificante ecol\u00f3gico<\/strong><strong data-start=\"1409\" data-end=\"1448\">:<\/strong><br data-start=\"1448\" data-end=\"1451\" \/>Algas marinas, menta piperita, inulina y glicerina vegetal. Una f\u00f3rmula que respeta su cabello y el medio ambiente. Fabricado en Francia.<\/h3>\n<h4 style=\"padding-left: 80px;\"><span class=\"OYPEnA font-feature-liga-off font-feature-clig-off font-feature-calt-off text-decoration-none text-strikethrough-none\">INGREDIENTES : Aqua, Mentha Piperita Agua*, Caprylyl\/Capryl Glucoside, Decyl Glucoside, Glycerin, Cocamidopropyl Betaine, Inulin, Cellulose Gum, Linalyl Acetate, Citrus Limon Peel Oil, Citrus Aurantium Peel Oil, Cellulose, Fructosa, Glucosa, Pineno, Extracto de Fucus Vesiculosus, Extracto de Laminaria Digitata, Goma Xantana, Parfum, Alcohol Benc\u00edlico, \u00c1cido Deshidroac\u00e9tico, Sorbato de Potasio, Benzoato de Sodio, \u00c1cido C\u00edtrico, Limoneno, Linalool.<\/span><\/h4>\n<h4 style=\"padding-left: 80px;\"><span class=\"OYPEnA font-feature-liga-off font-feature-clig-off font-feature-calt-off text-decoration-none text-strikethrough-none\">*Ingredientes procedentes de la agricultura ecol\u00f3gica,\u00a0<\/span><span class=\"OYPEnA font-feature-liga-off font-feature-clig-off font-feature-calt-off text-decoration-none text-strikethrough-none\">COSMOS BIO certificado por Ecocert, Greenlife seg\u00fan la norma COSMOS<\/span><\/h4>\n<h4 style=\"padding-left: 40px;\"><\/h4>","protected":false},"excerpt":{"rendered":"<h3 style=\"padding-left: 40px;\" data-start=\"187\" data-end=\"242\"><strong data-start=\"191\" data-end=\"242\">Champ\u00fa clarificante ecol\u00f3gico Ocean Clean - Pipeska 1000 ml<\/strong><\/h3>\n<p style=\"padding-left: 40px;\" data-start=\"244\" data-end=\"465\">Desintoxique suavemente su cuero cabelludo con el <strong data-start=\"293\" data-end=\"334\">Champ\u00fa clarificante ecol\u00f3gico Ocean Clean<\/strong>. Elimina suavemente los residuos, la contaminaci\u00f3n y el exceso de sebo, dejando el cabello ligero, fresco y perfectamente preparado para el tratamiento.<\/p>\n<p style=\"padding-left: 40px;\" data-start=\"467\" data-end=\"683\">\ud83d\udca7 Limpieza profunda y suave<br data-start=\"501\" data-end=\"504\" \/>\u00a0Brillo, frescor y ligereza<br data-start=\"538\" data-end=\"541\" \/>\ud83c\udf3f Algas marinas, menta piperita, inulina y glicerina vegetal.<br data-start=\"596\" data-end=\"599\" \/>97 % de ingredientes naturales, 26 % ecol\u00f3gicos | <strong data-start=\"639\" data-end=\"657\">COSMOS Ecol\u00f3gico<\/strong><br data-start=\"657\" data-end=\"660\" \/>\ud83c\uddeb\ud83c\uddf7 Fabricado en Francia<\/p>\n<p style=\"padding-left: 40px;\" data-start=\"685\" data-end=\"772\"><strong data-start=\"685\" data-end=\"694\">Utilizaci\u00f3n<\/strong> Aplicar sobre el cabello mojado, masajear y aclarar. Utilizar una o dos veces por semana.<\/p>\n<h3 style=\"padding-left: 40px;\" data-start=\"1192\" data-end=\"1223\"><strong data-start=\"1196\" data-end=\"1221\">Sus garant\u00edas Pipeska<\/strong><\/h3>\n<p style=\"padding-left: 40px;\" data-start=\"1225\" data-end=\"1336\"><strong><img decoding=\"async\" class=\"emoji lazyload\" role=\"img\" draggable=\"false\" data-src=\"https:\/\/s.w.org\/images\/core\/emoji\/17.0.2\/svg\/1f33f.svg\" alt=\"\ud83c\udf3f\" src=\"data:image\/svg+xml;base64,PHN2ZyB3aWR0aD0iMSIgaGVpZ2h0PSIxIiB4bWxucz0iaHR0cDovL3d3dy53My5vcmcvMjAwMC9zdmciPjwvc3ZnPg==\" \/>\u00a0Ecol\u00f3gico y eco-responsable<\/strong><\/p>\n<p style=\"padding-left: 40px;\" data-start=\"1225\" data-end=\"1336\"><strong>\u00a0<img decoding=\"async\" class=\"emoji lazyload\" role=\"img\" draggable=\"false\" data-src=\"https:\/\/s.w.org\/images\/core\/emoji\/17.0.2\/svg\/1f512.svg\" alt=\"\ud83d\udd12\" src=\"data:image\/svg+xml;base64,PHN2ZyB3aWR0aD0iMSIgaGVpZ2h0PSIxIiB4bWxucz0iaHR0cDovL3d3dy53My5vcmcvMjAwMC9zdmciPjwvc3ZnPg==\" \/>Tarjeta (Stripe) - PayPal \/ 3x gratis<\/strong><\/p>\n<p style=\"padding-left: 40px;\" data-start=\"1225\" data-end=\"1336\"><strong>\u00a0<img decoding=\"async\" class=\"emoji lazyload\" role=\"img\" draggable=\"false\" data-src=\"https:\/\/s.w.org\/images\/core\/emoji\/17.0.2\/svg\/1f69a.svg\" alt=\"\ud83d\ude9a\" src=\"data:image\/svg+xml;base64,PHN2ZyB3aWR0aD0iMSIgaGVpZ2h0PSIxIiB4bWxucz0iaHR0cDovL3d3dy53My5vcmcvMjAwMC9zdmciPjwvc3ZnPg==\" \/>\u00a0Env\u00edo gratuito en Francia a partir de 49<\/strong><\/p>\n<p style=\"padding-left: 40px;\" data-start=\"1225\" data-end=\"1336\"><strong><img decoding=\"async\" class=\"emoji lazyload\" role=\"img\" draggable=\"false\" data-src=\"https:\/\/s.w.org\/images\/core\/emoji\/17.0.2\/svg\/1f4ac.svg\" alt=\"\ud83d\udcac\" src=\"data:image\/svg+xml;base64,PHN2ZyB3aWR0aD0iMSIgaGVpZ2h0PSIxIiB4bWxucz0iaHR0cDovL3d3dy53My5vcmcvMjAwMC9zdmciPjwvc3ZnPg==\" \/>\u00a0Servicio de atenci\u00f3n al cliente a su servicio<\/strong><\/p>\n<p style=\"padding-left: 40px;\" data-start=\"1225\" data-end=\"1336\"><strong><img decoding=\"async\" class=\"emoji lazyload\" role=\"img\" draggable=\"false\" data-src=\"https:\/\/s.w.org\/images\/core\/emoji\/17.0.2\/svg\/2728.svg\" alt=\"\u2728\" src=\"data:image\/svg+xml;base64,PHN2ZyB3aWR0aD0iMSIgaGVpZ2h0PSIxIiB4bWxucz0iaHR0cDovL3d3dy53My5vcmcvMjAwMC9zdmciPjwvc3ZnPg==\" \/>\u00a0Bio - Made in France - Inspiraci\u00f3n caribe\u00f1a\u00a0<img decoding=\"async\" class=\"emoji lazyload\" role=\"img\" draggable=\"false\" data-src=\"https:\/\/s.w.org\/images\/core\/emoji\/17.0.2\/svg\/2728.svg\" alt=\"\u2728\" src=\"data:image\/svg+xml;base64,PHN2ZyB3aWR0aD0iMSIgaGVpZ2h0PSIxIiB4bWxucz0iaHR0cDovL3d3dy53My5vcmcvMjAwMC9zdmciPjwvc3ZnPg==\" \/><\/strong><\/p>\n<h2 style=\"text-align: left; padding-left: 80px;\"><\/h2>","protected":false},"featured_media":3354,"comment_status":"open","ping_status":"closed","template":"","meta":{"_uf_show_specific_survey":0,"_uf_disable_surveys":false},"product_brand":[],"product_cat":[51,144,146,186,37,33,46],"product_tag":[56],"class_list":{"0":"post-1973","1":"product","2":"type-product","3":"status-publish","4":"has-post-thumbnail","6":"product_cat-cheveux-textures","7":"product_cat-produits-francais","8":"product_cat-shampooing-bio-francais","9":"product_cat-shampooings","10":"product_cat-shamppooing-bio-pipeska","11":"product_cat-soin-naturels-cheveux-textures","12":"product_cat-produit-cheveux-type","13":"product_tag-1000ml","15":"entry","16":"has-media","18":"first","19":"instock","20":"taxable","21":"shipping-taxable","22":"purchasable","23":"product-type-simple","24":"has-rating","25":"has-product-nav","26":"col","27":"span_1_of_4","28":"owp-content-center","29":"owp-thumbs-layout-horizontal","30":"owp-btn-normal","31":"owp-tabs-layout-vertical"},"yoast_head":"<!-- This site is optimized with the Yoast SEO plugin v27.3 - https:\/\/yoast.com\/product\/yoast-seo-wordpress\/ -->\n<title>Shampooing Clarifiant BIO Ocean Clean | D\u00e9tox \u2013 Cosmos Organic<\/title>\n<meta name=\"description\" content=\"D\u00e9couvrez notre shampooing clarifiant bio, v\u00e9gan et fabriqu\u00e9 en France. \u00c9limine r\u00e9sidus, purifie cuir chevelu et respecte l&#039;\u00e9thique. Commandez maintenant !\" \/>\n<meta name=\"robots\" content=\"index, follow, max-snippet:-1, max-image-preview:large, max-video-preview:-1\" \/>\n<link rel=\"canonical\" href=\"https:\/\/pipeska.fr\/es\/producto\/clarificador-capilar-ecologico\/\" \/>\n<meta property=\"og:locale\" content=\"es_ES\" \/>\n<meta property=\"og:type\" content=\"article\" \/>\n<meta property=\"og:title\" content=\"Shampooing Clarifiant BIO Ocean Clean | D\u00e9tox \u2013 Cosmos Organic\" \/>\n<meta property=\"og:description\" content=\"D\u00e9couvrez notre shampooing clarifiant bio, v\u00e9gan et fabriqu\u00e9 en France. \u00c9limine r\u00e9sidus, purifie cuir chevelu et respecte l&#039;\u00e9thique. Commandez maintenant !\" \/>\n<meta property=\"og:url\" content=\"https:\/\/pipeska.fr\/es\/producto\/clarificador-capilar-ecologico\/\" \/>\n<meta property=\"og:site_name\" content=\"Pipeska\" \/>\n<meta property=\"article:modified_time\" content=\"2026-04-10T09:22:08+00:00\" \/>\n<meta property=\"og:image\" content=\"https:\/\/pipeska.fr\/wp-content\/uploads\/2024\/07\/ocean-clean-1-l.png\" \/>\n\t<meta property=\"og:image:width\" content=\"1080\" \/>\n\t<meta property=\"og:image:height\" content=\"1080\" \/>\n\t<meta property=\"og:image:type\" content=\"image\/png\" \/>\n<meta name=\"twitter:card\" content=\"summary_large_image\" \/>\n<meta name=\"twitter:label1\" content=\"Tiempo de lectura\" \/>\n\t<meta name=\"twitter:data1\" content=\"2 minutos\" \/>\n<script type=\"application\/ld+json\" class=\"yoast-schema-graph\">{\"@context\":\"https:\\\/\\\/schema.org\",\"@graph\":[{\"@type\":\"WebPage\",\"@id\":\"https:\\\/\\\/pipeska.fr\\\/produit\\\/clarifiant-bio-cheveux\\\/\",\"url\":\"https:\\\/\\\/pipeska.fr\\\/produit\\\/clarifiant-bio-cheveux\\\/\",\"name\":\"Shampooing Clarifiant BIO Ocean Clean | D\u00e9tox \u2013 Cosmos Organic\",\"isPartOf\":{\"@id\":\"https:\\\/\\\/pipeska.fr\\\/#website\"},\"primaryImageOfPage\":{\"@id\":\"https:\\\/\\\/pipeska.fr\\\/produit\\\/clarifiant-bio-cheveux\\\/#primaryimage\"},\"image\":{\"@id\":\"https:\\\/\\\/pipeska.fr\\\/produit\\\/clarifiant-bio-cheveux\\\/#primaryimage\"},\"thumbnailUrl\":\"https:\\\/\\\/pipeska.fr\\\/wp-content\\\/uploads\\\/2024\\\/07\\\/ocean-clean-1-l.png\",\"datePublished\":\"2024-07-23T11:37:31+00:00\",\"dateModified\":\"2026-04-10T09:22:08+00:00\",\"description\":\"D\u00e9couvrez notre shampooing clarifiant bio, v\u00e9gan et fabriqu\u00e9 en France. \u00c9limine r\u00e9sidus, purifie cuir chevelu et respecte l'\u00e9thique. Commandez maintenant !\",\"breadcrumb\":{\"@id\":\"https:\\\/\\\/pipeska.fr\\\/produit\\\/clarifiant-bio-cheveux\\\/#breadcrumb\"},\"inLanguage\":\"es\",\"potentialAction\":[{\"@type\":\"ReadAction\",\"target\":[\"https:\\\/\\\/pipeska.fr\\\/produit\\\/clarifiant-bio-cheveux\\\/\"]}]},{\"@type\":\"ImageObject\",\"inLanguage\":\"es\",\"@id\":\"https:\\\/\\\/pipeska.fr\\\/produit\\\/clarifiant-bio-cheveux\\\/#primaryimage\",\"url\":\"https:\\\/\\\/pipeska.fr\\\/wp-content\\\/uploads\\\/2024\\\/07\\\/ocean-clean-1-l.png\",\"contentUrl\":\"https:\\\/\\\/pipeska.fr\\\/wp-content\\\/uploads\\\/2024\\\/07\\\/ocean-clean-1-l.png\",\"width\":1080,\"height\":1080,\"caption\":\"shampooing clarifiant et detox\"},{\"@type\":\"BreadcrumbList\",\"@id\":\"https:\\\/\\\/pipeska.fr\\\/produit\\\/clarifiant-bio-cheveux\\\/#breadcrumb\",\"itemListElement\":[{\"@type\":\"ListItem\",\"position\":1,\"name\":\"Accueil\",\"item\":\"https:\\\/\\\/pipeska.fr\\\/\"},{\"@type\":\"ListItem\",\"position\":2,\"name\":\"Produits\",\"item\":\"https:\\\/\\\/pipeska.fr\\\/?post_type=product\"},{\"@type\":\"ListItem\",\"position\":3,\"name\":\"Shampooing Clarifiant BIO Ocean Clean \u2013 D\u00e9tox | Cosmos Organic 1L\"}]},{\"@type\":\"WebSite\",\"@id\":\"https:\\\/\\\/pipeska.fr\\\/#website\",\"url\":\"https:\\\/\\\/pipeska.fr\\\/\",\"name\":\"Pipeska\",\"description\":\"Bio - Made in France - Caribbean Inspired\",\"publisher\":{\"@id\":\"https:\\\/\\\/pipeska.fr\\\/#organization\"},\"potentialAction\":[{\"@type\":\"SearchAction\",\"target\":{\"@type\":\"EntryPoint\",\"urlTemplate\":\"https:\\\/\\\/pipeska.fr\\\/?s={search_term_string}\"},\"query-input\":{\"@type\":\"PropertyValueSpecification\",\"valueRequired\":true,\"valueName\":\"search_term_string\"}}],\"inLanguage\":\"es\"},{\"@type\":\"Organization\",\"@id\":\"https:\\\/\\\/pipeska.fr\\\/#organization\",\"name\":\"Pipeska\",\"url\":\"https:\\\/\\\/pipeska.fr\\\/\",\"logo\":{\"@type\":\"ImageObject\",\"inLanguage\":\"es\",\"@id\":\"https:\\\/\\\/pipeska.fr\\\/#\\\/schema\\\/logo\\\/image\\\/\",\"url\":\"https:\\\/\\\/pipeska.fr\\\/wp-content\\\/uploads\\\/2024\\\/07\\\/Pipeska_logo_couleur_fondtransparent.png\",\"contentUrl\":\"https:\\\/\\\/pipeska.fr\\\/wp-content\\\/uploads\\\/2024\\\/07\\\/Pipeska_logo_couleur_fondtransparent.png\",\"width\":1771,\"height\":1181,\"caption\":\"Pipeska\"},\"image\":{\"@id\":\"https:\\\/\\\/pipeska.fr\\\/#\\\/schema\\\/logo\\\/image\\\/\"}}]}<\/script>\n<!-- \/ Yoast SEO plugin. -->","yoast_head_json":{"title":"Ocean Clean Organic Champ\u00fa Clarificante | Detox - Cosmos Organic","description":"Descubra nuestro champ\u00fa clarificante ecol\u00f3gico y vegano, fabricado en Francia. Elimina los residuos, purifica el cuero cabelludo y respeta la \u00e9tica. \u00a1P\u00eddalo ya!","robots":{"index":"index","follow":"follow","max-snippet":"max-snippet:-1","max-image-preview":"max-image-preview:large","max-video-preview":"max-video-preview:-1"},"canonical":"https:\/\/pipeska.fr\/es\/producto\/clarificador-capilar-ecologico\/","og_locale":"es_ES","og_type":"article","og_title":"Shampooing Clarifiant BIO Ocean Clean | D\u00e9tox \u2013 Cosmos Organic","og_description":"D\u00e9couvrez notre shampooing clarifiant bio, v\u00e9gan et fabriqu\u00e9 en France. \u00c9limine r\u00e9sidus, purifie cuir chevelu et respecte l'\u00e9thique. Commandez maintenant !","og_url":"https:\/\/pipeska.fr\/es\/producto\/clarificador-capilar-ecologico\/","og_site_name":"Pipeska","article_modified_time":"2026-04-10T09:22:08+00:00","og_image":[{"width":1080,"height":1080,"url":"https:\/\/pipeska.fr\/wp-content\/uploads\/2024\/07\/ocean-clean-1-l.png","type":"image\/png"}],"twitter_card":"summary_large_image","twitter_misc":{"Tiempo de lectura":"2 minutos"},"schema":{"@context":"https:\/\/schema.org","@graph":[{"@type":"WebPage","@id":"https:\/\/pipeska.fr\/produit\/clarifiant-bio-cheveux\/","url":"https:\/\/pipeska.fr\/produit\/clarifiant-bio-cheveux\/","name":"Ocean Clean Organic Champ\u00fa Clarificante | Detox - Cosmos Organic","isPartOf":{"@id":"https:\/\/pipeska.fr\/#website"},"primaryImageOfPage":{"@id":"https:\/\/pipeska.fr\/produit\/clarifiant-bio-cheveux\/#primaryimage"},"image":{"@id":"https:\/\/pipeska.fr\/produit\/clarifiant-bio-cheveux\/#primaryimage"},"thumbnailUrl":"https:\/\/pipeska.fr\/wp-content\/uploads\/2024\/07\/ocean-clean-1-l.png","datePublished":"2024-07-23T11:37:31+00:00","dateModified":"2026-04-10T09:22:08+00:00","description":"Descubra nuestro champ\u00fa clarificante ecol\u00f3gico y vegano, fabricado en Francia. Elimina los residuos, purifica el cuero cabelludo y respeta la \u00e9tica. \u00a1P\u00eddalo ya!","breadcrumb":{"@id":"https:\/\/pipeska.fr\/produit\/clarifiant-bio-cheveux\/#breadcrumb"},"inLanguage":"es","potentialAction":[{"@type":"ReadAction","target":["https:\/\/pipeska.fr\/produit\/clarifiant-bio-cheveux\/"]}]},{"@type":"ImageObject","inLanguage":"es","@id":"https:\/\/pipeska.fr\/produit\/clarifiant-bio-cheveux\/#primaryimage","url":"https:\/\/pipeska.fr\/wp-content\/uploads\/2024\/07\/ocean-clean-1-l.png","contentUrl":"https:\/\/pipeska.fr\/wp-content\/uploads\/2024\/07\/ocean-clean-1-l.png","width":1080,"height":1080,"caption":"shampooing clarifiant et detox"},{"@type":"BreadcrumbList","@id":"https:\/\/pipeska.fr\/produit\/clarifiant-bio-cheveux\/#breadcrumb","itemListElement":[{"@type":"ListItem","position":1,"name":"Accueil","item":"https:\/\/pipeska.fr\/"},{"@type":"ListItem","position":2,"name":"Produits","item":"https:\/\/pipeska.fr\/?post_type=product"},{"@type":"ListItem","position":3,"name":"Shampooing Clarifiant BIO Ocean Clean \u2013 D\u00e9tox | Cosmos Organic 1L"}]},{"@type":"WebSite","@id":"https:\/\/pipeska.fr\/#website","url":"https:\/\/pipeska.fr\/","name":"Pipeska","description":"Bio - Made in France - Inspiraci\u00f3n caribe\u00f1a","publisher":{"@id":"https:\/\/pipeska.fr\/#organization"},"potentialAction":[{"@type":"SearchAction","target":{"@type":"EntryPoint","urlTemplate":"https:\/\/pipeska.fr\/?s={search_term_string}"},"query-input":{"@type":"PropertyValueSpecification","valueRequired":true,"valueName":"search_term_string"}}],"inLanguage":"es"},{"@type":"Organization","@id":"https:\/\/pipeska.fr\/#organization","name":"Pipeska","url":"https:\/\/pipeska.fr\/","logo":{"@type":"ImageObject","inLanguage":"es","@id":"https:\/\/pipeska.fr\/#\/schema\/logo\/image\/","url":"https:\/\/pipeska.fr\/wp-content\/uploads\/2024\/07\/Pipeska_logo_couleur_fondtransparent.png","contentUrl":"https:\/\/pipeska.fr\/wp-content\/uploads\/2024\/07\/Pipeska_logo_couleur_fondtransparent.png","width":1771,"height":1181,"caption":"Pipeska"},"image":{"@id":"https:\/\/pipeska.fr\/#\/schema\/logo\/image\/"}}]}},"_links":{"self":[{"href":"https:\/\/pipeska.fr\/es\/wp-json\/wp\/v2\/product\/1973","targetHints":{"allow":["GET"]}}],"collection":[{"href":"https:\/\/pipeska.fr\/es\/wp-json\/wp\/v2\/product"}],"about":[{"href":"https:\/\/pipeska.fr\/es\/wp-json\/wp\/v2\/types\/product"}],"replies":[{"embeddable":true,"href":"https:\/\/pipeska.fr\/es\/wp-json\/wp\/v2\/comments?post=1973"}],"version-history":[{"count":12,"href":"https:\/\/pipeska.fr\/es\/wp-json\/wp\/v2\/product\/1973\/revisions"}],"predecessor-version":[{"id":4870,"href":"https:\/\/pipeska.fr\/es\/wp-json\/wp\/v2\/product\/1973\/revisions\/4870"}],"wp:featuredmedia":[{"embeddable":true,"href":"https:\/\/pipeska.fr\/es\/wp-json\/wp\/v2\/media\/3354"}],"wp:attachment":[{"href":"https:\/\/pipeska.fr\/es\/wp-json\/wp\/v2\/media?parent=1973"}],"wp:term":[{"taxonomy":"product_brand","embeddable":true,"href":"https:\/\/pipeska.fr\/es\/wp-json\/wp\/v2\/product_brand?post=1973"},{"taxonomy":"product_cat","embeddable":true,"href":"https:\/\/pipeska.fr\/es\/wp-json\/wp\/v2\/product_cat?post=1973"},{"taxonomy":"product_tag","embeddable":true,"href":"https:\/\/pipeska.fr\/es\/wp-json\/wp\/v2\/product_tag?post=1973"}],"curies":[{"name":"wp","href":"https:\/\/api.w.org\/{rel}","templated":true}]}}