{"id":2664,"date":"2024-10-01T08:55:09","date_gmt":"2024-10-01T08:55:09","guid":{"rendered":"https:\/\/pipeska.fr\/?post_type=product&#038;p=2664"},"modified":"2026-04-30T10:34:30","modified_gmt":"2026-04-30T10:34:30","slug":"balsamo-universal-karite-almendra-ylang","status":"publish","type":"product","link":"https:\/\/pipeska.fr\/es\/produit\/baume-universel-karite-amande-ylang\/","title":{"rendered":"B\u00e1lsamo Universal Org\u00e1nico y 100% Natural | Cuidado Facial, Corporal, Cabello | Pipeska"},"content":{"rendered":"<h1 style=\"padding-left: 40px;\" data-path-to-node=\"6\">Baume Universel Bio Pipeska \u2013 Cuidado N\u00f3mada 100% Activo\/ 100 ml<\/h1>\n<p style=\"padding-left: 40px;\" data-path-to-node=\"7\"><b data-path-to-node=\"7\" data-index-in-node=\"0\">El secreto de la herencia caribe\u00f1a para sellar la hidrataci\u00f3n y realzar la piel y los rizos.<\/b><\/p>\n<p style=\"padding-left: 40px;\" data-path-to-node=\"8\">Le <b data-path-to-node=\"8\" data-index-in-node=\"3\">B\u00e1lsamo universal ecol\u00f3gico Pipeska<\/b> es el aliado indispensable de los rituales de belleza naturales. Formulado para satisfacer las necesidades de <b data-path-to-node=\"8\" data-index-in-node=\"125\">cabello texturizado (2A a 4C)<\/b> y para pieles exigentes, este cuidado biomim\u00e9tico ofrece una experiencia sensorial \u00fanica inspirada en los tr\u00f3picos.<\/p>\n<p style=\"padding-left: 40px;\" data-path-to-node=\"8\"><b data-path-to-node=\"9,0\" data-index-in-node=\"0\">La ventaja de la Experiencia:<\/b> Su f\u00f3rmula es <b data-path-to-node=\"9,0\" data-index-in-node=\"38\">100% activos<\/b>. La ausencia total de agua garantiza una concentraci\u00f3n m\u00e1xima de vitaminas y una eficacia formidable con muy poco producto.<\/p>\n<hr style=\"padding-left: 40px;\" data-path-to-node=\"10\" \/>\n<h2 style=\"padding-left: 40px;\" data-path-to-node=\"11\">El Secreto de los Rulos Perfectos: El Sellado<\/h2>\n<p style=\"padding-left: 40px;\" data-path-to-node=\"12\">Para el cabello ondulado, rizado, ensortijado o crespo, la hidrataci\u00f3n se evapora r\u00e1pidamente. Nuestro b\u00e1lsamo act\u00faa como un <b data-path-to-node=\"12\" data-index-in-node=\"115\">escudo hidr\u00f3fobo<\/b> indispensable<\/p>\n<p style=\"padding-left: 40px;\" data-path-to-node=\"13,0,0\"><b data-path-to-node=\"13,0,0\" data-index-in-node=\"0\">Encapsula el agua:<\/b> Fija la hidrataci\u00f3n en el coraz\u00f3n de la fibra despu\u00e9s de tu rutina de cuidado.<\/p>\n<p style=\"padding-left: 40px;\" data-path-to-node=\"13,1,0\"><b data-path-to-node=\"13,1,0\" data-index-in-node=\"0\">Define sin alargar:<\/b> Gracias al polvo de Maranta, dibuja el rizo sin dejar un acabado graso.<\/p>\n<p style=\"padding-left: 40px;\" data-path-to-node=\"13,2,0\"><b data-path-to-node=\"13,2,0\" data-index-in-node=\"0\">Repara y Protege:<\/b> Fortalece las puntas para prevenir la rotura y las puntas abiertas diarias.<\/p>\n<hr style=\"padding-left: 40px;\" data-path-to-node=\"14\" \/>\n<h2 style=\"padding-left: 40px;\" data-path-to-node=\"15\">Zoom en la Composici\u00f3n (Transparencia Total)<\/h2>\n<p style=\"padding-left: 40px;\" data-path-to-node=\"16\">Una sinergia bot\u00e1nica noble para una nutrici\u00f3n profunda:<\/p>\n<p style=\"padding-left: 40px;\" data-path-to-node=\"17,0,0\"><b data-path-to-node=\"17,0,0\" data-index-in-node=\"0\"><a href=\"https:\/\/www.femmeactuelle.fr\/beaute\/soins-beaute\/beurre-de-karite-pour-les-cheveux-comment-bien-lutiliser-2134747\" target=\"_blank\" rel=\"noopener\">Manteca de karit\u00e9<\/a> &amp;<a href=\"https:\/\/www.topsante.com\/beaute-soins\/belle-au-naturel\/les-ingredients-naturels\/huile-amande-douce-608913\" target=\"_blank\" rel=\"noopener\"> Almendra dulce<\/a> :<\/b> El d\u00fao maestro para restaurar la elasticidad y la flexibilidad de la piel y el cabello.<\/p>\n<p style=\"padding-left: 40px;\" data-path-to-node=\"17,1,0\"><b data-path-to-node=\"17,1,0\" data-index-in-node=\"0\">Polvo de Maranta (Arrurruz)<\/b> Nuestro secreto de experto para un tacto sedoso, un acabado mate y una penetraci\u00f3n inmediata.<\/p>\n<p style=\"padding-left: 40px;\" data-path-to-node=\"17,2,0\"><b data-path-to-node=\"17,2,0\" data-index-in-node=\"0\">Ylang-Ylang y Vitamina E:<\/b> Un aroma de para\u00edso unido a una protecci\u00f3n antioxidante natural contra las agresiones externas.<\/p>\n<hr style=\"padding-left: 40px;\" data-path-to-node=\"18\" \/>\n<h2 style=\"padding-left: 40px;\" data-path-to-node=\"19\">Consejos de Uso y Trucos de Experto<\/h2>\n<p style=\"padding-left: 40px;\" data-path-to-node=\"20\">El B\u00e1lsamo Universal es un cuidado multiusos que se lleva a todas partes:<\/p>\n<p style=\"padding-left: 40px;\" data-path-to-node=\"21,0,0\"><b data-path-to-node=\"21,0,0\" data-index-in-node=\"0\">Sellado Capilar<\/b> Despu\u00e9s de tu acondicionador sin aclarado o tu mascarilla, calienta una cantidad del tama\u00f1o de una nuez de b\u00e1lsamo entre tus palmas. Arruga tus rizos (<i data-path-to-node=\"21,0,0\" data-index-in-node=\"138\">Arrugando<\/i>) para atrapar la hidrataci\u00f3n y domar el encrespamiento.<\/p>\n<p style=\"padding-left: 40px;\" data-path-to-node=\"21,1,0\"><b data-path-to-node=\"21,1,0\" data-index-in-node=\"0\">Cuidado Corporal y Facial:<\/b> Apl\u00edquese sobre la piel ligeramente h\u00fameda (despu\u00e9s de la ducha) para una m\u00e1xima absorci\u00f3n y una piel satinada.<\/p>\n<p style=\"padding-left: 40px;\" data-path-to-node=\"21,2,0\"><b data-path-to-node=\"21,2,0\" data-index-in-node=\"0\">Zonas Secas<\/b> Ideal para codos, rodillas o manos secas.<\/p>\n<hr style=\"padding-left: 40px;\" data-path-to-node=\"22\" \/>\n<h2 style=\"padding-left: 40px;\" data-path-to-node=\"23\">Experticia Rutinaria Pipeska<\/h2>\n<p style=\"padding-left: 40px;\" data-path-to-node=\"24\">Para una sinergia perfecta, integra el b\u00e1lsamo en tu rutina:<\/p>\n<p style=\"padding-left: 40px;\" data-path-to-node=\"25,0,0\"><b data-path-to-node=\"25,0,0\" data-index-in-node=\"0\">Lavar<\/b> Con el <a href=\"https:\/\/pipeska.fr\/es\/producto\/hidratar-el-cabello-fino\/\" target=\"_blank\" rel=\"noopener\"><b data-path-to-node=\"25,0,0\" data-index-in-node=\"16\">Champ\u00fa Hydra Marin<\/b>.<\/a><\/p>\n<p style=\"padding-left: 40px;\" data-path-to-node=\"25,1,0\"><b data-path-to-node=\"25,1,0\" data-index-in-node=\"0\">Tratar<\/b> Con el <a href=\"https:\/\/pipeska.fr\/es\/producto\/mascarilla-organica-reparadora-para-cabello-seco-y-sensible\/\" target=\"_blank\" rel=\"noopener\"><b data-path-to-node=\"25,1,0\" data-index-in-node=\"18\">Mascarilla Profesional Care con Lingzhi<\/b><\/a>.<\/p>\n<p style=\"padding-left: 40px;\" data-path-to-node=\"25,2,0\"><b data-path-to-node=\"25,2,0\" data-index-in-node=\"0\">Sellar<\/b> Termina siempre por \u00e9l <b data-path-to-node=\"25,2,0\" data-index-in-node=\"35\">B\u00e1lsamo Universal<\/b> para \u00abcerrar\u00bb el tratamiento en la fibra.<\/p>\n<hr style=\"padding-left: 40px;\" data-path-to-node=\"26\" \/>\n<h3 style=\"padding-left: 40px;\" data-path-to-node=\"27\">\u2753 FAQ: Consejos de conservaci\u00f3n<\/h3>\n<p style=\"padding-left: 40px;\" data-path-to-node=\"28\"><b data-path-to-node=\"28\" data-index-in-node=\"0\">\u00bfC\u00f3mo conservar mi b\u00e1lsamo Pipeska?<\/b> Es un producto \u00abvivo\u00bb y 100% natural. Para preservar su textura cremosa, conserve su tarro en un lugar seco, protegido de la humedad y del calor excesivo.<\/p>\n<p style=\"padding-left: 40px;\" data-path-to-node=\"29\"><b data-path-to-node=\"29\" data-index-in-node=\"0\">\u00bfEl b\u00e1lsamo es adecuado para el cabello fino?<\/b> S\u00ed, gracias al polvo de Maranta que neutraliza el efecto graso. Utilice solo una cantidad muy reducida (una perla es suficiente).<\/p>\n<p style=\"padding-left: 40px;\" data-path-to-node=\"23\"><b data-path-to-node=\"23\" data-index-in-node=\"0\">Conservaci\u00f3n (Importante):\u00a0 <\/b><i data-path-to-node=\"24,0\" data-index-in-node=\"3\">Producto vivo y natural: Conserve su preciado tarro en un lugar seco, al resguardo de la humedad y el calor para preservar su textura cremosa y sus propiedades activas.<\/i><\/p>\n<p style=\"padding-left: 40px;\">Ingredientes: Butyrospermum parkii (manteca de karit\u00e9), aceite de prunus amygdalus dulcis (almendra dulce)*, polvo de ra\u00edz de maranta arundinacea, tocoferol (vitamina e), glicerina, aceite de flor de cananga odorata (ylang-ylang), benzoato de bencilo, salicilato de bencilo, eugenol, farnesol, geraniol, isoeugenol, linalol, alcohol benc\u00edlico. Conserve este producto en un lugar seco, protegido de la humedad y el calor.<\/p>\n<p style=\"padding-left: 40px;\">Nota: Componentes como el Linalool o el Benzoato de Bencilo est\u00e1n presentes de forma natural en el aceite esencial de Ylang-Ylang. No son aditivos qu\u00edmicos.<\/p>","protected":false},"excerpt":{"rendered":"<p style=\"padding-left: 40px;\" data-path-to-node=\"32\"><b data-path-to-node=\"32\" data-index-in-node=\"0\">B\u00e1lsamo Universal Org\u00e1nico Pipeska (100ml) es un cuidado concentrado 100% activo, sin agua, dise\u00f1ado para sellar la hidrataci\u00f3n del cabello texturizado y nutrir la piel. 100 ml<\/b><\/p>\n<ul>\n<li style=\"list-style-type: none;\">\n<ul data-path-to-node=\"33\">\n<li>\n<p data-path-to-node=\"33,0,0\"><b data-path-to-node=\"33,0,0\" data-index-in-node=\"0\">Experiencia en Sellado:<\/b> Atrapa la humedad en la fibra capilar (tipos 2A a 4C).<\/p>\n<\/li>\n<li>\n<p data-path-to-node=\"33,1,0\"><b data-path-to-node=\"33,1,0\" data-index-in-node=\"0\">Fini Soie<\/b> Enriquecido con polvo de Maranta para una penetraci\u00f3n inmediata sin acabado graso.<\/p>\n<\/li>\n<li>\n<p data-path-to-node=\"33,2,0\"><b data-path-to-node=\"33,2,0\" data-index-in-node=\"0\">Polivalente :<\/b> Soin complet para rizos, rostro y cuerpo.<\/p>\n<\/li>\n<li>\n<p data-path-to-node=\"33,3,0\"><b data-path-to-node=\"33,3,0\" data-index-in-node=\"0\">Puro y Natural:<\/b> Manteca de Karit\u00e9, Almendra Dulce e Ylang-Ylang.<\/p>\n<\/li>\n<\/ul>\n<\/li>\n<\/ul>\n<p style=\"padding-left: 40px;\" data-start=\"1192\" data-end=\"1223\"><strong data-start=\"1196\" data-end=\"1221\">Sus garant\u00edas Pipeska:<\/strong><strong> Bio y eco-responsable <\/strong><strong>Tarjeta (Stripe) \u2013 PayPal \/ 3x sin intereses<\/strong><strong> Env\u00edo gratis a Francia a partir de 49 \u20ac |<\/strong><strong>\u00a0Servicio de atenci\u00f3n al cliente a su servicio<\/strong><\/p>\n<p style=\"padding-left: 40px;\" data-start=\"1225\" data-end=\"1336\"><strong><img decoding=\"async\" class=\"emoji lazyload\" role=\"img\" draggable=\"false\" data-src=\"https:\/\/s.w.org\/images\/core\/emoji\/17.0.2\/svg\/2728.svg\" alt=\"\u2728\" src=\"data:image\/svg+xml;base64,PHN2ZyB3aWR0aD0iMSIgaGVpZ2h0PSIxIiB4bWxucz0iaHR0cDovL3d3dy53My5vcmcvMjAwMC9zdmciPjwvc3ZnPg==\" \/> Bio - Made in France - Inspiraci\u00f3n caribe\u00f1a\u00a0<\/strong><\/p>","protected":false},"featured_media":4336,"comment_status":"open","ping_status":"closed","template":"","meta":{"_uf_show_specific_survey":0,"_uf_disable_surveys":false},"product_brand":[],"product_cat":[187],"product_tag":[233,232,227,230,205,231,229,228],"class_list":{"0":"post-2664","1":"product","2":"type-product","3":"status-publish","4":"has-post-thumbnail","6":"product_cat-soin-nutrition-boucles","7":"product_tag-100-naturel","8":"product_tag-anti-frisottis","9":"product_tag-baume-capillaire","10":"product_tag-lart-du-scellage","11":"product_tag-pipeska","12":"product_tag-protection-boucles","13":"product_tag-sans-rincage","14":"product_tag-scellage-hydratation","16":"entry","17":"has-media","19":"first","20":"instock","21":"featured","22":"taxable","23":"shipping-taxable","24":"purchasable","25":"product-type-simple","26":"has-rating","27":"has-product-nav","28":"col","29":"span_1_of_4","30":"owp-content-center","31":"owp-thumbs-layout-horizontal","32":"owp-btn-normal","33":"owp-tabs-layout-vertical"},"yoast_head":"<!-- This site is optimized with the Yoast SEO plugin v27.5 - https:\/\/yoast.com\/product\/yoast-seo-wordpress\/ -->\n<title>Baume Universel Bio 100% Naturel | Corps &amp; Cheveux | Pipeska<\/title>\n<meta name=\"description\" content=\"Succombez au Baume Universel Pipeska. Une formule 100% naturelle au Karit\u00e9, Amande douce et Ylang-Ylang pour nourrir intens\u00e9ment peau et cheveux. Fini non-gras.\" \/>\n<meta name=\"robots\" content=\"index, follow, max-snippet:-1, max-image-preview:large, max-video-preview:-1\" \/>\n<link rel=\"canonical\" href=\"https:\/\/pipeska.fr\/es\/producto\/balsamo-universal-karite-almendra-ylang\/\" \/>\n<meta property=\"og:locale\" content=\"es_ES\" \/>\n<meta property=\"og:type\" content=\"article\" \/>\n<meta property=\"og:title\" content=\"Baume Universel Bio 100% Naturel | Corps &amp; Cheveux | Pipeska\" \/>\n<meta property=\"og:description\" content=\"Succombez au Baume Universel Pipeska. Une formule 100% naturelle au Karit\u00e9, Amande douce et Ylang-Ylang pour nourrir intens\u00e9ment peau et cheveux. Fini non-gras.\" \/>\n<meta property=\"og:url\" content=\"https:\/\/pipeska.fr\/es\/producto\/balsamo-universal-karite-almendra-ylang\/\" \/>\n<meta property=\"og:site_name\" content=\"Pipeska\" \/>\n<meta property=\"article:modified_time\" content=\"2026-04-30T10:34:30+00:00\" \/>\n<meta property=\"og:image\" content=\"https:\/\/pipeska.fr\/wp-content\/uploads\/2024\/10\/Baume-capillaire-bio-tout-en-un-pour-cheveux-et-corps.png\" \/>\n\t<meta property=\"og:image:width\" content=\"1080\" \/>\n\t<meta property=\"og:image:height\" content=\"1080\" \/>\n\t<meta property=\"og:image:type\" content=\"image\/png\" \/>\n<meta name=\"twitter:card\" content=\"summary_large_image\" \/>\n<meta name=\"twitter:label1\" content=\"Tiempo de lectura\" \/>\n\t<meta name=\"twitter:data1\" content=\"3 minutos\" \/>\n<script type=\"application\/ld+json\" class=\"yoast-schema-graph\">{\"@context\":\"https:\\\/\\\/schema.org\",\"@graph\":[{\"@type\":\"WebPage\",\"@id\":\"https:\\\/\\\/pipeska.fr\\\/produit\\\/baume-universel-karite-amande-ylang\\\/\",\"url\":\"https:\\\/\\\/pipeska.fr\\\/produit\\\/baume-universel-karite-amande-ylang\\\/\",\"name\":\"Baume Universel Bio 100% Naturel | Corps & Cheveux | Pipeska\",\"isPartOf\":{\"@id\":\"https:\\\/\\\/pipeska.fr\\\/#website\"},\"primaryImageOfPage\":{\"@id\":\"https:\\\/\\\/pipeska.fr\\\/produit\\\/baume-universel-karite-amande-ylang\\\/#primaryimage\"},\"image\":{\"@id\":\"https:\\\/\\\/pipeska.fr\\\/produit\\\/baume-universel-karite-amande-ylang\\\/#primaryimage\"},\"thumbnailUrl\":\"https:\\\/\\\/pipeska.fr\\\/wp-content\\\/uploads\\\/2024\\\/10\\\/Baume-capillaire-bio-tout-en-un-pour-cheveux-et-corps-e1777589826439.png\",\"datePublished\":\"2024-10-01T08:55:09+00:00\",\"dateModified\":\"2026-04-30T10:34:30+00:00\",\"description\":\"Succombez au Baume Universel Pipeska. Une formule 100% naturelle au Karit\u00e9, Amande douce et Ylang-Ylang pour nourrir intens\u00e9ment peau et cheveux. Fini non-gras.\",\"breadcrumb\":{\"@id\":\"https:\\\/\\\/pipeska.fr\\\/produit\\\/baume-universel-karite-amande-ylang\\\/#breadcrumb\"},\"inLanguage\":\"es\",\"potentialAction\":[{\"@type\":\"ReadAction\",\"target\":[\"https:\\\/\\\/pipeska.fr\\\/produit\\\/baume-universel-karite-amande-ylang\\\/\"]}]},{\"@type\":\"ImageObject\",\"inLanguage\":\"es\",\"@id\":\"https:\\\/\\\/pipeska.fr\\\/produit\\\/baume-universel-karite-amande-ylang\\\/#primaryimage\",\"url\":\"https:\\\/\\\/pipeska.fr\\\/wp-content\\\/uploads\\\/2024\\\/10\\\/Baume-capillaire-bio-tout-en-un-pour-cheveux-et-corps-e1777589826439.png\",\"contentUrl\":\"https:\\\/\\\/pipeska.fr\\\/wp-content\\\/uploads\\\/2024\\\/10\\\/Baume-capillaire-bio-tout-en-un-pour-cheveux-et-corps-e1777589826439.png\",\"width\":837,\"height\":875},{\"@type\":\"BreadcrumbList\",\"@id\":\"https:\\\/\\\/pipeska.fr\\\/produit\\\/baume-universel-karite-amande-ylang\\\/#breadcrumb\",\"itemListElement\":[{\"@type\":\"ListItem\",\"position\":1,\"name\":\"Accueil\",\"item\":\"https:\\\/\\\/pipeska.fr\\\/\"},{\"@type\":\"ListItem\",\"position\":2,\"name\":\"Produits\",\"item\":\"https:\\\/\\\/pipeska.fr\\\/?post_type=product\"},{\"@type\":\"ListItem\",\"position\":3,\"name\":\"Baume Universel Bio &#038; 100% Naturel | Soin Visage, Corps, Cheveux | Pipeska\"}]},{\"@type\":\"WebSite\",\"@id\":\"https:\\\/\\\/pipeska.fr\\\/#website\",\"url\":\"https:\\\/\\\/pipeska.fr\\\/\",\"name\":\"Pipeska\",\"description\":\"Bio - Made in France - Caribbean Inspired\",\"publisher\":{\"@id\":\"https:\\\/\\\/pipeska.fr\\\/#organization\"},\"potentialAction\":[{\"@type\":\"SearchAction\",\"target\":{\"@type\":\"EntryPoint\",\"urlTemplate\":\"https:\\\/\\\/pipeska.fr\\\/?s={search_term_string}\"},\"query-input\":{\"@type\":\"PropertyValueSpecification\",\"valueRequired\":true,\"valueName\":\"search_term_string\"}}],\"inLanguage\":\"es\"},{\"@type\":\"Organization\",\"@id\":\"https:\\\/\\\/pipeska.fr\\\/#organization\",\"name\":\"Pipeska\",\"url\":\"https:\\\/\\\/pipeska.fr\\\/\",\"logo\":{\"@type\":\"ImageObject\",\"inLanguage\":\"es\",\"@id\":\"https:\\\/\\\/pipeska.fr\\\/#\\\/schema\\\/logo\\\/image\\\/\",\"url\":\"https:\\\/\\\/pipeska.fr\\\/wp-content\\\/uploads\\\/2024\\\/07\\\/Pipeska_logo_couleur_fondtransparent.png\",\"contentUrl\":\"https:\\\/\\\/pipeska.fr\\\/wp-content\\\/uploads\\\/2024\\\/07\\\/Pipeska_logo_couleur_fondtransparent.png\",\"width\":1771,\"height\":1181,\"caption\":\"Pipeska\"},\"image\":{\"@id\":\"https:\\\/\\\/pipeska.fr\\\/#\\\/schema\\\/logo\\\/image\\\/\"}}]}<\/script>\n<!-- \/ Yoast SEO plugin. -->","yoast_head_json":{"title":"B\u00e1lsamo Universal Bio 100% Natural | Cuerpo y Cabello | Pipeska","description":"Sucumbe al B\u00e1lsamo Universal Pipeska. Una f\u00f3rmula 100% natural con Karit\u00e9, Almendra dulce e Ylang-Ylang para nutrir intensamente piel y cabello. Acabado no graso.","robots":{"index":"index","follow":"follow","max-snippet":"max-snippet:-1","max-image-preview":"max-image-preview:large","max-video-preview":"max-video-preview:-1"},"canonical":"https:\/\/pipeska.fr\/es\/producto\/balsamo-universal-karite-almendra-ylang\/","og_locale":"es_ES","og_type":"article","og_title":"Baume Universel Bio 100% Naturel | Corps & Cheveux | Pipeska","og_description":"Succombez au Baume Universel Pipeska. Une formule 100% naturelle au Karit\u00e9, Amande douce et Ylang-Ylang pour nourrir intens\u00e9ment peau et cheveux. Fini non-gras.","og_url":"https:\/\/pipeska.fr\/es\/producto\/balsamo-universal-karite-almendra-ylang\/","og_site_name":"Pipeska","article_modified_time":"2026-04-30T10:34:30+00:00","og_image":[{"width":1080,"height":1080,"url":"https:\/\/pipeska.fr\/wp-content\/uploads\/2024\/10\/Baume-capillaire-bio-tout-en-un-pour-cheveux-et-corps.png","type":"image\/png"}],"twitter_card":"summary_large_image","twitter_misc":{"Tiempo de lectura":"3 minutos"},"schema":{"@context":"https:\/\/schema.org","@graph":[{"@type":"WebPage","@id":"https:\/\/pipeska.fr\/produit\/baume-universel-karite-amande-ylang\/","url":"https:\/\/pipeska.fr\/produit\/baume-universel-karite-amande-ylang\/","name":"B\u00e1lsamo Universal Bio 100% Natural | Cuerpo y Cabello | Pipeska","isPartOf":{"@id":"https:\/\/pipeska.fr\/#website"},"primaryImageOfPage":{"@id":"https:\/\/pipeska.fr\/produit\/baume-universel-karite-amande-ylang\/#primaryimage"},"image":{"@id":"https:\/\/pipeska.fr\/produit\/baume-universel-karite-amande-ylang\/#primaryimage"},"thumbnailUrl":"https:\/\/pipeska.fr\/wp-content\/uploads\/2024\/10\/Baume-capillaire-bio-tout-en-un-pour-cheveux-et-corps-e1777589826439.png","datePublished":"2024-10-01T08:55:09+00:00","dateModified":"2026-04-30T10:34:30+00:00","description":"Sucumbe al B\u00e1lsamo Universal Pipeska. Una f\u00f3rmula 100% natural con Karit\u00e9, Almendra dulce e Ylang-Ylang para nutrir intensamente piel y cabello. Acabado no graso.","breadcrumb":{"@id":"https:\/\/pipeska.fr\/produit\/baume-universel-karite-amande-ylang\/#breadcrumb"},"inLanguage":"es","potentialAction":[{"@type":"ReadAction","target":["https:\/\/pipeska.fr\/produit\/baume-universel-karite-amande-ylang\/"]}]},{"@type":"ImageObject","inLanguage":"es","@id":"https:\/\/pipeska.fr\/produit\/baume-universel-karite-amande-ylang\/#primaryimage","url":"https:\/\/pipeska.fr\/wp-content\/uploads\/2024\/10\/Baume-capillaire-bio-tout-en-un-pour-cheveux-et-corps-e1777589826439.png","contentUrl":"https:\/\/pipeska.fr\/wp-content\/uploads\/2024\/10\/Baume-capillaire-bio-tout-en-un-pour-cheveux-et-corps-e1777589826439.png","width":837,"height":875},{"@type":"BreadcrumbList","@id":"https:\/\/pipeska.fr\/produit\/baume-universel-karite-amande-ylang\/#breadcrumb","itemListElement":[{"@type":"ListItem","position":1,"name":"Accueil","item":"https:\/\/pipeska.fr\/"},{"@type":"ListItem","position":2,"name":"Produits","item":"https:\/\/pipeska.fr\/?post_type=product"},{"@type":"ListItem","position":3,"name":"Baume Universel Bio &#038; 100% Naturel | Soin Visage, Corps, Cheveux | Pipeska"}]},{"@type":"WebSite","@id":"https:\/\/pipeska.fr\/#website","url":"https:\/\/pipeska.fr\/","name":"Pipeska","description":"Bio - Made in France - Inspiraci\u00f3n caribe\u00f1a","publisher":{"@id":"https:\/\/pipeska.fr\/#organization"},"potentialAction":[{"@type":"SearchAction","target":{"@type":"EntryPoint","urlTemplate":"https:\/\/pipeska.fr\/?s={search_term_string}"},"query-input":{"@type":"PropertyValueSpecification","valueRequired":true,"valueName":"search_term_string"}}],"inLanguage":"es"},{"@type":"Organization","@id":"https:\/\/pipeska.fr\/#organization","name":"Pipeska","url":"https:\/\/pipeska.fr\/","logo":{"@type":"ImageObject","inLanguage":"es","@id":"https:\/\/pipeska.fr\/#\/schema\/logo\/image\/","url":"https:\/\/pipeska.fr\/wp-content\/uploads\/2024\/07\/Pipeska_logo_couleur_fondtransparent.png","contentUrl":"https:\/\/pipeska.fr\/wp-content\/uploads\/2024\/07\/Pipeska_logo_couleur_fondtransparent.png","width":1771,"height":1181,"caption":"Pipeska"},"image":{"@id":"https:\/\/pipeska.fr\/#\/schema\/logo\/image\/"}}]}},"_links":{"self":[{"href":"https:\/\/pipeska.fr\/es\/wp-json\/wp\/v2\/product\/2664","targetHints":{"allow":["GET"]}}],"collection":[{"href":"https:\/\/pipeska.fr\/es\/wp-json\/wp\/v2\/product"}],"about":[{"href":"https:\/\/pipeska.fr\/es\/wp-json\/wp\/v2\/types\/product"}],"replies":[{"embeddable":true,"href":"https:\/\/pipeska.fr\/es\/wp-json\/wp\/v2\/comments?post=2664"}],"version-history":[{"count":30,"href":"https:\/\/pipeska.fr\/es\/wp-json\/wp\/v2\/product\/2664\/revisions"}],"predecessor-version":[{"id":5674,"href":"https:\/\/pipeska.fr\/es\/wp-json\/wp\/v2\/product\/2664\/revisions\/5674"}],"wp:featuredmedia":[{"embeddable":true,"href":"https:\/\/pipeska.fr\/es\/wp-json\/wp\/v2\/media\/4336"}],"wp:attachment":[{"href":"https:\/\/pipeska.fr\/es\/wp-json\/wp\/v2\/media?parent=2664"}],"wp:term":[{"taxonomy":"product_brand","embeddable":true,"href":"https:\/\/pipeska.fr\/es\/wp-json\/wp\/v2\/product_brand?post=2664"},{"taxonomy":"product_cat","embeddable":true,"href":"https:\/\/pipeska.fr\/es\/wp-json\/wp\/v2\/product_cat?post=2664"},{"taxonomy":"product_tag","embeddable":true,"href":"https:\/\/pipeska.fr\/es\/wp-json\/wp\/v2\/product_tag?post=2664"}],"curies":[{"name":"wp","href":"https:\/\/api.w.org\/{rel}","templated":true}]}}