{"id":4246,"date":"2025-11-30T21:10:51","date_gmt":"2025-11-30T21:10:51","guid":{"rendered":"https:\/\/pipeska.fr\/?post_type=product&#038;p=4246"},"modified":"2026-04-10T12:57:29","modified_gmt":"2026-04-10T12:57:29","slug":"champu-ecologico-caribbean-fusion-para-cabellos-fragiles","status":"publish","type":"product","link":"https:\/\/pipeska.fr\/es\/produit\/shampooing-bio-cheveux-fragiles-caribbean-fusion\/","title":{"rendered":"Pipeska Caribbean Fusion - COSMOS Organic Champ\u00fa de Seda Tropical - Cabello Fr\u00e1gil 250 ml"},"content":{"rendered":"<h1 style=\"padding-left: 80px;\"><strong data-start=\"527\" data-end=\"627\">Pipeska Caribbean Fusion - Champ\u00fa ecol\u00f3gico para cabellos fr\u00e1giles \/ Seda tropical\u00a0 <a href=\"https:\/\/www.ecocert.com\/fr\/certification\/cosmetiques-biologiques-ou-naturels-cosmos\" target=\"_blank\" rel=\"noopener\">COSMOS Ecol\u00f3gico<\/a> - 250 ml <\/strong><strong data-start=\"631\" data-end=\"676\">\u00b7 <\/strong><strong data-start=\"631\" data-end=\"676\">\u00a0<\/strong><\/h1>\n<p style=\"padding-left: 80px;\" data-start=\"680\" data-end=\"1198\">Le <strong data-start=\"1185\" data-end=\"1237\">Champ\u00fa org\u00e1nico Caribbean Fusion para cabellos fr\u00e1giles<\/strong> de <a href=\"https:\/\/pipeska.fr\/es\/producto\/champu-clarificante-ecologico-ocean-clean\/\" target=\"_blank\" rel=\"noopener\">Pipeska<\/a>\u00a0transforma tu rutina capilar en una experiencia sensorial en el Caribe<\/p>\n<p style=\"padding-left: 80px;\" data-start=\"680\" data-end=\"1198\">Sa <strong data-start=\"438\" data-end=\"491\">espuma ligera<a href=\"https:\/\/www.libertaddigital.com\/chic\/vida-estilo\/2025-01-10\/beneficios-del-aloe-vera-para-el-cabello-0e-7205024\/?utm_source=chatgpt.com\" target=\"_blank\" rel=\"noopener\"> con aloe vera<\/a> y <a href=\"https:\/\/pmc.ncbi.nlm.nih.gov\/articles\/PMC4289931\/?utm_source=chatgpt.com\" target=\"_blank\" rel=\"noopener\">menta org\u00e1nica<\/a><\/strong>, enriquecido con <strong data-start=\"505\" data-end=\"557\">glicerina vegetal y extractos naturales de plantas<\/strong>, envuelve el cabello, dej\u00e1ndolo <strong data-start=\"595\" data-end=\"637\">suave, flexible y delicadamente perfumado<\/strong> una mezcla tropical de pi\u00f1a, fruta de la pasi\u00f3n y mango. Cada uso se convierte en un <strong data-start=\"731\" data-end=\"767\">un viaje vibrante y refrescante<\/strong>, Un champ\u00fa que despierta los sentidos y mejora su rutina diaria. Este champ\u00fa es perfecto para quienes desean <strong data-start=\"879\" data-end=\"915\">combinar cuidado de la piel y placer sensorial<\/strong> a diario.<\/p>\n<h2 style=\"padding-left: 80px;\"><strong data-start=\"1214\" data-end=\"1228\">\u00bfQui\u00e9n es este champ\u00fa ecol\u00f3gico para cabellos fr\u00e1giles?\u00a0<\/strong><\/h2>\n<p style=\"padding-left: 80px;\" data-start=\"1233\" data-end=\"1273\">Cabello <strong data-start=\"1241\" data-end=\"1271\">fr\u00e1gil, delicado o fino<\/strong><\/p>\n<p style=\"padding-left: 80px;\" data-start=\"1276\" data-end=\"1317\">Cabello <strong data-start=\"1284\" data-end=\"1315\">rizado, encrespado o con textura<\/strong><\/p>\n<p style=\"padding-left: 80px;\" data-start=\"1320\" data-end=\"1393\">Ideal para <strong data-start=\"1335\" data-end=\"1361\">peinados protectores<\/strong> trenzas, giros, extensiones<\/p>\n<p style=\"padding-left: 80px;\" data-start=\"1396\" data-end=\"1452\">Para los que les gusta un <a href=\"https:\/\/pipeska.fr\/es\/producto\/pipeska-balsamo-universal-ecologico\/\" target=\"_blank\" rel=\"noopener\"><strong data-start=\"1421\" data-end=\"1450\">rutina suave y perfumada<\/strong><\/a><\/p>\n<p style=\"padding-left: 80px;\" data-start=\"1455\" data-end=\"1528\">Para cualquiera que busque un <strong data-start=\"1490\" data-end=\"1526\">experiencia sensorial tropical<\/strong><\/p>\n<h2 style=\"padding-left: 80px;\"><\/h2>\n<h2 style=\"padding-left: 80px;\"><strong data-start=\"2225\" data-end=\"2271\">Beneficios del champ\u00fa org\u00e1nico Caribbean Fusion para cabellos fr\u00e1giles<\/strong><\/h2>\n<p style=\"padding-left: 80px;\" data-start=\"2276\" data-end=\"2318\">Cabello <strong data-start=\"2284\" data-end=\"2316\">flexible y f\u00e1cil de peinar<\/strong><\/p>\n<p style=\"padding-left: 80px;\" data-start=\"2321\" data-end=\"2372\"><strong data-start=\"2321\" data-end=\"2350\">Espuma ligera y aireada<\/strong>, agradable de usar<\/p>\n<p style=\"padding-left: 80px;\" data-start=\"2375\" data-end=\"2445\"><strong data-start=\"2375\" data-end=\"2403\">Fragancia tropical embriagadora<\/strong> Pi\u00f1a, fruta de la pasi\u00f3n y mango<\/p>\n<p style=\"padding-left: 80px;\" data-start=\"2448\" data-end=\"2502\">Adecuado para <strong data-start=\"2461\" data-end=\"2500\">cabello rizado, encrespado y con textura<\/strong><\/p>\n<p style=\"padding-left: 80px;\" data-start=\"2505\" data-end=\"2613\">F\u00f3rmula<a href=\"https:\/\/www.ecocert.com\/es-ES\/detaile-de-certification\/cosmeticos-org%C3%A1nicos-o-naturales-cosmos-?utm_source=chatgpt.com\" target=\"_blank\" rel=\"noopener\"> <strong data-start=\"2513\" data-end=\"2531\">COSMOS Ecol\u00f3gico<\/strong><\/a>, 98 % de ingredientes de origen natural, 20 % derivados de <a href=\"https:\/\/www.cosmos-standard.org\/es\/bases-de-datos\/materias-primas-certificadas\/?utm_source=chatgpt.com\" target=\"_blank\" rel=\"noopener\">agricultura ecol\u00f3gica<\/a><\/p>\n<p style=\"padding-left: 80px;\" data-start=\"2616\" data-end=\"2663\"><strong data-start=\"2616\" data-end=\"2661\">Bio - Made in France - Inspiraci\u00f3n caribe\u00f1a<\/strong><\/p>\n<h2 style=\"padding-left: 80px;\"><span class=\"a_GcMg font-feature-liga-off font-feature-clig-off font-feature-calt-off text-decoration-none text-strikethrough-none\">Consejos :<\/span><\/h2>\n<p style=\"padding-left: 80px;\"><span class=\"a_GcMg font-feature-liga-off font-feature-clig-off font-feature-calt-off text-decoration-none text-strikethrough-none\">Aplicar sobre el cabello mojado, masajear y aclarar. Repetir si es necesario. Precauciones: Evitar el contacto con los ojos. En caso de contacto, aclarar abundantemente.<\/span> <span class=\"a_GcMg font-feature-liga-off font-feature-clig-off font-feature-calt-off text-decoration-none text-strikethrough-none\">con agua limpia.<\/span> <span class=\"a_GcMg font-feature-liga-off font-feature-clig-off font-feature-calt-off text-decoration-none text-strikethrough-none\">Mantener fuera del alcance de los ni\u00f1os. Conservar en un lugar oscuro.  Uso diario recomendado para un <strong data-start=\"2566\" data-end=\"2599\">rutina sensorial tropical.<\/strong><\/span><\/p>\n<h2 style=\"padding-left: 80px;\" data-start=\"904\" data-end=\"938\"><strong data-start=\"909\" data-end=\"936\">Consejos de belleza natural<\/strong><\/h2>\n<p style=\"padding-left: 80px;\" data-start=\"904\" data-end=\"938\">Para sacar lo mejor de tu cabello, combina siempre tu <strong data-start=\"150\" data-end=\"172\">Champ\u00fa Pipeska<\/strong> en <a href=\"https:\/\/pipeska.fr\/es\/cuidado-capilar-bio-pipeska\/mascarilla-capilar-ecologica-texturas\/\" target=\"_blank\" rel=\"noopener\"><strong data-start=\"176\" data-end=\"201\">Mascarilla capilar ecol\u00f3gica<\/strong><\/a> o a <a href=\"https:\/\/pipeska.fr\/es\/producto\/pipeska-balsamo-universal-ecologico\/\" target=\"_blank\" rel=\"noopener\"><strong data-start=\"1001\" data-end=\"1032\">B\u00e1lsamo universal ecol\u00f3gico Pipeska<\/strong><\/a>.. Son el complemento perfecto para su rutina, proporcionando nutrici\u00f3n, protecci\u00f3n y suavidad a las puntas, dejando su cabello radiante y agradable al tacto.<\/p>\n<p style=\"padding-left: 80px;\" data-start=\"1535\" data-end=\"1584\"><strong data-start=\"1541\" data-end=\"1582\">Activos para cabellos fr\u00e1giles - Caribbean Fusion: <\/strong><a href=\"https:\/\/www.noticiasrcn.com\/salud-y-bienestar\/cuales-son-los-secretos-del-aloe-vera-para-un-cabello-radiante-esto-dicen-los-estudios-468348?utm_source=chatgpt.com\" target=\"_blank\" rel=\"noopener\">Aloe vera ecol\u00f3gico<\/a>, <a href=\"https:\/\/pubmed.ncbi.nlm.nih.gov\/40288903\/\" target=\"_blank\" rel=\"noopener\">Menta org\u00e1nica<\/a>, Glicerina vegetal, extractos de plantas naturales, notas tropicales gourmet (pi\u00f1a, fruta de la pasi\u00f3n, mango)<\/p>\n<p class=\"cvGsUA direction-ltr align-justify para-style-body\" style=\"padding-left: 80px;\"><span class=\"a_GcMg font-feature-liga-off font-feature-clig-off font-feature-calt-off text-decoration-none text-strikethrough-none\">INGREDIENTES :<\/span><span class=\"a_GcMg font-feature-liga-off font-feature-clig-off font-feature-calt-off text-decoration-none text-strikethrough-none\"> Aqua, Mentha Piperita Water*, Lauryl Glucoside, Aloe Barbadensis Leaf Juice*, Glycerin**, Disodium Cocoyl Glutamate, Caprylyl\/Capryl Glucoside, Citric Acid, Parfum, Sodium Cocoamphoacetate, Guar Hydroxypropyltrimonium Chloride, Sodium Chloride, Cocos Nucifera Oil*, Cocamidopropyl Betaine, Sodium Benzoate, Potassium Sorbate, Menthol,<\/span> <span class=\"a_GcMg font-feature-liga-off font-feature-clig-off font-feature-calt-off text-decoration-none text-strikethrough-none\">Vainillina . <\/span><span class=\"a_GcMg font-feature-liga-off font-feature-clig-off font-feature-calt-off text-decoration-none text-strikethrough-none\" style=\"font-size: 16px;\">*ingredientes procedentes de la agricultura ecol\u00f3gica\u00a0 \u00a0<\/span><span style=\"font-size: 16px;\">**Elaborado a partir de ingredientes ecol\u00f3gicos.<\/span><\/p>\n<p style=\"padding-left: 80px;\">","protected":false},"excerpt":{"rendered":"<p style=\"padding-left: 40px;\" data-start=\"146\" data-end=\"209\"><strong data-start=\"146\" data-end=\"207\">Champ\u00fa org\u00e1nico para cabello fr\u00e1gil - Caribbean Fusion 250 ml<\/strong><\/p>\n<p style=\"padding-left: 40px;\" data-start=\"211\" data-end=\"541\">Descubre la <strong data-start=\"224\" data-end=\"276\">Champ\u00fa org\u00e1nico Caribbean Fusion para cabellos fr\u00e1giles<\/strong> de Pipeska, para un lavado suave y sensorial. Su f\u00f3rmula enriquecida con <strong data-start=\"346\" data-end=\"401\">aloe vera ecol\u00f3gico, menta piperita y glicerina vegetal<\/strong> envuelve el cabello en una deliciosa fragancia tropical (pi\u00f1a, fruta de la pasi\u00f3n, mango). <strong data-start=\"493\" data-end=\"538\">Bio - Made in France - Inspiraci\u00f3n caribe\u00f1a<\/strong>.<\/p>\n<p style=\"padding-left: 40px;\" data-start=\"543\" data-end=\"720\">\ud83d\udca7 Espuma ligera y agradable<br data-start=\"582\" data-end=\"585\" \/>Cabello suave, flexible y delicadamente perfumado<br data-start=\"631\" data-end=\"634\" \/>98 % de ingredientes naturales, 20 % de cultivo ecol\u00f3gico | COSMOS BIO<\/p>\n<p style=\"padding-left: 40px;\" data-start=\"722\" data-end=\"845\"><strong data-start=\"722\" data-end=\"733\">Uso :<\/strong> Aplicar sobre el cabello mojado, masajear y aclarar. Recomendado para uso diario para una experiencia sensorial tropical.<\/p>\n<h3 data-start=\"1192\" data-end=\"1223\"><\/h3>\n<h3 style=\"padding-left: 40px;\" data-start=\"1192\" data-end=\"1223\"><strong data-start=\"1196\" data-end=\"1221\">Sus garant\u00edas Pipeska<\/strong><\/h3>\n<p style=\"padding-left: 40px;\" data-start=\"1225\" data-end=\"1336\"><strong>\ud83c\udf3f Ecol\u00f3gico y eco-responsable<\/strong><\/p>\n<p style=\"padding-left: 40px;\" data-start=\"1225\" data-end=\"1336\"><strong>\u00a0\ud83d\udd12Carte (Stripe) - PayPal \/ 3x gratis<\/strong><\/p>\n<p style=\"padding-left: 40px;\" data-start=\"1225\" data-end=\"1336\"><strong>\u00a0\ud83d\ude9a Entrega gratuita en Francia para pedidos superiores a 49 \u20ac.<\/strong><\/p>\n<p style=\"padding-left: 40px;\" data-start=\"1225\" data-end=\"1336\"><strong>\ud83d\udcac Servicio de atenci\u00f3n al cliente a tu servicio<\/strong><\/p>\n<p style=\"padding-left: 40px;\" data-start=\"1225\" data-end=\"1336\"><strong>\u2728 Ecol\u00f3gico - Fabricado en Francia - Inspirado en el Caribe \u2728<\/strong><\/p>","protected":false},"featured_media":4476,"comment_status":"open","ping_status":"closed","template":"","meta":{"_uf_show_specific_survey":0,"_uf_disable_surveys":false},"product_brand":[],"product_cat":[53,50,54,51,144,146,37,186,33],"product_tag":[179,180,176,168,178,177,83],"class_list":{"0":"post-4246","1":"product","2":"type-product","3":"status-publish","4":"has-post-thumbnail","6":"product_cat-soin-cheveux-colores","7":"product_cat-cheveux-secs-soins","8":"product_cat-produits-capillaires-cheveux-sensibilises","9":"product_cat-cheveux-textures","10":"product_cat-produits-francais","11":"product_cat-shampooing-bio-francais","12":"product_cat-shamppooing-bio-pipeska","13":"product_cat-shampooings","14":"product_cat-soin-naturels-cheveux-textures","15":"product_tag-bio","16":"product_tag-caribbean-inspired-soin-cheveux-fragiles-textures-idee-cadeau-noel-rituel-capillaire-sensoriel","17":"product_tag-coffret-noel-pipeska","18":"product_tag-made-in-france","19":"product_tag-masque-capillaire-bio-pipeska","20":"product_tag-shampooing-caribbean-fusion","21":"product_tag-shampooing-hydra-marin","23":"entry","24":"has-media","26":"first","27":"instock","28":"taxable","29":"shipping-taxable","30":"purchasable","31":"product-type-simple","32":"has-product-nav","33":"col","34":"span_1_of_4","35":"owp-content-center","36":"owp-thumbs-layout-horizontal","37":"owp-btn-normal","38":"owp-tabs-layout-vertical"},"yoast_head":"<!-- This site is optimized with the Yoast SEO plugin v27.3 - https:\/\/yoast.com\/product\/yoast-seo-wordpress\/ -->\n<title>Shampooing bio cheveux fragiles \u2013Caribbean Fusion Pipeska<\/title>\n<meta name=\"description\" content=\"Shampooing bio cheveux fragiles Caribbean Fusion de Pipeska : mousse l\u00e9g\u00e8re \u00e0 l\u2019aloe vera et menthe poivr\u00e9e bio, parfum tropical, cheveux doux et souples.\" \/>\n<meta name=\"robots\" content=\"index, follow, max-snippet:-1, max-image-preview:large, max-video-preview:-1\" \/>\n<link rel=\"canonical\" href=\"https:\/\/pipeska.fr\/es\/producto\/champu-ecologico-caribbean-fusion-para-cabellos-fragiles\/\" \/>\n<meta property=\"og:locale\" content=\"es_ES\" \/>\n<meta property=\"og:type\" content=\"article\" \/>\n<meta property=\"og:title\" content=\"Shampooing bio cheveux fragiles \u2013Caribbean Fusion Pipeska\" \/>\n<meta property=\"og:description\" content=\"Shampooing bio cheveux fragiles Caribbean Fusion de Pipeska : mousse l\u00e9g\u00e8re \u00e0 l\u2019aloe vera et menthe poivr\u00e9e bio, parfum tropical, cheveux doux et souples.\" \/>\n<meta property=\"og:url\" content=\"https:\/\/pipeska.fr\/es\/producto\/champu-ecologico-caribbean-fusion-para-cabellos-fragiles\/\" \/>\n<meta property=\"og:site_name\" content=\"Pipeska\" \/>\n<meta property=\"article:modified_time\" content=\"2026-04-10T12:57:29+00:00\" \/>\n<meta property=\"og:image\" content=\"https:\/\/pipeska.fr\/wp-content\/uploads\/2025\/11\/Flacon-de-Shampooing-Bio-Pipeska-Caribbean-Fusion-250ml-Cheveux-Fragiles-COSMOS-Organic.png\" \/>\n\t<meta property=\"og:image:width\" content=\"1080\" \/>\n\t<meta property=\"og:image:height\" content=\"1080\" \/>\n\t<meta property=\"og:image:type\" content=\"image\/png\" \/>\n<meta name=\"twitter:card\" content=\"summary_large_image\" \/>\n<meta name=\"twitter:label1\" content=\"Tiempo de lectura\" \/>\n\t<meta name=\"twitter:data1\" content=\"3 minutos\" \/>\n<script type=\"application\/ld+json\" class=\"yoast-schema-graph\">{\"@context\":\"https:\\\/\\\/schema.org\",\"@graph\":[{\"@type\":\"WebPage\",\"@id\":\"https:\\\/\\\/pipeska.fr\\\/produit\\\/shampooing-bio-cheveux-fragiles-caribbean-fusion\\\/\",\"url\":\"https:\\\/\\\/pipeska.fr\\\/produit\\\/shampooing-bio-cheveux-fragiles-caribbean-fusion\\\/\",\"name\":\"Shampooing bio cheveux fragiles \u2013Caribbean Fusion Pipeska\",\"isPartOf\":{\"@id\":\"https:\\\/\\\/pipeska.fr\\\/#website\"},\"primaryImageOfPage\":{\"@id\":\"https:\\\/\\\/pipeska.fr\\\/produit\\\/shampooing-bio-cheveux-fragiles-caribbean-fusion\\\/#primaryimage\"},\"image\":{\"@id\":\"https:\\\/\\\/pipeska.fr\\\/produit\\\/shampooing-bio-cheveux-fragiles-caribbean-fusion\\\/#primaryimage\"},\"thumbnailUrl\":\"https:\\\/\\\/pipeska.fr\\\/wp-content\\\/uploads\\\/2025\\\/11\\\/Flacon-de-Shampooing-Bio-Pipeska-Caribbean-Fusion-250ml-Cheveux-Fragiles-COSMOS-Organic.jpg\",\"datePublished\":\"2025-11-30T21:10:51+00:00\",\"dateModified\":\"2026-04-10T12:57:29+00:00\",\"description\":\"Shampooing bio cheveux fragiles Caribbean Fusion de Pipeska : mousse l\u00e9g\u00e8re \u00e0 l\u2019aloe vera et menthe poivr\u00e9e bio, parfum tropical, cheveux doux et souples.\",\"breadcrumb\":{\"@id\":\"https:\\\/\\\/pipeska.fr\\\/produit\\\/shampooing-bio-cheveux-fragiles-caribbean-fusion\\\/#breadcrumb\"},\"inLanguage\":\"es\",\"potentialAction\":[{\"@type\":\"ReadAction\",\"target\":[\"https:\\\/\\\/pipeska.fr\\\/produit\\\/shampooing-bio-cheveux-fragiles-caribbean-fusion\\\/\"]}]},{\"@type\":\"ImageObject\",\"inLanguage\":\"es\",\"@id\":\"https:\\\/\\\/pipeska.fr\\\/produit\\\/shampooing-bio-cheveux-fragiles-caribbean-fusion\\\/#primaryimage\",\"url\":\"https:\\\/\\\/pipeska.fr\\\/wp-content\\\/uploads\\\/2025\\\/11\\\/Flacon-de-Shampooing-Bio-Pipeska-Caribbean-Fusion-250ml-Cheveux-Fragiles-COSMOS-Organic.jpg\",\"contentUrl\":\"https:\\\/\\\/pipeska.fr\\\/wp-content\\\/uploads\\\/2025\\\/11\\\/Flacon-de-Shampooing-Bio-Pipeska-Caribbean-Fusion-250ml-Cheveux-Fragiles-COSMOS-Organic.jpg\",\"width\":1080,\"height\":1080},{\"@type\":\"BreadcrumbList\",\"@id\":\"https:\\\/\\\/pipeska.fr\\\/produit\\\/shampooing-bio-cheveux-fragiles-caribbean-fusion\\\/#breadcrumb\",\"itemListElement\":[{\"@type\":\"ListItem\",\"position\":1,\"name\":\"Accueil\",\"item\":\"https:\\\/\\\/pipeska.fr\\\/\"},{\"@type\":\"ListItem\",\"position\":2,\"name\":\"Produits\",\"item\":\"https:\\\/\\\/pipeska.fr\\\/?post_type=product\"},{\"@type\":\"ListItem\",\"position\":3,\"name\":\"Pipeska Caribbean Fusion \u2013 Shampooing Soie Tropical Bio COSMOS Organic \u2013 Cheveux Fragiles 250 ml\"}]},{\"@type\":\"WebSite\",\"@id\":\"https:\\\/\\\/pipeska.fr\\\/#website\",\"url\":\"https:\\\/\\\/pipeska.fr\\\/\",\"name\":\"Pipeska\",\"description\":\"Bio - Made in France - Caribbean Inspired\",\"publisher\":{\"@id\":\"https:\\\/\\\/pipeska.fr\\\/#organization\"},\"potentialAction\":[{\"@type\":\"SearchAction\",\"target\":{\"@type\":\"EntryPoint\",\"urlTemplate\":\"https:\\\/\\\/pipeska.fr\\\/?s={search_term_string}\"},\"query-input\":{\"@type\":\"PropertyValueSpecification\",\"valueRequired\":true,\"valueName\":\"search_term_string\"}}],\"inLanguage\":\"es\"},{\"@type\":\"Organization\",\"@id\":\"https:\\\/\\\/pipeska.fr\\\/#organization\",\"name\":\"Pipeska\",\"url\":\"https:\\\/\\\/pipeska.fr\\\/\",\"logo\":{\"@type\":\"ImageObject\",\"inLanguage\":\"es\",\"@id\":\"https:\\\/\\\/pipeska.fr\\\/#\\\/schema\\\/logo\\\/image\\\/\",\"url\":\"https:\\\/\\\/pipeska.fr\\\/wp-content\\\/uploads\\\/2024\\\/07\\\/Pipeska_logo_couleur_fondtransparent.png\",\"contentUrl\":\"https:\\\/\\\/pipeska.fr\\\/wp-content\\\/uploads\\\/2024\\\/07\\\/Pipeska_logo_couleur_fondtransparent.png\",\"width\":1771,\"height\":1181,\"caption\":\"Pipeska\"},\"image\":{\"@id\":\"https:\\\/\\\/pipeska.fr\\\/#\\\/schema\\\/logo\\\/image\\\/\"}}]}<\/script>\n<!-- \/ Yoast SEO plugin. -->","yoast_head_json":{"title":"Champ\u00fa ecol\u00f3gico para cabellos fr\u00e1giles -Caribbean Fusion Pipeska","description":"Champ\u00fa org\u00e1nico Pipeska Caribbean Fusion para cabellos fr\u00e1giles: espuma ligera con aloe vera org\u00e1nico y menta piperita, fragancia tropical, cabello suave y flexible.","robots":{"index":"index","follow":"follow","max-snippet":"max-snippet:-1","max-image-preview":"max-image-preview:large","max-video-preview":"max-video-preview:-1"},"canonical":"https:\/\/pipeska.fr\/es\/producto\/champu-ecologico-caribbean-fusion-para-cabellos-fragiles\/","og_locale":"es_ES","og_type":"article","og_title":"Shampooing bio cheveux fragiles \u2013Caribbean Fusion Pipeska","og_description":"Shampooing bio cheveux fragiles Caribbean Fusion de Pipeska : mousse l\u00e9g\u00e8re \u00e0 l\u2019aloe vera et menthe poivr\u00e9e bio, parfum tropical, cheveux doux et souples.","og_url":"https:\/\/pipeska.fr\/es\/producto\/champu-ecologico-caribbean-fusion-para-cabellos-fragiles\/","og_site_name":"Pipeska","article_modified_time":"2026-04-10T12:57:29+00:00","og_image":[{"width":1080,"height":1080,"url":"https:\/\/pipeska.fr\/wp-content\/uploads\/2025\/11\/Flacon-de-Shampooing-Bio-Pipeska-Caribbean-Fusion-250ml-Cheveux-Fragiles-COSMOS-Organic.png","type":"image\/png"}],"twitter_card":"summary_large_image","twitter_misc":{"Tiempo de lectura":"3 minutos"},"schema":{"@context":"https:\/\/schema.org","@graph":[{"@type":"WebPage","@id":"https:\/\/pipeska.fr\/produit\/shampooing-bio-cheveux-fragiles-caribbean-fusion\/","url":"https:\/\/pipeska.fr\/produit\/shampooing-bio-cheveux-fragiles-caribbean-fusion\/","name":"Champ\u00fa ecol\u00f3gico para cabellos fr\u00e1giles -Caribbean Fusion Pipeska","isPartOf":{"@id":"https:\/\/pipeska.fr\/#website"},"primaryImageOfPage":{"@id":"https:\/\/pipeska.fr\/produit\/shampooing-bio-cheveux-fragiles-caribbean-fusion\/#primaryimage"},"image":{"@id":"https:\/\/pipeska.fr\/produit\/shampooing-bio-cheveux-fragiles-caribbean-fusion\/#primaryimage"},"thumbnailUrl":"https:\/\/pipeska.fr\/wp-content\/uploads\/2025\/11\/Flacon-de-Shampooing-Bio-Pipeska-Caribbean-Fusion-250ml-Cheveux-Fragiles-COSMOS-Organic.jpg","datePublished":"2025-11-30T21:10:51+00:00","dateModified":"2026-04-10T12:57:29+00:00","description":"Champ\u00fa org\u00e1nico Pipeska Caribbean Fusion para cabellos fr\u00e1giles: espuma ligera con aloe vera org\u00e1nico y menta piperita, fragancia tropical, cabello suave y flexible.","breadcrumb":{"@id":"https:\/\/pipeska.fr\/produit\/shampooing-bio-cheveux-fragiles-caribbean-fusion\/#breadcrumb"},"inLanguage":"es","potentialAction":[{"@type":"ReadAction","target":["https:\/\/pipeska.fr\/produit\/shampooing-bio-cheveux-fragiles-caribbean-fusion\/"]}]},{"@type":"ImageObject","inLanguage":"es","@id":"https:\/\/pipeska.fr\/produit\/shampooing-bio-cheveux-fragiles-caribbean-fusion\/#primaryimage","url":"https:\/\/pipeska.fr\/wp-content\/uploads\/2025\/11\/Flacon-de-Shampooing-Bio-Pipeska-Caribbean-Fusion-250ml-Cheveux-Fragiles-COSMOS-Organic.jpg","contentUrl":"https:\/\/pipeska.fr\/wp-content\/uploads\/2025\/11\/Flacon-de-Shampooing-Bio-Pipeska-Caribbean-Fusion-250ml-Cheveux-Fragiles-COSMOS-Organic.jpg","width":1080,"height":1080},{"@type":"BreadcrumbList","@id":"https:\/\/pipeska.fr\/produit\/shampooing-bio-cheveux-fragiles-caribbean-fusion\/#breadcrumb","itemListElement":[{"@type":"ListItem","position":1,"name":"Accueil","item":"https:\/\/pipeska.fr\/"},{"@type":"ListItem","position":2,"name":"Produits","item":"https:\/\/pipeska.fr\/?post_type=product"},{"@type":"ListItem","position":3,"name":"Pipeska Caribbean Fusion \u2013 Shampooing Soie Tropical Bio COSMOS Organic \u2013 Cheveux Fragiles 250 ml"}]},{"@type":"WebSite","@id":"https:\/\/pipeska.fr\/#website","url":"https:\/\/pipeska.fr\/","name":"Pipeska","description":"Bio - Made in France - Inspiraci\u00f3n caribe\u00f1a","publisher":{"@id":"https:\/\/pipeska.fr\/#organization"},"potentialAction":[{"@type":"SearchAction","target":{"@type":"EntryPoint","urlTemplate":"https:\/\/pipeska.fr\/?s={search_term_string}"},"query-input":{"@type":"PropertyValueSpecification","valueRequired":true,"valueName":"search_term_string"}}],"inLanguage":"es"},{"@type":"Organization","@id":"https:\/\/pipeska.fr\/#organization","name":"Pipeska","url":"https:\/\/pipeska.fr\/","logo":{"@type":"ImageObject","inLanguage":"es","@id":"https:\/\/pipeska.fr\/#\/schema\/logo\/image\/","url":"https:\/\/pipeska.fr\/wp-content\/uploads\/2024\/07\/Pipeska_logo_couleur_fondtransparent.png","contentUrl":"https:\/\/pipeska.fr\/wp-content\/uploads\/2024\/07\/Pipeska_logo_couleur_fondtransparent.png","width":1771,"height":1181,"caption":"Pipeska"},"image":{"@id":"https:\/\/pipeska.fr\/#\/schema\/logo\/image\/"}}]}},"_links":{"self":[{"href":"https:\/\/pipeska.fr\/es\/wp-json\/wp\/v2\/product\/4246","targetHints":{"allow":["GET"]}}],"collection":[{"href":"https:\/\/pipeska.fr\/es\/wp-json\/wp\/v2\/product"}],"about":[{"href":"https:\/\/pipeska.fr\/es\/wp-json\/wp\/v2\/types\/product"}],"replies":[{"embeddable":true,"href":"https:\/\/pipeska.fr\/es\/wp-json\/wp\/v2\/comments?post=4246"}],"version-history":[{"count":8,"href":"https:\/\/pipeska.fr\/es\/wp-json\/wp\/v2\/product\/4246\/revisions"}],"predecessor-version":[{"id":4866,"href":"https:\/\/pipeska.fr\/es\/wp-json\/wp\/v2\/product\/4246\/revisions\/4866"}],"wp:featuredmedia":[{"embeddable":true,"href":"https:\/\/pipeska.fr\/es\/wp-json\/wp\/v2\/media\/4476"}],"wp:attachment":[{"href":"https:\/\/pipeska.fr\/es\/wp-json\/wp\/v2\/media?parent=4246"}],"wp:term":[{"taxonomy":"product_brand","embeddable":true,"href":"https:\/\/pipeska.fr\/es\/wp-json\/wp\/v2\/product_brand?post=4246"},{"taxonomy":"product_cat","embeddable":true,"href":"https:\/\/pipeska.fr\/es\/wp-json\/wp\/v2\/product_cat?post=4246"},{"taxonomy":"product_tag","embeddable":true,"href":"https:\/\/pipeska.fr\/es\/wp-json\/wp\/v2\/product_tag?post=4246"}],"curies":[{"name":"wp","href":"https:\/\/api.w.org\/{rel}","templated":true}]}}