{"id":4247,"date":"2025-11-30T21:10:02","date_gmt":"2025-11-30T21:10:02","guid":{"rendered":"https:\/\/pipeska.fr\/?post_type=product&#038;p=4247"},"modified":"2026-04-02T21:17:41","modified_gmt":"2026-04-02T21:17:41","slug":"pipeska-tropical-silk-champu-ecologico-1000ml","status":"publish","type":"product","link":"https:\/\/pipeska.fr\/es\/produit\/shampooing-pipeska-soie-tropicale-bio-1000ml\/","title":{"rendered":"Pipeska Caribbean Fusion- Champ\u00fa de Seda Tropical 1000ml - COSMOS Cabello Fr\u00e1gil y Ecol\u00f3gico"},"content":{"rendered":"<h1 style=\"padding-left: 80px;\"><strong data-start=\"527\" data-end=\"627\">Pipeska Caribbean Fusion - Champ\u00fa ecol\u00f3gico para cabellos fr\u00e1giles \/ Seda tropical\u00a0 <a href=\"https:\/\/www.ecocert.com\/fr\/certification\/cosmetiques-biologiques-ou-naturels-cosmos\" target=\"_blank\" rel=\"noopener\">COSMOS Ecol\u00f3gico<\/a> - 1000 ml <\/strong><strong data-start=\"631\" data-end=\"676\">\u00b7 <\/strong><strong data-start=\"631\" data-end=\"676\">\u00a0<\/strong><\/h1>\n<p>&nbsp;<\/p>\n<p style=\"padding-left: 80px;\" data-start=\"680\" data-end=\"1198\">El tama\u00f1o familiar inspirado en Caribbean Fusion (1L) de <a href=\"https:\/\/pipeska.fr\/es\/producto\/champu-clarificante-ecologico-ocean-clean\/\" target=\"_blank\" rel=\"noopener\">Pipeska<\/a> para un cabello fr\u00e1gil, suave y f\u00e1cil de peinar.<\/p>\n<p style=\"padding-left: 80px;\" data-path-to-node=\"9\">Descubre la <b>Pipeska Champ\u00fa Seda Tropical<\/b>, Este champ\u00fa suave y ligero limpia eficazmente a la vez que envuelve el cabello en una fresca y vibrante fragancia tropical. Este champ\u00fa suave y ligero limpia eficazmente mientras envuelve su cabello en una fragancia tropical fresca y vibrante.<\/p>\n<p style=\"padding-left: 80px;\" data-path-to-node=\"10\">Sa <b>COSMOS F\u00f3rmula ecol\u00f3gica<\/b> es una garant\u00eda de excelencia: compuesta por <b>98 % de ingredientes de origen natural<\/b>, de los cuales <b>20 % son de cultivo ecol\u00f3gico<\/b>. Vegano y <b>Fabricado en Francia<\/b>, Este tratamiento transforma su rutina en una escapada sensorial.<\/p>\n<h2 style=\"padding-left: 80px;\" data-path-to-node=\"11\"><\/h2>\n<h2 style=\"padding-left: 80px;\" data-path-to-node=\"11\">Principios activos hidratantes y sensoriales<\/h2>\n<p style=\"padding-left: 80px;\" data-path-to-node=\"12\">Su espuma aireada est\u00e1 enriquecida con\u00a0 <strong data-start=\"438\" data-end=\"491\"><a href=\"https:\/\/www.libertaddigital.com\/chic\/vida-estilo\/2025-01-10\/beneficios-del-aloe-vera-para-el-cabello-0e-7205024\/?utm_source=chatgpt.com\" target=\"_blank\" rel=\"noopener\">Aloe vera ecol\u00f3gico<\/a> , <a href=\"https:\/\/pmc.ncbi.nlm.nih.gov\/articles\/PMC4289931\/?utm_source=chatgpt.com\" target=\"_blank\" rel=\"noopener\">Menta org\u00e1nica<\/a><\/strong>, G<strong data-start=\"505\" data-end=\"557\">lyc\u00e9rine vegetal y extractos naturales de plantas <\/strong>,<b>Aloe vera ecol\u00f3gico<\/b> y <b>Glicerina vegetal<\/b> (para la hidrataci\u00f3n), as\u00ed como extractos de plantas naturales que dejan el cabello flexible y f\u00e1cil de peinar.<\/p>\n<p style=\"padding-left: 80px;\" data-path-to-node=\"13,0,0\"><b>Tropical fragancia ex\u00f3tica :<\/b> Experimente un viaje sensorial \u00fanico con las notas gourmet de\u2019<b>Pi\u00f1a, fruta de la pasi\u00f3n y mango<\/b>.<\/p>\n<h2 style=\"padding-left: 80px;\"><strong data-start=\"1214\" data-end=\"1228\">\u00bfQui\u00e9n es este champ\u00fa ecol\u00f3gico para cabellos fr\u00e1giles?<\/strong><\/h2>\n<p style=\"padding-left: 80px;\" data-path-to-node=\"15\">Este champ\u00fa es ideal para muchos perfiles de cabello:<\/p>\n<p style=\"padding-left: 80px;\" data-path-to-node=\"16,0,0\"><b>Cabellos fr\u00e1giles, delicados o finos:<\/b> Limpieza ligera esencial que no debilita la fibra ni la lastra.<\/p>\n<p style=\"padding-left: 80px;\" data-path-to-node=\"16,1,0\"><b>Cabello texturizado :<\/b> Champ\u00fa perfecto para <b>ondulado, rizado, encrespado o ensortijado<\/b>, respetando la forma natural del bucle.<\/p>\n<p style=\"padding-left: 80px;\" data-path-to-node=\"16,2,0\"><b>Peinados de protecci\u00f3n :<\/b> Recomendado para limpiar suavemente el cabello bajo <b>trenzas, giros o extensiones<\/b>.<\/p>\n<p style=\"padding-left: 80px;\" data-path-to-node=\"16,3,0\"><b>Rutina sensorial suave :<\/b> Para quienes gustan de un lavado agradable y un momento de placer tropical.<\/p>\n<p style=\"padding-left: 80px;\" data-path-to-node=\"16,4,0\"><b>Para toda la familia :<\/b> Su composici\u00f3n <b>Bio<\/b> y ultrasuave tambi\u00e9n es adecuado para <b>higiene infantil<\/b>, bajo vigilancia.<\/p>\n<p style=\"padding-left: 80px;\" data-start=\"1396\" data-end=\"1452\">Para los que les gusta un <a href=\"https:\/\/pipeska.fr\/es\/producto\/pipeska-balsamo-universal-ecologico\/\" target=\"_blank\" rel=\"noopener\"><strong data-start=\"1421\" data-end=\"1450\">rutina suave y perfumada\u00a0<\/strong><\/a>\u00a0 y un <strong data-start=\"1490\" data-end=\"1526\">experiencia sensorial tropical.<\/strong><\/p>\n<h2 style=\"padding-left: 80px;\"><strong data-start=\"2225\" data-end=\"2271\">Beneficios del champ\u00fa org\u00e1nico Caribbean Fusion para cabellos fr\u00e1giles<\/strong><\/h2>\n<p style=\"padding-left: 80px;\" data-path-to-node=\"18,1,0\"><b>Cabello suave y flexible :<\/b> Deja el cabello f\u00e1cil de peinar, con una ligera espuma.<\/p>\n<p style=\"padding-left: 80px;\" data-path-to-node=\"18,2,0\"><b>Fabricado en Francia :<\/b> Una garant\u00eda de experiencia y calidad.<\/p>\n<p style=\"padding-left: 80px;\" data-path-to-node=\"18,3,0\"><b>Formato econ\u00f3mico :<\/b> La capacidad de un litro es ideal para un uso familiar frecuente.<\/p>\n<p style=\"padding-left: 80px;\" data-start=\"2505\" data-end=\"2613\">F\u00f3rmula<a href=\"https:\/\/www.ecocert.com\/es-ES\/detaile-de-certification\/cosmeticos-org%C3%A1nicos-o-naturales-cosmos-?utm_source=chatgpt.com\" target=\"_blank\" rel=\"noopener\"> <strong data-start=\"2513\" data-end=\"2531\">COSMOS Ecol\u00f3gico<\/strong><\/a>, 98 % de ingredientes de origen natural, 20 % derivados de <a href=\"https:\/\/www.cosmos-standard.org\/es\/bases-de-datos\/materias-primas-certificadas\/?utm_source=chatgpt.com\" target=\"_blank\" rel=\"noopener\">agricultura ecol\u00f3gica:<\/a> <strong data-start=\"2616\" data-end=\"2661\">La certificaci\u00f3n garantiza una f\u00f3rmula natural y \u00e9tica.<\/strong><\/p>\n<p style=\"padding-left: 80px;\" data-start=\"2505\" data-end=\"2613\"><strong data-start=\"2616\" data-end=\"2661\">Bio - Made in France - Inspiraci\u00f3n caribe\u00f1a<\/strong><\/p>\n<p>&nbsp;<\/p>\n<h3 style=\"padding-left: 80px;\"><span class=\"a_GcMg font-feature-liga-off font-feature-clig-off font-feature-calt-off text-decoration-none text-strikethrough-none\">C\u00f3mo utilizarlo:<\/span><\/h3>\n<p style=\"padding-left: 80px;\"><span class=\"a_GcMg font-feature-liga-off font-feature-clig-off font-feature-calt-off text-decoration-none text-strikethrough-none\">Aplicar sobre el cabello h\u00famedo. Masajear suavemente el cuero cabelludo y los largos y aclarar con abundante agua. Repetir si es necesario. <\/span><\/p>\n<p style=\"padding-left: 80px;\"><span class=\"a_GcMg font-feature-liga-off font-feature-clig-off font-feature-calt-off text-decoration-none text-strikethrough-none\">Precauciones: Evitar el contacto con los ojos. En caso de contacto, aclarar abundantemente.<\/span> <span class=\"a_GcMg font-feature-liga-off font-feature-clig-off font-feature-calt-off text-decoration-none text-strikethrough-none\">con agua limpia.<\/span> <span class=\"a_GcMg font-feature-liga-off font-feature-clig-off font-feature-calt-off text-decoration-none text-strikethrough-none\">Mantener fuera del alcance de los ni\u00f1os. Conservar en un lugar oscuro.  Uso diario recomendado para un <strong data-start=\"2566\" data-end=\"2599\">rutina sensorial tropical.<\/strong><\/span><\/p>\n<p>&nbsp;<\/p>\n<p style=\"padding-left: 80px;\" data-start=\"1535\" data-end=\"1584\"><strong data-start=\"1541\" data-end=\"1582\">Activos para cabellos fr\u00e1giles - Caribbean Fusion: <\/strong><a href=\"https:\/\/www.noticiasrcn.com\/salud-y-bienestar\/cuales-son-los-secretos-del-aloe-vera-para-un-cabello-radiante-esto-dicen-los-estudios-468348?utm_source=chatgpt.com\" target=\"_blank\" rel=\"noopener\">Aloe vera ecol\u00f3gico<\/a>, <a href=\"https:\/\/pubmed.ncbi.nlm.nih.gov\/40288903\/\" target=\"_blank\" rel=\"noopener\">Menta org\u00e1nica<\/a>, Glicerina vegetal, extractos de plantas naturales, notas tropicales gourmet (pi\u00f1a, fruta de la pasi\u00f3n, mango)<\/p>\n<p class=\"cvGsUA direction-ltr align-justify para-style-body\" style=\"padding-left: 80px;\"><span class=\"a_GcMg font-feature-liga-off font-feature-clig-off font-feature-calt-off text-decoration-none text-strikethrough-none\">INGREDIENTES :<\/span><span class=\"a_GcMg font-feature-liga-off font-feature-clig-off font-feature-calt-off text-decoration-none text-strikethrough-none\"> Aqua, Mentha Piperita Water*, Lauryl Glucoside, Aloe Barbadensis Leaf Juice*, Glycerin**, Disodium Cocoyl Glutamate, Caprylyl\/Capryl Glucoside, Citric Acid, Parfum, Sodium Cocoamphoacetate, Guar Hydroxypropyltrimonium Chloride, Sodium Chloride, Cocos Nucifera Oil*, Cocamidopropyl Betaine, Sodium Benzoate, Potassium Sorbate, Menthol,<\/span> <span class=\"a_GcMg font-feature-liga-off font-feature-clig-off font-feature-calt-off text-decoration-none text-strikethrough-none\">Vainillina . <\/span><span class=\"a_GcMg font-feature-liga-off font-feature-clig-off font-feature-calt-off text-decoration-none text-strikethrough-none\" style=\"font-size: 16px;\">*ingredientes procedentes de la agricultura ecol\u00f3gica\u00a0 \u00a0<\/span><span style=\"font-size: 16px;\">**Elaborado a partir de ingredientes ecol\u00f3gicos.<\/span><\/p>","protected":false},"excerpt":{"rendered":"<p style=\"padding-left: 80px;\" data-path-to-node=\"11,0\"><b>Champ\u00fa org\u00e1nico para cabello fr\u00e1gil - Caribbean Fusion 1000 ml<\/b><\/p>\n<p style=\"padding-left: 80px;\" data-path-to-node=\"11,1\">Descubra Pipeska Champ\u00fa Seda Tropical para un lavado suave y sensorial. Este tratamiento <b>COSMOS Ecol\u00f3gico<\/b> \u00a1transforma tu rutina en una escapada tropical!<\/p>\n<p style=\"padding-left: 80px;\" data-path-to-node=\"11,2\">F\u00f3rmula extrasuave, <b>sin sulfatos<\/b>, se enriquece con <b>Aloe vera ecol\u00f3gico<\/b>, <b>Menta<\/b> y <b>Glicerina vegetal<\/b>. Limpia suavemente el cabello fr\u00e1gil mientras lo envuelve en una deliciosa fragancia de pi\u00f1a, fruta de la pasi\u00f3n y mango. <b>Bio - Made in France - Inspiraci\u00f3n caribe\u00f1a.<\/b><\/p>\n<p style=\"padding-left: 80px;\" data-path-to-node=\"11,3,0,0\">\ud83d\udca7 <b>Espuma ligera<\/b> y agradable de usar<\/p>\n<p style=\"padding-left: 80px;\" data-path-to-node=\"11,3,1,0\"><b>Ventajas :<\/b> Cabello suave, flexible y delicadamente perfumado<\/p>\n<p style=\"padding-left: 80px;\" data-path-to-node=\"11,3,2,0\"><b>Calidad :<\/b> 98 % de ingredientes naturales, 20 % de cultivo ecol\u00f3gico | <b>COSMOS Ecol\u00f3gico<\/b><\/p>\n<p style=\"padding-left: 80px;\" data-path-to-node=\"11,4\"><b>Uso :<\/b> Aplicar sobre el cabello mojado, masajear y aclarar. Recomendado a diario para una experiencia sensorial tropical.<\/p>\n<p data-start=\"1192\" data-end=\"1223\">\n<p style=\"padding-left: 80px;\" data-start=\"1192\" data-end=\"1223\"><strong data-start=\"1196\" data-end=\"1221\">Sus garant\u00edas Pipeska<\/strong><\/p>\n<p style=\"padding-left: 80px;\" data-start=\"1225\" data-end=\"1336\">\ud83c\udf3f<strong> Ecol\u00f3gico y eco-responsable<\/strong><\/p>\n<p style=\"padding-left: 80px;\" data-start=\"1225\" data-end=\"1336\"><strong>\u00a0\ud83d\udd12Carte (Stripe) - PayPal \/ 3x gratis<\/strong><\/p>\n<p style=\"padding-left: 80px;\" data-start=\"1225\" data-end=\"1336\"><strong>\u00a0\ud83d\ude9a Entrega gratuita en Francia para pedidos superiores a 49 \u20ac.<\/strong><\/p>\n<p style=\"padding-left: 80px;\" data-start=\"1225\" data-end=\"1336\"><strong>\ud83d\udcac Servicio de atenci\u00f3n al cliente a tu servicio<\/strong><\/p>\n<p style=\"padding-left: 80px;\" data-start=\"1225\" data-end=\"1336\"><strong>\u2728 Ecol\u00f3gico - Fabricado en Francia - Inspirado en el Caribe \u2728<\/strong><\/p>","protected":false},"featured_media":4479,"comment_status":"open","ping_status":"closed","template":"","meta":{"_uf_show_specific_survey":0,"_uf_disable_surveys":false},"product_brand":[],"product_cat":[53,50,51,144,146,37,186,33],"product_tag":[],"class_list":{"0":"post-4247","1":"product","2":"type-product","3":"status-publish","4":"has-post-thumbnail","6":"product_cat-soin-cheveux-colores","7":"product_cat-cheveux-secs-soins","8":"product_cat-cheveux-textures","9":"product_cat-produits-francais","10":"product_cat-shampooing-bio-francais","11":"product_cat-shamppooing-bio-pipeska","12":"product_cat-shampooings","13":"product_cat-soin-naturels-cheveux-textures","15":"entry","16":"has-media","18":"first","19":"instock","20":"taxable","21":"shipping-taxable","22":"purchasable","23":"product-type-simple","24":"has-product-nav","25":"col","26":"span_1_of_4","27":"owp-content-center","28":"owp-thumbs-layout-horizontal","29":"owp-btn-normal","30":"owp-tabs-layout-vertical"},"yoast_head":"<!-- This site is optimized with the Yoast SEO plugin v27.3 - https:\/\/yoast.com\/product\/yoast-seo-wordpress\/ -->\n<title>Pipeska Caribbean Fusion Shampooing bio cheveux fragiles \u2013 1L<\/title>\n<meta name=\"description\" content=\"Shampooing bio cheveux fragiles Caribbean Fusion de Pipeska : mousse l\u00e9g\u00e8re \u00e0 l\u2019aloe vera et menthe poivr\u00e9e bio, parfum tropical, cheveux doux et souples.\" \/>\n<meta name=\"robots\" content=\"index, follow, max-snippet:-1, max-image-preview:large, max-video-preview:-1\" \/>\n<link rel=\"canonical\" href=\"https:\/\/pipeska.fr\/es\/producto\/pipeska-tropical-silk-champu-ecologico-1000ml\/\" \/>\n<meta property=\"og:locale\" content=\"es_ES\" \/>\n<meta property=\"og:type\" content=\"article\" \/>\n<meta property=\"og:title\" content=\"Pipeska Caribbean Fusion Shampooing bio cheveux fragiles \u2013 1L\" \/>\n<meta property=\"og:description\" content=\"Shampooing bio cheveux fragiles Caribbean Fusion de Pipeska : mousse l\u00e9g\u00e8re \u00e0 l\u2019aloe vera et menthe poivr\u00e9e bio, parfum tropical, cheveux doux et souples.\" \/>\n<meta property=\"og:url\" content=\"https:\/\/pipeska.fr\/es\/producto\/pipeska-tropical-silk-champu-ecologico-1000ml\/\" \/>\n<meta property=\"og:site_name\" content=\"Pipeska\" \/>\n<meta property=\"article:modified_time\" content=\"2026-04-02T21:17:41+00:00\" \/>\n<meta property=\"og:image\" content=\"https:\/\/pipeska.fr\/wp-content\/uploads\/2025\/11\/Pipeska-Soie-Tropicale-Notre-Shampooing-Bio-Made-in-France-certifie-COSMOS-Organic.-Le-soin-ideal-pour-nettoyer-delicatement-les-cheveux-fragiles.-1000-ml.png\" \/>\n\t<meta property=\"og:image:width\" content=\"1080\" \/>\n\t<meta property=\"og:image:height\" content=\"1080\" \/>\n\t<meta property=\"og:image:type\" content=\"image\/png\" \/>\n<meta name=\"twitter:card\" content=\"summary_large_image\" \/>\n<meta name=\"twitter:label1\" content=\"Tiempo de lectura\" \/>\n\t<meta name=\"twitter:data1\" content=\"3 minutos\" \/>\n<script type=\"application\/ld+json\" class=\"yoast-schema-graph\">{\"@context\":\"https:\\\/\\\/schema.org\",\"@graph\":[{\"@type\":\"WebPage\",\"@id\":\"https:\\\/\\\/pipeska.fr\\\/produit\\\/shampooing-pipeska-soie-tropicale-bio-1000ml\\\/\",\"url\":\"https:\\\/\\\/pipeska.fr\\\/produit\\\/shampooing-pipeska-soie-tropicale-bio-1000ml\\\/\",\"name\":\"Pipeska Caribbean Fusion Shampooing bio cheveux fragiles \u2013 1L\",\"isPartOf\":{\"@id\":\"https:\\\/\\\/pipeska.fr\\\/#website\"},\"primaryImageOfPage\":{\"@id\":\"https:\\\/\\\/pipeska.fr\\\/produit\\\/shampooing-pipeska-soie-tropicale-bio-1000ml\\\/#primaryimage\"},\"image\":{\"@id\":\"https:\\\/\\\/pipeska.fr\\\/produit\\\/shampooing-pipeska-soie-tropicale-bio-1000ml\\\/#primaryimage\"},\"thumbnailUrl\":\"https:\\\/\\\/pipeska.fr\\\/wp-content\\\/uploads\\\/2025\\\/11\\\/Pipeska-Soie-Tropicale-Notre-Shampooing-Bio-Made-in-France-certifie-COSMOS-Organic.-Le-soin-ideal-pour-nettoyer-delicatement-les-cheveux-fragiles.-1000-ml.jpg\",\"datePublished\":\"2025-11-30T21:10:02+00:00\",\"dateModified\":\"2026-04-02T21:17:41+00:00\",\"description\":\"Shampooing bio cheveux fragiles Caribbean Fusion de Pipeska : mousse l\u00e9g\u00e8re \u00e0 l\u2019aloe vera et menthe poivr\u00e9e bio, parfum tropical, cheveux doux et souples.\",\"breadcrumb\":{\"@id\":\"https:\\\/\\\/pipeska.fr\\\/produit\\\/shampooing-pipeska-soie-tropicale-bio-1000ml\\\/#breadcrumb\"},\"inLanguage\":\"es\",\"potentialAction\":[{\"@type\":\"ReadAction\",\"target\":[\"https:\\\/\\\/pipeska.fr\\\/produit\\\/shampooing-pipeska-soie-tropicale-bio-1000ml\\\/\"]}]},{\"@type\":\"ImageObject\",\"inLanguage\":\"es\",\"@id\":\"https:\\\/\\\/pipeska.fr\\\/produit\\\/shampooing-pipeska-soie-tropicale-bio-1000ml\\\/#primaryimage\",\"url\":\"https:\\\/\\\/pipeska.fr\\\/wp-content\\\/uploads\\\/2025\\\/11\\\/Pipeska-Soie-Tropicale-Notre-Shampooing-Bio-Made-in-France-certifie-COSMOS-Organic.-Le-soin-ideal-pour-nettoyer-delicatement-les-cheveux-fragiles.-1000-ml.jpg\",\"contentUrl\":\"https:\\\/\\\/pipeska.fr\\\/wp-content\\\/uploads\\\/2025\\\/11\\\/Pipeska-Soie-Tropicale-Notre-Shampooing-Bio-Made-in-France-certifie-COSMOS-Organic.-Le-soin-ideal-pour-nettoyer-delicatement-les-cheveux-fragiles.-1000-ml.jpg\",\"width\":1080,\"height\":1080},{\"@type\":\"BreadcrumbList\",\"@id\":\"https:\\\/\\\/pipeska.fr\\\/produit\\\/shampooing-pipeska-soie-tropicale-bio-1000ml\\\/#breadcrumb\",\"itemListElement\":[{\"@type\":\"ListItem\",\"position\":1,\"name\":\"Accueil\",\"item\":\"https:\\\/\\\/pipeska.fr\\\/\"},{\"@type\":\"ListItem\",\"position\":2,\"name\":\"Produits\",\"item\":\"https:\\\/\\\/pipeska.fr\\\/?post_type=product\"},{\"@type\":\"ListItem\",\"position\":3,\"name\":\"Pipeska Caribbean Fusion- Shampooing Soie Tropicale 1000ml &#8211; COSMOS Organic &#038; Cheveux Fragiles\"}]},{\"@type\":\"WebSite\",\"@id\":\"https:\\\/\\\/pipeska.fr\\\/#website\",\"url\":\"https:\\\/\\\/pipeska.fr\\\/\",\"name\":\"Pipeska\",\"description\":\"Bio - Made in France - Caribbean Inspired\",\"publisher\":{\"@id\":\"https:\\\/\\\/pipeska.fr\\\/#organization\"},\"potentialAction\":[{\"@type\":\"SearchAction\",\"target\":{\"@type\":\"EntryPoint\",\"urlTemplate\":\"https:\\\/\\\/pipeska.fr\\\/?s={search_term_string}\"},\"query-input\":{\"@type\":\"PropertyValueSpecification\",\"valueRequired\":true,\"valueName\":\"search_term_string\"}}],\"inLanguage\":\"es\"},{\"@type\":\"Organization\",\"@id\":\"https:\\\/\\\/pipeska.fr\\\/#organization\",\"name\":\"Pipeska\",\"url\":\"https:\\\/\\\/pipeska.fr\\\/\",\"logo\":{\"@type\":\"ImageObject\",\"inLanguage\":\"es\",\"@id\":\"https:\\\/\\\/pipeska.fr\\\/#\\\/schema\\\/logo\\\/image\\\/\",\"url\":\"https:\\\/\\\/pipeska.fr\\\/wp-content\\\/uploads\\\/2024\\\/07\\\/Pipeska_logo_couleur_fondtransparent.png\",\"contentUrl\":\"https:\\\/\\\/pipeska.fr\\\/wp-content\\\/uploads\\\/2024\\\/07\\\/Pipeska_logo_couleur_fondtransparent.png\",\"width\":1771,\"height\":1181,\"caption\":\"Pipeska\"},\"image\":{\"@id\":\"https:\\\/\\\/pipeska.fr\\\/#\\\/schema\\\/logo\\\/image\\\/\"}}]}<\/script>\n<!-- \/ Yoast SEO plugin. -->","yoast_head_json":{"title":"Pipeska Caribbean Fusion Champ\u00fa org\u00e1nico para cabello sensible - 1L","description":"Champ\u00fa org\u00e1nico Pipeska Caribbean Fusion para cabellos fr\u00e1giles: espuma ligera con aloe vera org\u00e1nico y menta piperita, fragancia tropical, cabello suave y flexible.","robots":{"index":"index","follow":"follow","max-snippet":"max-snippet:-1","max-image-preview":"max-image-preview:large","max-video-preview":"max-video-preview:-1"},"canonical":"https:\/\/pipeska.fr\/es\/producto\/pipeska-tropical-silk-champu-ecologico-1000ml\/","og_locale":"es_ES","og_type":"article","og_title":"Pipeska Caribbean Fusion Shampooing bio cheveux fragiles \u2013 1L","og_description":"Shampooing bio cheveux fragiles Caribbean Fusion de Pipeska : mousse l\u00e9g\u00e8re \u00e0 l\u2019aloe vera et menthe poivr\u00e9e bio, parfum tropical, cheveux doux et souples.","og_url":"https:\/\/pipeska.fr\/es\/producto\/pipeska-tropical-silk-champu-ecologico-1000ml\/","og_site_name":"Pipeska","article_modified_time":"2026-04-02T21:17:41+00:00","og_image":[{"width":1080,"height":1080,"url":"https:\/\/pipeska.fr\/wp-content\/uploads\/2025\/11\/Pipeska-Soie-Tropicale-Notre-Shampooing-Bio-Made-in-France-certifie-COSMOS-Organic.-Le-soin-ideal-pour-nettoyer-delicatement-les-cheveux-fragiles.-1000-ml.png","type":"image\/png"}],"twitter_card":"summary_large_image","twitter_misc":{"Tiempo de lectura":"3 minutos"},"schema":{"@context":"https:\/\/schema.org","@graph":[{"@type":"WebPage","@id":"https:\/\/pipeska.fr\/produit\/shampooing-pipeska-soie-tropicale-bio-1000ml\/","url":"https:\/\/pipeska.fr\/produit\/shampooing-pipeska-soie-tropicale-bio-1000ml\/","name":"Pipeska Caribbean Fusion Champ\u00fa org\u00e1nico para cabello sensible - 1L","isPartOf":{"@id":"https:\/\/pipeska.fr\/#website"},"primaryImageOfPage":{"@id":"https:\/\/pipeska.fr\/produit\/shampooing-pipeska-soie-tropicale-bio-1000ml\/#primaryimage"},"image":{"@id":"https:\/\/pipeska.fr\/produit\/shampooing-pipeska-soie-tropicale-bio-1000ml\/#primaryimage"},"thumbnailUrl":"https:\/\/pipeska.fr\/wp-content\/uploads\/2025\/11\/Pipeska-Soie-Tropicale-Notre-Shampooing-Bio-Made-in-France-certifie-COSMOS-Organic.-Le-soin-ideal-pour-nettoyer-delicatement-les-cheveux-fragiles.-1000-ml.jpg","datePublished":"2025-11-30T21:10:02+00:00","dateModified":"2026-04-02T21:17:41+00:00","description":"Champ\u00fa org\u00e1nico Pipeska Caribbean Fusion para cabellos fr\u00e1giles: espuma ligera con aloe vera org\u00e1nico y menta piperita, fragancia tropical, cabello suave y flexible.","breadcrumb":{"@id":"https:\/\/pipeska.fr\/produit\/shampooing-pipeska-soie-tropicale-bio-1000ml\/#breadcrumb"},"inLanguage":"es","potentialAction":[{"@type":"ReadAction","target":["https:\/\/pipeska.fr\/produit\/shampooing-pipeska-soie-tropicale-bio-1000ml\/"]}]},{"@type":"ImageObject","inLanguage":"es","@id":"https:\/\/pipeska.fr\/produit\/shampooing-pipeska-soie-tropicale-bio-1000ml\/#primaryimage","url":"https:\/\/pipeska.fr\/wp-content\/uploads\/2025\/11\/Pipeska-Soie-Tropicale-Notre-Shampooing-Bio-Made-in-France-certifie-COSMOS-Organic.-Le-soin-ideal-pour-nettoyer-delicatement-les-cheveux-fragiles.-1000-ml.jpg","contentUrl":"https:\/\/pipeska.fr\/wp-content\/uploads\/2025\/11\/Pipeska-Soie-Tropicale-Notre-Shampooing-Bio-Made-in-France-certifie-COSMOS-Organic.-Le-soin-ideal-pour-nettoyer-delicatement-les-cheveux-fragiles.-1000-ml.jpg","width":1080,"height":1080},{"@type":"BreadcrumbList","@id":"https:\/\/pipeska.fr\/produit\/shampooing-pipeska-soie-tropicale-bio-1000ml\/#breadcrumb","itemListElement":[{"@type":"ListItem","position":1,"name":"Accueil","item":"https:\/\/pipeska.fr\/"},{"@type":"ListItem","position":2,"name":"Produits","item":"https:\/\/pipeska.fr\/?post_type=product"},{"@type":"ListItem","position":3,"name":"Pipeska Caribbean Fusion- Shampooing Soie Tropicale 1000ml &#8211; COSMOS Organic &#038; Cheveux Fragiles"}]},{"@type":"WebSite","@id":"https:\/\/pipeska.fr\/#website","url":"https:\/\/pipeska.fr\/","name":"Pipeska","description":"Bio - Made in France - Inspiraci\u00f3n caribe\u00f1a","publisher":{"@id":"https:\/\/pipeska.fr\/#organization"},"potentialAction":[{"@type":"SearchAction","target":{"@type":"EntryPoint","urlTemplate":"https:\/\/pipeska.fr\/?s={search_term_string}"},"query-input":{"@type":"PropertyValueSpecification","valueRequired":true,"valueName":"search_term_string"}}],"inLanguage":"es"},{"@type":"Organization","@id":"https:\/\/pipeska.fr\/#organization","name":"Pipeska","url":"https:\/\/pipeska.fr\/","logo":{"@type":"ImageObject","inLanguage":"es","@id":"https:\/\/pipeska.fr\/#\/schema\/logo\/image\/","url":"https:\/\/pipeska.fr\/wp-content\/uploads\/2024\/07\/Pipeska_logo_couleur_fondtransparent.png","contentUrl":"https:\/\/pipeska.fr\/wp-content\/uploads\/2024\/07\/Pipeska_logo_couleur_fondtransparent.png","width":1771,"height":1181,"caption":"Pipeska"},"image":{"@id":"https:\/\/pipeska.fr\/#\/schema\/logo\/image\/"}}]}},"_links":{"self":[{"href":"https:\/\/pipeska.fr\/es\/wp-json\/wp\/v2\/product\/4247","targetHints":{"allow":["GET"]}}],"collection":[{"href":"https:\/\/pipeska.fr\/es\/wp-json\/wp\/v2\/product"}],"about":[{"href":"https:\/\/pipeska.fr\/es\/wp-json\/wp\/v2\/types\/product"}],"replies":[{"embeddable":true,"href":"https:\/\/pipeska.fr\/es\/wp-json\/wp\/v2\/comments?post=4247"}],"version-history":[{"count":6,"href":"https:\/\/pipeska.fr\/es\/wp-json\/wp\/v2\/product\/4247\/revisions"}],"predecessor-version":[{"id":4867,"href":"https:\/\/pipeska.fr\/es\/wp-json\/wp\/v2\/product\/4247\/revisions\/4867"}],"wp:featuredmedia":[{"embeddable":true,"href":"https:\/\/pipeska.fr\/es\/wp-json\/wp\/v2\/media\/4479"}],"wp:attachment":[{"href":"https:\/\/pipeska.fr\/es\/wp-json\/wp\/v2\/media?parent=4247"}],"wp:term":[{"taxonomy":"product_brand","embeddable":true,"href":"https:\/\/pipeska.fr\/es\/wp-json\/wp\/v2\/product_brand?post=4247"},{"taxonomy":"product_cat","embeddable":true,"href":"https:\/\/pipeska.fr\/es\/wp-json\/wp\/v2\/product_cat?post=4247"},{"taxonomy":"product_tag","embeddable":true,"href":"https:\/\/pipeska.fr\/es\/wp-json\/wp\/v2\/product_tag?post=4247"}],"curies":[{"name":"wp","href":"https:\/\/api.w.org\/{rel}","templated":true}]}}